{"id":140,"date":"2020-12-04T17:17:51","date_gmt":"2020-12-04T19:17:51","guid":{"rendered":"http:\/\/srvapp2s.santoangelo.uri.br\/sites\/mestrado_gestao\/?page_id=140"},"modified":"2026-03-17T15:26:03","modified_gmt":"2026-03-17T18:26:03","slug":"editais-de-selecao","status":"publish","type":"page","link":"https:\/\/san.uri.br\/mestrado_gestao\/index.php\/editais-de-selecao\/","title":{"rendered":"Editais de Sele\u00e7\u00e3o"},"content":{"rendered":"\n<p><a href=\"https:\/\/drive.google.com\/file\/d\/13Cx7DJugZoYNkA777IKw6SVnkMPEe-FU\/view?usp=sharing\">Edital Complementar 002\/2025 &#8211; Sele\u00e7\u00e3o 2026<\/a><\/p>\n\n\n\n<p><\/p>\n\n\n\n<p><a href=\"https:\/\/san.uri.br\/mestrado_gestao\/wp-content\/uploads\/2026\/03\/candidatos_selecionados_turma2026.pdf\">Lista dos Candidatos Selecionados &#8211; Edital 002\/2025 &#8211; Sele\u00e7\u00e3o 2026<\/a><\/p>\n\n\n\n<p><a href=\"https:\/\/san.uri.br\/mestrado_gestao\/wp-content\/uploads\/2026\/03\/relacao_das_entrevistas_PPGGEO_com_link_entrevista2026.pdf\">Rela\u00e7\u00e3o do hor\u00e1rio e link das Entrevistas PPGGEO<\/a><\/p>\n\n\n\n<p><a href=\"https:\/\/san.uri.br\/mestrado_gestao\/wp-content\/uploads\/2026\/03\/ppggeo-resultado_selecao_2026.pdf\">LISTA DOS CANDIDATOS COM INSCRI\u00c7\u00d5ES HOMOLOGADAS \u2013 Edital 002\/2025 \u2013 Sele\u00e7\u00e3o 2026<\/a><\/p>\n\n\n\n<p><a href=\"https:\/\/san.uri.br\/mestrado_gestao\/wp-content\/uploads\/2025\/09\/002_2025-edital_processo_seletivo_turma2026.pdf\">EDITAL N\u00ba 002\/2025 &#8211; Processo Seletivo Regular &#8211; Turma I 2026 <\/a><\/p>\n\n\n\n<p><a href=\"https:\/\/san.uri.br\/mestrado_gestao\/wp-content\/uploads\/2025\/06\/Edital-02-Complementar-Turma-2025.pdf\">EDITAL N\u00ba 003\/2024 -Processo Seletivo Complementar  &#8211; Turma II 2025<\/a><\/p>\n\n\n\n<p><a href=\"https:\/\/san.uri.br\/mestrado_gestao\/wp-content\/uploads\/2025\/02\/edital-turma-2025.pdf\">Edital N\u00ba 003\/2024 &#8211; Processo Seletivo Regular &#8211; Turma I 2025<\/a><\/p>\n\n\n\n<p><a href=\"https:\/\/san.uri.br\/mestrado_gestao\/wp-content\/uploads\/2024\/07\/Edital_02_Complementar_Turma_2024_.pdf\">Edital N\u00ba 002\/2024 &#8211; Processo Seletivo Complementar<\/a><\/p>\n\n\n\n<p><a href=\"https:\/\/san.uri.br\/mestrado_gestao\/wp-content\/uploads\/2024\/02\/edital03_Turma_2024.pdf\">Edital N\u00ba 003\/2023 \u2013 Inscri\u00e7\u00e3o Alunos Regulares \u2013 Turma 2024<\/a><\/p>\n\n\n\n<p><a href=\"https:\/\/san.uri.br\/mestrado_gestao\/wp-content\/uploads\/2023\/03\/Edital-002_2023_Alunos_Especiais.pdf\">Edital N\u00ba 002\/2023 &#8211; Alunos Especiais <\/a><\/p>\n\n\n\n<p><a href=\"https:\/\/san.uri.br\/mestrado_gestao\/wp-content\/uploads\/2023\/05\/edital002_processo_seletivo_complementar_2023_2.pdf\">Edital N\u00ba 002\/2023 &#8211; Processo Seletivo Complementar<\/a><\/p>\n\n\n\n<p><a href=\"https:\/\/san.uri.br\/mestrado_gestao\/wp-content\/uploads\/2023\/03\/Edital-001_2023_processo_seletivo_complementar.pdf\">Edital N\u00ba 001\/2023 &#8211; Processo Seletivo Complementar <\/a><\/p>\n\n\n\n<p><a class=\"link_graduacao\" title=\"Link para Edital N\u00ba 002\/2022 Sele\u00e7\u00e3o de Alunos Regulares \u2013 SELE\u00c7\u00c3O 2023\" rel=\"bookmark\" href=\"https:\/\/san.uri.br\/mestrado_gestao\/wp-content\/uploads\/2023\/01\/edital_turma_2023_ok.pdf\">Edital N\u00ba 002\/2022 Sele\u00e7\u00e3o de Alunos Regulares \u2013 SELE\u00c7\u00c3O 2023<\/a><\/p>\n\n\n\n<p><a href=\"https:\/\/san.uri.br\/mestrado_gestao\/wp-content\/uploads\/2022\/05\/edital_4_2021_complementar.pdf\">Edital N\u00ba004\/2021 &#8211;&nbsp;Processo Seletivo Complementar<\/a><\/p>\n\n\n\n<p><a href=\"https:\/\/drive.google.com\/file\/d\/1DMZVWwp0GsTM7RUnOnFHIbV00hsOnBVg\/view?usp=sharing\">EDITAL N\u00ba002\/2022 &#8211; Alunos Especiais<\/a><\/p>\n\n\n\n<p><a class=\"link_graduacao\" title=\"Link para EDITAL N\u00ba005 \/2021 \u2013 Programa de Incentivos Financeiros para Grupos \u2013 Ingresso ano 2022 \u2013 Edital 004_2021\" href=\"https:\/\/san.uri.br\/mestrado_gestao\/wp-content\/uploads\/2021\/10\/Edital-005_2021-Incentivos-Financeiros.pdf\" rel=\"bookmark\">EDITAL N\u00ba005 \/2021 \u2013 Programa de Incentivos Financeiros para Grupos&nbsp;<\/a><\/p>\n\n\n\n<p><a class=\"link_graduacao\" title=\"Link para EDITAL N\u00ba 004\/2021 SELE\u00c7\u00c3O 2022\" href=\"https:\/\/san.uri.br\/mestrado_gestao\/wp-content\/uploads\/2021\/10\/Edital-004_2021-Ingresso-2022.pdf\" rel=\"bookmark\">EDITAL N\u00ba 004\/2021 SELE\u00c7\u00c3O 2022<\/a><\/p>\n\n\n\n<p><a href=\"https:\/\/drive.google.com\/file\/d\/1xdQ7LqsIsWvEeMHv7XnN4aio_kK9J-Xe\/view?usp=sharing\">Resultado Final Edital N\u00ba 003\/2021<\/a><\/p>\n\n\n\n<p><a href=\"https:\/\/drive.google.com\/file\/d\/1mMDv1TmEQcCODtfaEIZKJedo1I1lRhTd\/view?usp=sharing\">Homologa\u00e7\u00e3o das Inscri\u00e7\u00f5es Edital N\u00ba 010\/2021 Processo Seletivo para contrata\u00e7\u00e3o de Bolsista de Pesquisa em N\u00edvel de Mestrado<\/a><\/p>\n\n\n\n<p><a href=\"https:\/\/drive.google.com\/file\/d\/1rjrurfaGWJbyeXaEBSTxVv9ra2A7Lr3x\/view?usp=sharing\">Homologa\u00e7\u00e3o das Inscri\u00e7\u00f5es Edital N\u00ba 003\/2021<\/a><\/p>\n\n\n\n<p><a href=\"https:\/\/drive.google.com\/file\/d\/14XxwnU8V9rjUs_cJnc7d0728xHY8gHK1\/view?usp=sharing\">Edital&nbsp; N\u00ba 003\/2021<\/a><\/p>\n\n\n\n<p><a href=\"https:\/\/drive.google.com\/file\/d\/1my56dtXSIO9UevOP__YUwlkG1VfBsq4k\/view?usp=sharing\">Edital de Divulga\u00e7\u00e3o de Processo Seletivo para contrata\u00e7\u00e3o de Bolsista de Pesquisa em N\u00edvel de Mestrado<\/a><\/p>\n\n\n\n<p><a href=\"https:\/\/drive.google.com\/file\/d\/15HEhlmHcfYjg_BxF8ncaY7TEF8vkl1dl\/view?usp=sharing\">Resultado Final Edital N\u00ba 005\/2020 Sele\u00e7\u00e3o 2021<\/a><\/p>\n\n\n\n<p><a href=\"https:\/\/drive.google.com\/file\/d\/1rjrurfaGWJbyeXaEBSTxVv9ra2A7Lr3x\/view?usp=sharing\">Homologa\u00e7\u00e3o das Inscri\u00e7\u00f5es Edital N\u00ba 005\/2020<\/a><\/p>\n\n\n\n<p><a href=\"https:\/\/drive.google.com\/file\/d\/1tZEglojzDYXxYaSup_ymz0DonfU3OBgh\/view?usp=sharing\">Edital N\u00ba 002\/2021 Sele\u00e7\u00e3o de Alunos Especiais<\/a><\/p>\n\n\n\n<p><a href=\"https:\/\/drive.google.com\/file\/d\/1cRLlakk5KgAUdWxJ5rVWYsrO9kR76x4A\/view?usp=sharing\">Edital&nbsp;N\u00ba 001\/2021&nbsp;Programa de Incentivos Financeiros para Grupos<\/a><\/p>\n\n\n\n<p><a href=\"https:\/\/drive.google.com\/file\/d\/1P5jOpe8J5AuXYCblmf2QBLVIJ_ZgAEUk\/view?usp=sharing\">Edital de Aluno Regular N\u00ba 005\/2020<\/a><\/p>\n","protected":false},"excerpt":{"rendered":"<p>Edital Complementar 002\/2025 &#8211; Sele\u00e7\u00e3o 2026 Lista dos Candidatos Selecionados &#8211; Edital 002\/2025 &#8211; Sele\u00e7\u00e3o 2026 Rela\u00e7\u00e3o do hor\u00e1rio e link das Entrevistas PPGGEO LISTA DOS CANDIDATOS COM INSCRI\u00c7\u00d5ES HOMOLOGADAS \u2013 Edital 002\/2025 \u2013 Sele\u00e7\u00e3o 2026 EDITAL N\u00ba 002\/2025 &#8211; Processo Seletivo Regular &#8211; Turma I 2026 EDITAL N\u00ba 003\/2024 -Processo Seletivo Complementar &#8211; Turma [&hellip;]<\/p>\n","protected":false},"author":1,"featured_media":0,"parent":0,"menu_order":0,"comment_status":"closed","ping_status":"closed","template":"","meta":[],"_links":{"self":[{"href":"https:\/\/san.uri.br\/mestrado_gestao\/index.php\/wp-json\/wp\/v2\/pages\/140"}],"collection":[{"href":"https:\/\/san.uri.br\/mestrado_gestao\/index.php\/wp-json\/wp\/v2\/pages"}],"about":[{"href":"https:\/\/san.uri.br\/mestrado_gestao\/index.php\/wp-json\/wp\/v2\/types\/page"}],"author":[{"embeddable":true,"href":"https:\/\/san.uri.br\/mestrado_gestao\/index.php\/wp-json\/wp\/v2\/users\/1"}],"replies":[{"embeddable":true,"href":"https:\/\/san.uri.br\/mestrado_gestao\/index.php\/wp-json\/wp\/v2\/comments?post=140"}],"version-history":[{"count":28,"href":"https:\/\/san.uri.br\/mestrado_gestao\/index.php\/wp-json\/wp\/v2\/pages\/140\/revisions"}],"predecessor-version":[{"id":1332,"href":"https:\/\/san.uri.br\/mestrado_gestao\/index.php\/wp-json\/wp\/v2\/pages\/140\/revisions\/1332"}],"wp:attachment":[{"href":"https:\/\/san.uri.br\/mestrado_gestao\/index.php\/wp-json\/wp\/v2\/media?parent=140"}],"curies":[{"name":"wp","href":"https:\/\/api.w.org\/{rel}","templated":true}]}}