{"id":121,"date":"2020-12-03T20:47:36","date_gmt":"2020-12-03T22:47:36","guid":{"rendered":"http:\/\/srvapp2s.santoangelo.uri.br\/sites\/mestrado_gestao\/?page_id=121"},"modified":"2025-09-09T20:27:30","modified_gmt":"2025-09-09T23:27:30","slug":"eventos","status":"publish","type":"page","link":"https:\/\/san.uri.br\/mestrado_gestao\/index.php\/eventos\/","title":{"rendered":"Eventos"},"content":{"rendered":"<ul>\n<li style=\"text-align: center;\"><strong>VI Congresso Internacional em Gest\u00e3o Estrat\u00e9gica e Controladoria de Organiza\u00e7\u00f5es<\/strong> &#8211; \u00a023 e 24 de outubro de 2025 &#8211; <a href=\"https:\/\/san.uri.br\/cigeco\/\">Clique Aqui<\/a><\/li>\n<\/ul>\n","protected":false},"excerpt":{"rendered":"<p>VI Congresso Internacional em Gest\u00e3o Estrat\u00e9gica e Controladoria de Organiza\u00e7\u00f5es &#8211; \u00a023 e 24 de outubro de 2025 &#8211; Clique Aqui<\/p>\n","protected":false},"author":1,"featured_media":0,"parent":0,"menu_order":0,"comment_status":"closed","ping_status":"closed","template":"","meta":[],"_links":{"self":[{"href":"https:\/\/san.uri.br\/mestrado_gestao\/index.php\/wp-json\/wp\/v2\/pages\/121"}],"collection":[{"href":"https:\/\/san.uri.br\/mestrado_gestao\/index.php\/wp-json\/wp\/v2\/pages"}],"about":[{"href":"https:\/\/san.uri.br\/mestrado_gestao\/index.php\/wp-json\/wp\/v2\/types\/page"}],"author":[{"embeddable":true,"href":"https:\/\/san.uri.br\/mestrado_gestao\/index.php\/wp-json\/wp\/v2\/users\/1"}],"replies":[{"embeddable":true,"href":"https:\/\/san.uri.br\/mestrado_gestao\/index.php\/wp-json\/wp\/v2\/comments?post=121"}],"version-history":[{"count":2,"href":"https:\/\/san.uri.br\/mestrado_gestao\/index.php\/wp-json\/wp\/v2\/pages\/121\/revisions"}],"predecessor-version":[{"id":1159,"href":"https:\/\/san.uri.br\/mestrado_gestao\/index.php\/wp-json\/wp\/v2\/pages\/121\/revisions\/1159"}],"wp:attachment":[{"href":"https:\/\/san.uri.br\/mestrado_gestao\/index.php\/wp-json\/wp\/v2\/media?parent=121"}],"curies":[{"name":"wp","href":"https:\/\/api.w.org\/{rel}","templated":true}]}}