{"id":81,"date":"2013-06-04T17:37:42","date_gmt":"2013-06-04T20:37:42","guid":{"rendered":"http:\/\/santoangelo.uri.br\/mestrado_direito2\/?page_id=81"},"modified":"2013-06-04T17:37:42","modified_gmt":"2013-06-04T20:37:42","slug":"2012-2","status":"publish","type":"page","link":"https:\/\/san.uri.br\/mestrado_direito\/index.php\/mestrado\/dissertacoes\/2012-2\/","title":{"rendered":"2012"},"content":{"rendered":"<p><strong>5\u00aa Turma (ingresso: 03\/2010<\/strong><\/p>\n<p><a href=\"http:\/\/buscatextual.cnpq.br\/buscatextual\/visualizacv.do?id=K4430907J7\">Jorge Humberto Machado Maroneze<\/a><\/p>\n<p><strong>T\u00edtulo: <\/strong>Tributa\u00e7\u00e3o e dignidade humana: Um sistema tribut\u00e1rio voltado para a realiza\u00e7\u00e3o dos direitos fundamentais.<\/p>\n<p><strong>Data de Defesa: <\/strong>30 de julho de 2012<\/p>\n<p><strong>Banca de Defesa:<\/strong> Prof. Dr. Andr\u00e9 Leonardo Copetti Santos e Prof. Dr. Adalberto Narciso Hommerding , estes da URI, e Profa. Dra. Jane Gombar da UFP.<\/p>\n<p>&nbsp;<\/p>\n<p><strong>5\u00aa Turma (ingresso: 03\/2010<\/strong><\/p>\n<p><a href=\"http:\/\/buscatextual.cnpq.br\/buscatextual\/visualizacv.do?id=K4437151Z4\">Marcelo Ataide Bochi<\/a><\/p>\n<p><strong>T\u00edtulo:<\/strong> A Media\u00e7\u00e3o e afetividade:Formas de resolu\u00e7\u00e3o de conflitos em sociedades multiculturais.<\/p>\n<p><strong>Data de Defesa:<\/strong> 2 de maio de 2012<\/p>\n<p><strong>Banca de Defesa: <\/strong>Prof. Dr. Mauro Jos\u00e9 Gaglietti e Prof. Dr. Jo\u00e3o Martins Bertaso, estes da URI, e Profa. Dra. Fabiana Spengler.<\/p>\n<p>&nbsp;<\/p>\n<p><strong>5\u00aa Turma (ingresso: 03\/2010<\/strong><\/p>\n<p><a href=\"http:\/\/buscatextual.cnpq.br\/buscatextual\/visualizacv.do?id=K4449717H3\">Rui Faccin<\/a><\/p>\n<p><strong>T\u00edtulo: <\/strong>A inclus\u00e3o social da mulher afro descendente no Rio Grande do sul.<\/p>\n<p><strong>Data de Defesa:<\/strong> 31 de julho de 2012<\/p>\n<p><strong>Banca de Defesa:<\/strong> Prof. Dr. Jo\u00e3o Martins Bertaso e Profa. Dra. Ros\u00e2ngela Angelin, estes da URI, e Prof. Dr. Luiz Ernani Bonesso de Ara\u00fajo da UFSM.<\/p>\n<p>&nbsp;<\/p>\n<p><strong>5\u00aa Turma (ingresso: 03\/2010<\/strong><\/p>\n<p><a href=\"http:\/\/buscatextual.cnpq.br\/buscatextual\/visualizacv.do?id=K4257225J2\">Samuel Aguiar da Cunha<\/a><\/p>\n<p><strong>T\u00edtulo:<\/strong> A quase-nacionalidade enquanto outra abordagem \u00e0 cidadania: a possibilidade de contribui\u00e7\u00e3o do estatuto da igualdade entre brasileiros e portugueses \u00e0 discuss\u00e3o da sociedade (inter)nacional.<\/p>\n<p><strong>Data de Defesa:<\/strong> 27 de fevereiro de 2012<strong>.<\/strong><\/p>\n<p><strong>Banca de Defesa:<\/strong> Prof. Dr. Florisbal de Souza Del\u2019Olmo e Prof. Dr. Gilmar Antonio Bedin, estes da URI, e Prof. Dr. Wagner Menezes da USP<\/p>\n<p>&nbsp;<\/p>\n<p><strong>5\u00aa Turma (ingresso: 03\/2010)<\/strong><\/p>\n<p><em><a href=\"http:\/\/lattes.cnpq.br\/3152601319403754\">Liana Maria Feix Suski<\/a><\/em><br \/>\nT\u00edtulo: MORTE DIGNA A PARTIR DOS PRINCIP\u00cdOS DA DIGNIDADE DA PESSOA HUMANA E DA AUTONOMIA DA VONTADE: UM DIREITO DO CIDAD\u00c3O<br \/>\nDefesa: 12 Mar\u00e7o 2012<br \/>\nBanca Examinadora:Prof. Dr. Florisbal de Souza Del\u2019Olmo e Prof. Dr. Jos\u00e9 Francisco Dias da Costa Lyra, estes da URI, e Prof. Dr. Wagner Menezes da USP<\/p>\n<p>&nbsp;<\/p>\n<p><strong>5\u00aa Turma (ingresso: 03\/2010)<\/strong><\/p>\n<p><em><a href=\"http:\/\/lattes.cnpq.br\/0586530360833406\">Rog\u00e9rio Moraes Sikora<\/a><\/em><br \/>\nT\u00edtulo: A INTERPRETA\u00c7\u00c3O CONSTITUCIONAL COMO INSTRUMENTO DE EFETIVA\u00c7\u00c3O DOS DIREITOS FUNDAMENTAIS DAS MULHERES: UM ESTUDO A LUZ DOS PRINC\u00cdPIOS DA DIGNIDADE DA PESSOA HUMANA E DA ISONOMIA<br \/>\nDefesa: 04 Janeiro 2012<br \/>\nBanca Examinadora:Profa. Dra. Ros\u00e2ngela Angelin e Prof. Dr. Mauro Jos\u00e9 Gaglietti, estes da URI, e Profa. Dra. Marli Marlene Moraes da Costa da UNISC<\/p>\n<p>&nbsp;<\/p>\n<p><strong>5\u00aa Turma (ingresso: 03\/2010)<\/strong><\/p>\n<p><em><a href=\"https:\/\/san.uri.br\/mestrado_direito\/#\">Carlos Alberto Ely Fontela<\/a><\/em><br \/>\nT\u00edtulo: Estado democr\u00e1tico de direito, direitos transindividuais e a\u00e7\u00f5es coletivas: Em busca da efetiva\u00e7\u00e3o da cidadania no cen\u00e1rio dos conflitos massificados<br \/>\nDefesa: 05 Junho 2012<br \/>\nBanca Examinadora:Prof. Dr. Gilmar Antonio Bedin e Prof. Dr. Andr\u00e9 Leonardo Copetti dos Santos, estes da URI, e Prof. Dr. Doglas Cesar Lucas UNIJUI<\/p>\n<p><strong>5\u00aa Turma (ingresso: 03\/2010)<\/strong><\/p>\n<p><em><a href=\"https:\/\/san.uri.br\/mestrado_direito\/#\">Cesar Riboli<\/a><\/em><br \/>\nT\u00edtulo: A efetividade dos direitos prestacionais sociais e os limites do estado: a busca pela supera\u00e7\u00e3o dos conflitos referente \u00e0 sa\u00fade<br \/>\nDefesa: 24 Abril 2012<br \/>\nBanca Examinadora:Profa. Dra. Liliana Locatelli e Profa. Dra. Ros\u00e2ngela Angelin, estes da URI, e Profa. Dra. Janice de Fatima Pavan Zanella, da UNICRUZ<\/p>\n<p><strong>5\u00aa Turma (ingresso: 03\/2010)<\/strong><\/p>\n<p><em><a href=\"https:\/\/san.uri.br\/mestrado_direito\/\">Jucelma de C\u00e1ssia Camara Tolotti Mainardi<\/a><\/em><br \/>\nT\u00edtulo: Legisla\u00e7\u00e3o sobre a mudan\u00e7a clim\u00e1tica originada pelo aquecimento global em decorr\u00eancia do desmatamento e o princ\u00edpio da responsabilidade de Hans Jonas<br \/>\nDefesa: 27 Fevereiro 2012<br \/>\nBanca Examinadora:Prof. Dr. Noli Bernardo Hahn, Prof. Dr. Paulo Vanderlei Vargas Groff e Profa. Dra. Angelita Maria Maders, estes da URI, e Prof. Dr. Luiz Ernani Bonesso de Ara\u00fajo da UFSM<\/p>\n<p><strong>5\u00aa Turma (ingresso: 03\/2010)<\/strong><\/p>\n<p><em><a href=\"https:\/\/san.uri.br\/mestrado_direito\/#\">Mariane de Souza<\/a><\/em><br \/>\nT\u00edtulo: O reconhecimento da identidade diante o princ\u00edpio da igualdade como fundamento para legaliza\u00e7\u00e3o da ado\u00e7\u00e3o conjunta por casais homossexuais.<br \/>\n<a href=\"https:\/\/san.uri.br\/mestrado_direito\/pdf\/2012\/Mariane_de_Souza.pdf\" target=\"_blank\" rel=\"noopener\">Acesso ao Trabalho Completo (PDF) <\/a><br \/>\nDefesa: 21 Agosto 2012<br \/>\nBanca Examinadora:Profa.Dra. Ros\u00e2ngela Angelin , Prof.Dr. Mauro Gaglietti, Profa. Dra. Val\u00e9ria Ribas do Nascimento<\/p>\n<p><strong>5\u00aa Turma (ingresso: 03\/2010)<\/strong><\/p>\n<p><em><a href=\"https:\/\/san.uri.br\/mestrado_direito\/#\">Andr\u00e9ia Lis\u00e2ngela Rex<\/a><\/em><br \/>\nT\u00edtulo: Ado\u00e7\u00e3o Internacional como instrumento de inclus\u00e3o social: releitura sob perspectiva da cidadania e do multiculturalismo<br \/>\nDefesa: 21 Junho 2012<br \/>\nBanca Examinadora:Prof.Dr.Florisbal de Souza Del&#8217; Olmo, Prof.Dr. Noli Bernardo Hahn, Profa.Dra. Sandra Regina Martini Vial<\/p>\n<p><strong>5\u00aa Turma (ingresso: 03\/2010)<\/strong><\/p>\n<p><em><a href=\"https:\/\/san.uri.br\/mestrado_direito\/#\">Paula Nedeff Timm<\/a><\/em><br \/>\nT\u00edtulo: A cidadania e as condi\u00e7\u00f5es de possibilidade de efetiva\u00e7\u00e3o dos direitos e garantias fundamentais da crian\u00e7a e do adolescente na perspectiva da consolida\u00e7\u00e3o das leis do trabalho e do estatuto da crian\u00e7a<br \/>\nDefesa: 28 Agosto 2012<br \/>\nBanca Examinadora:Prof.Dr. Adalberto Narciso Hommerding, Prof.Dr. Andr\u00e9 Leonardo Copetti dos Santos, Prof. Dr. Paulo Vanderlei Vargas Gr\u00f6ff.<\/p>\n<p><strong>6\u00aa Turma (ingresso:03\/2011) <\/strong><\/p>\n<p><em><a href=\"https:\/\/san.uri.br\/mestrado_direito\/#\">Rozane Ramgrab de Magalh\u00e3es Bonamigo<\/a><\/em><br \/>\nT\u00edtulo: A import\u00e2ncia do programa de orienta\u00e7\u00e3o e prote\u00e7\u00e3o ao consumidor (PROCON) na solu\u00e7\u00e3o de conflitos de consumo na sociedade contempor\u00e2nea<br \/>\nDefesa: 14 Dezembro 2012<br \/>\nBanca Examinadora:Prof.Dr. Florisbal de Souza Del&#8217;olmo , Profa.Dra. Liliana Locatelli, Prof. Dr. Augusto Jaeger J\u00fanior<\/p>\n<p><strong>5\u00aa Turma (ingresso: 03\/2010)<\/strong><\/p>\n<p><em><a href=\"https:\/\/san.uri.br\/mestrado_direito\/#\">Adriano Nedel dos Santos<\/a><\/em><br \/>\nT\u00edtulo: Pre\u00e2mbulos constitucionais como instrumentos para o reconhecimento de minorias,viabiliza\u00e7\u00e3o de di\u00e1logos inter e intraculturais e forma\u00e7\u00e3o de um sentido identit\u00e1rio constitucional<br \/>\nDefesa: 26 Mar\u00e7o 2012<br \/>\nBanca Examinadora:Prof.Dr. Andr\u00e9 Leonardo Copetti Santos, Profa. Dra. Angelita Maria Maders, Prof. Dr. Doglas Cesar Lucas<\/p>\n<p><strong>5\u00aa Turma (ingresso: 03\/2010)<\/strong><\/p>\n<p><em><a href=\"https:\/\/san.uri.br\/mestrado_direito\/#\">Daniela Dewes<\/a><\/em><br \/>\nT\u00edtulo: A fam\u00edlia no Brasil hoje: A atual aplica\u00e7\u00e3o jurisprudencial do direito de fam\u00edlia<br \/>\nDefesa: 02 Maio 2012<br \/>\nBanca Examinadora:Prof.Dr. Noli Bernardo Hahn, Prof. Dr. Mauro Jos\u00e9 Gaglietti, Profa.dra. Angela Ara\u00fajo Espindola<\/p>\n<p><strong>5\u00aa Turma (ingresso: 03\/2010)<\/strong><\/p>\n<p><em><a href=\"https:\/\/san.uri.br\/mestrado_direito\/#\">Luana Ma\u00edra Moura de Almeida<\/a><\/em><br \/>\nT\u00edtulo: A perspectiva ambiental como promotora, incentivadora e orientadora de intrega\u00e7\u00e3o cidad\u00e3 no \u00e2mbito do mercosul<br \/>\nDefesa: 20 Junho 2012<br \/>\nBanca Examinadora:Prof.Dr.Florisbal de Souza Del&#8217;Olmo, Prof. Dr. Noli Bernardo Hahn, Prof. Dr. Luiz Ernani Bonesso de Ara\u00fajo<\/p>\n<p><strong>\u00a0<\/strong><\/p>\n","protected":false},"excerpt":{"rendered":"<p>5\u00aa Turma (ingresso: 03\/2010 Jorge Humberto Machado Maroneze T\u00edtulo: Tributa\u00e7\u00e3o e dignidade humana: Um sistema tribut\u00e1rio voltado para a realiza\u00e7\u00e3o dos direitos fundamentais. Data de Defesa: 30 de julho de 2012 Banca de Defesa: Prof. Dr. Andr\u00e9 Leonardo Copetti Santos e Prof. Dr. Adalberto Narciso Hommerding , estes da URI, e Profa. Dra. Jane Gombar [&hellip;]<\/p>\n","protected":false},"author":1,"featured_media":0,"parent":70,"menu_order":0,"comment_status":"closed","ping_status":"closed","template":"","meta":[],"_links":{"self":[{"href":"https:\/\/san.uri.br\/mestrado_direito\/index.php\/wp-json\/wp\/v2\/pages\/81"}],"collection":[{"href":"https:\/\/san.uri.br\/mestrado_direito\/index.php\/wp-json\/wp\/v2\/pages"}],"about":[{"href":"https:\/\/san.uri.br\/mestrado_direito\/index.php\/wp-json\/wp\/v2\/types\/page"}],"author":[{"embeddable":true,"href":"https:\/\/san.uri.br\/mestrado_direito\/index.php\/wp-json\/wp\/v2\/users\/1"}],"replies":[{"embeddable":true,"href":"https:\/\/san.uri.br\/mestrado_direito\/index.php\/wp-json\/wp\/v2\/comments?post=81"}],"version-history":[{"count":0,"href":"https:\/\/san.uri.br\/mestrado_direito\/index.php\/wp-json\/wp\/v2\/pages\/81\/revisions"}],"up":[{"embeddable":true,"href":"https:\/\/san.uri.br\/mestrado_direito\/index.php\/wp-json\/wp\/v2\/pages\/70"}],"wp:attachment":[{"href":"https:\/\/san.uri.br\/mestrado_direito\/index.php\/wp-json\/wp\/v2\/media?parent=81"}],"curies":[{"name":"wp","href":"https:\/\/api.w.org\/{rel}","templated":true}]}}