{"id":79,"date":"2013-06-04T17:37:10","date_gmt":"2013-06-04T20:37:10","guid":{"rendered":"http:\/\/santoangelo.uri.br\/mestrado_direito2\/?page_id=79"},"modified":"2013-06-04T17:37:10","modified_gmt":"2013-06-04T20:37:10","slug":"2011-2","status":"publish","type":"page","link":"https:\/\/san.uri.br\/mestrado_direito\/index.php\/mestrado\/dissertacoes\/2011-2\/","title":{"rendered":"2011"},"content":{"rendered":"<p><strong>4\u00aa Turma (ingresso: 03\/2009)<\/strong><\/p>\n<p><a href=\"http:\/\/buscatextual.cnpq.br\/buscatextual\/visualizacv.do?id=K4265136Z8\">Roberto Pozzebon<\/a><\/p>\n<p>T\u00edtulo:\u00a0O princ\u00edpio jur\u00eddico da igualdade e as a\u00e7\u00f5es afirmativas no acesso ao ensino p\u00fablico de n\u00edvel superior: m\u00e9todo utilizado pela Universidade Federal da Fronteira Sul Campus de Cerro Largo\/RS.<\/p>\n<p><a href=\"https:\/\/san.uri.br\/mestrado_direito\/wp-content\/uploads\/2013\/06\/RobertoPozzebon.pdf\">Acesso ao trabalho completo (PDF)<\/a><\/p>\n<p>Data de defesa:\u00a07 de outubro de 2010.<\/p>\n<p>Banca de defesa:\u00a0Prof. Dr. Livio Osvaldo Arenhart e Profa. Dra. Angelita Maria Maders, estes da URI, e Profa. Dra. Marli Marlene Moraes da Costa da UNISC.<\/p>\n<p><strong>4\u00aa Turma (ingresso: 03\/2009)<\/strong><\/p>\n<p><a href=\"http:\/\/buscatextual.cnpq.br\/buscatextual\/visualizacv.do?id=K4594351Z7\">Renata Egert<\/a><\/p>\n<p><a href=\"https:\/\/san.uri.br\/mestrado_direito\/wp-content\/uploads\/2013\/06\/Renata.pdf\">Acesso ao trabalho completo (PDF)<\/a><\/p>\n<p>T\u00edtulo: Sociedade de consumo e meios de comunica\u00e7\u00e3o: os limites e o controle \u00e0 publicidade enquanto instrumento de consolida\u00e7\u00e3o de novos padr\u00f5es de consumo.<\/p>\n<p>Data de defesa: 4 de novembro de 2010.<\/p>\n<p>Banca de defesa: Profa. Dra. Liliana Locatelli e Prof. Dr. Paulo Vanderlei Vargas Groff, estes da URI, e Profa. Dra. Lana D\u2019\u00c1villa Campanella da UFSM.<\/p>\n<p><strong>4\u00aa Turma (ingresso: 03\/2009)<\/strong><\/p>\n<p><a href=\"http:\/\/buscatextual.cnpq.br\/buscatextual\/visualizacv.do?id=K4426550J4\">Pedro Jorge de Oliveira Rodrigues<\/a><\/p>\n<p>T\u00edtulo:\u00a0For\u00e7as armadas e democracia: uma perspectiva (im)poss\u00edvel<em>?<\/em><\/p>\n<p><a href=\"https:\/\/san.uri.br\/mestrado_direito\/wp-content\/uploads\/2013\/06\/dissertacao-pedro.pdf\">Acesso ao trabalho completo (PDF)<\/a><\/p>\n<p>Data de defesa: 26 de novembro de 2010<\/p>\n<p>banca de defesa: Profa. Dra. Angelita Maria Maders e Profa. Dra. Rosangela Angelin, estes da URI, e Profa. Dra. Val\u00e9ria Ribas do Nascimento da UNIJU\u00cd.<\/p>\n<p><strong>4\u00aa Turma (ingresso: 03\/2009)<\/strong><\/p>\n<p><a href=\"http:\/\/buscatextual.cnpq.br\/buscatextual\/visualizacv.do?id=K4757035A9\">Marcelo Cacinotti Costa<\/a><\/p>\n<p><a href=\"https:\/\/san.uri.br\/mestrado_direito\/wp-content\/uploads\/2013\/06\/MARCELO-VERS\u00c3O-FORMATADA.pdf\">Acesso ao trabalho completo (PDF)<\/a><\/p>\n<p>T\u00edtulo:\u00a0O positivismo legalista vigente: aportes cr\u00edticos \u00e0 luz da fenomenologia hermen\u00eautica.<\/p>\n<p>Data de defesa:\u00a026 de abril de 2011<\/p>\n<p>Banca de Defesa: Prof. Dr. Livio Osvaldo Arenhart e Prof. Dr. Adalberto Narciso Hommerding, estes da URI, e Prof. Dr. Gilmar Antonio Bedin da UNIJU\u00cd.<\/p>\n<p><strong>4\u00aa Turma (ingresso: 03\/2009)<\/strong><\/p>\n<p><a href=\"http:\/\/buscatextual.cnpq.br\/buscatextual\/visualizacv.do?id=K4215277U1\">Luis Roger Vieira Azzolin<\/a><\/p>\n<p><a href=\"https:\/\/san.uri.br\/mestrado_direito\/wp-content\/uploads\/2013\/06\/DISSERTAO-Roger.pdf\">Acesso ao trabalho completo (PDF)<\/a><\/p>\n<p>T\u00edtulo:\u00a0Interdi\u00e7\u00e3o civil e o paradigma da incapacidade.<\/p>\n<p>Data de Defesa: 31 de agosto de 2011<\/p>\n<p>Banca Examinadora: Prof. Dr. L\u00edvio Osvaldo Arenhart e Prof. Dr. Paulo Vanderlei Vargas Gr\u00f6ff, estes da URI, e Prof. Dr. Augusto Jaeger Junior, da UFRGS.<\/p>\n<p><strong>4\u00aa Turma (ingresso: 03\/2009)<\/strong><\/p>\n<p><a href=\"http:\/\/buscatextual.cnpq.br\/buscatextual\/visualizacv.do?id=K4292966D0\">Jos\u00e9 Eduardo Goulart de Lima<\/a><\/p>\n<p>Titulo:\u00a0A concretiza\u00e7\u00e3o dos direitos fundamentais, as a\u00e7\u00f5es afirmativas e as cotas raciais para ingresso nas Universidades P\u00fablicas Brasileiras.<\/p>\n<p><a href=\"https:\/\/san.uri.br\/mestrado_direito\/wp-content\/uploads\/2013\/06\/Disserta\u00e7\u00e3o-Jos\u00e9-Eduardo.pdf\">Acesso ao trabalho completo (PDF)<\/a><\/p>\n<p>Data de defesa:\u00a028 de outubro de 2010.<\/p>\n<p>Banca Examinadora:\u00a0: Prof. Dr. Paulo Vanderlei Vargas Groff e Profa. Dra. Liliana Locatelli, estes da URI, e Profa. Dra. V\u00e2nia Beatriz Rey Paz da UFSM.<\/p>\n<p><strong>4\u00aa Turma (ingresso: 03\/2009)<\/strong><\/p>\n<p><a href=\"http:\/\/buscatextual.cnpq.br\/buscatextual\/visualizacv.do?id=K4279600T4\">Graziele Barbosa Zimmer Malaquias<\/a><\/p>\n<p>T\u00edtulo:\u00a0A solu\u00e7\u00e3o de conflitos e a efic\u00e1cia da concilia\u00e7\u00e3o e media\u00e7\u00e3o na tratativa das negocia\u00e7\u00f5es: reflex\u00e3o baseada nos poss\u00edveis enfrentamentos a uma melhor efici\u00eancia no judici\u00e1rio<\/p>\n<p><a href=\"https:\/\/san.uri.br\/mestrado_direito\/wp-content\/uploads\/2013\/06\/Graziele.pdf\">Acesso ao trabalho completo (PDF)<\/a><\/p>\n<p>Data de Defesa: 19 de julho de 2011<\/p>\n<p>Banca Examinadora:Prof. Dr. Florisbal de Souza Del\u2019Olmo e Prof. Dr. Paulo Vanderlei Vargas Gr\u00f6ff, estes da URI, e Profa. Dra. Maritza Maffei da Silva da UNICRUZ.<\/p>\n<p>&nbsp;<\/p>\n<p><strong>4\u00aa Turma (ingresso: 03\/2009)<\/strong><\/p>\n<p><a href=\"http:\/\/buscatextual.cnpq.br\/buscatextual\/visualizacv.do?id=K4239724P9\">ENIO FELIPIN<\/a><\/p>\n<p>T\u00edtulo: MEDIA\u00c7\u00c3O: UM CAMINHO DE PAZ PARA A SOLU\u00c7\u00c3O DE CONFLITOS E A BUSCA PELA DIGNIDADE HUMANA<\/p>\n<p><a href=\"https:\/\/san.uri.br\/mestrado_direito\/wp-content\/uploads\/2017\/03\/ENIOFELIPIN-C\u00f3pia.pdf\">Acesso ao trabalho completo (PDF)<\/a><\/p>\n<p>Defesa: 21 de junho de 2011<br \/>\nBanca Examinadora: Prof. Dr. Jos\u00e9 Alceb\u00edades de Oliveira Junior e Profa. Dra. Ros\u00e2ngela Angelin, estes da URI, e Prof. Dr. Prof. Dr. Mauro Jos\u00e9 Gaglietti, da IMED.<\/p>\n<p><strong>4\u00aa Turma (ingresso: 03\/2009)<\/strong><\/p>\n<p><em><a href=\"http:\/\/lattes.cnpq.br\/8401069873230656\">Let\u00edcia Mousquer Ritter<\/a><\/em><br \/>\nT\u00edtulo: O Pan-Principiologismo no processo civil brasileiro: o que pode e o que n\u00e3o pode ser considerado do princ\u00edpio<br \/>\n<a href=\"https:\/\/san.uri.br\/mestrado_direito\/pdf\/2011\/Leticia_Mousquer_Ritter.pdf\" target=\"_blank\" rel=\"noopener\">Acesso ao Trabalho Completo (PDF) <\/a><br \/>\nDefesa: 05 Maio 2011<br \/>\nBanca Examinadora:Prof. Dr. Adalberto Narciso Hommerding e Noli Bernardo Hahn, estes da URI, e Prof. Dr. Doglas Cesar Lucas, da UNIJU\u00cd<\/p>\n<p><strong>4\u00aa Turma (ingresso: 03\/2009)<\/strong><\/p>\n<p><em><a href=\"http:\/\/www.santoangelo.uri.br\/mestradodireito\/#\">JOSE OZORIO VIEIRA DUTRA<\/a><\/em><br \/>\nT\u00edtulo: A solu\u00e7\u00e3o do conflito entre o direito de propriedade e o direito ambiental: a exig\u00eancia da reserva legal<br \/>\n<a href=\"https:\/\/san.uri.br\/mestrado_direito\/pdf\/2011\/JOSE_OZORIO_VIEIRA_DUTRA.pdf\" target=\"_blank\" rel=\"noopener\">Acesso ao Trabalho Completo (PDF) <\/a><br \/>\nDefesa: 21 Janeiro 2011<br \/>\nBanca Examinadora:Profa. Dra. Liliana Locatelli e Prof. Dr. Paulo Vanderlei Vargas Gr\u00f6ff, estes da URI, e Prof. Dr. Braulio Otomar Caron da UFSM\/CESNORS<\/p>\n<p><strong>4\u00aa Turma (ingresso: 03\/2009)<\/strong><\/p>\n<p><em><a href=\"http:\/\/www.santoangelo.uri.br\/mestradodireito\/#\">Cidinei Bogo Chatt<\/a><\/em><br \/>\nT\u00edtulo: A TRANSA\u00c7\u00c3O COMO FORMA ALTERNATIVA DE RESOLU\u00c7\u00c3O DE CONFLITO EM MAT\u00c9RIA TRIBUT\u00c1RIA<br \/>\n<a href=\"https:\/\/san.uri.br\/mestrado_direito\/pdf\/2011\/Cidinei_Bogo_Chatt.pdf\" target=\"_blank\" rel=\"noopener\">Acesso ao Trabalho Completo (PDF) <\/a><br \/>\nDefesa: 17 Maio 2011<br \/>\nBanca Examinadora:Prof. Dr. Paulo Vanderlei Vargas Groff e Prof. Dr. Florisbal de Souza Del\u2019Olmo, estes da URI, e Profa. Dra. V\u00e2nia Beatriz Rey Paz da UFSM<\/p>\n<p><strong>4\u00aa Turma (ingresso: 03\/2009)<\/strong><\/p>\n<p><em><a href=\"http:\/\/www.santoangelo.uri.br\/mestradodireito\/#\">Dircilene da Silva Ladico<\/a><\/em><br \/>\nT\u00edtulo: BIOPIRATARIA INTERNACIONAL, PATENTES E CIDADANIA: PROTE\u00c7\u00c3O DO CONHECIMENTO TRADICIONAL E DO PATRIM\u00d4NIO CULTURAL COMUNIT\u00c1RIO<br \/>\n<a href=\"https:\/\/san.uri.br\/mestrado_direito\/pdf\/2011\/Dircilene_da_Silva_Ladico.pdf\" target=\"_blank\" rel=\"noopener\">Acesso ao Trabalho Completo (PDF) <\/a><br \/>\nDefesa: 21 Janeiro 2011<br \/>\nBanca Examinadora:Prof. Dr. Florisbal de Souza Del\u2019Olmo e Prof. Dr. Andr\u00e9 Leonardo Copetti Santos, estes da URI, e Prof. Dr. Augusto Jaeger Junior da UFRGS<\/p>\n<p><strong>4\u00aa Turma (ingresso: 03\/2009)<\/strong><\/p>\n<p><em><a href=\"http:\/\/www.santoangelo.uri.br\/mestradodireito\/#\">Fernanda Savian Rodrigues<\/a><\/em><br \/>\nT\u00edtulo: CIDADANIA, DIREITOS HUMANOS E EMANCIPA\u00c7\u00c3O: UMA PERSPECTIVA EM CONSTRU\u00c7\u00c3O<br \/>\n<a href=\"https:\/\/san.uri.br\/mestrado_direito\/pdf\/2011\/Fernanda_Savian_Rodrigues.pdf\" target=\"_blank\" rel=\"noopener\">Acesso ao Trabalho Completo (PDF) <\/a><br \/>\nDefesa: 07 Abril 2011<br \/>\nBanca Examinadora:Prof. Dr. Florisbal de Souza Del\u2019Olmo e Prof. Dr. Jo\u00e3o Martins Bertaso, estes da URI, e Prof. Dr. Luiz Ernani Bonesso Ara\u00fajo da UFSM<\/p>\n<p><strong>4\u00aa Turma (ingresso: 03\/2009)<\/strong><\/p>\n<p><em><a href=\"http:\/\/www.santoangelo.uri.br\/mestradodireito\/#\">Dionara Denize Cavinatto<\/a><\/em><br \/>\nT\u00edtulo: Cotas para afrodescendentes nas universidades brasileiras: a luta por reconhecimento e as medidas de discrimina\u00e7\u00e3o positiva<br \/>\n<a href=\"https:\/\/san.uri.br\/mestrado_direito\/pdf\/2011\/Dionara_Denize_Cavinatto.pdf\" target=\"_blank\" rel=\"noopener\">Acesso ao Trabalho Completo (PDF) <\/a><br \/>\nDefesa: 06 Maio 2011<br \/>\nBanca Examinadora:Prof. Dr. Jo\u00e3o Martins Bertaso e Ros\u00e2ngela Angelin, estes da URI, e Prof. Dr. Mauro Jos\u00e9 Gaglietti da IMED<\/p>\n<p><strong>4\u00aa Turma (ingresso: 03\/2009)<\/strong><\/p>\n<p><em><a href=\"http:\/\/www.santoangelo.uri.br\/mestradodireito\/#\">Camila Trevisan Silva Tronco<\/a><\/em><br \/>\nT\u00edtulo: Da igualdade formal ao direito \u00e0 diferen\u00e7a: sobre o deslocamento substancial da democracia no Estado Democr\u00e1tico de Direito<br \/>\n<a href=\"https:\/\/san.uri.br\/mestrado_direito\/pdf\/2011\/Camila_Trevisan_Silva_Tronco.pdf\" target=\"_blank\" rel=\"noopener\">Acesso ao Trabalho Completo (PDF) <\/a><br \/>\nDefesa: 30 Junho 2011<br \/>\nBanca Examinadora:Prof. Dr. Andr\u00e9 Leonardo Copetti Santos e Paulo Vanderlei Vargas Gr\u00f6ff, estes da URI, e Prof. Dr. Livio Osvaldo Arenhart, da IFFS<\/p>\n","protected":false},"excerpt":{"rendered":"<p>4\u00aa Turma (ingresso: 03\/2009) Roberto Pozzebon T\u00edtulo:\u00a0O princ\u00edpio jur\u00eddico da igualdade e as a\u00e7\u00f5es afirmativas no acesso ao ensino p\u00fablico de n\u00edvel superior: m\u00e9todo utilizado pela Universidade Federal da Fronteira Sul Campus de Cerro Largo\/RS. Acesso ao trabalho completo (PDF) Data de defesa:\u00a07 de outubro de 2010. Banca de defesa:\u00a0Prof. Dr. Livio Osvaldo Arenhart e [&hellip;]<\/p>\n","protected":false},"author":1,"featured_media":0,"parent":70,"menu_order":0,"comment_status":"closed","ping_status":"closed","template":"","meta":[],"_links":{"self":[{"href":"https:\/\/san.uri.br\/mestrado_direito\/index.php\/wp-json\/wp\/v2\/pages\/79"}],"collection":[{"href":"https:\/\/san.uri.br\/mestrado_direito\/index.php\/wp-json\/wp\/v2\/pages"}],"about":[{"href":"https:\/\/san.uri.br\/mestrado_direito\/index.php\/wp-json\/wp\/v2\/types\/page"}],"author":[{"embeddable":true,"href":"https:\/\/san.uri.br\/mestrado_direito\/index.php\/wp-json\/wp\/v2\/users\/1"}],"replies":[{"embeddable":true,"href":"https:\/\/san.uri.br\/mestrado_direito\/index.php\/wp-json\/wp\/v2\/comments?post=79"}],"version-history":[{"count":0,"href":"https:\/\/san.uri.br\/mestrado_direito\/index.php\/wp-json\/wp\/v2\/pages\/79\/revisions"}],"up":[{"embeddable":true,"href":"https:\/\/san.uri.br\/mestrado_direito\/index.php\/wp-json\/wp\/v2\/pages\/70"}],"wp:attachment":[{"href":"https:\/\/san.uri.br\/mestrado_direito\/index.php\/wp-json\/wp\/v2\/media?parent=79"}],"curies":[{"name":"wp","href":"https:\/\/api.w.org\/{rel}","templated":true}]}}