{"id":77,"date":"2013-06-04T17:36:32","date_gmt":"2013-06-04T20:36:32","guid":{"rendered":"http:\/\/santoangelo.uri.br\/mestrado_direito2\/?page_id=77"},"modified":"2013-06-04T17:36:32","modified_gmt":"2013-06-04T20:36:32","slug":"2010-2","status":"publish","type":"page","link":"https:\/\/san.uri.br\/mestrado_direito\/index.php\/mestrado\/dissertacoes\/2010-2\/","title":{"rendered":"2010"},"content":{"rendered":"<p><strong>3\u00aa Turma (ingresso: 03\/2008)<\/strong><\/p>\n<p><em><a href=\"http:\/\/lattes.cnpq.br\/5506854511064624\">LU\u00cdS CARLOS ROSA<\/a><\/em><br \/>\nT\u00edtulo: Idoso em reconstru\u00e7\u00e3o: na busca de uma prote\u00e7\u00e3o integral<br \/>\n<a href=\"https:\/\/san.uri.br\/mestrado_direito\/pdf\/2010\/LUIS_CARLOS_ROSA.pdf\" target=\"_blank\" rel=\"noopener\">Acesso ao Trabalho Completo (PDF) <\/a><br \/>\nDefesa: 31 Agosto 2010<br \/>\nBanca Examinadora:Prof. Dr. Leonel Severo Rocha; Prof. Dr. Andr\u00e9 Leonardo Copetti Santos; Prof. Dr. Agostinho Both<\/p>\n<p><strong>4\u00aa Turma (ingresso: 03\/2009)<\/strong><\/p>\n<p><em><a href=\"http:\/\/lattes.cnpq.br\/9235221694532777\">Roberto Pozzebon<\/a><\/em><br \/>\nT\u00edtulo: O princ\u00edpio jur\u00eddico da igualdade e as a\u00e7\u00f5es afirmativas no  acesso ao ensino p\u00fablico de n\u00edvel superior: m\u00e9todo utilizado pela  Universidade Federal da Fronteira Sul Campus de Cerro Largo\/RS<br \/>\n<a href=\"https:\/\/san.uri.br\/mestrado_direito\/pdf\/2010\/Roberto_Pozzebon.pdf\" target=\"_blank\" rel=\"noopener\">Acesso ao Trabalho Completo (PDF) <\/a><br \/>\nDefesa: 07 Outubro 2010<br \/>\nBanca Examinadora:Prof. Dr. Livio Osvaldo Arenhart; Profa. Dra.  Angelita Maria Maders; Profa. Dra. Marli Marlene Moraes da Costa<\/p>\n<p><strong>4\u00aa Turma (ingresso: 03\/2009)<\/strong><\/p>\n<p><em><a href=\"http:\/\/www.santoangelo.uri.br\/mestradodireito\/#\">Jos\u00e9 Eduardo Goulart de Lima<\/a><\/em><br \/>\nT\u00edtulo: A concretiza\u00e7\u00e3o dos direitos fundamentais, as a\u00e7\u00f5es  afirmativas e as cotas raciais para ingresso nas Universidades P\u00fablicas  Brasileiras<br \/>\n<a href=\"https:\/\/san.uri.br\/mestrado_direito\/pdf\/2010\/Jose_Eduardo_Goulart_de_Lima.pdf\" target=\"_blank\" rel=\"noopener\">Acesso ao Trabalho Completo (PDF) <\/a><br \/>\nDefesa: 28 Outubro 2010<br \/>\nBanca Examinadora:Prof. Dr. Paulo Vanderlei Vargas Groff e Profa. Dra.  Liliana Locatelli, estes da URI, e Profa. Dra. V\u00e2nia Beatriz Rey Paz da  UFSM<\/p>\n<p><strong>4\u00aa Turma (ingresso: 03\/2009)<\/strong><\/p>\n<p><em><a href=\"http:\/\/www.santoangelo.uri.br\/mestradodireito\/#\">Renata Egert<\/a><\/em><br \/>\nT\u00edtulo: Sociedade de consumo e meios de comunica\u00e7\u00e3o: os limites e o  controle \u00e0 publicidade enquanto instrumento de consolida\u00e7\u00e3o de novos  padr\u00f5es de consumo<br \/>\n<a href=\"https:\/\/san.uri.br\/mestrado_direito\/pdf\/2010\/Renata_Egert.pdf\" target=\"_blank\" rel=\"noopener\">Acesso ao Trabalho Completo (PDF) <\/a><br \/>\nDefesa: 04 Novembro 2010<br \/>\nBanca Examinadora:Profa. Dra. Liliana Locatelli e Prof. Dr. Paulo  Vanderlei Vargas Groff, estes da URI, e Profa. Dra. Lana D\u2019\u00c1villa  Campanella da UFSM<\/p>\n<p><strong>4\u00aa Turma (ingresso: 03\/2009)<\/strong><\/p>\n<p><em><a href=\"http:\/\/www.santoangelo.uri.br\/mestradodireito\/#\">Pedro Jorge de Oliveira Rodrigues<\/a><\/em><br \/>\nT\u00edtulo: For\u00e7as armadas e democracia: uma perspectiva (im)poss\u00edvel?<br \/>\n<a href=\"https:\/\/san.uri.br\/mestrado_direito\/pdf\/2010\/Pedro_Jorge_de_Oliveira_Rodrigues.pdf\" target=\"_blank\" rel=\"noopener\">Acesso ao Trabalho Completo (PDF) <\/a><br \/>\nDefesa: 26 Novembro 2010<br \/>\nBanca Examinadora:Profa. Dra. Angelita Maria Maders e Profa. Dra.  Rosangela Angelin, estes da URI, e Profa. Dra. Val\u00e9ria Ribas do  Nascimento da UNIJU\u00cd<\/p>\n<p><strong>3\u00aa Turma (ingresso: 03\/2008)<\/strong><\/p>\n<p><em><a href=\"http:\/\/www.santoangelo.uri.br\/mestradodireito\/#\">Dilaine Binicheski<\/a><\/em><br \/>\nT\u00edtulo: Direitos humanos internacionais: cultura isl\u00e2mica frente \u00e0 rela\u00e7\u00f5es de g\u00eanero<br \/>\n<a href=\"https:\/\/san.uri.br\/mestrado_direito\/pdf\/2010\/Dilaine_Binicheski.pdf\" target=\"_blank\" rel=\"noopener\">Acesso ao Trabalho Completo (PDF) <\/a><br \/>\nDefesa: 19 Julho 2010<br \/>\nBanca Examinadora:Prof. Dr. Florisbal de Souza Del\u2019Olmo e Prof. Dr.  Noli Bernardo Hahn, estes da URI, e Prof. Dr. Gilmar Ant\u00f4nio Bedin, da  UNIJU\u00cd<\/p>\n<p><strong>3\u00aa Turma (ingresso: 03\/2008)<\/strong><\/p>\n<p><em><a href=\"http:\/\/www.santoangelo.uri.br\/mestradodireito\/#\">F\u00e1bio Trevisan Moraes<\/a><\/em><br \/>\nT\u00edtulo: Direito Fundamental \u00e0 Seguran\u00e7a e Pol\u00edticas P\u00fablicas<br \/>\n<a href=\"https:\/\/san.uri.br\/mestrado_direito\/pdf\/2010\/Fabio_Trevisan_Moraes.pdf\" target=\"_blank\" rel=\"noopener\">Acesso ao Trabalho Completo (PDF) <\/a><br \/>\nDefesa: 23 Mar\u00e7o 2010<br \/>\nBanca Examinadora:Prof. Dr. Paulo Vanderlei Vargas Groff e Profa. Dra.  Liliana Locatelli, estes da URI, e Profa. Dra. V\u00e2nia Beatriz Rey Paz da  UFSM<\/p>\n<p><strong>3\u00aa Turma (ingresso: 03\/2008)<\/strong><\/p>\n<p><em><a href=\"http:\/\/www.santoangelo.uri.br\/mestradodireito\/#\">Ana Paula Baroni Fiorin<\/a><\/em><br \/>\nT\u00edtulo: A prote\u00e7\u00e3o jur\u00eddica das pessoas idosas e\/ou com defici\u00eancia: dimens\u00f5es de redistribui\u00e7\u00e3o e de reconhecimento<br \/>\n<a href=\"https:\/\/san.uri.br\/mestrado_direito\/pdf\/2010\/Ana_Paula_Baroni_Fiorin.pdf\" target=\"_blank\" rel=\"noopener\">Acesso ao Trabalho Completo (PDF) <\/a><br \/>\nDefesa: 17 Agosto 2010<br \/>\nBanca Examinadora:Prof. Dr. Jo\u00e3o Martins Bertaso, Prof. Dr. Livio  Osvaldo Arenhart, estes da URI, e Prof. Dr. \u00c1lvaro Sanchez Bravo, da  Universidade de Sevilla (Espanha)<\/p>\n<p><strong>3\u00aa Turma (ingresso: 03\/2008)<\/strong><\/p>\n<p><em><a href=\"http:\/\/www.santoangelo.uri.br\/mestradodireito\/#\">Jean Mauro Menuzzi<\/a><\/em><br \/>\nT\u00edtulo: Apontamentos filos\u00f3fico-pol\u00edticos para um direito penal contramajorit\u00e1rio<br \/>\n<a href=\"https:\/\/san.uri.br\/mestrado_direito\/pdf\/2010\/Jean_Mauro_Menuzzi.pdf\" target=\"_blank\" rel=\"noopener\">Acesso ao Trabalho Completo (PDF) <\/a><br \/>\nDefesa: 19 Agosto 2010<br \/>\nBanca Examinadora:Prof. Dr. Andr\u00e9 Leonardo Copetti Santos e Prof. Dr.  Adalberto Narciso Hommerding, estes da URI, e Prof. Dr. Nereu Jos\u00e9  Giacomolli, da PUC-RS<\/p>\n<p><strong>3\u00aa Turma (ingresso: 03\/2008)<\/strong><\/p>\n<p><em><a href=\"http:\/\/www.santoangelo.uri.br\/mestradodireito\/#\">\u00c2ngela Simone Pires Keitel<\/a><\/em><br \/>\nT\u00edtulo: Movimento(s) homossexual(is): a luta do homossexual no Brasil<br \/>\n<a href=\"https:\/\/san.uri.br\/mestrado_direito\/pdf\/2010\/Angela_Simone_Pires_Keitel.pdf\" target=\"_blank\" rel=\"noopener\">Acesso ao Trabalho Completo (PDF) <\/a><br \/>\nDefesa: 31 Agosto 2010<br \/>\nBanca Examinadora:Prof. Dr. Livio Osvaldo Arenhart e Profa. Dra.  Ros\u00e2ngela Angelin, estes da URI, e Prof. Dr. Roger Raupp Rios, da  UNIRITTER<\/p>\n<p><strong>3\u00aa Turma (ingresso: 03\/2008)<\/strong><\/p>\n<p><em><a href=\"http:\/\/www.santoangelo.uri.br\/mestradodireito\/#\">Cassiana Alvina Carvalho<\/a><\/em><br \/>\nT\u00edtulo: D\u00e9ficit de cidadania e discurso democr\u00e1tico na sociedade multicultural<br \/>\n<a href=\"https:\/\/san.uri.br\/mestrado_direito\/pdf\/2010\/Cassiana_Alvina_Carvalho.pdf\" target=\"_blank\" rel=\"noopener\">Acesso ao Trabalho Completo (PDF) <\/a><br \/>\nDefesa: 31 Agosto 2010<br \/>\nBanca Examinadora:Prof. Dr. Jo\u00e3o Martins Bertaso, da URI, Prof. Dr.  Mauro Jos\u00e9 Gaglietti, da IMED, e Prof. Dr. Jos\u00e9 Luiz Bolzan de Morais,  da UNISINOS<\/p>\n<p><strong>3\u00aa Turma (ingresso: 03\/2008)<\/strong><\/p>\n<p><em><a href=\"http:\/\/www.santoangelo.uri.br\/mestradodireito\/#\">Fernando Martins Ferreira<\/a><\/em><br \/>\nT\u00edtulo: A media\u00e7\u00e3o como exerc\u00edcio de cidadania na solu\u00e7\u00e3o dos  conflitos socioambientais: o caso dos produtores rurais situados \u00e0s  margens da microbacia hidrogr\u00e1fica do Arroio Lajeado da Cruz<br \/>\n<a href=\"https:\/\/san.uri.br\/mestrado_direito\/pdf\/2010\/Fernando_Martins_Ferreira.pdf\" target=\"_blank\" rel=\"noopener\">Acesso ao Trabalho Completo (PDF) <\/a><br \/>\nDefesa: 26 Agosto 2010<br \/>\nBanca Examinadora:Prof. Dr. William Smith Kaku e Profa. Dra. Liliana  Locatelli, estes da URI, e Prof. Dr. Ricardo Soares Stersi dos Santos,  da UFSC<\/p>\n<p><strong>3\u00aa Turma (ingresso: 03\/2008)<\/strong><\/p>\n<p><em><a href=\"http:\/\/www.santoangelo.uri.br\/mestradodireito\/#\">Maicon Rodrigo Tauchert<\/a><\/em><br \/>\nT\u00edtulo: Ensino do Direito no Brasil: desafios na forma\u00e7\u00e3o de int\u00e9rpretes para sociedades complexas e multiculturais<br \/>\n<a href=\"https:\/\/san.uri.br\/mestrado_direito\/pdf\/2010\/Maicon_Rodrigo_Tauchert.pdf\" target=\"_blank\" rel=\"noopener\">Acesso ao Trabalho Completo (PDF) <\/a><br \/>\nDefesa: 31 Agosto 2010<br \/>\nBanca Examinadora:Prof. Dr. Noli Bernardo Hahn, Prof. Dr. Jo\u00e3o Martins  Bertaso e Prof. Dr. Leonel Severo Rocha, estes da URI, e Prof. Dr.  Doglas Cesar Lucas, da UNIJU\u00cd<\/p>\n<p><strong>3\u00aa Turma (ingresso: 03\/2008)<\/strong><\/p>\n<p><em><a href=\"http:\/\/www.santoangelo.uri.br\/mestradodireito\/#\">Maria Gislaine Manucello<\/a><\/em><br \/>\nT\u00edtulo: Formas Alternativas de Solu\u00e7\u00e3o de Conflitos: Arbitragem nas Lides Trabalhistas<br \/>\n<a href=\"https:\/\/san.uri.br\/mestrado_direito\/pdf\/2010\/Maria_Gislaine_Manucello.pdf\" target=\"_blank\" rel=\"noopener\">Acesso ao Trabalho Completo (PDF) <\/a><br \/>\nDefesa: 27 Agosto 2010<br \/>\nBanca Examinadora:Prof. Dr. Florisbal de Souza Del\u2019Olmo, Prof. Dr.  William Smith Kaku e Prof. Dr. Paulo Vanderlei Vargas Groff, estes da  URI, e Prof. Dr. Silvio Javier Battello Calderon, da FADISMA<\/p>\n<p><strong>3\u00aa Turma (ingresso: 03\/2008)<\/strong><\/p>\n<p><em><a href=\"http:\/\/www.santoangelo.uri.br\/mestradodireito\/#\">Inajara Machado dos Santos Falci<\/a><\/em><br \/>\nT\u00edtulo: Aspectos hist\u00f3ricos e sociais do direito do trabalho frente \u00e0s inova\u00e7\u00f5es trazidas pela emenda constitucional 45\/2004<br \/>\n<a href=\"https:\/\/san.uri.br\/mestrado_direito\/pdf\/2010\/Inajara_Machado_dos_Santos_Falci.pdf\" target=\"_blank\" rel=\"noopener\">Acesso ao Trabalho Completo (PDF) <\/a><br \/>\nDefesa: 23 Novembro 2010<br \/>\nBanca Examinadora:Prof. Dr. Florisbal de Souza Del\u2019Olmo, Prof. Dr.  Noli Bernardo Hahn, estes da URI, e Profa. Dra. Luciene Dal Ri, da  UNIJU\u00cd<\/p>\n<p><strong>3\u00aa Turma (ingresso: 03\/2008)<\/strong><\/p>\n<p><em><a href=\"http:\/\/www.santoangelo.uri.br\/mestradodireito\/#\">FLAVIO PAVLOV DA SILVEIRA<\/a><\/em><br \/>\nT\u00edtulo: A audi\u00eancia p\u00fablica como um instrumento indutor do modelo de democracia deliberativo-procedimental de J\u00fcrgen Habermas<br \/>\n<a href=\"https:\/\/san.uri.br\/mestrado_direito\/pdf\/2010\/FLAVIO_PAVLOV_DA_SILVEIRA.pdf\" target=\"_blank\" rel=\"noopener\">Acesso ao Trabalho Completo (PDF) <\/a><br \/>\nDefesa: 27 Agosto 2010<br \/>\nBanca Examinadora:Prof. Dr. Andr\u00e9 Leonardo Copetti Santos e Prof. Dr.  Livio Osvaldo Arenhart, estes da URI, e Prof. Dr. Gilmar Antonio Bedin,  da UNIJU\u00cd<\/p>\n<p><strong>3\u00aa Turma (ingresso: 03\/2008)<\/strong><\/p>\n<p><em><a href=\"http:\/\/www.santoangelo.uri.br\/mestradodireito\/#\">Moacir Camargo Baggio<\/a><\/em><br \/>\nT\u00edtulo: Jurisdi\u00e7\u00e3o contempor\u00e2nea e espa\u00e7os de conviv\u00eancia democr\u00e1tica  (para a constru\u00e7\u00e3o de uma legitimidade da presta\u00e7\u00e3o jurisdicional na  contemporaneidade)<br \/>\n<a href=\"https:\/\/san.uri.br\/mestrado_direito\/pdf\/2010\/Moacir_Camargo_Baggio.pdf\" target=\"_blank\" rel=\"noopener\">Acesso ao Trabalho Completo (PDF) <\/a><br \/>\nDefesa: 24 Agosto 2010<br \/>\nBanca Examinadora:Prof. Dr. Adalberto Narciso Hommerding e Prof. Dr.  Jos\u00e9 Alceb\u00edades de Oliveira Junior, estes da URI, e Profa. Dra. Z\u00e9lia  Luiza Pierdon\u00e1, da MACKENZIE<\/p>\n<p><strong>3\u00aa Turma (ingresso: 03\/2008)<\/strong><\/p>\n<p><em><a href=\"http:\/\/www.santoangelo.uri.br\/mestradodireito\/#\">Paulo de Tarso Lorenzoni do Amaral<\/a><\/em><br \/>\nT\u00edtulo: Cooperativismo como locus de assegura\u00e7\u00e3o dos direitos sociais no ambiente globalizado<br \/>\n<a href=\"https:\/\/san.uri.br\/mestrado_direito\/pdf\/2010\/Paulo_de_Tarso_Lorenzoni_do_Amaral.pdf\" target=\"_blank\" rel=\"noopener\">Acesso ao Trabalho Completo (PDF) <\/a><br \/>\nDefesa: 31 Agosto 2010<br \/>\nBanca Examinadora:Prof. Dr. Livio Osvaldo Arenhart e Prof. Dr. Paulo  Vanderlei Vargas Groff, estes da URI, e Prof. Dr. Luiz Ernani Bonesso de  Ara\u00fajo, da UFSM<\/p>\n<p><strong>3\u00aa Turma (ingresso: 03\/2008)<\/strong><\/p>\n<p><em><a href=\"http:\/\/www.santoangelo.uri.br\/mestradodireito\/#\">Carina Deolinda da Silva Lopes<\/a><\/em><br \/>\nT\u00edtulo: A IMPORT\u00c2NCIA DA PARTICIPA\u00c7\u00c3O EFETIVA DOS SUJEITOS PROCESSUAIS NA REALIZA\u00c7\u00c3O DA TUTELA JURISDICIONAL<br \/>\n<a href=\"https:\/\/san.uri.br\/mestrado_direito\/pdf\/2010\/Carina_Deolinda_da_Silva_Lopes.pdf\" target=\"_blank\" rel=\"noopener\">Acesso ao Trabalho Completo (PDF) <\/a><br \/>\nDefesa: 18 Agosto 2010<br \/>\nBanca Examinadora:Prof. Dr. Jos\u00e9 Alceb\u00edades de Oliveira Junior e Prof.  Dr. Florisbal de Souza Del\u2019Olmo, estes da URI, e Prof. Dr. Rog\u00e9rio  Gesta Leal, da UNISC<\/p>\n<p><strong>3\u00aa Turma (ingresso: 03\/2008)<\/strong><\/p>\n<p><em><a href=\"http:\/\/www.santoangelo.uri.br\/mestradodireito\/#\">\u00c2ngela Simone Pires Keitel<\/a><\/em><br \/>\nT\u00edtulo: Movimentos (s) homossexual (is): a luta do homossexual no Brasil<br \/>\n<a href=\"https:\/\/san.uri.br\/mestrado_direito\/pdf\/2010\/Angela_Simone_Pires_Keitel.pdf\" target=\"_blank\" rel=\"noopener\">Acesso ao Trabalho Completo (PDF) <\/a><br \/>\nDefesa: 31 Agosto 2010<br \/>\nBanca Examinadora:Profa.Dra. Ros\u00e2ngela Angelin-URI, Prof.Dr. Livio  Osvaldo Arenhart-URI, Prof. Dr. Roger Raupp Rios- UNIRITTER<\/p>\n","protected":false},"excerpt":{"rendered":"<p>3\u00aa Turma (ingresso: 03\/2008) LU\u00cdS CARLOS ROSA T\u00edtulo: Idoso em reconstru\u00e7\u00e3o: na busca de uma prote\u00e7\u00e3o integral Acesso ao Trabalho Completo (PDF) Defesa: 31 Agosto 2010 Banca Examinadora:Prof. Dr. Leonel Severo Rocha; Prof. Dr. Andr\u00e9 Leonardo Copetti Santos; Prof. Dr. Agostinho Both 4\u00aa Turma (ingresso: 03\/2009) Roberto Pozzebon T\u00edtulo: O princ\u00edpio jur\u00eddico da igualdade e [&hellip;]<\/p>\n","protected":false},"author":1,"featured_media":0,"parent":70,"menu_order":0,"comment_status":"closed","ping_status":"closed","template":"","meta":[],"_links":{"self":[{"href":"https:\/\/san.uri.br\/mestrado_direito\/index.php\/wp-json\/wp\/v2\/pages\/77"}],"collection":[{"href":"https:\/\/san.uri.br\/mestrado_direito\/index.php\/wp-json\/wp\/v2\/pages"}],"about":[{"href":"https:\/\/san.uri.br\/mestrado_direito\/index.php\/wp-json\/wp\/v2\/types\/page"}],"author":[{"embeddable":true,"href":"https:\/\/san.uri.br\/mestrado_direito\/index.php\/wp-json\/wp\/v2\/users\/1"}],"replies":[{"embeddable":true,"href":"https:\/\/san.uri.br\/mestrado_direito\/index.php\/wp-json\/wp\/v2\/comments?post=77"}],"version-history":[{"count":0,"href":"https:\/\/san.uri.br\/mestrado_direito\/index.php\/wp-json\/wp\/v2\/pages\/77\/revisions"}],"up":[{"embeddable":true,"href":"https:\/\/san.uri.br\/mestrado_direito\/index.php\/wp-json\/wp\/v2\/pages\/70"}],"wp:attachment":[{"href":"https:\/\/san.uri.br\/mestrado_direito\/index.php\/wp-json\/wp\/v2\/media?parent=77"}],"curies":[{"name":"wp","href":"https:\/\/api.w.org\/{rel}","templated":true}]}}