{"id":74,"date":"2013-06-04T17:35:51","date_gmt":"2013-06-04T20:35:51","guid":{"rendered":"http:\/\/santoangelo.uri.br\/mestrado_direito2\/?page_id=74"},"modified":"2013-06-04T17:35:51","modified_gmt":"2013-06-04T20:35:51","slug":"2009-2","status":"publish","type":"page","link":"https:\/\/san.uri.br\/mestrado_direito\/index.php\/mestrado\/dissertacoes\/2009-2\/","title":{"rendered":"2009"},"content":{"rendered":"<p>&nbsp;<\/p>\n<p><strong>2\u00aa Turma (ingresso: 03\/2007)<\/strong><\/p>\n<p><em><a href=\"http:\/\/lattes.cnpq.br\/5509465540025981\">BIANCA TAMS DIEHL<\/a><\/em><br \/>\nT\u00edtulo: A garantia da efic\u00e1cia de direitos fundamentais das mulheres no plano jur\u00eddico-social<br \/>\n<a href=\"https:\/\/san.uri.br\/mestrado_direito\/pdf\/2009\/bianca_tams_diehl.pdf\" target=\"_blank\" rel=\"noopener\">Acesso ao Trabalho Completo (PDF) <\/a><br \/>\nDefesa: 27 Julho 2009<br \/>\nBanca Examinadora:Prof. Dr. Jo\u00e3o Martins Bertaso; Prof. Dr. Livio Osvaldo Arenhart; Prof. Dr. Mauro Jos\u00e9 Gaglietti<\/p>\n<p><strong>2\u00aa Turma (ingresso: 03\/2007)<\/strong><\/p>\n<p><em><a href=\"http:\/\/buscatextual.cnpq.br\/buscatextual\/visualizacv.jsp?id=K4593170Z0\">CL\u00c1UDIO ANT\u00d4NIO DE PAIVA SIMON<\/a><\/em><br \/>\nT\u00edtulo: Rela\u00e7\u00f5es de consumo e teoria da confian\u00e7a: cidadania e prote\u00e7\u00e3o do consumidor nos s\u00edtios de aproxima\u00e7\u00e3o<br \/>\n<a href=\"https:\/\/san.uri.br\/mestrado_direito\/pdf\/2009\/CLAUDIO_ANTONIO_DE_PAIVA_SIMON.pdf\" target=\"_blank\" rel=\"noopener\">Acesso ao Trabalho Completo (PDF) <\/a><br \/>\nDefesa: 31 Agosto 2009<br \/>\nBanca Examinadora:: Prof. Dr. William Smith Kaku; Prof. Dr. Leonel Severo Rocha; Prof. Dr. Aires Jose Rover<\/p>\n<p><strong>2\u00aa Turma (ingresso: 03\/2007)<\/strong><\/p>\n<p><em><a href=\"http:\/\/buscatextual.cnpq.br\/buscatextual\/visualizacv.jsp?id=K4257173H6\">DEBORAH DA SILVA MACHADO<\/a><\/em><br \/>\nT\u00edtulo: A efic\u00e1cia da jurisdiciza\u00e7\u00e3o dos pleitos populares pela democratiza\u00e7\u00e3o do solo urbano<br \/>\n<a href=\"https:\/\/san.uri.br\/mestrado_direito\/pdf\/2009\/DEBORAH_DA_SILVA_MACHADO.pdf\" target=\"_blank\" rel=\"noopener\">Acesso ao Trabalho Completo (PDF) <\/a><br \/>\nDefesa: 15 Julho 2009<br \/>\nBanca Examinadora:Prof. Dr. Livio Osvaldo Arenhart; Prof. Dr. Jo\u00e3o Martins Bertaso; Prof. Dr. Leonel Severo Rocha; Prof. Dr. Jo\u00e3o Telmo de Oliveira Filho<\/p>\n<p><strong>2\u00aa Turma (ingresso: 03\/2007)<\/strong><\/p>\n<p><em><a href=\"http:\/\/buscatextual.cnpq.br\/buscatextual\/visualizacv.jsp?id=K4262210H6\">ISABEL CRISTINA BRETTAS DUARTE<\/a><\/em><br \/>\nT\u00edtulo: O princ\u00edpio da responsabilidade de Hans Jonas e sua aplicabilidade no contexto da bio\u00e9tica: uma an\u00e1lise jur\u00eddica da libera\u00e7\u00e3o das pesquisas com c\u00e9lulas-tronco embrion\u00e1rias no Brasil<br \/>\n<a href=\"https:\/\/san.uri.br\/mestrado_direito\/pdf\/2009\/ISABEL_CRISTINA_BRETTAS_DUARTE.pdf\" target=\"_blank\" rel=\"noopener\">Acesso ao Trabalho Completo (PDF) <\/a><br \/>\nDefesa: 22 Julho 2009<br \/>\nBanca Examinadora:Prof. Dr. Noli Bernardo Hahn; Profa. Dra. Liliana Locatelli; Prof. Dr. Jos\u00e9 Alceb\u00edades de Oliveira Junior; Prof. Dr. Vladmir Oliveira da Silveira<\/p>\n<p><strong>2\u00aa Turma (ingresso: 03\/2007)<\/strong><\/p>\n<p><em><a href=\"http:\/\/buscatextual.cnpq.br\/buscatextual\/visualizacv.jsp?id=K4257086U8\">JANOR LERCH DUARTE<\/a><\/em><br \/>\nT\u00edtulo: Cidadania, democracia e igualdade: as novas restri\u00e7\u00f5es \u00e0 influ\u00eancia do poder econ\u00f4mico nas disputas eleitorais como elemento de inclus\u00e3o democr\u00e1tica<br \/>\n<a href=\"https:\/\/san.uri.br\/mestrado_direito\/pdf\/2009\/JANOR_LERCH_DUARTE.pdf\" target=\"_blank\" rel=\"noopener\">Acesso ao Trabalho Completo (PDF) <\/a><br \/>\nDefesa: 31 Julho 2009<br \/>\nBanca Examinadora:Prof. Dr. Jos\u00e9 Alceb\u00edades de Oliveira Junior; Prof. Dr. Adalberto Narciso Hommerding; Prof. Dr. Ant\u00f4nio Maria Rodrigues de Freitas Iserhard<\/p>\n<p><strong>2\u00aa Turma (ingresso: 03\/2007)<\/strong><\/p>\n<p><em><a href=\"http:\/\/buscatextual.cnpq.br\/buscatextual\/visualizacv.jsp?id=K4253428J2\">JOCELI ANT\u00d4NIO MOSSATI SILVEIRA<\/a><\/em><br \/>\nT\u00edtulo: Os juizados especiais c\u00edveis estaduais entre o consenso e a hermen\u00eautica; uma discuss\u00e3o acerca das posturas procedimentalistas e substancialistas do direito no \u00e2mbito dos juizados especiais c\u00edveis<br \/>\n<a href=\"https:\/\/san.uri.br\/mestrado_direito\/pdf\/2009\/JOCELI_ANTONIO_MOSSATI_SILVEIRA.pdf\" target=\"_blank\" rel=\"noopener\">Acesso ao Trabalho Completo (PDF) <\/a><br \/>\nDefesa: 31 Agosto 2009<br \/>\nBanca Examinadora:Prof. Dr. Adalberto Narciso Hommerding; Prof. Dr. William Smith Kaku; Profa. Dra. Raquel Fabiana Lopes Sparemberger<\/p>\n<p><strong>2\u00aa Turma (ingresso: 03\/2007)<\/strong><\/p>\n<p><em><a href=\"http:\/\/buscatextual.cnpq.br\/buscatextual\/visualizacv.jsp?id=K4266996Y7\">LET\u00cdCIA GHELLER ZANATTA<\/a><\/em><br \/>\nT\u00edtulo: Cidadania, direitos humanos e interculturalidade<br \/>\n<a href=\"https:\/\/san.uri.br\/mestrado_direito\/pdf\/2009\/LETICIA_GHELLER_ZANATTA.pdf\" target=\"_blank\" rel=\"noopener\">Acesso ao Trabalho Completo (PDF) <\/a><br \/>\nDefesa: 31 Julho 2009<br \/>\nBanca Examinadora:Prof. Dr. Jo\u00e3o Martins Bertaso; Prof. Dr. Noli Bernardo Hahn; Prof. Dr. Luiz Ernani Bonesso de Ara\u00fajo<\/p>\n<p><strong>2\u00aa Turma (ingresso: 03\/2007)<\/strong><\/p>\n<p><em><a href=\"http:\/\/buscatextual.cnpq.br\/buscatextual\/visualizacv.jsp?id=K4265239D6\">LIANE MARLI SCH\u00c4FER LUCCA<\/a><\/em><br \/>\nT\u00edtulo: A tutela do Sistema Aqu\u00edfero Guarani: um processo de integra\u00e7\u00e3o regional<br \/>\n<a href=\"https:\/\/san.uri.br\/mestrado_direito\/pdf\/2009\/LIANE_MARLI_SCHAFER_LUCCA.pdf\" target=\"_blank\" rel=\"noopener\">Acesso ao Trabalho Completo (PDF) <\/a><br \/>\nDefesa: 18 Fevereiro 2009<br \/>\nBanca Examinadora:Prof. Dr. Florisbal de Souza Del\u2019Olmo; Profa. Dra. Liliana Locatelli; Prof. Dr. D\u00e9lton Winter de Carvalho<\/p>\n<p><strong>2\u00aa Turma (ingresso: 03\/2007)<\/strong><\/p>\n<p><em><a href=\"http:\/\/buscatextual.cnpq.br\/buscatextual\/visualizacv.jsp?id=K4758954E9\">L\u00cdVIA DUTRA BARRETO<\/a><\/em><br \/>\nT\u00edtulo: O parlamento do Mercosul: a efic\u00e1cia de suas manifesta\u00e7\u00f5es na solu\u00e7\u00e3o de conflitos no bloco<br \/>\n<a href=\"https:\/\/san.uri.br\/mestrado_direito\/pdf\/2009\/LIVIA_DUTRA_BARRETO.pdf\" target=\"_blank\" rel=\"noopener\">Acesso ao Trabalho Completo (PDF) <\/a><br \/>\nDefesa: 15 Julho 2009<br \/>\nBanca Examinadora:Prof. Dr. Florisbal de Souza Del\u2019Olmo; Prof. Dr. William Smith Kaku; Prof. Dr. Silvio Javier Battelo Calderon<\/p>\n<p><strong>2\u00aa Turma (ingresso: 03\/2007)<\/strong><\/p>\n<p><em><a href=\"http:\/\/buscatextual.cnpq.br\/buscatextual\/visualizacv.jsp?id=K4247368E1\">LU\u00cdS GUSTAVO DURIGON<\/a><\/em><br \/>\nT\u00edtulo: Repensando o subsistema penal a partir de fen\u00f4menos criminais de alta complexidade e da teoria dos sistemas<br \/>\n<a href=\"https:\/\/san.uri.br\/mestrado_direito\/pdf\/2009\/LUIS_GUSTAVO_DURIGON.pdf\" target=\"_blank\" rel=\"noopener\">Acesso ao Trabalho Completo (PDF) <\/a><br \/>\nDefesa: 20 Junho 2009<br \/>\nBanca Examinadora:Prof. Dr. Leonel Severo Rocha; Professor Andr\u00e9 Leonardo Copetti Santos; Prof. Dr. Nereu Jos\u00e9 Giacomolli<\/p>\n<p><strong>2\u00aa Turma (ingresso: 03\/2007)<\/strong><\/p>\n<p><em><a href=\"http:\/\/buscatextual.cnpq.br\/buscatextual\/visualizacv.jsp?id=K4751966T1\">MARCELINO DA SILVA MELEU<\/a><\/em><br \/>\nT\u00edtulo: Dos ju\u00edzes med\u00edocres aos ju\u00edzes respons\u00e1veis: uma an\u00e1lise do papel dos ju\u00edzes no Estado Democr\u00e1tico de Direito frente aos desafios das respostas corretas<br \/>\n<a href=\"https:\/\/san.uri.br\/mestrado_direito\/pdf\/2009\/MARCELINO_DA_SILVA_MELEU.pdf\" target=\"_blank\" rel=\"noopener\">Acesso ao Trabalho Completo (PDF) <\/a><br \/>\nDefesa: 28 Agosto 2009<br \/>\nBanca Examinadora:Prof. Dr. Adalberto Narciso Hommerding; Prof. Dr. Paulo Vanderlei Vargas Groff; Prof. Dr. Vanderlei de Oliveira Farias<\/p>\n<p><strong>2\u00aa Turma (ingresso: 03\/2007)<\/strong><\/p>\n<p><em><a href=\"http:\/\/buscatextual.cnpq.br\/buscatextual\/visualizacv.jsp?id=K4257474J7\">MARIA AM\u00c9LIA TAVARES DELLEPIANE<\/a><\/em><br \/>\nT\u00edtulo: O sistema protetivo do consumidor e o princ\u00edpio da dignidade da pessoa humana: a preven\u00e7\u00e3o de conflitos e acesso a justi\u00e7a<br \/>\n<a href=\"https:\/\/san.uri.br\/mestrado_direito\/pdf\/2009\/MARIA_AMELIA_TAVARES_DELLEPIANE.pdf\" target=\"_blank\" rel=\"noopener\">Acesso ao Trabalho Completo (PDF) <\/a><br \/>\nDefesa: 30 Julho 2009<br \/>\nBanca Examinadora:Prof. Dr. Paulo Vanderlei Vargas Groff; Prof. Dr. Noli Bernardo Hahn; Prof. Dr. Agostinho Oli Koppe Pereira<\/p>\n<p><strong>2\u00aa Turma (ingresso: 03\/2007)<\/strong><\/p>\n<p><em><a href=\"http:\/\/buscatextual.cnpq.br\/buscatextual\/visualizacv.jsp?id=K4755563Z9\">MARISTELA DA FONTOURA MACHADO<\/a><\/em><br \/>\nT\u00edtulo: A mudan\u00e7a de paradigma em rela\u00e7\u00e3o \u00e0 viol\u00eancia dom\u00e9stica e familiar contra a mulher no Brasil: do patriarcado ao estado democr\u00e1tico de direito<br \/>\n<a href=\"https:\/\/san.uri.br\/mestrado_direito\/pdf\/2009\/MARISTELA_DA_FONTOURA_MACHADO.pdf\" target=\"_blank\" rel=\"noopener\">Acesso ao Trabalho Completo (PDF) <\/a><br \/>\nDefesa: 31 Agosto 2009<br \/>\nBanca Examinadora:Prof. Dr. Noli Bernardo Hahn; Prof. Dr. Jo\u00e3o Martins Bertaso; Prof. Dr. William Smith Kaku; Prof. Dr. Luiz Ernani Bonesso de Ara\u00fajo<\/p>\n<p><strong>2\u00aa Turma (ingresso: 03\/2007)<\/strong><\/p>\n<p><em><a href=\"http:\/\/buscatextual.cnpq.br\/buscatextual\/visualizacv.jsp?id=K4751819D9\">NADIA AWAD SCARIOT<\/a><\/em><br \/>\nT\u00edtulo: Estado, sociedade e meio ambiente: o advento do direito constitucional ambiental e a busca da prote\u00e7\u00e3o ambiental<br \/>\n<a href=\"https:\/\/san.uri.br\/mestrado_direito\/pdf\/2009\/NADIA_AWAD_SCARIOT.pdf\" target=\"_blank\" rel=\"noopener\">Acesso ao Trabalho Completo (PDF) <\/a><br \/>\nDefesa: 04 Maio 2009<br \/>\nBanca Examinadora:Prof. Dr. Paulo Vanderlei Vargas Groff; Prof. Dr. Florisbal de Souza Del\u2019Olmo; Prof. Dr. Alindo Butzke<\/p>\n<p><strong>2\u00aa Turma (ingresso: 03\/2007)<\/strong><\/p>\n<p><em><a href=\"http:\/\/buscatextual.cnpq.br\/buscatextual\/visualizacv.jsp?id=K4265064J3\">THAMI COVATTI PIAIA<\/a><\/em><br \/>\nT\u00edtulo: Lei da inova\u00e7\u00e3o e a gest\u00e3o da transfer\u00eancia de tecnologia: desafios para uma sociedade multicultural<br \/>\n<a href=\"https:\/\/san.uri.br\/mestrado_direito\/pdf\/2009\/THAMI_COVATTI_PIAIA.pdf\" target=\"_blank\" rel=\"noopener\">Acesso ao Trabalho Completo (PDF) <\/a><br \/>\nDefesa: 06 Mar\u00e7o 2009<br \/>\nBanca Examinadora:Prof. Dr. Jo\u00e3o Martins Bertaso; Prof. Dr. Florisbal de Souza Del\u2019Olmo; Prof. Dr. Luiz Ernani Bonesso de Ara\u00fajo<\/p>\n<p><strong>2\u00aa Turma (ingresso: 03\/2007)<\/strong><\/p>\n<p><em><a href=\"http:\/\/lattes.cnpq.br\/1123618373748046\">PATR\u00cdCIA TORUNSKY<\/a><\/em><br \/>\nT\u00edtulo: Rela\u00e7\u00f5es de consumo e novas formas de solu\u00e7\u00e3o de conflitos<br \/>\n<a href=\"https:\/\/san.uri.br\/mestrado_direito\/pdf\/2009\/PATRICIA_TORUNSKY.pdf\" target=\"_blank\" rel=\"noopener\">Acesso ao Trabalho Completo (PDF) <\/a><br \/>\nDefesa: 22 Dezembro 2009<br \/>\nBanca Examinadora:Profa. Dra. Liliana Locatelli; Prof. Dr. William Smith Kaku; Prof. Dr. Agostinho Oli Koppe Pereira<\/p>\n","protected":false},"excerpt":{"rendered":"<p>&nbsp; 2\u00aa Turma (ingresso: 03\/2007) BIANCA TAMS DIEHL T\u00edtulo: A garantia da efic\u00e1cia de direitos fundamentais das mulheres no plano jur\u00eddico-social Acesso ao Trabalho Completo (PDF) Defesa: 27 Julho 2009 Banca Examinadora:Prof. Dr. Jo\u00e3o Martins Bertaso; Prof. Dr. Livio Osvaldo Arenhart; Prof. Dr. Mauro Jos\u00e9 Gaglietti 2\u00aa Turma (ingresso: 03\/2007) CL\u00c1UDIO ANT\u00d4NIO DE PAIVA SIMON [&hellip;]<\/p>\n","protected":false},"author":1,"featured_media":0,"parent":70,"menu_order":0,"comment_status":"closed","ping_status":"closed","template":"","meta":[],"_links":{"self":[{"href":"https:\/\/san.uri.br\/mestrado_direito\/index.php\/wp-json\/wp\/v2\/pages\/74"}],"collection":[{"href":"https:\/\/san.uri.br\/mestrado_direito\/index.php\/wp-json\/wp\/v2\/pages"}],"about":[{"href":"https:\/\/san.uri.br\/mestrado_direito\/index.php\/wp-json\/wp\/v2\/types\/page"}],"author":[{"embeddable":true,"href":"https:\/\/san.uri.br\/mestrado_direito\/index.php\/wp-json\/wp\/v2\/users\/1"}],"replies":[{"embeddable":true,"href":"https:\/\/san.uri.br\/mestrado_direito\/index.php\/wp-json\/wp\/v2\/comments?post=74"}],"version-history":[{"count":0,"href":"https:\/\/san.uri.br\/mestrado_direito\/index.php\/wp-json\/wp\/v2\/pages\/74\/revisions"}],"up":[{"embeddable":true,"href":"https:\/\/san.uri.br\/mestrado_direito\/index.php\/wp-json\/wp\/v2\/pages\/70"}],"wp:attachment":[{"href":"https:\/\/san.uri.br\/mestrado_direito\/index.php\/wp-json\/wp\/v2\/media?parent=74"}],"curies":[{"name":"wp","href":"https:\/\/api.w.org\/{rel}","templated":true}]}}