{"id":64,"date":"2013-06-04T17:27:28","date_gmt":"2013-06-04T20:27:28","guid":{"rendered":"http:\/\/santoangelo.uri.br\/mestrado_direito2\/?page_id=64"},"modified":"2025-05-16T10:41:28","modified_gmt":"2025-05-16T13:41:28","slug":"formularios","status":"publish","type":"page","link":"https:\/\/san.uri.br\/mestrado_direito\/index.php\/mestrado\/formularios\/","title":{"rendered":"Formul\u00e1rios"},"content":{"rendered":"<p>Anexos Editais Sele\u00e7\u00e3o:<\/p>\n<p>Anexo I &#8211; Documentos Anexos &#8211;\u00a0<a href=\"https:\/\/san.uri.br\/mestrado_direito\/wp-content\/uploads\/2013\/06\/Anexo-I.docx\">Anexo I<\/a><\/p>\n<p>Anexo II &#8211; Declara\u00e7\u00e3o de Disponibilidade de Tempo &#8211;\u00a0<a href=\"https:\/\/san.uri.br\/mestrado_direito\/wp-content\/uploads\/2013\/06\/Anexo-II.docx\">Anexo II<\/a><\/p>\n<p>Anexos Editais Sele\u00e7\u00e3o Aluno Especial:<\/p>\n<ul>\n<li>Requerimento de edital aluno especial &#8211;\u00a0<a href=\"https:\/\/san.uri.br\/mestrado_direito\/wp-content\/uploads\/2013\/06\/Requerimento.doc\">Requerimento<\/a><\/li>\n<li>Ficha de candidato a aluno especial &#8211;\u00a0<a href=\"https:\/\/san.uri.br\/mestrado_direito\/wp-content\/uploads\/2013\/06\/Ficha-do-candidato-em-branco.docx\">Ficha do candidato<\/a><\/li>\n<\/ul>\n<div>\u00a0<\/div>\n<div>Modelo de projeto de disserta\u00e7\u00e3o &#8211;\u00a0<a href=\"https:\/\/san.uri.br\/mestrado_direito\/wp-content\/uploads\/2025\/05\/MODELO-DE-PROJETO-DE-DISSERTACAO-1-2.docx\">Clique Aqui!!<\/a><\/div>\n<div>\u00a0<\/div>\n<div>Modelo de disserta\u00e7\u00e3o de Mestrado &#8211;\u00a0<a href=\"https:\/\/san.uri.br\/mestrado_direito\/wp-content\/uploads\/2025\/05\/MODELO-DE-DISSERTACAO-2.docx\">Clique Aqui!!<\/a><\/div>\n<div>\u00a0<\/div>\n<div>MANUAL DE NORMAS T\u00c9CNICAS DA URI &#8211;\u00a0<a href=\"https:\/\/san.uri.br\/mestrado_direito\/wp-content\/uploads\/2016\/08\/ManualdeNormasTecnicasdaURI-1.pdf\">Clique Aqui!<\/a><\/div>\n<div>\u00a0<\/div>\n<div>\u00a0<\/div>\n<div><strong>TERMO DE AUTORIZA\u00c7\u00c3O<\/strong> &#8211; <strong>PARA PUBLICA\u00c7\u00c3O E DISPONIBILIZA\u00c7\u00c3O ELETR\u00d4NICA DE DISSERTA\u00c7\u00d5ES DO PPGDireito &#8211; <a href=\"https:\/\/san.uri.br\/mestrado_direito\/wp-content\/uploads\/2016\/08\/Clique_Aqui_DOC.pdf\">Clique_Aqui_DOC<\/a><\/strong><\/div>\n<div>\u00a0<\/div>\n\n\n<h2>Regimento do Programa<\/h2>\n\n\n\n<p><a href=\"https:\/\/san.uri.br\/mestrado_direito\/wp-content\/uploads\/2023\/08\/Res-2109-CUN-2015-RegimentoDireitoDoutorado-2.pdf\">Regimento do Programa<\/a><\/p>\n","protected":false},"excerpt":{"rendered":"<p>Anexos Editais Sele\u00e7\u00e3o: Anexo I &#8211; Documentos Anexos &#8211;\u00a0Anexo I Anexo II &#8211; Declara\u00e7\u00e3o de Disponibilidade de Tempo &#8211;\u00a0Anexo II Anexos Editais Sele\u00e7\u00e3o Aluno Especial: Requerimento de edital aluno especial &#8211;\u00a0Requerimento Ficha de candidato a aluno especial &#8211;\u00a0Ficha do candidato \u00a0 Modelo de projeto de disserta\u00e7\u00e3o &#8211;\u00a0Clique Aqui!! \u00a0 Modelo de disserta\u00e7\u00e3o de Mestrado &#8211;\u00a0Clique [&hellip;]<\/p>\n","protected":false},"author":1,"featured_media":0,"parent":1218,"menu_order":0,"comment_status":"closed","ping_status":"closed","template":"","meta":[],"_links":{"self":[{"href":"https:\/\/san.uri.br\/mestrado_direito\/index.php\/wp-json\/wp\/v2\/pages\/64"}],"collection":[{"href":"https:\/\/san.uri.br\/mestrado_direito\/index.php\/wp-json\/wp\/v2\/pages"}],"about":[{"href":"https:\/\/san.uri.br\/mestrado_direito\/index.php\/wp-json\/wp\/v2\/types\/page"}],"author":[{"embeddable":true,"href":"https:\/\/san.uri.br\/mestrado_direito\/index.php\/wp-json\/wp\/v2\/users\/1"}],"replies":[{"embeddable":true,"href":"https:\/\/san.uri.br\/mestrado_direito\/index.php\/wp-json\/wp\/v2\/comments?post=64"}],"version-history":[{"count":6,"href":"https:\/\/san.uri.br\/mestrado_direito\/index.php\/wp-json\/wp\/v2\/pages\/64\/revisions"}],"predecessor-version":[{"id":4811,"href":"https:\/\/san.uri.br\/mestrado_direito\/index.php\/wp-json\/wp\/v2\/pages\/64\/revisions\/4811"}],"up":[{"embeddable":true,"href":"https:\/\/san.uri.br\/mestrado_direito\/index.php\/wp-json\/wp\/v2\/pages\/1218"}],"wp:attachment":[{"href":"https:\/\/san.uri.br\/mestrado_direito\/index.php\/wp-json\/wp\/v2\/media?parent=64"}],"curies":[{"name":"wp","href":"https:\/\/api.w.org\/{rel}","templated":true}]}}