{"id":59,"date":"2013-06-04T17:23:54","date_gmt":"2013-06-04T20:23:54","guid":{"rendered":"http:\/\/santoangelo.uri.br\/mestrado_direito2\/?page_id=59"},"modified":"2025-03-18T14:46:47","modified_gmt":"2025-03-18T17:46:47","slug":"grupo-de-pesquisa","status":"publish","type":"page","link":"https:\/\/san.uri.br\/mestrado_direito\/index.php\/mestrado\/grupo-de-pesquisa\/","title":{"rendered":"Grupo de Pesquisa"},"content":{"rendered":"<div style=\"text-align: center;\"><\/div>\n<div style=\"text-align: center;\"><em><strong>(Registrados no CNPq)<\/strong><\/em><\/div>\n<div><\/div>\n<div><\/div>\n<div style=\"padding-left: 30px; text-align: left;\"><strong>Novos Direitos em Sociedades Complexas <\/strong><a href=\"http:\/\/dgp.cnpq.br\/buscaoperacional\/detalhegrupo.jsp?grupo=3095601R2CJTCM\" target=\"_blank\" rel=\"noopener\"><span style=\"color: #ff9966;\"><strong>(acesso aqui)<\/strong><\/span><\/a><\/div>\n<div style=\"padding-left: 30px; text-align: left;\">Vinculado a Linha de Pesquisa I \u2013 Direito e Multiculturalismo<\/div>\n<div style=\"padding-left: 30px; text-align: left;\">L\u00edderes:<br \/>\nJacson Roberto Cervi<\/div>\n<div style=\"padding-left: 30px; text-align: left;\">Leonel Severo Rocha<\/div>\n<div style=\"padding-left: 30px; text-align: left;\"><\/div>\n<div style=\"padding-left: 30px; text-align: left;\"><\/div>\n<div style=\"padding-left: 30px; text-align: left;\"><\/div>\n<div style=\"padding-left: 30px; text-align: left;\"><strong>Direitos de Minorias, Movimentos Sociais e Pol\u00edticas Publicas <a href=\"http:\/\/dgp.cnpq.br\/buscaoperacional\/detalhegrupo.jsp?grupo=3095601Z8KU1BM\" target=\"_blank\" rel=\"noopener\"><span style=\"color: #ff9966;\">(acesso aqui)<\/span><\/a><\/strong><\/div>\n<div style=\"padding-left: 30px; text-align: left;\">Vinculado a Linha de Pesquisa I \u2013 Direito e Multiculturalismo<\/div>\n<div style=\"padding-left: 30px; text-align: left;\">L\u00edderes:<\/div>\n<div style=\"padding-left: 30px; text-align: left;\">Ros\u00e2ngela Angelin<\/div>\n<div style=\"padding-left: 30px; text-align: left;\">Osmar Veronese<\/div>\n<div style=\"padding-left: 30px; text-align: left;\"><\/div>\n<div style=\"padding-left: 30px; text-align: left;\"><\/div>\n<div style=\"padding-left: 30px; text-align: left;\"><\/div>\n<div style=\"padding-left: 30px; text-align: left;\"><strong>Tutela dos Direitos e sua Efetividade\u00a0<a href=\"http:\/\/dgp.cnpq.br\/buscaoperacional\/detalhegrupo.jsp?grupo=3095601Z8KU1BM\" target=\"_blank\" rel=\"noopener\"><span style=\"color: #ff9966;\">(acesso aqui)<\/span><\/a><\/strong><\/div>\n<div style=\"padding-left: 30px; text-align: left;\">Vinculado a Linha de Pesquisa II \u2013 Pol\u00edticas de Cidadania e Resolu\u00e7\u00e3o de Conflitos<\/div>\n<div style=\"padding-left: 30px; text-align: left;\">L\u00edderes:<br \/>\nJos\u00e9 Francisco Dias da Costa Lyra<\/div>\n<div style=\"padding-left: 30px; text-align: left;\"><\/div>\n<div style=\"padding-left: 30px; text-align: left;\"><\/div>\n<div style=\"padding-left: 30px; text-align: left;\"><\/div>\n<div style=\"padding-left: 30px; text-align: left;\"><strong>Conflito, Cidadania e Direitos Humanos <a href=\"http:\/\/dgp.cnpq.br\/buscaoperacional\/detalhegrupo.jsp?grupo=3095601Z8KU1BM\" target=\"_blank\" rel=\"noopener\"><span style=\"color: #ff9966;\">(acesso aqui)<\/span><\/a><\/strong><\/div>\n<div style=\"padding-left: 30px; text-align: left;\">Vinculado a Linha de Pesquisa II \u2013 Pol\u00edticas de Cidadania e Resolu\u00e7\u00e3o de Conflitos<\/div>\n<div style=\"padding-left: 30px; text-align: left;\">L\u00edderes:<br \/>\nJo\u00e3o Martins Bertaso<\/div>\n<div style=\"padding-left: 30px;\"><\/div>\n<div style=\"padding-left: 30px;\"><\/div>\n","protected":false},"excerpt":{"rendered":"<p>(Registrados no CNPq) Novos Direitos em Sociedades Complexas (acesso aqui) Vinculado a Linha de Pesquisa I \u2013 Direito e Multiculturalismo L\u00edderes: Jacson Roberto Cervi Leonel Severo Rocha Direitos de Minorias, Movimentos Sociais e Pol\u00edticas Publicas (acesso aqui) Vinculado a Linha de Pesquisa I \u2013 Direito e Multiculturalismo L\u00edderes: Ros\u00e2ngela Angelin Osmar Veronese Tutela dos Direitos [&hellip;]<\/p>\n","protected":false},"author":1,"featured_media":0,"parent":1218,"menu_order":0,"comment_status":"closed","ping_status":"closed","template":"","meta":[],"_links":{"self":[{"href":"https:\/\/san.uri.br\/mestrado_direito\/index.php\/wp-json\/wp\/v2\/pages\/59"}],"collection":[{"href":"https:\/\/san.uri.br\/mestrado_direito\/index.php\/wp-json\/wp\/v2\/pages"}],"about":[{"href":"https:\/\/san.uri.br\/mestrado_direito\/index.php\/wp-json\/wp\/v2\/types\/page"}],"author":[{"embeddable":true,"href":"https:\/\/san.uri.br\/mestrado_direito\/index.php\/wp-json\/wp\/v2\/users\/1"}],"replies":[{"embeddable":true,"href":"https:\/\/san.uri.br\/mestrado_direito\/index.php\/wp-json\/wp\/v2\/comments?post=59"}],"version-history":[{"count":2,"href":"https:\/\/san.uri.br\/mestrado_direito\/index.php\/wp-json\/wp\/v2\/pages\/59\/revisions"}],"predecessor-version":[{"id":4755,"href":"https:\/\/san.uri.br\/mestrado_direito\/index.php\/wp-json\/wp\/v2\/pages\/59\/revisions\/4755"}],"up":[{"embeddable":true,"href":"https:\/\/san.uri.br\/mestrado_direito\/index.php\/wp-json\/wp\/v2\/pages\/1218"}],"wp:attachment":[{"href":"https:\/\/san.uri.br\/mestrado_direito\/index.php\/wp-json\/wp\/v2\/media?parent=59"}],"curies":[{"name":"wp","href":"https:\/\/api.w.org\/{rel}","templated":true}]}}