{"id":54,"date":"2013-06-04T17:20:10","date_gmt":"2013-06-04T20:20:10","guid":{"rendered":"http:\/\/santoangelo.uri.br\/mestrado_direito2\/?page_id=54"},"modified":"2023-03-10T16:45:14","modified_gmt":"2023-03-10T19:45:14","slug":"convenios","status":"publish","type":"page","link":"https:\/\/san.uri.br\/mestrado_direito\/index.php\/convenios\/","title":{"rendered":"Conv\u00eanios"},"content":{"rendered":"<p>O PPGDireito &#8211; Mestrado da URI possui conv\u00eanios assinados com as seguintes institui\u00e7\u00f5es:<\/p>\n<ul>\n<li><a href=\"https:\/\/san.uri.br\/mestrado_direito\/wp-content\/uploads\/2013\/06\/Universidade-de-Sevilla.pdf\"><span style=\"color: #0000ff;\">Universidade de Sevilla (Espanha)<\/span><\/a><\/li>\n<li><a href=\"https:\/\/san.uri.br\/mestrado_direito\/wp-content\/uploads\/2013\/06\/Conv\u00eanios-Universidade-de-Buenos-Aires1.pdf\"><span style=\"color: #0000ff;\">Universidade de Buenos Aires (Argentina) Faculdade de Direito<\/span><\/a><\/li>\n<li><span style=\"color: #0000ff;\">Associa\u00e7\u00e3o Civil &#8220;Mujeres al frente&#8221; de Buenos Aires (Argentina)<\/span><\/li>\n<li><a href=\"https:\/\/san.uri.br\/mestrado_direito\/wp-content\/uploads\/2013\/06\/Universidade-Nacional-de-Misiones1.pdf\"><span style=\"color: #0000ff;\">Universidade Nacional de Misiones &#8211; UNAM (Argentina) Programa de P\u00f3s Gradua\u00e7\u00e3o em Antropologia Social &#8211; Centro de Estudos de Antropologia e Direito- CEDEAD<\/span><\/a><\/li>\n<li><span style=\"color: #0000ff;\">Universidade de Granada (Espanha)<\/span><\/li>\n<\/ul>\n","protected":false},"excerpt":{"rendered":"<p>O PPGDireito &#8211; Mestrado da URI possui conv\u00eanios assinados com as seguintes institui\u00e7\u00f5es: Universidade de Sevilla (Espanha) Universidade de Buenos Aires (Argentina) Faculdade de Direito Associa\u00e7\u00e3o Civil &#8220;Mujeres al frente&#8221; de Buenos Aires (Argentina) Universidade Nacional de Misiones &#8211; UNAM (Argentina) Programa de P\u00f3s Gradua\u00e7\u00e3o em Antropologia Social &#8211; Centro de Estudos de Antropologia e [&hellip;]<\/p>\n","protected":false},"author":1,"featured_media":0,"parent":0,"menu_order":0,"comment_status":"closed","ping_status":"closed","template":"","meta":[],"_links":{"self":[{"href":"https:\/\/san.uri.br\/mestrado_direito\/index.php\/wp-json\/wp\/v2\/pages\/54"}],"collection":[{"href":"https:\/\/san.uri.br\/mestrado_direito\/index.php\/wp-json\/wp\/v2\/pages"}],"about":[{"href":"https:\/\/san.uri.br\/mestrado_direito\/index.php\/wp-json\/wp\/v2\/types\/page"}],"author":[{"embeddable":true,"href":"https:\/\/san.uri.br\/mestrado_direito\/index.php\/wp-json\/wp\/v2\/users\/1"}],"replies":[{"embeddable":true,"href":"https:\/\/san.uri.br\/mestrado_direito\/index.php\/wp-json\/wp\/v2\/comments?post=54"}],"version-history":[{"count":1,"href":"https:\/\/san.uri.br\/mestrado_direito\/index.php\/wp-json\/wp\/v2\/pages\/54\/revisions"}],"predecessor-version":[{"id":4000,"href":"https:\/\/san.uri.br\/mestrado_direito\/index.php\/wp-json\/wp\/v2\/pages\/54\/revisions\/4000"}],"wp:attachment":[{"href":"https:\/\/san.uri.br\/mestrado_direito\/index.php\/wp-json\/wp\/v2\/media?parent=54"}],"curies":[{"name":"wp","href":"https:\/\/api.w.org\/{rel}","templated":true}]}}