{"id":4972,"date":"2026-02-10T14:21:00","date_gmt":"2026-02-10T17:21:00","guid":{"rendered":"https:\/\/san.uri.br\/mestrado_direito\/?page_id=4972"},"modified":"2026-02-10T15:14:51","modified_gmt":"2026-02-10T18:14:51","slug":"turma-2025","status":"publish","type":"page","link":"https:\/\/san.uri.br\/mestrado_direito\/index.php\/turma-2025\/","title":{"rendered":"Turma 2025"},"content":{"rendered":"\n<p><strong><mark style=\"background-color:rgba(0, 0, 0, 0)\" class=\"has-inline-color has-black-color\">GIOVANA PANZENHAGEN <\/mark><\/strong><\/p>\n\n\n\n<p><strong>Curr\u00edculo Lattes:&nbsp;<\/strong><a href=\"http:\/\/lattes.cnpq.br\/8028903283192436\">http:\/\/lattes.cnpq.br\/8028903283192436<\/a><\/p>\n\n\n\n<p><strong>Produ\u00e7\u00f5es<\/strong>:<\/p>\n\n\n\n<p><strong>Produ\u00e7\u00f5es bibliogr\u00e1ficas<\/strong><\/p>\n\n\n\n<p><strong>Cap\u00edtulos de livros publicados<\/strong><br><strong>1.<\/strong><strong>PANZENHAGEN, G.<\/strong>; HOMMERDING, A. N. . A RAZOABILIDADE PR\u00c1TICA NO DIREITO: UMA AN\u00c1LISE A PARTIR DA TEORIA DE JOHN FINNIS. In: Jo\u00e3o Martins Bertaso; Jacson Roberto Cervi; Janete Rosa Martins; Taciana Marconatto Damo Cervi; Manuel Alberto Jes\u00fas Moreira; Florencia Vely. (Org.). Direito e multiculturalismo em debate. 3ed.Santo \u00c2ngelo: Ilustra\u00e7\u00e3o, 2025, v. 3, p. 53-67.<\/p>\n\n\n\n<p><strong>2.<\/strong><strong>PANZENHAGEN, G.<\/strong>; CERVI, T. D. . DIREITO \u00c0 LITERATURA: CONTRIBUI\u00c7\u00d5ES DE HARPER LEE EM O SOL \u00c9 PARA TODOS. In: Jo\u00e3o Martins Bertaso; Jacson Roberto Cervi; Janete Rosa Martins; Taciana Marconatto Damo Cervi; Manuel Alberto Jes\u00fas Moreira; Florencia Vely. (Org.). Direito e multiculturalismo em debate. 3ed.Santo \u00c2ngelo: Ilustra\u00e7\u00e3o, 2025, v. 3, p. 259-271.<\/p>\n\n\n\n<p><strong>3.<\/strong><strong>PANZENHAGEN, G.<\/strong>; TOFOLO, S. K. ; GIMENEZ, C. P. C. . A MEDIA\u00c7\u00c3O NA ADMINISTRA\u00c7\u00c3O P\u00daBLICA: UM ESTUDO DE CASO DA CAPITAL GA\u00daCHA A PARTIR DA LEI N. 13.140\/2015. In: Ricardo Hermany. (Org.). OS GRANDES TEMAS DO MUNICIPALISMO. 10ed.Porto Alegre: Assembleia Legislativa do Rio Grande do Sul, 2023, v. 10, p. 313-324.<\/p>\n\n\n\n<p><strong><a><\/a>Textos em jornais de not\u00edcias\/revistas<\/strong><br><strong>1.<\/strong><strong>PANZENHAGEN, G.<\/strong>; SOUZA, D. A. A. . O conto das mulheres livres. Jornal O Mensageiro, Santo \u00c2ngelo\/RS, p. 10 &#8211; 10, 28 nov. 2020.<\/p>\n\n\n\n<p><strong><a><\/a>Resumos expandidos publicados em anais de congressos<\/strong><br><strong>1.<\/strong><strong>PANZENHAGEN, G.<\/strong>; ALMEIDA, L. M. M. . FAM\u00cdLIA EUDEMONISTA: UMA NO\u00c7\u00c3O \u00c0 SERVI\u00c7O DA DIGNIDADE HUMANA. In: XXII MOSTRA REGIONAL DE TRABALHOS JUR\u00cdDICOS, 2023, Santo \u00c2ngelo. ANAIS XXII MOSTRA REGIONAL DE TRABALHOS JUR\u00cdDICOS. Santo \u00c2ngelo: EdiURI, 2023. p. 189-193.<\/p>\n\n\n\n<p><strong>2.PANZENHAGEN, G.<\/strong>; CERVI, T. D. . O SOL \u00c9 PARA TODOS: AS CONTRIBUI\u00c7\u00d5ES DA LITERATURA PARA O DIREITO. In: XX MOSTRA REGIONAL DE TRABALHOS JUR\u00cdDICOS, 2021, Santo \u00c2ngelo. ANAIS DA XX MOSTRA REGIONAL DE TRABALHOS JUR\u00cdDICOS. Santo \u00c2ngelo: EdiURI, 2021. p. 192-196.<\/p>\n\n\n\n<p><strong>JOS\u00c9 ROBERTO BEKMANN DE OLIVEIRA J\u00daNIOR<\/strong><\/p>\n\n\n\n<p><strong>Curr\u00edculo Lattes:&nbsp;<\/strong><a href=\"http:\/\/lattes.cnpq.br\/0513217634713216\">http:\/\/lattes.cnpq.br\/0513217634713216<\/a><\/p>\n\n\n\n<p><strong>Produ\u00e7\u00f5es<\/strong>:<\/p>\n\n\n\n<p><strong>Produ\u00e7\u00f5es bibliogr\u00e1ficas<\/strong><\/p>\n\n\n\n<p><strong>Resumos publicados em anais de congressos<\/strong><br><strong>1.BEKMANN, J. R.<\/strong>. A TEORIA DO DIREITO PENAL DO INIMIGO NO BRASIL: AN\u00c1LISE DE SUAS APROXIMA\u00c7\u00d5ES E INCOMPATIBILIDADES COM O ESTADO DEMOCR\u00c1TICO DE DIREITO. In: 30\u00aa Jornada Internacional de Direito, 2025, Gramado\/RS. 30\u00aa Jornada Internacional de Direito, 2025. v. 30.<\/p>\n\n\n\n<p><strong>LEONARDO GATELLI<\/strong><\/p>\n\n\n\n<p><strong>Curr\u00edculo Lattes:&nbsp;<\/strong><a href=\"http:\/\/lattes.cnpq.br\/2291999355715261\">http:\/\/lattes.cnpq.br\/2291999355715261<\/a><\/p>\n\n\n\n<p><strong>Produ\u00e7\u00f5es<\/strong>:<\/p>\n\n\n\n<p><strong>Produ\u00e7\u00f5es bibliogr\u00e1ficas<\/strong><\/p>\n\n\n\n<p><strong>LUANA TIBURSKI CASARIN<\/strong><\/p>\n\n\n\n<p><strong>Curr\u00edculo Lattes:&nbsp;<\/strong><a href=\"http:\/\/lattes.cnpq.br\/5910033993520081\">http:\/\/lattes.cnpq.br\/5910033993520081<\/a><\/p>\n\n\n\n<p><strong>Produ\u00e7\u00f5es<\/strong>:<\/p>\n\n\n\n<p><strong>Produ\u00e7\u00f5es bibliogr\u00e1ficas<\/strong><\/p>\n\n\n\n<p><strong>Trabalhos completos publicados em anais de congressos<\/strong><br><strong>1.<\/strong><strong>CASARIN, L. T.<\/strong>; MARTINS, J. R. . LIBERDADE, ECOLOGIA INTEGRAL E MEDIA\u00c7\u00c3O AMBIENTAL: DI\u00c1LOGOS ENTRE AMARTYA SEN E LUIS ALBERTO WARAT NA CONSTRU\u00c7\u00c3O DA CIDADANIA ECOL\u00d3GICA. In: II Conversa\u00e7\u00f5es Interculturais no Sul Global: Descoloniza\u00e7\u00e3o, Direitos Culturais e Cidadania &#8211; VII Semin\u00e1rio C\u00e1tedra Luis Alberto Warat, 2025, Santo \u00c2ngelo. ANAIS DA XIII MOSTRA DE TRABALHOS JUR\u00cdDICOS CIENT\u00cdFICOS. Santo \u00c2ngelo: Editora Ilustra\u00e7\u00e3o, 2025. v. 1. p. 441-456.<\/p>\n\n\n\n<p><strong>Resumos expandidos publicados em anais de congressos<\/strong><br><strong>1.<\/strong>MARTINS, L. E. A ; STURZA, J. M. ;&nbsp;<strong>CASARIN, L. T.<\/strong>&nbsp;. POL\u00cdTICAS P\u00daBLICAS DE SA\u00daDE PARA MIGRANTES: ENTRE A UNIVERSALIDADE FORMAL E A INVISIBILIDADE ESTRUTURAL. In: V SEMIN\u00c1RIO POL\u00cdTICAS P\u00daBLICAS DE ACESSO \u00c0 JUSTI\u00c7A, DIREITOS HUMANOS E TRABALHO PROMOVENDO POL\u00cdTICAS DE INCLUS\u00c3O E DIVERSIDADE, 2025, Iju\u00ed. Anais do V Semin\u00e1rio Pol\u00edticas P\u00fablicas de Acesso \u00e0 Justi\u00e7a, Direitos Humanos e Trabalho: promovendo pol\u00edticas de inclus\u00e3o e diversidade. Blumenau\/SC: Editora Dom Modesto, 2025. v. 1. p. 107-111.<\/p>\n\n\n\n<p><strong>MIRIANE DRABIK<\/strong><\/p>\n\n\n\n<p><strong>Curr\u00edculo Lattes:&nbsp;<\/strong><a href=\"http:\/\/lattes.cnpq.br\/2739052065444281\">http:\/\/lattes.cnpq.br\/2739052065444281<\/a><\/p>\n\n\n\n<p><strong>Produ\u00e7\u00f5es<\/strong>:<\/p>\n\n\n\n<p><strong>Produ\u00e7\u00f5es bibliogr\u00e1ficas<\/strong><\/p>\n\n\n\n<p><strong>Cap\u00edtulos de livros publicados<\/strong><br><strong>1.<\/strong><strong>DRABIK, M.<\/strong>;&nbsp;<a href=\"http:\/\/lattes.cnpq.br\/4628706223111964\" target=\"_blank\" rel=\"noreferrer noopener\">MARCO, Thais Kerber de.<\/a>&nbsp;. A OBJETIFICA\u00c7\u00c3O DA MULHER NO PATRIARCADO E A EVOLU\u00c7\u00c3O DA PROTE\u00c7\u00c3O JUR\u00cdDICA: REFLEX\u00d5ES SOBRE A LEI MARIA DA PENHA. In: Jo\u00e3o Martins Bertaso &#8230; [et al.]. (Org.). DIREITO E CIDADANIA EM DE\u0412\u0410\u0422E. 1ed.Cruz Alta: Ilustra\u00e7\u00e3o, 2025, v. 3, p. 59-76.<\/p>\n\n\n\n<p><strong><a><\/a>Trabalhos completos publicados em anais de congressos<\/strong><br><strong>1.<\/strong><strong>DRABIK, M.<\/strong>; ANGELIN, R. . REFLEX\u00d5ES SOBRE VIOL\u00caNCIA DOM\u00c9STICA E FAMILIAR, DESIGUALDADE E LIBERDADES SUBSTANTIVAS DAS MULHERES SOB A PERSPECTIVA DA TEORIA DAS CAPACIDADES DE AMARTYA SEN. In: XIII Mostra de Trabalhos Jur\u00eddicos Cient\u00edficos, 2025, Santo \u00c2ngelo. XIII MOSTRA DE TRABALHOS JUR\u00cdDICOS CIENT\u00cdFICOS, 2025.<\/p>\n\n\n\n<p><strong>2.<\/strong><strong>DRABIK, M.<\/strong>; ANGELIN, R. . TEORIA DAS CAPACIDADES DE AMARTYA SEM: REFLEX\u00d5ES S\u00d3CIO JUR\u00cdDICAS SOBRE A LEI MARIA DA PENHA E REDES DE PROTE\u00c7\u00c3O \u00c0MULHERES. In: XIIICONGRESSO BRASILEIRO DE PROCESSO COLETIVO E CIDADANIAUNIVERSIDADE DE RIBEIR\u00c3O PRETO, 2025, Ribeir\u00e3o Preto. Anais do XIIICongresso Brasileiro de Processo Coletivo e Cidadania, 2025. p. 562-575.<\/p>\n\n\n\n<p><strong><a><\/a>Resumos expandidos publicados em anais de congressos<\/strong><br><strong>1.<\/strong><strong>DRABIK, M.<\/strong>;&nbsp;<a href=\"http:\/\/lattes.cnpq.br\/4628706223111964\" target=\"_blank\" rel=\"noreferrer noopener\">MARCO, Thais Kerber de.<\/a>&nbsp;. AS DIVERSAS FORMAS DE VIOL\u00caNCIA NA LEI MARIA DA PENA: A IMPLEMENTA\u00c7\u00c3O DA PROTE\u00c7\u00c3O JUR\u00cdDICA E SEUS DESAFIOS. In: XVI CONGRESSO DE MULTICULTURALISMO, DIREITOS HUMANOS E CIDADANIA, 2024, Santo \u00c2ngelo. XII MOSTRA DE TRABALHOS JUR\u00cdDICOS CIENT\u00cdFICOS, 2024.<\/p>\n\n\n\n<p><strong>2.DRABIK, M.<\/strong>; ALMEIDA, L. M. M. . A FAM\u00cdLIA EXTENSA OU AMPLIADA, A PROTE\u00c7\u00c3O DA CRIAN\u00c7A E DO ADOLESCENTE: REFLEXOS E DIREITOS NA SOCIEDADE. In: XXII MOSTRA REGIONAL DE TRABALHOS JUR\u00cdDICOS, 2023, Santo \u00c2ngelo. XXII MOSTRA REGIONAL DE TRABALHOS JUR\u00cdDICOS, 2023.<\/p>\n\n\n\n<p><strong>MORGANY DE VARGAS JUZWIAK CORDEIRO<\/strong><\/p>\n\n\n\n<p><strong>Curr\u00edculo Lattes:&nbsp;<\/strong><a href=\"http:\/\/lattes.cnpq.br\/6691058394288182\">http:\/\/lattes.cnpq.br\/6691058394288182<\/a><\/p>\n\n\n\n<p><strong>Produ\u00e7\u00f5es<\/strong>:<\/p>\n\n\n\n<p><strong>Produ\u00e7\u00f5es bibliogr\u00e1ficas<\/strong><\/p>\n\n\n\n<p><strong>Resumos expandidos publicados em anais de congressos<\/strong><br><strong>1.CORDEIRO, M. V. J.<\/strong>;&nbsp;<a rel=\"noreferrer noopener\" href=\"http:\/\/lattes.cnpq.br\/0553982956028307\" target=\"_blank\">BEDIN, G. A.<\/a>&nbsp;. A EXPERI\u00caNCIA CONSTITUCIONAL BRASILEIRA E O PAPEL DIFERENCIADO DA CONSTITUI\u00c7\u00c3O DE 1988. In: XIII Mostra de Trabalhos Jur\u00eddicos Cient\u00edficos, 2025, Santo \u00c2ngelo. Anais da XIII Mostra de Trabalhos Jur\u00eddicos Cient\u00edficos. Santo \u00c2ngelo: Editora Ilustra\u00e7\u00e3o, 2025. p. 100-104.<\/p>\n\n\n\n<p><strong>PALOMA PEDROSO<\/strong><\/p>\n\n\n\n<p><strong>Curr\u00edculo Lattes:&nbsp;<\/strong><a href=\"http:\/\/lattes.cnpq.br\/8551374807451545\">http:\/\/lattes.cnpq.br\/8551374807451545<\/a><\/p>\n\n\n\n<p><strong>Produ\u00e7\u00f5es<\/strong>:<\/p>\n\n\n\n<p><strong>Produ\u00e7\u00f5es bibliogr\u00e1ficas<\/strong><\/p>\n\n\n\n<p><strong>Trabalhos completos publicados em anais de congressos<\/strong><br><strong>1.PEDROSO, P.<\/strong>; LYRA, J. F. D. C. . QUANDO O LEGISLADOR FALHA: LEGISPRUD\u00caNCIA, IRRACIONALIDADE LEGISLATIVA E DESIGUALDADE SOCIAL. In: XIII MOSTRA DE TRABALHOS JUR\u00cdDICOS CIENT\u00cdFICOS, 2025. ANAIS DA XIII MOSTRA DE TRABALHOS JUR\u00cdDICOS CIENT\u00cdFICOS.<\/p>\n\n\n\n<p><strong>TA\u00cdSE FERNANDES PEREIRA<\/strong><\/p>\n\n\n\n<p><strong>Curr\u00edculo Lattes:&nbsp;<\/strong><a href=\"http:\/\/lattes.cnpq.br\/0754922828220856\">http:\/\/lattes.cnpq.br\/0754922828220856<\/a><\/p>\n\n\n\n<p><strong>Produ\u00e7\u00f5es<\/strong>:<\/p>\n\n\n\n<p><strong>Produ\u00e7\u00f5es bibliogr\u00e1ficas<\/strong><\/p>\n\n\n\n<p><strong>V\u00c2NIA VASCELLO MEOTTI<\/strong><\/p>\n\n\n\n<p><strong>Curr\u00edculo Lattes:&nbsp;<\/strong><a href=\"http:\/\/lattes.cnpq.br\/6463681348739950\">http:\/\/lattes.cnpq.br\/6463681348739950<\/a><\/p>\n\n\n\n<p><strong>Produ\u00e7\u00f5es<\/strong>:<\/p>\n\n\n\n<p><strong>Produ\u00e7\u00f5es bibliogr\u00e1ficas<\/strong><\/p>\n\n\n\n<p><strong>Cap\u00edtulos de livros publicados<\/strong><br><strong>1.<\/strong><img src=\"https:\/\/buscatextual.cnpq.br\/buscatextual\/images\/curriculo\/ico_relevante.gif\"><strong>MEOTTI, V. V.<\/strong>;&nbsp;<a href=\"http:\/\/lattes.cnpq.br\/9033434255071231\" target=\"_blank\" rel=\"noreferrer noopener\">Angelin, R.<\/a>&nbsp;. Forma\u00e7\u00e3o de crian\u00e7as e jovens n\u00e3o violentos: avan\u00e7os e limites da tutela jur\u00eddica frente a viol\u00eancia escolar e intrafamiliar. In: Airton Pott, Avani Maria de Campos Corr\u00eaa, Den\u00edsia Moraes dos Santos. (Org.). Tecendo Di\u00e1logos na Educa\u00e7\u00e3o &#8211; Investiga\u00e7\u00f5es sobre a forma\u00e7\u00e3o docente e acad\u00eamica. 1ed.Itapiranga: Schreiben, 2024, v. , p. 115-131.<\/p>\n\n\n\n<p><strong><a><\/a>Resumos expandidos publicados em anais de congressos<\/strong><br><strong>1.<\/strong><strong>MEOTTI, V. V.<\/strong>; GATELLI, J. D. . VULNERABILIDADE E IDENTIDADE NA INTERNET: IMPLICA\u00c7\u00d5ES PARA A PROTE\u00c7\u00c3O INTEGRAL DAS CRIAN\u00c7AS E ADOLESCENTES. In: Xiii Mostra De Trabalhos Jur\u00eddicos Cient\u00edficos, 2025, Santo \u00c2ngelo. Anais Da Xiii Mostra De Trabalhos Jur\u00eddicos Cient\u00edficos &#8211; Resumos Expandidos, 2025.<\/p>\n\n\n\n<p><strong>2.<\/strong><img src=\"https:\/\/buscatextual.cnpq.br\/buscatextual\/images\/curriculo\/ico_relevante.gif\"><strong>MEOTTI, V. V.<\/strong>;&nbsp;<a href=\"http:\/\/lattes.cnpq.br\/9033434255071231\" target=\"_blank\" rel=\"noreferrer noopener\">Angelin, R.<\/a>&nbsp;. Limites e desafios da legisla\u00e7\u00e3o p\u00e1tria na forma\u00e7\u00e3o de crian\u00e7as e adolescentes. In: XXIII MOSTRA REGIONAL DE TRABALHOS JUR\u00cdDICOS, 2024, Santo \u00c2ngelo. Anais XXIII Mostra Regional de Trabalhos Jur\u00eddicos. Santo \u00c2ngelo: Editora FURI, 2024. p. 64-68.<\/p>\n\n\n\n<p><strong>3.<\/strong><img src=\"https:\/\/buscatextual.cnpq.br\/buscatextual\/images\/curriculo\/ico_relevante.gif\"><strong>MEOTTI, V. V.<\/strong>;&nbsp;<a href=\"http:\/\/lattes.cnpq.br\/9033434255071231\" target=\"_blank\" rel=\"noreferrer noopener\">Angelin, R.<\/a>&nbsp;. Legisla\u00e7\u00e3o P\u00e1tria voltada para a tutela de crian\u00e7as e jovens frente a situa\u00e7\u00f5es de viol\u00eancia. In: IV semin\u00e1rio pol\u00edticas p\u00fablicas de acesso \u00e0 justi\u00e7a e direitos humanos, 2024, Iju\u00ed. Anais do IV Semin\u00e1rio Pol\u00edticas P\u00fablicas de acesso \u00e0 justi\u00e7a e direitos humanos. Blumenau: Dom Modesto, 2024. p. 296-302.<\/p>\n\n\n\n<p><strong>4.<\/strong><strong>MEOTTI, V. V.<\/strong>. NORMAS INTERNACIONAIS E NACIONAIS DA TUTELA DE CRIAN\u00c7AS E ADOLESCENTES E A EFETIVIDADE PROTETIVA DA NORMA JUR\u00cdDICA NO COMBATE A VIOL\u00caNCIA CONTRA CRIAN\u00c7AS E ADOLESCENTES. In: XII MOSTRA DE TRABALHOS JUR\u00cdDICOS CIENT\u00cdFICOS, 2024, Santo \u00c2ngelo. XII MOSTRA DE TRABALHOS JUR\u00cdDICOS CIENT\u00cdFICOS. Santo \u00c2ngelo: EdiUri, 2024. p. 139-144.<\/p>\n","protected":false},"excerpt":{"rendered":"<p>GIOVANA PANZENHAGEN Curr\u00edculo Lattes:&nbsp;http:\/\/lattes.cnpq.br\/8028903283192436 Produ\u00e7\u00f5es: Produ\u00e7\u00f5es bibliogr\u00e1ficas Cap\u00edtulos de livros publicados1.PANZENHAGEN, G.; HOMMERDING, A. N. . A RAZOABILIDADE PR\u00c1TICA NO DIREITO: UMA AN\u00c1LISE A PARTIR DA TEORIA DE JOHN FINNIS. In: Jo\u00e3o Martins Bertaso; Jacson Roberto Cervi; Janete Rosa Martins; Taciana Marconatto Damo Cervi; Manuel Alberto Jes\u00fas Moreira; Florencia Vely. (Org.). Direito e multiculturalismo em [&hellip;]<\/p>\n","protected":false},"author":1,"featured_media":0,"parent":0,"menu_order":0,"comment_status":"closed","ping_status":"closed","template":"","meta":[],"_links":{"self":[{"href":"https:\/\/san.uri.br\/mestrado_direito\/index.php\/wp-json\/wp\/v2\/pages\/4972"}],"collection":[{"href":"https:\/\/san.uri.br\/mestrado_direito\/index.php\/wp-json\/wp\/v2\/pages"}],"about":[{"href":"https:\/\/san.uri.br\/mestrado_direito\/index.php\/wp-json\/wp\/v2\/types\/page"}],"author":[{"embeddable":true,"href":"https:\/\/san.uri.br\/mestrado_direito\/index.php\/wp-json\/wp\/v2\/users\/1"}],"replies":[{"embeddable":true,"href":"https:\/\/san.uri.br\/mestrado_direito\/index.php\/wp-json\/wp\/v2\/comments?post=4972"}],"version-history":[{"count":3,"href":"https:\/\/san.uri.br\/mestrado_direito\/index.php\/wp-json\/wp\/v2\/pages\/4972\/revisions"}],"predecessor-version":[{"id":4988,"href":"https:\/\/san.uri.br\/mestrado_direito\/index.php\/wp-json\/wp\/v2\/pages\/4972\/revisions\/4988"}],"wp:attachment":[{"href":"https:\/\/san.uri.br\/mestrado_direito\/index.php\/wp-json\/wp\/v2\/media?parent=4972"}],"curies":[{"name":"wp","href":"https:\/\/api.w.org\/{rel}","templated":true}]}}