{"id":49,"date":"2013-06-04T16:58:32","date_gmt":"2013-06-04T19:58:32","guid":{"rendered":"http:\/\/santoangelo.uri.br\/mestrado_direito2\/?page_id=49"},"modified":"2013-06-04T16:58:32","modified_gmt":"2013-06-04T19:58:32","slug":"editais","status":"publish","type":"page","link":"https:\/\/san.uri.br\/mestrado_direito\/index.php\/mestrado\/processo-seletivo\/editais\/","title":{"rendered":"Editais"},"content":{"rendered":"<p>Para Editar\u00a0 essa pagina.<\/p>\n<p>Crie um novo POST que seja da categoria &#8220;Editais Mestrado&#8221;<br \/>\n<!--\n&nbsp;\n\nEdital N\u00ba 02\/2016 -\u00a0<strong>Abertura de inscri\u00e7\u00f5es para o processo de sele\u00e7\u00e3o de candidatos ao Programa de\u00a0<\/strong><strong>P\u00f3s-Gradua\u00e7\u00e3o <em>Stricto Sensu<\/em> em Direito, para ingresso nos Cursos de MESTRADO e DOUTORADO DA URI<\/strong>\n\n<strong>Edital Aqui! -\u00a0<a href=\"http:\/\/srvapp2s.santoangelo.uri.br\/sites\/mestrado_direito\/wp-content\/uploads\/2016\/08\/Edital_2_2016_Mestrado_Doutorado_Direito_selecao_2017.pdf\">Edital_2_2016_Mestrado_Doutorado_Direito_selecao_2017<\/a><\/strong>\n\n&nbsp;\n\n2\u00aa Edici\u00f3n de las Becas para Conclusi\u00f3n de Tesis de Master en Derecho en la Universidad de Sevilla - <a href=\"http:\/\/srvapp2s.santoangelo.uri.br\/sites\/mestrado_direito\/wp-content\/uploads\/2013\/06\/Edital_clique_aqui.pdf\">Edital_clique_aqui!<\/a>\n\nResultado Processo Seletivo para Aluno Especial - 2\u00ba quadrimestre - <a href=\"http:\/\/srvapp2s.santoangelo.uri.br\/sites\/mestrado_direito\/wp-content\/uploads\/2013\/06\/Resultado_edital_n-001_alunos_especiais_20161.pdf\">Resultado_edital_n 001_alunos_especiais_2016<\/a>\n\nEdital de Sele\u00e7\u00e3o para Aluno Especial - 2\u00ba quadrimestre turma 2016 - encerramento das inscri\u00e7\u00f5es \u00e0s 17 horas -\u00a0<a href=\"http:\/\/srvapp2s.santoangelo.uri.br\/sites\/mestrado_direito\/wp-content\/uploads\/2013\/06\/Edital_n_1_2016_Alunos_Especiais-ok.pdf\">Edital_n_1_2016_Alunos_Especiais ok -\n<\/a>\n\nResultado Processo Seletivo Turma 2016 em Ordem Classificat\u00f3ria -<a href=\"http:\/\/srvapp2s.santoangelo.uri.br\/sites\/mestrado_direito\/wp-content\/uploads\/2013\/06\/Sele\u00e7ao-por-oderm-classificatoria-20163.pdf\"> Clique Aqui!<\/a>\n\nResultado Final processo Seletivo Turma 2016 - <a title=\"Resultado Final processo Seletivo Turma 2016\" href=\"http:\/\/srvapp2s.santoangelo.uri.br\/sites\/mestrado_direito\/?p=1049\">Clique Aqui<\/a>\n\nResultado da Primeira Etapa do Processo Seletivo Turma 2016 - <a title=\"Resultado Final processo Seletivo Turma 2016\" href=\"http:\/\/srvapp2s.santoangelo.uri.br\/sites\/mestrado_direito\/?p=1049\">Clique Aqui! <\/a>\n\nAditamento n\u00ba 02 ao Edital 04\/2015 - Clique Aqui!<a href=\"http:\/\/srvapp2s.santoangelo.uri.br\/sites\/mestrado_direito\/wp-content\/uploads\/2013\/06\/Aditamento-II-ao-edital-042015.pdf\">Aditamento II ao edital 042015<\/a>\n\nEdital de Abertura Processo Seletivo Turma 2016 - Clique Aqui!<a href=\"http:\/\/srvapp2s.santoangelo.uri.br\/sites\/mestrado_direito\/wp-content\/uploads\/2013\/06\/Edital_4_2014_Mestrado_direito_selecao_2015.pdf\">Edital_4_2015_Mestrado_direito_selecao_2015<\/a>\n\nEdital de Abertura Processo Seletivo Turma 2015 - clique aqui!<a href=\"http:\/\/srvapp2s.santoangelo.uri.br\/sites\/mestrado_direito\/wp-content\/uploads\/2013\/06\/Edital_3_2014_Mestrado_direito_selecao_2015.pdf\">Edital_3_2014_Mestrado_direito_selecao_2015<\/a>\n\nEdital de Abertura Processo\u00a0Seletivo Turma 2014 - <a href=\"http:\/\/srvapp2s.santoangelo.uri.br\/sites\/mestrado_direito\/wp-content\/uploads\/2013\/06\/Edital_3_2013_Mestrado_direito_selecao_2014.pdf\">clique aqui!<\/a>\n\nResultado do edital 2013\/2 alunos especiais - <a href=\"http:\/\/srvapp2s.santoangelo.uri.br\/sites\/mestrado_direito\/wp-content\/uploads\/2013\/06\/Resultado_edital_n-02_alunos_especiais_2013-C\u00f3pia3.pdf\">clique aqui!<\/a>\n\nReedi\u00e7\u00e3o do edital de abertura para inscri\u00e7\u00e3o de alunos especiais 2013\/2- <a href=\"http:\/\/srvapp2s.santoangelo.uri.br\/sites\/mestrado_direito\/wp-content\/uploads\/2013\/06\/Edital_n_2-Reedi\u00e7\u00e3o_2013_Alunos_Especiais.pdf\">clique aqui!<\/a>\n\nEdital de abertura para inscri\u00e7\u00e3o de alunos especiais 2013\/2 - <a href=\"http:\/\/srvapp2s.santoangelo.uri.br\/sites\/mestrado_direito\/wp-content\/uploads\/2013\/06\/Edital_n_2_2013_Alunos_Especiais.pdf\">clique aqui!<\/a>\n\n<span style=\"font-size: medium;\">Edital de abertura de inscri\u00e7\u00f5es para alunos especiais<\/span><span style=\"font-size: medium;\">- 1\/<span style=\"font-size: medium;\">2<\/span>013 - <\/span><span style=\"font-size: x-small;\"><a title=\"Edital Alunos Especiais 2013\" href=\"http:\/\/www.urisan.tche.br\/admin\/upload\/mestrado_dir_edital_n_1_2013_alunos_especiais.pdf\" target=\"_blank\" rel=\"noopener\"><span style=\"font-size: x-small;\">c<\/span>lique Aqui<\/a> <\/span>\n\n<span style=\"font-family: verdana,geneva; font-size: medium;\">Normativa do Processo Seletivo Bolsas CAPES-PROSUP\/URI\/SAN \u2013 2013 -<a href=\"http:\/\/www.urisan.tche.br\/admin\/upload\/Normativa_do_Processo_Seletivo2013.pdf\"> <span style=\"font-size: x-small;\"><span style=\"font-size: x-small;\">c<\/span>lique aqui!<\/span><\/a><\/span>\n\n<span style=\"font-size: medium;\">Edital CAPES-PROSUP\/URI Edital para Bolsas - Edital Capes N\u00b0 181 Fev\/2013 -\u00a0<span style=\"font-size: x-small;\"><a title=\"Edital 181\" href=\"http:\/\/www.urisan.tche.br\/admin\/upload\/Capes_portaria_181.pdf\" target=\"_blank\" rel=\"noopener\">clique aqui!<\/a><\/span>\n<\/span> --><\/p>\n","protected":false},"excerpt":{"rendered":"<p>Para Editar\u00a0 essa pagina. Crie um novo POST que seja da categoria &#8220;Editais Mestrado&#8221;<\/p>\n","protected":false},"author":1,"featured_media":0,"parent":45,"menu_order":0,"comment_status":"closed","ping_status":"closed","template":"page_editais_mestrado.php","meta":[],"_links":{"self":[{"href":"https:\/\/san.uri.br\/mestrado_direito\/index.php\/wp-json\/wp\/v2\/pages\/49"}],"collection":[{"href":"https:\/\/san.uri.br\/mestrado_direito\/index.php\/wp-json\/wp\/v2\/pages"}],"about":[{"href":"https:\/\/san.uri.br\/mestrado_direito\/index.php\/wp-json\/wp\/v2\/types\/page"}],"author":[{"embeddable":true,"href":"https:\/\/san.uri.br\/mestrado_direito\/index.php\/wp-json\/wp\/v2\/users\/1"}],"replies":[{"embeddable":true,"href":"https:\/\/san.uri.br\/mestrado_direito\/index.php\/wp-json\/wp\/v2\/comments?post=49"}],"version-history":[{"count":0,"href":"https:\/\/san.uri.br\/mestrado_direito\/index.php\/wp-json\/wp\/v2\/pages\/49\/revisions"}],"up":[{"embeddable":true,"href":"https:\/\/san.uri.br\/mestrado_direito\/index.php\/wp-json\/wp\/v2\/pages\/45"}],"wp:attachment":[{"href":"https:\/\/san.uri.br\/mestrado_direito\/index.php\/wp-json\/wp\/v2\/media?parent=49"}],"curies":[{"name":"wp","href":"https:\/\/api.w.org\/{rel}","templated":true}]}}