{"id":43,"date":"2013-06-04T14:34:56","date_gmt":"2013-06-04T17:34:56","guid":{"rendered":"http:\/\/srvapp2s.santoangelo.uri.br\/sites\/mestrado_direito\/?page_id=30"},"modified":"2013-06-04T14:34:56","modified_gmt":"2013-06-04T17:34:56","slug":"discentes","status":"publish","type":"page","link":"https:\/\/san.uri.br\/mestrado_direito\/index.php\/discentes\/","title":{"rendered":"Discentes"},"content":{"rendered":"<p><span style=\"color: #ff0000;\"><strong>Aten\u00e7\u00e3o:<\/strong> <\/span>Para Editar o conte\u00fado dessa pagina<\/p>\n<ul>\n<li><strong><span style=\"text-decoration: underline;\">crie um novo post<\/span><\/strong><\/li>\n<li>selecione a categoria<strong><span style=\"text-decoration: underline;\"> Discente Mestrado\u00a0<\/span><\/strong><\/li>\n<\/ul>\n<p>&nbsp;<\/p>\n<p><!-- <strong>11\u00aa Turma (ingresso 03\/2016)<\/strong>\n\nAngelo Daniel Carrion\nArnaldo Fabiano Fenner\nBruna Escobar Teixeira\nBruno Rafael dos Reis\nCamila Duarte\nCarhla de Oliveira Alves\nCharlene Dewes Dornelles\nCristiane de Lima Geist\nDaniel Mayer de Brum\nDiego Guilherme Rotta\nEdemir Braga Dias\nGabriela Felden Scheuermann\nGerson Osvaldo de Souza\nGustavo Castro Lavorato da Rocha\nJonathan Dalla Rosa Melo\nP\u00e9ricles Stehmann Nunes\nRenan Ruschel Nunes\nRenato Kusiak\n<strong>\n<\/strong><strong>10\u00aa Turma (ingresso 03\/2015)<\/strong>\n\nAgnelo Fabiano Prado da Silva\nAline Ferrari Caeran\nAndrea Simone Lopez da Silva\nFrancieli Borchartt da Cruz\nGabriela Gomes Klassmann\nGustavo Wohlfahrt Bohnenberger\nJaime Roberto Amaral dos Santos\nJaqueline Michele Saldanha Miranda da Luz Zembrzuski\nJoici Antonia Ziegler\nJuliane Pacheco\nKarin Jussara Maahs\nMiriane Maria Willers\nPaula Vanessa Fernandes\nRosemara Unser\nVagner Silveira Haab\nIrsan Mahmud Shubeita Filho\n\n\n<p style=\"text-align: justify;\"><strong>9\u00aa Turma (ingresso 03\/2014) <\/strong><\/p>\n\n\nAlini Bueno dos Santos Taborda\nAna L\u00facia dos Santos\nAna Laura Weber\nAng\u00e9lica Chechi Walczak\nB\u00e1rbara De Cezaro\nCamila Silveira Stangherlin\nCarmine Kochhann Scheeren\nEderson Nadir Pires Dornelles\nFernanda Baccarin Matje\nFrancis Rafael Mousquer\nJo\u00e3o Aurino de Melo Filho\nJorge Eduardo Espinosa Villarreal\nKeila Sim do Prado\nM\u00e1rcio Rog\u00e9rio de oliveira Bressan\nMarcos Costa Salom\u00e3o\nNadja Caroline Hendges\nPatr\u00edcia In\u00eas Jablonski\nPaulo Adroir Magalh\u00e3es Martins\nRafael Lago Salapata\nRicieri Rafael Bazanella Dilkin\nRosemeri Carneiro Gr\u00e1s\nSabrina Fumagalli Le\u00e3es\nThiago Roberto Gebert Garcia\nVanderlei Scherer Thomas\n\n<strong>8 \u00aa Turma (ingresso 03\/2013)<\/strong>\n\n\n\n<p style=\"padding-left: 30px;\">Ana Paula de Oliveira Pause\nAndr\u00e9a Mignoni Zanatta\nCandice Nunes Bertaso\nDiana Casarin Zanatta\nEleeldo Osdisnei de Oliveira Braga\nEvelyne Freistedt Copetti Santos\nFabiana Leske do Nascimento Schreiner\nGabriel Octacilio Bohn Edler\nGlauber\u00a0 Serafini\nIsabel Maciel Mousquer\nJanaine Machado dos Santos\u00a0 Bertazo\u00a0 Vargas\nJocelito Zborowski\nJos\u00e9 Plinio Rigotti\nJulia Francieli Neves de Oliveira\nKarine de Souza\nLuciano Alves dos santos\nLu\u00eds Alberto Esposito\nLuiz Fernando Sponchiado\nPriscila Bueno de S\u00e1\nSandra do Carmo Resmini\nSimone Avila de Matos\nTha\u00eds Kerber De Marco\nViviane Bortolini Giacomazzi\n\n<strong>7\u00aa Turma (ingresso: 03\/2012)<\/strong>\n\n\n\n<p style=\"padding-left: 30px;\">Alejandro C\u00e9sar Rayo Werlang\nAna Paula Cacenote (bolsista)\nAriele Dutra Lopes (bolsista)\nBianca de Mello Hartfil\nCesar de Miranda e Lemos\nDaniel Fioreze Saggin (bolsista)\nF\u00e1bio Vit\u00f3rio Mattiello\nHelga Kuhn\nHenrique Bossoni Quatrin\nLet\u00edcia Thomasi Jahnke\nLisiane Sibele de Andrade Lescano\nLuiz Alberto Brasil Sim\u00f5es Pires Filho (bolsista)\nMarco Antonio Rillo Loguercio\nMarigley Leite da Silva de Araujo\nMonia Peripolli Dias\nNorthon Carcuchinski Motta\nOliverio de Vargas Rosado\nR\u00f4mulo da Silva Menezes\nSheila Marione Uhlmann (bolsista)\nThiago Luiz Rigon de Araujo\nValdir Garcia Alfaro\n\n<strong>6\u00aa Turma (ingresso: 03\/2011)<\/strong>\n\n\n\n<p style=\"padding-left: 30px;\">Aline Andrighetto (bolsista)\nCarlos Eduardo Rodrigues Lima\nCl\u00e1udio Rog\u00e9rio Sousa Lira\nDaniel Pedroso de Oliveira\nEstela Maria Trem\u00e9a (bolsista)\nFernanda Ajnhorn\nFernanda Rodighero de Oliveira\nFernando Tonet Silva\nHumberto Acacio Trez Seadi\nJana\u00edna Faverzani da Luz (bolsista)\nJosiane Mallet Balb\u00e9\nLu\u00eds Eduardo Nascimento Moraes\nMarcio Roberto Bitelbron\nMartha Luciana Scholze (bolsista)\nRoberta Brenner Ochulacki\nRozane Ramgrab de Magalh\u00e3es Bonamigo\nThiago Marchionatti Uggeri\n\n<strong>5\u00aa Turma (ingresso: 03\/2010)<\/strong>\n\n\n\n<p style=\"padding-left: 30px;\">Adriano Nedel dos Santos\nAlajuiara dos Reis Brum\nAndr\u00e9ia Lis\u00e2ngela Rex\nCarlos Alberto Ely Fontela\nCesar Riboli\nDaniela Dewes\nJorge Humberto Machado Maroneze\nJucelma de C\u00e1ssia Tolotti Mainardi\nLiana Maria Feix Suski\nLuana Ma\u00edra Moura de Almeida\nMarcelo Ata\u00edde Bochi\nMariane de Souza\nPaula Nedeff Timm\nRog\u00e9rio Moraes Sikora\nRui Faccin\nSamuel Aguiar da Cunha\n\n<strong>4\u00aa Turma (ingresso: 03\/2009)<\/strong>\n\n\n\n<p style=\"padding-left: 30px;\">Camila Trevisan Silva\nCaroline Bornholdt\nCidinei Chatt\nDionara Denize Cavinatto\nDircilene da Silva Ladico\nEnio Felipin\nFernanda Savian Rodrigues\nGraziele Barbosa Zimmer\nJos\u00e9 Eduardo Goulart de Lima\nJos\u00e9 Ozorio Vieira Dutra\nLet\u00edcia Mousquer Ritter\nLuis Roger Vieira Azzolin\nMarcelo Cacinotti Costa\nPedro Jorge de Oliveira Rodrigues\nRenata Egert\nRoberto Pozzebon\n\n<strong>3\u00aa Turma (ingresso: 03\/2008)<\/strong>\n\n\n\n<p style=\"padding-left: 30px;\">Ana Paula Baroni Fiorin\n\u00c2ngela Simoni Pires Keitel\nCarina Deolinda da Silva Lopes\nCarlos Adriano da Silva\nCassiana Alvina Carvalho\nDilaine Binicheski\nFabio Trevisan Moraes\nFernando Martins Ferreira\nFlavio Pavlov da Silveira\nInajara Machado dos Santos Falci\nJean Mauro Menuzzi\nLu\u00eds Carlos Rosa\nMaicon Rodrigo Tauchert\nMaria Gislaine Manucello\nMoacir Camargo Baggio\nPaulo de Tarso Lorenzoni do Amaral\n\n<strong>2\u00aa Turma (ingresso: 03\/2007)<\/strong>\n\n\n\n<p style=\"padding-left: 30px;\">Bianca Tams Diehl\nCl\u00e1udio Ant\u00f4nio de Paiva Simon\nDeborah da Silva Machado\nIsabel Cristina Brettas Duarte\nJanor Lerch Duarte\nJoceli Ant\u00f4nio Mossati Silveira\nLet\u00edcia Gheller Zanatta\nLiane Marli Sch\u00e4fer Lucca\nL\u00edvia Dutra Barreto\nLu\u00eds Gustavo Durigon\nMarcelino da Silva Meleu\nMaria Am\u00e9lia Tavares Dellepiane\nMaristela da Fontoura Machado\nNadia Awad Scariot\nPatr\u00edcia Torunsky\nThami Covatti Piaia\n\n<strong>1\u00aa Turma (ingresso: 07\/2006)<\/strong>\n\n\n\n<p style=\"padding-left: 30px;\">Ad\u00edlio Oliveira Ribeiro\nChristiane Schorr Monteiro\nCristina Uhry\nDaeane Zulian Dorst\nFabiano Prado de Brum\nFrancisco Carlos Marqu\u00eas Brasil\nJo\u00e3o Albino de Medeiros Farias\nJoel Saueressig\nJuliane Rigo Schneider\nLeocir Roque Dacroce\nLiris Terezinha Lunkes Moreira Rodrigues\nRenzo Thomas\nRita Maria de Faria Corr\u00eaa Andreatta\nSilvana Dutra Torres\nVera Maria Calegari Detoni\nViviani Gianine Nikitenko\n\n--><\/p>\n","protected":false},"excerpt":{"rendered":"<p>Aten\u00e7\u00e3o: Para Editar o conte\u00fado dessa pagina crie um novo post selecione a categoria Discente Mestrado\u00a0 &nbsp;<\/p>\n","protected":false},"author":1,"featured_media":0,"parent":0,"menu_order":0,"comment_status":"closed","ping_status":"closed","template":"page_discente_mestrado.php","meta":[],"_links":{"self":[{"href":"https:\/\/san.uri.br\/mestrado_direito\/index.php\/wp-json\/wp\/v2\/pages\/43"}],"collection":[{"href":"https:\/\/san.uri.br\/mestrado_direito\/index.php\/wp-json\/wp\/v2\/pages"}],"about":[{"href":"https:\/\/san.uri.br\/mestrado_direito\/index.php\/wp-json\/wp\/v2\/types\/page"}],"author":[{"embeddable":true,"href":"https:\/\/san.uri.br\/mestrado_direito\/index.php\/wp-json\/wp\/v2\/users\/1"}],"replies":[{"embeddable":true,"href":"https:\/\/san.uri.br\/mestrado_direito\/index.php\/wp-json\/wp\/v2\/comments?post=43"}],"version-history":[{"count":0,"href":"https:\/\/san.uri.br\/mestrado_direito\/index.php\/wp-json\/wp\/v2\/pages\/43\/revisions"}],"wp:attachment":[{"href":"https:\/\/san.uri.br\/mestrado_direito\/index.php\/wp-json\/wp\/v2\/media?parent=43"}],"curies":[{"name":"wp","href":"https:\/\/api.w.org\/{rel}","templated":true}]}}