{"id":42,"date":"2013-06-04T14:27:24","date_gmt":"2013-06-04T17:27:24","guid":{"rendered":"http:\/\/srvapp2s.santoangelo.uri.br\/sites\/mestrado_direito\/?page_id=23"},"modified":"2024-12-04T10:23:02","modified_gmt":"2024-12-04T13:23:02","slug":"corpo-docente","status":"publish","type":"page","link":"https:\/\/san.uri.br\/mestrado_direito\/index.php\/mestrado\/corpo-docente\/","title":{"rendered":"Corpo Docente"},"content":{"rendered":"<p>Professores Permanentes<\/p>\n<p><strong>Adalberto Narciso Hommerding<\/strong><br \/>\n&#8211; Doutor em Direito pela Universidade do Vale do Rio dos Sinos, em 2005.<br \/>\nE-mail: adalberto@san.uri.br<br \/>\nCurr\u00edculo:\u00a0<a href=\"http:\/\/lattes.cnpq.br\/8316483023945932\" target=\"_blank\" rel=\"noopener\" data-saferedirecturl=\"https:\/\/www.google.com\/url?q=http:\/\/lattes.cnpq.br\/8316483023945932&amp;source=gmail&amp;ust=1638298923237000&amp;usg=AOvVaw2ekbEXcfG268Qes9gSRxjX\">http:\/\/lattes.cnpq.<wbr \/>br\/8316483023945932<\/a><br \/>\nORCID:\u00a0<a href=\"https:\/\/orcid.org\/0000-0002-1707-1011\" target=\"_blank\" rel=\"noopener\" data-saferedirecturl=\"https:\/\/www.google.com\/url?q=https:\/\/orcid.org\/0000-0002-1707-1011&amp;source=gmail&amp;ust=1638298923237000&amp;usg=AOvVaw0RV1B9sLBtUnWNPfvUFDXS\">https:\/\/orcid.org\/0000-<wbr \/>0002-1707-1011<\/a><\/p>\n<p><strong>Gilmar Antonio Bedin<\/strong><br \/>\n&#8211; Doutor em Direito pela Universidade Federal de Santa Catarina, em 2001.<br \/>\nE-mail: gilmarb@san.uri.br<br \/>\nCur\u00edculo:\u00a0<a href=\"http:\/\/lattes.cnpq.br\/0553982956028307\" target=\"_blank\" rel=\"noopener\" data-saferedirecturl=\"https:\/\/www.google.com\/url?q=http:\/\/lattes.cnpq.br\/0553982956028307&amp;source=gmail&amp;ust=1638298923237000&amp;usg=AOvVaw08QanFlEi9aJR0w1Xb5V0W\">http:\/\/lattes.cnpq.<wbr \/>br\/0553982956028307<\/a><br \/>\nGoogle Acad\u00eamico:\u00a0<a href=\"https:\/\/scholar.google.com.br\/citations?hl=pt-BR&amp;user=1c-Oo0QAAAAJ\" target=\"_blank\" rel=\"noopener\" data-saferedirecturl=\"https:\/\/www.google.com\/url?q=https:\/\/scholar.google.com.br\/citations?hl%3Dpt-BR%26user%3D1c-Oo0QAAAAJ&amp;source=gmail&amp;ust=1638298923237000&amp;usg=AOvVaw1TGFXHzSeZu80YP8uTrlm5\">https:\/\/scholar.<wbr \/>google.com.br\/citations?hl=pt-<wbr \/>BR&amp;user=1c-Oo0QAAAAJ<\/a><br \/>\nORCID:\u00a0<a href=\"https:\/\/orcid.org\/0000-0001-9183-7065\" target=\"_blank\" rel=\"noopener\" data-saferedirecturl=\"https:\/\/www.google.com\/url?q=https:\/\/orcid.org\/0000-0001-9183-7065&amp;source=gmail&amp;ust=1638298923237000&amp;usg=AOvVaw0De27swvj5Ct6ZzRzvREPS\">https:\/\/orcid.org\/0000-<wbr \/>0001-9183-7065<\/a><\/p>\n<p><strong>Jo\u00e3o Martins Bertaso<\/strong><br \/>\n&#8211; Doutor em Direito pela Universidade Federal de Santa Catarina, em 2003.<br \/>\nE-mail: <a href=\"mailto:jomabe@terra.com.br\" target=\"_blank\" rel=\"noopener\">joaomartinsbertaso@gmail.com<\/a><br \/>\nCurr\u00edculo:\u00a0<a href=\"http:\/\/lattes.cnpq.br\/5939164234639660\" target=\"_blank\" rel=\"noopener\" data-saferedirecturl=\"https:\/\/www.google.com\/url?q=http:\/\/lattes.cnpq.br\/5939164234639660&amp;source=gmail&amp;ust=1638298923237000&amp;usg=AOvVaw1pBwtFy1uIkFFZuEYhpepQ\">http:\/\/lattes.cnpq.<wbr \/>br\/5939164234639660<\/a><br \/>\nGoogle Acad\u00eamico:\u00a0<a href=\"https:\/\/scholar.google.com.br\/citations?hl=pt-BR&amp;user=cqkhqHMAAAAJ\" target=\"_blank\" rel=\"noopener\" data-saferedirecturl=\"https:\/\/www.google.com\/url?q=https:\/\/scholar.google.com.br\/citations?hl%3Dpt-BR%26user%3DcqkhqHMAAAAJ&amp;source=gmail&amp;ust=1638298923237000&amp;usg=AOvVaw31e4VVW9O7Wx8XcbAQQTmd\">https:\/\/scholar.<wbr \/>google.com.br\/citations?hl=pt-<wbr \/>BR&amp;user=cqkhqHMAAAAJ<\/a><br \/>\nORCID:\u00a0<a href=\"https:\/\/orcid.org\/0000-0001-5533-2027\" target=\"_blank\" rel=\"noopener\" data-saferedirecturl=\"https:\/\/www.google.com\/url?q=https:\/\/orcid.org\/0000-0001-5533-2027&amp;source=gmail&amp;ust=1638298923237000&amp;usg=AOvVaw3t3TYENPEc_OdSkL0tDdPc\">https:\/\/orcid.org\/0000-<wbr \/>0001-5533-2027<\/a><br \/>\nAcademia.edu:\u00a0<a href=\"https:\/\/independent.academia.edu\/JoaoBertaso\" target=\"_blank\" rel=\"noopener\" data-saferedirecturl=\"https:\/\/www.google.com\/url?q=https:\/\/independent.academia.edu\/JoaoBertaso&amp;source=gmail&amp;ust=1638298923237000&amp;usg=AOvVaw2b0PRz8lLLou3MjxfRt20B\">https:\/\/<wbr \/>independent.academia.edu\/<wbr \/>JoaoBertaso<\/a><\/p>\n<p><strong>Jacson Roberto Cervi<\/strong><br \/>\n&#8211; Doutor em Direito pela Universidade de Santa Cruz do Sul, com est\u00e1gio doutoral na Universidade de Sevilha-ES, em 2014.<br \/>\nE-mail: jrcervi@san.uri.br<br \/>\nCurr\u00edculo:\u00a0<a href=\"http:\/\/lattes.cnpq.br\/3502790404185789\" target=\"_blank\" rel=\"noopener\" data-saferedirecturl=\"https:\/\/www.google.com\/url?q=http:\/\/lattes.cnpq.br\/3502790404185789&amp;source=gmail&amp;ust=1638298923237000&amp;usg=AOvVaw39Al_pU211XIxBJgrhUXZc\">http:\/\/lattes.cnpq.<wbr \/>br\/3502790404185789<\/a><br \/>\nGoogle Acad\u00eamico:\u00a0<a href=\"https:\/\/scholar.google.com.br\/citations?hl=pt-BR&amp;user=1MYpjowAAAAJ\" target=\"_blank\" rel=\"noopener\" data-saferedirecturl=\"https:\/\/www.google.com\/url?q=https:\/\/scholar.google.com.br\/citations?hl%3Dpt-BR%26user%3D1MYpjowAAAAJ&amp;source=gmail&amp;ust=1638298923237000&amp;usg=AOvVaw3Dy6Oy4FHid1gTkwJEPfjH\">https:\/\/scholar.<wbr \/>google.com.br\/citations?hl=pt-<wbr \/>BR&amp;user=1MYpjowAAAAJ<\/a><br \/>\nORCID:\u00a0<a href=\"https:\/\/orcid.org\/0000-0003-4209-2153J\" target=\"_blank\" rel=\"noopener\" data-saferedirecturl=\"https:\/\/www.google.com\/url?q=https:\/\/orcid.org\/0000-0003-4209-2153J&amp;source=gmail&amp;ust=1638298923237000&amp;usg=AOvVaw19fX05eT55VIrJ9WRJA2b8\">https:\/\/orcid.org\/0000-<wbr \/>0003-4209-2153J<\/a><\/p>\n<p><strong>Janete Rosa Martins<\/strong><br \/>\n-Doutora em Ci\u00eancias Sociais pela Universidade do Vale do Rio dos Sinos, em 2017.<br \/>\nE-mail:\u00a0<a href=\"mailto:janete@san.uri.br\" target=\"_blank\" rel=\"noopener\">janete@san.uri.br<\/a><br \/>\nCurr\u00edculo:\u00a0<a href=\"http:\/\/lattes.cnpq.br\/6628832292034577\" target=\"_blank\" rel=\"noopener\" data-saferedirecturl=\"https:\/\/www.google.com\/url?q=http:\/\/lattes.cnpq.br\/6628832292034577&amp;source=gmail&amp;ust=1638298923237000&amp;usg=AOvVaw3QcUbrpNFznmM-z0zg69x8\">http:\/\/lattes.cnpq.<wbr \/>br\/6628832292034577<\/a><br \/>\nGoogle Acad\u00eamico:\u00a0<a href=\"https:\/\/scholar.google.com.br\/citations?hl=pt-BR&amp;user=ENpTycUAAAAJ\" target=\"_blank\" rel=\"noopener\" data-saferedirecturl=\"https:\/\/www.google.com\/url?q=https:\/\/scholar.google.com.br\/citations?hl%3Dpt-BR%26user%3DENpTycUAAAAJ&amp;source=gmail&amp;ust=1638298923237000&amp;usg=AOvVaw1Ws-AiYu1sAE8CD22ZS_x4\">https:\/\/scholar.<wbr \/>google.com.br\/citations?hl=pt-<wbr \/>BR&amp;user=ENpTycUAAAAJ<\/a><br \/>\nORCID:\u00a0<a href=\"https:\/\/orcid.org\/0000-0002-8014-8237\" target=\"_blank\" rel=\"noopener\" data-saferedirecturl=\"https:\/\/www.google.com\/url?q=https:\/\/orcid.org\/0000-0002-8014-8237&amp;source=gmail&amp;ust=1638298923237000&amp;usg=AOvVaw1yPbMEZTaGDTSuqAcLU5lL\">https:\/\/orcid.org\/0000-<wbr \/>0002-8014-8237<\/a><\/p>\n<p><strong>Jos\u00e9 Alceb\u00edades de Oliveira Junior<\/strong><br \/>\n&#8211; Doutor em Filosofia do Direito pela Universidade Federal de Santa Catarina, em 1991.<br \/>\nE-mail:\u00a0<a href=\"mailto:alcebiadesjunior@terra.com.br\" target=\"_blank\" rel=\"noopener\">alcebiadesjunior@<wbr \/>terra.com.br<\/a><br \/>\nCurr\u00edculo:\u00a0<a href=\"http:\/\/lattes.cnpq.br\/8818051679585883\" target=\"_blank\" rel=\"noopener\" data-saferedirecturl=\"https:\/\/www.google.com\/url?q=http:\/\/lattes.cnpq.br\/8818051679585883&amp;source=gmail&amp;ust=1638298923237000&amp;usg=AOvVaw37bpoNdRGP3J9Lqtt1joZq\">http:\/\/lattes.cnpq.<wbr \/>br\/8818051679585883<\/a><br \/>\nGoogle Acad\u00eamico:\u00a0<a href=\"https:\/\/scholar.google.com.br\/citations?hl=pt-BR&amp;user=rxrIRfAAAAAJ\" target=\"_blank\" rel=\"noopener\" data-saferedirecturl=\"https:\/\/www.google.com\/url?q=https:\/\/scholar.google.com.br\/citations?hl%3Dpt-BR%26user%3DrxrIRfAAAAAJ&amp;source=gmail&amp;ust=1638298923237000&amp;usg=AOvVaw2LB5yOyPesAcksEPeSGmfr\">https:\/\/scholar.<wbr \/>google.com.br\/citations?hl=pt-<wbr \/>BR&amp;user=rxrIRfAAAAAJ<\/a><br \/>\nORCID:<\/p>\n<p><strong>Jos\u00e9 Francisco Dias da Costa Lyra<\/strong><br \/>\n&#8211; Doutor em Direito pela Universidade do Vale do Rio dos Sinos, em 2011.<br \/>\nE-mail:\u00a0<a href=\"mailto:jfdclyra@tj.rs.gov.br\" target=\"_blank\" rel=\"noopener\">jfdclyra@tj.rs.gov.br<\/a><br \/>\nCurr\u00edculo:<a href=\"http:\/\/lattes.cnpq.br\/3248441957258684\" target=\"_blank\" rel=\"noopener\" data-saferedirecturl=\"https:\/\/www.google.com\/url?q=http:\/\/lattes.cnpq.br\/3248441957258684&amp;source=gmail&amp;ust=1638298923237000&amp;usg=AOvVaw29xXJZuh8GOthYnhf-B5AA\">http:\/\/lattes.cnpq.<wbr \/>br\/3248441957258684<\/a><br \/>\nORCID:\u00a0<a href=\"https:\/\/orcid.org\/0000-0001-6585-5710\" target=\"_blank\" rel=\"noopener\" data-saferedirecturl=\"https:\/\/www.google.com\/url?q=https:\/\/orcid.org\/0000-0001-6585-5710&amp;source=gmail&amp;ust=1638298923237000&amp;usg=AOvVaw0t7CotUQI9DAZ9ukF7GcS8\">https:\/\/orcid.org\/0000-<wbr \/>0001-6585-5710<\/a><br \/>\nAcademia.edu:\u00a0<a href=\"https:\/\/independent.academia.edu\/JOSEFRANCISCODIASDACOSTALYRA\" target=\"_blank\" rel=\"noopener\" data-saferedirecturl=\"https:\/\/www.google.com\/url?q=https:\/\/independent.academia.edu\/JOSEFRANCISCODIASDACOSTALYRA&amp;source=gmail&amp;ust=1638298923237000&amp;usg=AOvVaw3IREpvo8vMy8Uw1ciU5muP\">https:\/\/<wbr \/>independent.academia.edu\/<wbr \/>JOSEFRANCISCODIASDACOSTALYRA<\/a><\/p>\n<p><strong>Leonel Severo Rocha<\/strong><br \/>\n&#8211; Doutor em Direito pela Ecole des Hautes Etudes en Sciences Sociales, Fran\u00e7a, em 1989.<br \/>\nE-mail: leonel.rocha@icloud.com<br \/>\nCurr\u00edculo:\u00a0<a href=\"http:\/\/lattes.cnpq.br\/3283434447576859\" target=\"_blank\" rel=\"noopener\" data-saferedirecturl=\"https:\/\/www.google.com\/url?q=http:\/\/lattes.cnpq.br\/3283434447576859&amp;source=gmail&amp;ust=1638298923237000&amp;usg=AOvVaw3WI2rzn6WbwCknIMjpHvhb\">http:\/\/lattes.cnpq.<wbr \/>br\/3283434447576859<\/a><br \/>\nGoogle Acad\u00eamico:\u00a0<a href=\"https:\/\/scholar.google.com.br\/citations?hl=pt-BR&amp;user=_TacRmIAAAAJ\" target=\"_blank\" rel=\"noopener\" data-saferedirecturl=\"https:\/\/www.google.com\/url?q=https:\/\/scholar.google.com.br\/citations?hl%3Dpt-BR%26user%3D_TacRmIAAAAJ&amp;source=gmail&amp;ust=1638298923237000&amp;usg=AOvVaw3HZpL55d1cLbimGONgqQo3\">https:\/\/scholar.<wbr \/>google.com.br\/citations?hl=pt-<wbr \/>BR&amp;user=_TacRmIAAAAJ<\/a><br \/>\nORCID:\u00a0<a href=\"https:\/\/orcid.org\/0000-0002-6971-1412\" target=\"_blank\" rel=\"noopener\" data-saferedirecturl=\"https:\/\/www.google.com\/url?q=https:\/\/orcid.org\/0000-0002-6971-1412&amp;source=gmail&amp;ust=1638298923237000&amp;usg=AOvVaw2BtdLpOWnT2HTbRbCXO-GK\">https:\/\/orcid.org\/0000-<wbr \/>0002-6971-1412<\/a><br \/>\nAcademia.edu:\u00a0<a href=\"https:\/\/independent.academia.edu\/LeonelSeveroRocha\" target=\"_blank\" rel=\"noopener\" data-saferedirecturl=\"https:\/\/www.google.com\/url?q=https:\/\/independent.academia.edu\/LeonelSeveroRocha&amp;source=gmail&amp;ust=1638298923237000&amp;usg=AOvVaw2vRJ3axR4ZR55_f7_vmM-a\">https:\/\/<wbr \/>independent.academia.edu\/<wbr \/>LeonelSeveroRocha<\/a><\/p>\n<p><strong>Noli Bernardo Hahn<\/strong><br \/>\n&#8211; Doutor Ci\u00eancias da Religi\u00e3o pela Universidade Metodista de S\u00e3o Paulo, em 2002.<br \/>\nE-mail: nolihahn@san.uri.br<br \/>\nCurr\u00edculo:\u00a0<a href=\"http:\/\/lattes.cnpq.br\/4888480291223483\" target=\"_blank\" rel=\"noopener\" data-saferedirecturl=\"https:\/\/www.google.com\/url?q=http:\/\/lattes.cnpq.br\/4888480291223483&amp;source=gmail&amp;ust=1638298923237000&amp;usg=AOvVaw3WodcdVH8AmPeR4aD82L_4\">http:\/\/lattes.cnpq.<wbr \/>br\/4888480291223483<\/a><br \/>\nGoogle Acad\u00eamico:\u00a0<a href=\"https:\/\/scholar.google.com.br\/citations?hl=pt-BR&amp;user=ABV3a-gAAAAJ\" target=\"_blank\" rel=\"noopener\" data-saferedirecturl=\"https:\/\/www.google.com\/url?q=https:\/\/scholar.google.com.br\/citations?hl%3Dpt-BR%26user%3DABV3a-gAAAAJ&amp;source=gmail&amp;ust=1638298923237000&amp;usg=AOvVaw0NlJISrAUCvzol4CfLFmP0\">https:\/\/scholar.<wbr \/>google.com.br\/citations?hl=pt-<wbr \/>BR&amp;user=ABV3a-gAAAAJ<\/a><br \/>\nORCID:\u00a0<a href=\"https:\/\/orcid.org\/0000-0003-2637-5321\" target=\"_blank\" rel=\"noopener\" data-saferedirecturl=\"https:\/\/www.google.com\/url?q=https:\/\/orcid.org\/0000-0003-2637-5321&amp;source=gmail&amp;ust=1638298923237000&amp;usg=AOvVaw1mOMQFi4loTJ_ExQpRdLT0\">https:\/\/orcid.org\/0000-<wbr \/>0003-2637-5321<\/a><\/p>\n<p><strong>Osmar Veronese<\/strong><br \/>\n&#8211; Doutor em Direito pela Universidad de Valladolid, Espanha em 2011 .<br \/>\nE-mail:\u00a0<a href=\"mailto:osmarveronese@gmail.com\" target=\"_blank\" rel=\"noopener\">osmarveronese@<wbr \/>gmail.com<\/a><br \/>\nCurr\u00edculo:\u00a0<a href=\"http:\/\/lattes.cnpq.br\/4310527409704718\" target=\"_blank\" rel=\"noopener\" data-saferedirecturl=\"https:\/\/www.google.com\/url?q=http:\/\/lattes.cnpq.br\/4310527409704718&amp;source=gmail&amp;ust=1638298923237000&amp;usg=AOvVaw078HY9Tj68kaqV3jN1Vqav\">http:\/\/lattes.cnpq.<wbr \/>br\/4310527409704718<\/a><br \/>\nORCID:\u00a0<a href=\"https:\/\/orcid.org\/0000-0001-9927-7242\" target=\"_blank\" rel=\"noopener\" data-saferedirecturl=\"https:\/\/www.google.com\/url?q=https:\/\/orcid.org\/0000-0001-9927-7242&amp;source=gmail&amp;ust=1638298923237000&amp;usg=AOvVaw2Y7GykIr-r73hZjoT3rSre\">https:\/\/orcid.org\/0000-<wbr \/>0001-9927-7242<\/a><\/p>\n<p><strong>Ros\u00e2ngela Angelin<\/strong><br \/>\n&#8211; Doutora em Direito pela Universidade Osnabruck, Alemanha, em 2008.<br \/>\nE-mail: rosangela@san.uri.br<br \/>\nCurr\u00edculo:<a href=\"http:\/\/lattes.cnpq.br\/9033434255071231\" target=\"_blank\" rel=\"noopener\" data-saferedirecturl=\"https:\/\/www.google.com\/url?q=http:\/\/lattes.cnpq.br\/9033434255071231&amp;source=gmail&amp;ust=1638298923237000&amp;usg=AOvVaw38bIfzmoyINliMJVFZMPZj\">http:\/\/lattes.cnpq.<wbr \/>br\/9033434255071231<\/a><br \/>\nGoogle Acad\u00eamico:\u00a0<a href=\"https:\/\/scholar.google.com.br\/citations?hl=pt-BR&amp;user=2ws5QvUAAAAJ\" target=\"_blank\" rel=\"noopener\" data-saferedirecturl=\"https:\/\/www.google.com\/url?q=https:\/\/scholar.google.com.br\/citations?hl%3Dpt-BR%26user%3D2ws5QvUAAAAJ&amp;source=gmail&amp;ust=1638298923237000&amp;usg=AOvVaw3mmOujOS0TqjWvQNWCZFX5\">https:\/\/scholar.<wbr \/>google.com.br\/citations?hl=pt-<wbr \/>BR&amp;user=2ws5QvUAAAAJ<\/a><br \/>\nORCID:\u00a0<a href=\"https:\/\/orcid.org\/0000-0002-0452-5627\" target=\"_blank\" rel=\"noopener\" data-saferedirecturl=\"https:\/\/www.google.com\/url?q=https:\/\/orcid.org\/0000-0002-0452-5627&amp;source=gmail&amp;ust=1638298923237000&amp;usg=AOvVaw2P-LXN6fOmix0KIpribmwx\">https:\/\/orcid.org\/0000-<wbr \/>0002-0452-5627<\/a><\/p>\n<p><strong>Taciana Marconatto Damo Cervi<\/strong><br \/>\n&#8211; Doutora em\u00a0Direito\u00a0pela Universidade Federal do Rio Grande do Sul, em 2019.<br \/>\nE-mail:\u00a0<a href=\"mailto:taciana@san.uri.br\" target=\"_blank\" rel=\"noopener\">taciana@san.uri.br<\/a><br \/>\nCurr\u00edculo:\u00a0<a href=\"http:\/\/lattes.cnpq.br\/5465463793434519\" target=\"_blank\" rel=\"noopener\" data-saferedirecturl=\"https:\/\/www.google.com\/url?q=http:\/\/lattes.cnpq.br\/5465463793434519&amp;source=gmail&amp;ust=1638298923237000&amp;usg=AOvVaw00urj0KNmmbk3wrxjZWFY7\">http:\/\/lattes.cnpq.<wbr \/>br\/5465463793434519<\/a><br \/>\nGoogle Acad\u00eamico:\u00a0<a href=\"https:\/\/scholar.google.com.br\/citations?hl=pt-BR&amp;user=w70P0mYAAAAJ\" target=\"_blank\" rel=\"noopener\" data-saferedirecturl=\"https:\/\/www.google.com\/url?q=https:\/\/scholar.google.com.br\/citations?hl%3Dpt-BR%26user%3Dw70P0mYAAAAJ&amp;source=gmail&amp;ust=1638298923237000&amp;usg=AOvVaw3INzGZpzC0732XVy6iuP6Z\">https:\/\/scholar.<wbr \/>google.com.br\/citations?hl=pt-<wbr \/>BR&amp;user=w70P0mYAAAAJ<\/a><br \/>\nORCID:\u00a0<a href=\"https:\/\/orcid.org\/0000-0002-7140-4817\" target=\"_blank\" rel=\"noopener\" data-saferedirecturl=\"https:\/\/www.google.com\/url?q=https:\/\/orcid.org\/0000-0002-7140-4817&amp;source=gmail&amp;ust=1638298923237000&amp;usg=AOvVaw3lIyPMhTs29sHxlc8eXgWm\">https:\/\/orcid.org\/0000-<wbr \/>0002-7140-4817<\/a><\/p>\n<p><strong>Liton Lanes Pilau Sobrinho<\/strong><br \/>\n\u2013 Doutor em Direito pela Universidade do Vale do Rio dos Sinos, em 2008.<br \/>\nE-mail:\u00a0<a href=\"http:\/\/liton@upf.br\/\">liton@upf.br<\/a><br \/>\nCurr\u00edculo:<a href=\"http:\/\/buscatextual.cnpq.br\/buscatextual\/visualizacv.do?id=K4706858H0\">\u00a0http:\/\/buscatextual.cnpq.br\/buscatextual\/visualizacv.do?id=K4706858H0<\/a><\/p>\n<p><strong>Jo\u00e3o Delciomar Gatelli<\/strong><\/p>\n<p>&#8211; Doutor em Direito Privado pela Universidad de Salamanca, em 2015.<\/p>\n<p>E-mail:\u00a0<a href=\"jdgatelli@hotmail.com\">jdgatelli@hotmail.com<\/a><\/p>\n<p>Curr\u00edculo:\u00a0<a href=\"http:\/\/lattes.cnpq.br\/9012206526726471\">http:\/\/lattes.cnpq.br\/9012206526726471<\/a><\/p>\n<p>Google Acad\u00eamico:\u00a0<a href=\"https:\/\/scholar.google.com.br\/scholar?hl=pt-BR&amp;as_sdt=0%2C5&amp;q=jo%C3%A3o+delciomar+gatelli&amp;oq=Jo%C3%A3o+delcioma\">https:\/\/scholar.google.com.br\/scholar?hl=pt-BR&amp;as_sdt=0%2C5&amp;q=jo%C3%A3o+delciomar+gatelli&amp;oq=Jo%C3%A3o+delcioma<\/a><\/p>\n<p>ORCID:\u00a0<a href=\"https:\/\/orcid.org\/0000-0003-0796-9423\">https:\/\/orcid.org\/0000-0003-0796-9423<\/a><\/p>\n<p><strong>Professores Parceiros Interinstitucionais<\/strong><\/p>\n<p><strong>\u00c1lvaro Sanchez Bravo (Universidade de Sevilha \u2013 Espanha)<\/strong><br \/>\n-Doutor em Direito pela Universidade de Sevilha \u2013 Espanha.<br \/>\nE-mail:\u00a0<a href=\"mailto:elialva@us.es\">elialva@us.es<\/a><br \/>\nCurr\u00edculo:\u00a0<a href=\"http:\/\/lattes.cnpq.br\/5084987763906138\">http:\/\/lattes.cnpq.br\/5084987763906138<\/a><\/p>\n<p><strong>Felipe Chiarello de Souza Pinto<\/strong><br \/>\n-Doutor em Direito pela Pontif\u00edcia Universidade Cat\u00f3lica de S\u00e3o Paulo, em 2006.<br \/>\nE-mail:\u00a0chiarello.felipe@gmail.com<br \/>\nCurr\u00edculo:\u00a0<a href=\"http:\/\/buscatextual.cnpq.br\/buscatextual\/visualizacv.do?id=K4713941U6\">http:\/\/buscatextual.cnpq.br\/buscatextual\/visualizacv.do?id=K4713941U6<\/a><\/p>\n<p><strong>Guillermo Orozco Pardo (Universidade de Granada \u2013 Espanha)<\/strong><\/p>\n<p>\u2013 Doutor em Direito (Espanha).<\/p>\n<p>E-mail: gorozco@go.ugr.es<\/p>\n<p>Curr\u00edculo:<a href=\"https:\/\/directorio.ugr.es\/static\/PersonalUGR\/*\/show\/eacb5f3207d81c903bb9b6fccae4f0a2\">\u00a0https:\/\/directorio.ugr.es\/static\/PersonalUGR\/*\/show\/eacb5f3207d81c903bb9b6fccae4f0a2<\/a><\/p>\n<p><strong>Manoel Alberto Jes\u00fas Moreira<\/strong><br \/>\n-Doutor em Ci\u00eancias Jur\u00eddicas e Sociais pela Facultad de Derecho UNL.<br \/>\nE-mail:\u00a0<a href=\"mailto:moreira.arrechea@gmail.com\">moreira.arrechea@gmail.com<\/a><br \/>\nCurr\u00edculo:\u00a0<a href=\"http:\/\/buscatextual.cnpq.br\/buscatextual\/visualizacv.do?id=K2744637T0\">http:\/\/buscatextual.cnpq.br\/buscatextual\/visualizacv.do?id=K2744637T0<\/a><\/p>\n<p><strong>Newton C\u00e9sar Pilau<\/strong><\/p>\n<p>\u2013 \u00a0Doutor em Direito pela Universidade do Vale do Itaja\u00ed (UNIVALI), e, 2016<\/p>\n<p>E-mail:\u00a0<a href=\"mailto:moreira.arrechea@gmail.com\">newton@univali.br<\/a><br \/>\nCurr\u00edculo:\u00a0<a href=\"http:\/\/lattes.cnpq.br\/3291505515482194\">http:\/\/buscatextual.cnpq.br\/buscatextual\/visualizacv.do?id=K2744637T0<\/a><\/p>\n<p><strong>Roberto Orlando Bustillo Bolado (Universidade de Vigo \u2013 Espanha)<\/strong><\/p>\n<p>\u2013 Doutor em Direito pela Universidade de Cantabria, em 1999.<\/p>\n<p>E-mail: rbustillo@uvigo.es<\/p>\n<p>Curr\u00edculo:\u00a0<a href=\"https:\/\/rbustillo.webs.uvigo.es\/es\/curriculum.html\">https:\/\/rbustillo.webs.uvigo.es\/es\/curriculum.html<\/a><\/p>\n<p><strong>S\u00edlvia Maria da Silveira Loureiro<\/strong><\/p>\n<p>\u2013 Doutora em Direito pela Pontif\u00edcia Universidade Cat\u00f3lica do Rio de Janeiro \u2013 PUC-Rio, em 2015.<\/p>\n<p>E-mail: silviamsloureiro@gmail.com<\/p>\n<p>Curr\u00edculo:\u00a0<a href=\"http:\/\/lattes.cnpq.br\/3190742871018847\">http:\/\/lattes.cnpq.br\/3190742871018847<\/a><\/p>\n","protected":false},"excerpt":{"rendered":"<p>Professores Permanentes Adalberto Narciso Hommerding &#8211; Doutor em Direito pela Universidade do Vale do Rio dos Sinos, em 2005. E-mail: adalberto@san.uri.br Curr\u00edculo:\u00a0http:\/\/lattes.cnpq.br\/8316483023945932 ORCID:\u00a0https:\/\/orcid.org\/0000-0002-1707-1011 Gilmar Antonio Bedin &#8211; Doutor em Direito pela Universidade Federal de Santa Catarina, em 2001. E-mail: gilmarb@san.uri.br Cur\u00edculo:\u00a0http:\/\/lattes.cnpq.br\/0553982956028307 Google Acad\u00eamico:\u00a0https:\/\/scholar.google.com.br\/citations?hl=pt-BR&amp;user=1c-Oo0QAAAAJ ORCID:\u00a0https:\/\/orcid.org\/0000-0001-9183-7065 Jo\u00e3o Martins Bertaso &#8211; Doutor em Direito pela Universidade Federal de [&hellip;]<\/p>\n","protected":false},"author":1,"featured_media":0,"parent":1218,"menu_order":0,"comment_status":"closed","ping_status":"closed","template":"","meta":[],"_links":{"self":[{"href":"https:\/\/san.uri.br\/mestrado_direito\/index.php\/wp-json\/wp\/v2\/pages\/42"}],"collection":[{"href":"https:\/\/san.uri.br\/mestrado_direito\/index.php\/wp-json\/wp\/v2\/pages"}],"about":[{"href":"https:\/\/san.uri.br\/mestrado_direito\/index.php\/wp-json\/wp\/v2\/types\/page"}],"author":[{"embeddable":true,"href":"https:\/\/san.uri.br\/mestrado_direito\/index.php\/wp-json\/wp\/v2\/users\/1"}],"replies":[{"embeddable":true,"href":"https:\/\/san.uri.br\/mestrado_direito\/index.php\/wp-json\/wp\/v2\/comments?post=42"}],"version-history":[{"count":6,"href":"https:\/\/san.uri.br\/mestrado_direito\/index.php\/wp-json\/wp\/v2\/pages\/42\/revisions"}],"predecessor-version":[{"id":4627,"href":"https:\/\/san.uri.br\/mestrado_direito\/index.php\/wp-json\/wp\/v2\/pages\/42\/revisions\/4627"}],"up":[{"embeddable":true,"href":"https:\/\/san.uri.br\/mestrado_direito\/index.php\/wp-json\/wp\/v2\/pages\/1218"}],"wp:attachment":[{"href":"https:\/\/san.uri.br\/mestrado_direito\/index.php\/wp-json\/wp\/v2\/media?parent=42"}],"curies":[{"name":"wp","href":"https:\/\/api.w.org\/{rel}","templated":true}]}}