{"id":41,"date":"2013-06-04T14:24:27","date_gmt":"2013-06-04T17:24:27","guid":{"rendered":"http:\/\/srvapp2s.santoangelo.uri.br\/sites\/mestrado_direito\/?page_id=20"},"modified":"2013-06-04T14:24:27","modified_gmt":"2013-06-04T17:24:27","slug":"coordenacao","status":"publish","type":"page","link":"https:\/\/san.uri.br\/mestrado_direito\/index.php\/coordenacao\/","title":{"rendered":"Coordena\u00e7\u00e3o"},"content":{"rendered":"<p style=\"text-align: justify;\">A Coordena\u00e7\u00e3o da P\u00f3s-Gradua\u00e7\u00e3o <em>Stricto Sensu<\/em> em Direito &#8211; Mestrado e Doutorado est\u00e1 localizada no 2\u00ba andar do pr\u00e9dio 18 da URI, campus de Santo \u00c2ngelo<\/p>\n<blockquote><p><strong>Coordena\u00e7\u00e3o Acad\u00eamica<\/strong><br \/>\nProf. Dr. Jo\u00e3o Martins Bertaso<\/p>\n<p><strong>Coordena\u00e7\u00e3o\u00a0Executiva<\/strong><br \/>\nProf. Dr.\u00a0Jacson Roberto Cervi<\/p><\/blockquote>\n","protected":false},"excerpt":{"rendered":"<p>A Coordena\u00e7\u00e3o da P\u00f3s-Gradua\u00e7\u00e3o Stricto Sensu em Direito &#8211; Mestrado e Doutorado est\u00e1 localizada no 2\u00ba andar do pr\u00e9dio 18 da URI, campus de Santo \u00c2ngelo Coordena\u00e7\u00e3o Acad\u00eamica Prof. Dr. Jo\u00e3o Martins Bertaso Coordena\u00e7\u00e3o\u00a0Executiva Prof. Dr.\u00a0Jacson Roberto Cervi<\/p>\n","protected":false},"author":1,"featured_media":0,"parent":0,"menu_order":0,"comment_status":"closed","ping_status":"closed","template":"","meta":[],"_links":{"self":[{"href":"https:\/\/san.uri.br\/mestrado_direito\/index.php\/wp-json\/wp\/v2\/pages\/41"}],"collection":[{"href":"https:\/\/san.uri.br\/mestrado_direito\/index.php\/wp-json\/wp\/v2\/pages"}],"about":[{"href":"https:\/\/san.uri.br\/mestrado_direito\/index.php\/wp-json\/wp\/v2\/types\/page"}],"author":[{"embeddable":true,"href":"https:\/\/san.uri.br\/mestrado_direito\/index.php\/wp-json\/wp\/v2\/users\/1"}],"replies":[{"embeddable":true,"href":"https:\/\/san.uri.br\/mestrado_direito\/index.php\/wp-json\/wp\/v2\/comments?post=41"}],"version-history":[{"count":0,"href":"https:\/\/san.uri.br\/mestrado_direito\/index.php\/wp-json\/wp\/v2\/pages\/41\/revisions"}],"wp:attachment":[{"href":"https:\/\/san.uri.br\/mestrado_direito\/index.php\/wp-json\/wp\/v2\/media?parent=41"}],"curies":[{"name":"wp","href":"https:\/\/api.w.org\/{rel}","templated":true}]}}