{"id":40,"date":"2013-06-04T14:21:12","date_gmt":"2013-06-04T17:21:12","guid":{"rendered":"http:\/\/srvapp2s.santoangelo.uri.br\/sites\/mestrado_direito\/?page_id=16"},"modified":"2013-06-04T14:21:12","modified_gmt":"2013-06-04T17:21:12","slug":"linha-de-pesquisa","status":"publish","type":"page","link":"https:\/\/san.uri.br\/mestrado_direito\/index.php\/linha-de-pesquisa\/","title":{"rendered":"Linha de Pesquisa"},"content":{"rendered":"<p style=\"text-align: justify;\"><strong>I- Direito e Multiculturalismo<\/strong><\/p>\n<p style=\"text-align: justify;\">Objetivos: Possibilitar a sistem\u00e1tica discuss\u00e3o e reflex\u00e3o sobre o \u201cDireito e multiculturalismo\u201d, com vistas a sua melhor aplica\u00e7\u00e3o, ensejando a capacita\u00e7\u00e3o para trabalhar as transforma\u00e7\u00f5es pol\u00edticas e jur\u00eddicas a partir da releitura do Direito e as rela\u00e7\u00f5es que se estabelecem na sociedade globalizada. Busca-se priorizar a qualifica\u00e7\u00e3o dos agentes na formula\u00e7\u00e3o de novas pol\u00edticas que proporcionem a melhoria da qualidade de vida, vislumbrando-se um l\u00f3cus de pesquisa norteada pelo par\u00e2metro \u00e9tico da cidadania.<\/p>\n<p style=\"text-align: justify;\"><strong>II- Pol\u00edticas de Cidadania e Resolu\u00e7\u00e3o de Conflitos<\/strong><\/p>\n<p style=\"text-align: justify;\">Objetivos: Possibilitar a sistem\u00e1tica discuss\u00e3o e reflex\u00e3o sobre a tem\u00e1tica \u201cCidadania e novas formas de Resolu\u00e7\u00e3o de Conflitos\u201d, com vistas a sua melhor aplica\u00e7\u00e3o, ensejando a capacita\u00e7\u00e3o para trabalhar as transforma\u00e7\u00f5es pol\u00edticas e jur\u00eddicas a partir de uma releitura da cidadania e das novas formas de solu\u00e7\u00e3o de conflitos, na perspectiva das garantias individuais e coletivas constitucionalmente asseguradas.<\/p>\n","protected":false},"excerpt":{"rendered":"<p>I- Direito e Multiculturalismo Objetivos: Possibilitar a sistem\u00e1tica discuss\u00e3o e reflex\u00e3o sobre o \u201cDireito e multiculturalismo\u201d, com vistas a sua melhor aplica\u00e7\u00e3o, ensejando a capacita\u00e7\u00e3o para trabalhar as transforma\u00e7\u00f5es pol\u00edticas e jur\u00eddicas a partir da releitura do Direito e as rela\u00e7\u00f5es que se estabelecem na sociedade globalizada. Busca-se priorizar a qualifica\u00e7\u00e3o dos agentes na formula\u00e7\u00e3o [&hellip;]<\/p>\n","protected":false},"author":1,"featured_media":0,"parent":0,"menu_order":0,"comment_status":"closed","ping_status":"closed","template":"","meta":[],"_links":{"self":[{"href":"https:\/\/san.uri.br\/mestrado_direito\/index.php\/wp-json\/wp\/v2\/pages\/40"}],"collection":[{"href":"https:\/\/san.uri.br\/mestrado_direito\/index.php\/wp-json\/wp\/v2\/pages"}],"about":[{"href":"https:\/\/san.uri.br\/mestrado_direito\/index.php\/wp-json\/wp\/v2\/types\/page"}],"author":[{"embeddable":true,"href":"https:\/\/san.uri.br\/mestrado_direito\/index.php\/wp-json\/wp\/v2\/users\/1"}],"replies":[{"embeddable":true,"href":"https:\/\/san.uri.br\/mestrado_direito\/index.php\/wp-json\/wp\/v2\/comments?post=40"}],"version-history":[{"count":0,"href":"https:\/\/san.uri.br\/mestrado_direito\/index.php\/wp-json\/wp\/v2\/pages\/40\/revisions"}],"wp:attachment":[{"href":"https:\/\/san.uri.br\/mestrado_direito\/index.php\/wp-json\/wp\/v2\/media?parent=40"}],"curies":[{"name":"wp","href":"https:\/\/api.w.org\/{rel}","templated":true}]}}