{"id":3477,"date":"2021-11-03T14:01:02","date_gmt":"2021-11-03T17:01:02","guid":{"rendered":"http:\/\/srvapp2s.santoangelo.uri.br\/sites\/mestrado_direito\/?page_id=3477"},"modified":"2026-02-05T16:53:59","modified_gmt":"2026-02-05T19:53:59","slug":"2025-2","status":"publish","type":"page","link":"https:\/\/san.uri.br\/mestrado_direito\/index.php\/doutorado\/tese\/2025-2\/","title":{"rendered":"2025"},"content":{"rendered":"\n<p><strong>5\u00aa Turma (ingresso 2021)<\/strong><\/p>\n\n\n\n<p><strong>C\u00e1ssia Gilmara Fraga Chiarello<\/strong><\/p>\n\n\n\n<p>T\u00edtulo: A aplicabilidade da teoria de Warat e a garantia do direito a cidades sustent\u00e1veis de munic\u00edpios com baixa arrecada\u00e7\u00e3o.<\/p>\n\n\n\n<p>Trabalho: <a href=\"https:\/\/mail-attachment.googleusercontent.com\/attachment\/u\/0\/?ui=2&amp;ik=1185c2ee75&amp;attid=0.1&amp;permmsgid=msg-f:1847519786058664967&amp;th=19a3b574f3884c07&amp;view=att&amp;disp=inline&amp;realattid=f_mh49ynop1&amp;zw&amp;saddbat=ANGjdJ8kp_lBVEnvvF2ihhFaX0LBsAIyeqkR4iXjFHJbZm9-RM26F_WtxgovCOq4kZM6X2jMDYPaAOJsvkYN25nspmmpN0wU6kv5wkQweAnbJlFXMcWJmKqJfpkseSi7ezlUGl868C8Tkxs_zXNal5Dqk2l0vT2-vXdVie4KGJnS2fJho5nvmzUk3r20SuY17Ym6xjPq8I1Cwn15z4_-OoDls2lVLBEicCpgQoIHpJkrKBUvdyiBYbAwySGTCNKh5Ih_6h2UDxTBuSL8GMc-UWxhd0GoheveU_X_BqZIgOVDoTRZVUU8ovBtp5HaT7bp-P8XKI0PNeAYVwde3rNemLJb7sr9kyCT4hP0Y6TB_0IfgKWDp02S6frQXVpiNd6l_9TZOATJoxAP5o6dnAl5dFGCIa76H4ivHWlphkkeBeFmtsANm1xJZHT53_SAiq1w9oxcg-6qPrvFEPy37Bps1ipdIqHwBgoytvQMjuuhIoM0s7hcX3vaseIPLHSjRQoi7qLFqceDT0vYbZJc8vzUIDbnKPQd5XOp1RNva2BTPlguUTOBCh1UjKB8dEIfZ-uiyP_SEjaLNMQL_IMBSu2NqtPzpibb8LI09L17AZue0yASU-hgEVQyva6-FaRBIz0V62Ac1Sr-kR_SmSIpTO3jkTkLD6Dd3bYw8_uLXCntvumkuDY0rJ7TPzk-5nmMCPtQKO3bSR1khAuWavMcEkFpSYACZ73pU7sRBPkg78xzkveFnlld33wbaojOJIOEPfmomc5KLBVmtCkCFAEtX1RuE_1lAAU310bSOJZm9V9CowbBSp_KZpa-HgyuMHzNc1c74mOxRhF3c3bfhHM8YOAOMnN45CPRfKNeE-VjljSpcdna0ef_IROY5oHLl0jv0AEoPgHomVuo9q8iOlxsmybTQi4qz64UxwWK_Y3IkpVGxjTqP1t_sDnP-WSMWuuA20N_Upevh-FULLfMEwANJxMn0oocklYtYVAKVI3To0Le0hKotARZsmStNBU5h6ntoG1E18SVLrDIPKksavMjQoEjzTtjH4seObquezXVLgfDxZ5O89hatbYWxMDpeXdWcK8\">Clique Aqui!!<\/a><\/p>\n\n\n\n<p>Data: 05 de agosto de 2025<\/p>\n\n\n\n<p>Banca: Prof. Dr. Jos\u00e9 Francisco Dias da Costa Lyra, Prof. Dr. Jacson Roberto Cervi, Prof. Dr. Leonel Severo Rocha, Prof. Dr. Andr\u00e9 Leonardo Copetti Santos, Prof. Dr. Luiz Ernani Bonesso de Araujo.<\/p>\n\n\n\n<p><strong>Francieli Iung Izolani<\/strong><\/p>\n\n\n\n<p>T\u00edtulo: Do direito a n\u00e3o agrointoxica\u00e7\u00e3o ao direito \u00e0 soberania alimentar: o caso da polifeira de Santa Maria\/RS como exemplo para aplica\u00e7\u00e3o da teoria do comunitarismo responsivo no brasil. <\/p>\n\n\n\n<p>Trabalho: <a href=\"https:\/\/mail-attachment.googleusercontent.com\/attachment\/u\/0\/?ui=2&amp;ik=1185c2ee75&amp;attid=0.2&amp;permmsgid=msg-f:1834601751269918271&amp;th=1975d09298c0c63f&amp;view=att&amp;zw&amp;disp=inline&amp;saddbat=ANGjdJ8VpZXVM1FElqBUPoFgAL28YECy8xMkeT-RX6S6bRp1V5VZ0uDQm1brH36gXjIPMAAT4Ra_cL5yiuHpEeJPP2b8Tz4r3qx_MHk4VPmLuXDulJ1J5nFTPq2AEmMIzh1UcynCbywNAO4PQNJ5EV5DobmI6PFRZ_kG-vVg7TOgATfr4ZbJ1F4pFYJYlkclmrAy-g_XIJ9wc5UZLQ_omZ5DeMbHwyj4yiVh-koxzNNXKZpkMrAGwXqF4eXmhgnAtjM56QSNk72sov7tHTsxZqooaYHb1CY-skgfoZUZ-cvP-ZrzL7DgLNaJMeLg1-4BP9QimcLaYOestdkvMZsT0Kd_D02YY_koUvUg1czLkqvwPjUJHFNUnCmQcF1CFiIpwCpUmreS1WRWCpL68p0I2_yVzyvicJB6Rbwwx6HuFIhgYI9pakIYGO0cXNb1Ww6rX3arowH2nlp3lUXijCmSTI-0daud_oaY71EzsY0M2X0R3VdTJllsiV_cJU4MAkAZ1IFlGrntnu9RujeUuAOLLHKiR9UHaWx0kzUuAj-9Aa9iLlHJqGG01iOt7o79a6qFT9gWrPEGv0NYzj8ToGGV5WxHrq4-DZU2vSts1UNmPDQbcrL-bhEunlDbqzLJfkxgSxvjQeBxIUnQJHIcX8xRkRPJ0YGhs6mbRFK4T9m-qAP3Fnm7JluluYJNxwKSqv4KaAZ2Shuzp7VyT4QxIesSxwQ7lbEEQvGSO8obE4M0cm5oEgRQC87TJfVTXZRNMtycoPP5whOlgvh8L6ej0Lmw9OcISVsDl3BDYdCdXFlQVG06JrxYo5yG35tzFMyIIJCAkyB-JKcsyUzu9j8QgMhEDQJmhwcbcfS38XUGp7j_7ZJ4nAzTtLFGwa2PVOaanfHs8gf7kmJ7fbLHmYibr8_LdQHZGBCWf4R34PlRjq4KqqG_3QC4j_aoes7IpCkp8OdYYTu4KxQQ174Jiv0p80Z2qn-Ld6zbt7cxU48SCCpRSGQU5SjV84S6kDkCQObC-51sNw7Y3p8HnsErgbglrUeCQvL2aSFp5-cXaX8w9ok91t9Tcj1F0DHhoAFDm3MxCNQ\">Clique Aqui!!<\/a><\/p>\n\n\n\n<p>Data: 20 de maio de 2025<\/p>\n\n\n\n<p>Banca: Prof. Dr. Jacson Roberto Cervi, Prof. Dr. Noli Bernardo Hahn, Profa.Dra. Ros\u00e2ngela Angelin, Prof. Dr. Luiz Ernani Bonesso de Araujo, Prof. Dr. Jo\u00e3o Pedro Schmidt<\/p>\n\n\n\n<p><strong>Paola Lazzaretti Victor<\/strong><\/p>\n\n\n\n<p>T\u00edtulo: Possibilidades e limites da media\u00e7\u00e3o familiar extrajudicial obrigat\u00f3ria no direito brasileiro: um olhar para o conflito \u00e0 luz de Luis Alberto Warat<\/p>\n\n\n\n<p>Trabalho: <a href=\"https:\/\/mail-attachment.googleusercontent.com\/attachment\/u\/0\/?ui=2&amp;ik=1185c2ee75&amp;attid=0.2&amp;permmsgid=msg-f:1841170793974622534&amp;th=198d271509ae6946&amp;view=att&amp;disp=inline&amp;realattid=f_memzxwil1&amp;zw&amp;saddbat=ANGjdJ_4JiiyJ1OFjhCuq6zJT09wfpP2bpRe2F5owxFg1v6jDl6cAZr6wr1QcKVC3w0GikG1iSzFFO96p64BM4WNfrPIxfhc-pIXLnTPQYr1HjFSeEwf1XyfdaXAisa9kHOLADSVB1vf-Sb6Qh887A4mQ46dXyxnaMecfVPYN-P84D2zs1WKkrd3BQZKNZqlaCUzNuZH8gBmvhgW8hv6vifnd6DhTe3-_IjmbBlc54uO00VQ5apoEcmJJrGfkHkU6WYGY4ZnOV6DK0nssjo4bcGV16FRjv8a6syKTux5p0te_WumI3Aev2pGXJncC0f9JFqQ7wqn3T92oS0e0yUp8zCdmFIFUg_r13JjYTKmDUBchIUgRssVxeXfZzLnuLtRIXW7wi4jrSn2a-41YfIEapzgEbHAH_mT2-Aq28zsHFCKdk4uNU8UBnAfMey0K7mOnV_BZ5N5R6Mqx6NjZwdQQh_L3Y1VQejrNCvFvKfJIXfXQKlqgks1Se7ODpis-YwT79P5K7pcepuI_y4idg9fsESIh7G9V32558M4phUyTk7g3Qz_mO0YdAkl-WwPs2_BaXzReDnY26vH8VIqKD1uaQ6zAI8WpRMWgzdY-JG8ueL-xX-3OGRbY-A4z-8OYZwcUG0t9UohXcdr0TiD6I9ncd0qylrdNi49K8K49qWra7kRFxLJ8b7xp_37YESbJZDfvjzitQbVC7iwwxQJc0fr2USC9ZAEZYb79KsJiVzHjZu4iFzyFpXKJf_e2WZe5kyxIo-ZKlIXtjiYarDlE-0uR0gS6h7mfEaZjxZgwK3tDe7fzuqqh7dZ0x782Mr8jO5CCxUwwyy-kdG7aaQ9-QO5rldizc1H3zVX1ZhwFJ9QpW2crdfeMgwT4q1csIXXDFTq5_paqFXn9KQz0yz9xNUJ_9Kb6NqAAzgMdoZM_LF-q0ckpMEBKX6QaUKC4qzu4VEWdvxPatOqDRmSCSL3uJmSb_r9DMT3obQRzq60i6ODcYx_y88r-8vorYEwKJQLlvA_KsSSFAV6qs3aq_0RM6Us6gc4NBLluyFrAGaat7Y4M8sj_BDJxzMeD7HSyseVLnQ\">Clique Aqui!!<\/a><\/p>\n\n\n\n<p>Data: 16 de julho de 2025<\/p>\n\n\n\n<p>Banca: Prof. Dr. Jo\u00e3o Martins Bertaso, Prof. Dr. Jo\u00e3o Delciomar Gatelli, Profa. Dra. Janete da Rosa Martins, Prof. Dr. Rog\u00e9rio da Silva, Prof. Dr. Clovis Gorczevski.<\/p>\n\n\n\n<p><\/p>\n","protected":false},"excerpt":{"rendered":"<p>5\u00aa Turma (ingresso 2021) C\u00e1ssia Gilmara Fraga Chiarello T\u00edtulo: A aplicabilidade da teoria de Warat e a garantia do direito a cidades sustent\u00e1veis de munic\u00edpios com baixa arrecada\u00e7\u00e3o. Trabalho: Clique Aqui!! Data: 05 de agosto de 2025 Banca: Prof. Dr. Jos\u00e9 Francisco Dias da Costa Lyra, Prof. Dr. Jacson Roberto Cervi, Prof. Dr. Leonel Severo [&hellip;]<\/p>\n","protected":false},"author":1,"featured_media":0,"parent":1243,"menu_order":0,"comment_status":"closed","ping_status":"closed","template":"","meta":[],"_links":{"self":[{"href":"https:\/\/san.uri.br\/mestrado_direito\/index.php\/wp-json\/wp\/v2\/pages\/3477"}],"collection":[{"href":"https:\/\/san.uri.br\/mestrado_direito\/index.php\/wp-json\/wp\/v2\/pages"}],"about":[{"href":"https:\/\/san.uri.br\/mestrado_direito\/index.php\/wp-json\/wp\/v2\/types\/page"}],"author":[{"embeddable":true,"href":"https:\/\/san.uri.br\/mestrado_direito\/index.php\/wp-json\/wp\/v2\/users\/1"}],"replies":[{"embeddable":true,"href":"https:\/\/san.uri.br\/mestrado_direito\/index.php\/wp-json\/wp\/v2\/comments?post=3477"}],"version-history":[{"count":1,"href":"https:\/\/san.uri.br\/mestrado_direito\/index.php\/wp-json\/wp\/v2\/pages\/3477\/revisions"}],"predecessor-version":[{"id":4943,"href":"https:\/\/san.uri.br\/mestrado_direito\/index.php\/wp-json\/wp\/v2\/pages\/3477\/revisions\/4943"}],"up":[{"embeddable":true,"href":"https:\/\/san.uri.br\/mestrado_direito\/index.php\/wp-json\/wp\/v2\/pages\/1243"}],"wp:attachment":[{"href":"https:\/\/san.uri.br\/mestrado_direito\/index.php\/wp-json\/wp\/v2\/media?parent=3477"}],"curies":[{"name":"wp","href":"https:\/\/api.w.org\/{rel}","templated":true}]}}