{"id":3471,"date":"2021-11-03T14:00:17","date_gmt":"2021-11-03T17:00:17","guid":{"rendered":"http:\/\/srvapp2s.santoangelo.uri.br\/sites\/mestrado_direito\/?page_id=3471"},"modified":"2026-02-05T17:14:12","modified_gmt":"2026-02-05T20:14:12","slug":"2022-2","status":"publish","type":"page","link":"https:\/\/san.uri.br\/mestrado_direito\/index.php\/doutorado\/tese\/2022-2\/","title":{"rendered":"2022"},"content":{"rendered":"\n<p><strong>2\u00aa Turma (ingresso em 2018)<\/strong><\/p>\n\n\n\n<p><strong>Ana Pula Cacenote de Almeida<\/strong><\/p>\n\n\n\n<p>T\u00edtulo: Comedia\u00e7\u00e3o a partir da experi\u00eancia Waratiana: Entre a transdisciplinaridade, o afeto e a po\u00e9tica da transforma\u00e7\u00e3o do conflito.<\/p>\n\n\n\n<p>Trabalho: aguardando vers\u00e3o final<\/p>\n\n\n\n<p>Data: 19 de dezembro de 2025<\/p>\n\n\n\n<p>Banca: Prof. Dr. Jo\u00e3o Martins Bertaso, Profa. Dra. Janete Rosa Martins, Prof. Dr. Gilmar Antonio Bedin, Prof. Dr. Marcos Leite Garcia, Prof. Dr. Newton Cesar Pilau.<\/p>\n\n\n\n<p><strong>Rafaela Baldissera<\/strong><\/p>\n\n\n\n<p>T\u00edtulo: O cidad\u00e3o-ecossens\u00edvel: ressignificando a regulamenta\u00e7\u00e3o ambiental na constitui\u00e7\u00e3o de 1988.<\/p>\n\n\n\n<p>Trabalho: <a href=\"https:\/\/san.uri.br\/mestrado_direito\/wp-content\/uploads\/2023\/08\/Tese-Rafaela-Baldissera.pdf\">Clique Aqui!!<\/a><\/p>\n\n\n\n<p>Data: 14 de dezembro de 2021<\/p>\n\n\n\n<p>Banca: Prof. Dr. Jo\u00e3o Martins Bertaso, Prof. Dr. Jacson Roberto Cervi, Prof. Dr. Felipe Chiarello de Souza Pinto, Profa. Dra. Cleide Calgaro, Prof. Dr. Roberto Viciano, Prof. Dr. Liton Lanes Pilau Sobrinho.<\/p>\n\n\n\n<p><strong>Rafael Vieira de Mello Lopes<\/strong><\/p>\n\n\n\n<p>T\u00edtulo: As Ideias Republicanas E A Rep\u00fablica No Brasil: O Neorepublicanismo Como Uma Forma De Fortalecimento Da Rep\u00fablica Num Pa\u00eds De Modernidade Tardia.<\/p>\n\n\n\n<p>Trabalho:<em> <\/em><a href=\"https:\/\/san.uri.br\/mestrado_direito\/wp-content\/uploads\/2023\/08\/TESE-RAFAEL-VERSAO-FINAL.pdf\">Clique Aqui!!<\/a><\/p>\n\n\n\n<p>Data: 18 de fevereiro de 2022<\/p>\n\n\n\n<p>Banca: Prof. Dr. Gilmar Ant\u00f4nio Bedin, Prof. Dr. Jo\u00e3o Martins Bertaso, Prof. Dr. Leonel Severo Rocha, Prof. Dr. Guilherme Massa\u00fa, Prof. Dr. Domingos Benedetti Rodrigues.<\/p>\n\n\n\n<p><strong>Bianca Str\u00fccker<\/strong><\/p>\n\n\n\n<p>T\u00edtulo: Inter-Rela\u00e7\u00f5es Entre Laicidade E Direitos Reprodutivos: processos emancipat\u00f3rios de mulheres na an\u00e1lise de discuss\u00f5es p\u00fablicas em rela\u00e7\u00e3o \u00e0 ADPF 442 e Lei 9.263\/1996 sob uma \u00f3tica laico-republicana.<\/p>\n\n\n\n<p>Trabalho: <a href=\"https:\/\/san.uri.br\/mestrado_direito\/wp-content\/uploads\/2023\/08\/TESE-Bianca-Strucker-versao-final.pdf\">Clique Aqui!!<\/a><\/p>\n\n\n\n<p>Data: 25 de fevereiro de 2022<\/p>\n\n\n\n<p>Banca: Prof. Dr. Noli Bernardo Hahn, Prof. Dr. Jo\u00e3o Martins Bertaso, Prof. Dr. Rog\u00e9rio da Silva, Profa. Dra. Denise Girardon dos Santos, Prof. Dr. Celso Gabatz, Profa. Dra. Sandra Vidal Nogueira.<\/p>\n\n\n\n<p><strong>Marcos Costa Salom\u00e3o<\/strong><\/p>\n\n\n\n<p>T\u00edtulo: A regulariza\u00e7\u00e3o da moradia como acesso \u00e0 propriedade im\u00f3vel.<\/p>\n\n\n\n<p>Trabalho: <a href=\"https:\/\/san.uri.br\/mestrado_direito\/wp-content\/uploads\/2023\/08\/Microsoft-Word-TESE-PRONTA-03-12.doc.pdf\">Clique Aqui!!<\/a><\/p>\n\n\n\n<p>Data: 29 de mar\u00e7o de 2022<\/p>\n\n\n\n<p>Banca: Prof. Dr. Jos\u00e9 Alceb\u00edades de Oliveira J\u00fanior, Prof. Dr. Adalberto Narciso Hommerding, Prof. Dr. Gilmar Ant\u00f4nio Bedin, Prof. Dr. Fl\u00e1vio Murilo Tartuce Silva, Profa. Dra. Daniella Basso Batista Pinto.<\/p>\n\n\n\n<p><strong>Agnelo Fabiano Prado da Silva<\/strong><\/p>\n\n\n\n<p>T\u00edtulo: Colis\u00e3o entre o direito constitucional \u00e0s terras tradicionalmente ocupadas pelos ind\u00edgenas <em>kaingang<\/em> e o direito \u00e0 pequena propriedade de agricultores familiares em Vicente Dutra\/RS: um olhar multicultural pela lente do transconstitucionalismo. <\/p>\n\n\n\n<p>Trabalho: <a href=\"https:\/\/san.uri.br\/mestrado_direito\/wp-content\/uploads\/2023\/08\/Tese-Agnelo.pdf\">Clique Aqui!!<\/a><\/p>\n\n\n\n<p>Data: 29 de agosto de 2022<\/p>\n\n\n\n<p>Banca: Prof. Dr. Osmar Veronese, Profa. Dra. Ros\u00e2ngela Angelin, Prof. Dr. Jacson Roberto Cervi, Porf. Dr. Daniel Rubens Cenci, Porf. Dr. Newton C\u00e9sar Pilau.<\/p>\n\n\n\n<p><strong>Francieli Freitas Meotti<\/strong><\/p>\n\n\n\n<p>T\u00edtulo: O sistema interamericano de Direitos Humanos e o monismo jur\u00eddico: a defesa do controle de convencionalidade como uma forma de garantia Direitos Humanos no Brasil.<\/p>\n\n\n\n<p>Trabalho: <a href=\"https:\/\/san.uri.br\/mestrado_direito\/wp-content\/uploads\/2023\/08\/Microsoft-Word-Tese-Francieli-Freitas-Meotti-Banca.docx.pdf\">Clique Aqui!!<\/a><\/p>\n\n\n\n<p>Data: 12 de dezembro de 2022<\/p>\n\n\n\n<p>Banca:  Prof. Dr. Gilmar Ant\u00f4nio Bedin, Prof. Dr. Jos\u00e9 Francisco Dias da Costa Lyra, Profa. Dra. Thami Covatti Piaia, Prof. Dr. Giovani Corralo, Profa. Dra. Elenise Felzke Schonardie.<\/p>\n\n\n\n<p><strong>Liane Marli Sch\u00e4fer<\/strong><\/p>\n\n\n\n<p>T\u00edtulo: Direitos Humanos e reconhecimento de pessoas com defici\u00eancia na perspectiva institucional da promo\u00e7\u00e3o de acesso acad\u00eamico: um estudo e caso em universidade comunit\u00e1ria e p\u00fablica federal na regi\u00e3o das miss\u00f5es do estado do Rio Grande do Sul (Brasil). <\/p>\n\n\n\n<p>Trabalho: <a href=\"https:\/\/san.uri.br\/mestrado_direito\/wp-content\/uploads\/2023\/08\/Tese-Doutorado-Liane-Marli-Schafer-Entregue.pdf\">Clique Aqui!!<\/a><\/p>\n\n\n\n<p>Data: 24 de agosto de 2022<\/p>\n\n\n\n<p>Banca: Profa. Dra. Ros\u00e2ngela Angelin, Profa. Dra. Rosane Seibert, Profa. Dra. Berenice Beatriz Rossner Wbatuba, Prof. Dr. Noli Bernardo Hahn, Profa. Dra. Eliane Fontana, Prof. Dr. Edemar Rotta.<\/p>\n\n\n\n<p><strong>Nelmo de Souza Costa <\/strong><\/p>\n\n\n\n<p>T\u00edtulo: Levando os direitos fundamentais do contribuinte a s\u00e9rio em contexto de incerteza normativa <\/p>\n\n\n\n<p>Trabalho: <a href=\"file:\/\/\/C:\/Users\/Schunke\/Downloads\/TESE%20de%20Doutorado%20em%20Direito%20sem%20Anexos%20-%20Final%20-%20Nelmo%20de%20Souza%20Costa.pdf\">Clique Aqui!!!<\/a><\/p>\n\n\n\n<p>Data: 29 de fevereiro de 2024 <\/p>\n\n\n\n<p>Banca:  Prof. Dr. Jos\u00e9 Francisco Dias da Costa Lyra, Prof. Dr. Paulo Roberto Alves, Prof. Dr. Cl\u00f3vis Gorczevski, Prof. Dr. Adalberto Narciso Hommerding, Prof. Dr. Gilmar Antonio Bedin<\/p>\n\n\n\n<p><strong>Candice Nunes Bertaso<\/strong><\/p>\n\n\n\n<p>T\u00edtulo: A media\u00e7\u00e3o como interface do feminino: o direito em Luis Alberto Warat.<\/p>\n\n\n\n<p>Trabalho: aguardando vers\u00e3o final<\/p>\n\n\n\n<p>Data: 31 de julho de 2024<\/p>\n\n\n\n<p>Banca: Prof. Dr. Leonel Severo Rocha, Dr. Noli Bernardo Hahn, Profa. Dra. Janete Rosa<br>Martins, Prof. Dr. Liton Lanes Pilau Sobrinho, Profa. Dra. Fernanda Busanello Ferreira, Profa. Dra. Rosangela Lunardelli Cavalazzi.<\/p>\n\n\n\n<p><\/p>\n","protected":false},"excerpt":{"rendered":"<p>2\u00aa Turma (ingresso em 2018) Ana Pula Cacenote de Almeida T\u00edtulo: Comedia\u00e7\u00e3o a partir da experi\u00eancia Waratiana: Entre a transdisciplinaridade, o afeto e a po\u00e9tica da transforma\u00e7\u00e3o do conflito. Trabalho: aguardando vers\u00e3o final Data: 19 de dezembro de 2025 Banca: Prof. Dr. Jo\u00e3o Martins Bertaso, Profa. Dra. Janete Rosa Martins, Prof. Dr. Gilmar Antonio Bedin, [&hellip;]<\/p>\n","protected":false},"author":1,"featured_media":0,"parent":1243,"menu_order":0,"comment_status":"closed","ping_status":"closed","template":"","meta":[],"_links":{"self":[{"href":"https:\/\/san.uri.br\/mestrado_direito\/index.php\/wp-json\/wp\/v2\/pages\/3471"}],"collection":[{"href":"https:\/\/san.uri.br\/mestrado_direito\/index.php\/wp-json\/wp\/v2\/pages"}],"about":[{"href":"https:\/\/san.uri.br\/mestrado_direito\/index.php\/wp-json\/wp\/v2\/types\/page"}],"author":[{"embeddable":true,"href":"https:\/\/san.uri.br\/mestrado_direito\/index.php\/wp-json\/wp\/v2\/users\/1"}],"replies":[{"embeddable":true,"href":"https:\/\/san.uri.br\/mestrado_direito\/index.php\/wp-json\/wp\/v2\/comments?post=3471"}],"version-history":[{"count":7,"href":"https:\/\/san.uri.br\/mestrado_direito\/index.php\/wp-json\/wp\/v2\/pages\/3471\/revisions"}],"predecessor-version":[{"id":4948,"href":"https:\/\/san.uri.br\/mestrado_direito\/index.php\/wp-json\/wp\/v2\/pages\/3471\/revisions\/4948"}],"up":[{"embeddable":true,"href":"https:\/\/san.uri.br\/mestrado_direito\/index.php\/wp-json\/wp\/v2\/pages\/1243"}],"wp:attachment":[{"href":"https:\/\/san.uri.br\/mestrado_direito\/index.php\/wp-json\/wp\/v2\/media?parent=3471"}],"curies":[{"name":"wp","href":"https:\/\/api.w.org\/{rel}","templated":true}]}}