{"id":3460,"date":"2021-11-03T13:46:16","date_gmt":"2021-11-03T16:46:16","guid":{"rendered":"http:\/\/srvapp2s.santoangelo.uri.br\/sites\/mestrado_direito\/?page_id=3460"},"modified":"2026-02-09T13:44:10","modified_gmt":"2026-02-09T16:44:10","slug":"2025-2","status":"publish","type":"page","link":"https:\/\/san.uri.br\/mestrado_direito\/index.php\/mestrado\/dissertacoes\/2025-2\/","title":{"rendered":"2025"},"content":{"rendered":"<p><strong>18\u00aa Turma (ingresso em 2023)<\/strong><\/p>\n<p><strong>Eliel Rocha Dorneles<\/strong><\/p>\n<p>T\u00edtulo: Democracia constitucional, capitalismo de vigil\u00e2ncia e destrui\u00e7\u00e3o do espa\u00e7o p\u00fablico: uma an\u00e1lise das principais consequ\u00eancias pol\u00edticas da atual revolu\u00e7\u00e3o digital.<\/p>\n<p>Trabalho:&nbsp;<a href=\"https:\/\/mail-attachment.googleusercontent.com\/attachment\/u\/0\/?ui=2&amp;ik=1185c2ee75&amp;attid=0.1&amp;permmsgid=msg-f:1826853098514036023&amp;th=195a4936c9c03537&amp;view=att&amp;zw&amp;disp=inline&amp;saddbat=ANGjdJ9Zmy_duOk63jCP-tTdf17Y32UBqQ6bjlGlX-cvFDR6ZyJgNhZ9cKhSy2b4GumQQ9LA1z7IrZkHrnprwBDJkBNx8kKb5blBq0ECGxNByYx7sHgqbELpORv9VyeAG-lIOLQxYkrJepWrTTfdWZBXbDk3uigiw-jXSLGrm5GDUnuJEqlqRJ2i8m4h4mB0XSvhevzDLO6uMaM4uASt8--x8ZsCa1_MwCfVmb_HPy2cA92UO8dNTWT7mazhxWMmOeyh4qHBa4m-i7wakSj_F1QPt1PYeU2jy9j06T5Ktj4sQKlj23tv0mzgTs7UM1HOGBu6d1MMmHFaV40sZCLICqP4eMZrSQva0pQRthn7kqhICNjhHMB9EJ3dUfYjJwy1FbpUo62yhXvW4euVQZG4zlEvWw_r-ZnzijLGqm9AJvw0-P21MHhOQe5w6H_bC3LrDV_UP3sSlpUN37RBxrGyvdai7QIQ8QSNBKvD8jH5LCFqLn8lQ8b4izrqBeOa5oNqa3L5k_k8sf-UYEN1XAYr5wb4rrSCQhl2nPYbt5jobLnCPtjMGL5EU3GlZ_2SFE18EYKT2fwbhLv9n4dXPsZfZ-kPsScWArHFVbE2d68zrZ0M65RLdQS452sDarZaJEwvyWRLeQaHGVhG6g01sQkVRsj-OCdjGtn1n25Iit15mBWUGvLH6MMkfke-FQJ22nIdgSx7g9d_aKTmlPxWjjEs8hgOpEWKyb0k7CjD69FkjuhsnZB7jGIy7hUcMzukpqAgUgma0Mo82Dj11Qeau7Oggxwyd08nl99x26CXj87vrRuC0ydTXOp9GZ3zok7Qkh6LWoabNBf4N2SfjW8E5U1fyIr095KBQG3aw5u8pECOD_i3e5QWu3a2JqRiCbAUkvECoHCzmeJSkwGcfQRvqF9n_cqNpl0As_6M3EvxKfE4_Ua-f0Q1-etryEBLQ4quwMJA37b5Zj6SUjZ8ZtNWQKO1fpQM6Zxdh6MSVXgv19dPAMmKvnmUk5HN6V_QwU8pSjgGe3XV71kgTEvbDsGcIYjcrdplWAFcRP9iEgULWrEAZFzh-j6gDLCgnQCl6ojex-0\" target=\"_blank\" rel=\"noopener\">Clique Aqui!!<\/a><\/p>\n<p>Data: 17 de dezembro de 2024<\/p>\n<p>Banca: Prof. Dr. Gilmar Antonio Bedin, Prof. Dr. Jo\u00e3o Martins Bertaso, Prof. Dr. Mateus de Oliveira Fornasier.<\/p>\n\n\n<p><strong>Camila Cabral<\/strong><\/p>\n\n\n\n<p>T\u00edtulo: A media\u00e7\u00e3o como cl\u00e1usula nos pactos antenupciais no direito de fam\u00edlia e sucess\u00f5es: uma perspectiva de preven\u00e7\u00e3o e resolu\u00e7\u00e3o de conflitos.<\/p>\n\n\n\n<p>Trabalho: <a href=\"https:\/\/mail-attachment.googleusercontent.com\/attachment\/u\/0\/?ui=2&amp;ik=1185c2ee75&amp;attid=0.1&amp;permmsgid=msg-f:1848155120968597465&amp;th=19a5f74a6326ffd9&amp;view=att&amp;disp=inline&amp;realattid=f_mhp5l3hq0&amp;zw&amp;saddbat=ANGjdJ-dwPVa-PglAyWcSahEPDwzHWgZFMzudHci-LgkZJ5LArkH0Lx_K3VrIaDYMA12fNDp6N7I8lAW6VGQuLcZhP1rHYmRTsKVWQ8j21sLuDXNISLNhsTk51vZKCOSGCtjSyZNAPzzY-sgFOptk5wRD9LWUaocan91tEzioemYxZprFxMX5FLyiMMnzXOZASBLBvmOrhtxHInjzW2j33L6KZI-u8c8Tr_rv1tkuhXgkkVE0EcoMUGtmAISeOVitaGvKgPaJZgODfJrOVrL-O7OORPMAu_upccXLyEnPBnSO-lz8g52D0_lnexU3PVPA4IXEODE8jt1jc5bopfrjtDOWvxzTT8u-Ta4uXTh16v3YObcku8KCwtckKFqqFFXwYvgMd_u01NwXXptR46qdbt-4Q5lqPdfsoTtqotI7nxvnQB4yS2jg_RaYsfr0VdXs1qSoB_NPE_gNK7I0mheoiPiFaXbgafyNo9qtolMGhc3wi0FMmMzvNQBrrBhk88xmj8DPhJ-Cr4-D7QBY3iP8QXLk7hepp3SdybjNzgIeQV1hXOyyUeRL_lLxrbGpnDrYivud01wimSB4Z17SqXsO1UaKOSUeJoen5ONx1HAVzc2pbSym6gXZLT-bVzfGn_LzXfgVSUd2Nzs_nHsqlDPDu3peaGISb32rfVUXAPj4YEwnUwaZOEDhJh9swyUYC-SHbRyZhdQ28nviG_1kPYwSDCvRsd4IuqdRtHGC62phMErzriqLiFh63MzhliIITkBW_jysMwcQThCk1yxjoAF8FZVfMyKTWuaKTAc2K7SPEMtnf2ZMaIpCg0On3wVDeG5IwPwCOsu4qlyojAKG8UulyAPtOC0RdvCBv3JUucUAj9eXBjZXYgedojaaLvH6tAgeIcynAQGEr0U6o_E7UUDix6LckUdXSw1w9DpICvFXsDKnWQLQ1NGOKeDse7073UCXkqsViOcXimW8W17XD1YEhN4rkQ9SaJuEdMlOiSiJ7wKNBcctyV5naovnsEcKLVJoGtTYsTB8DXrqpehnHrceZ5-YaUXSOHL8ICgOEewy-W-YQH-NOyOJxlmb0BgI-o\">Clique Aqui!!<\/a><\/p>\n\n\n\n<p>Data: 11 de junho de 2025<\/p>\n\n\n\n<p>Banca: Profa. Dra. Janete Rosa Martins, Prof. Dr. Jo\u00e3o Delciomar Gatelli, Prof. Dr. Gilmar Antonio Bedin, Profa. Dra. Marta Filipa Geraldes Falc\u00e3o.<\/p>\n\n\n\n<p><strong>David Lazzaretti Vieira<\/strong><\/p>\n\n\n\n<p>T\u00edtulo: An\u00e1lise econ\u00f4mica do direito \u00e0 prova nos incidentes \u00e0s execu\u00e7\u00f5es fiscais da fazenda nacional.<\/p>\n\n\n\n<p>Trabalho: <a href=\"https:\/\/mail-attachment.googleusercontent.com\/attachment\/u\/0\/?ui=2&amp;ik=1185c2ee75&amp;attid=0.2&amp;permmsgid=msg-f:1826324063991469881&amp;th=1958680f56f59739&amp;view=att&amp;disp=inline&amp;realattid=f_m84u19sd0&amp;zw&amp;saddbat=ANGjdJ-WxFmKjvVSwWVxqdfUqhiCZbJ1xEboWsqbrbJWAC4bomgQi6kz2jIedOtMPnAex2ywgDl4P6EYymr1nXS_-BK1euXq1TaLrC5h0rp-VPMknZZLpr36Mx2-WVVtu2zcVRo1-BJvHexUh5RCb2AEnD9fmh5IpyKwpq9wqDbsA1c0A7N0eBtDSDDXCAYUaQPnh7lL3WXRLxF8IbI9WZ9m3LQbScUpf_tr3uUOShUzahDxet85rR8IOn1SQvJTrSwJ4oIxEUTKoy6exX9n_a32m3hfCwDj-2_y_9ASqgNrHunml3PMbl5P_UM-TO8yCCK86JQmU-6ji7g-8gC8P9Ke-1gOoSY2W0_5vIo9USgBWEjDy_erk8FJq1VCftDiJOcPvGW0aKB13d_pzAAT51oqJYN8GXv2v20IhCzwQypNrmzsRII4dO-BRagLZ2bHItU1atzXICPK7oLoDKETDO1BsLyykp76BvXs4vDBvbhxAFlCryy1CQDqHt3f-sTtKy4VdXPEexin7HnUGGVPsgHJE9hF1-v0-VBjXEtGSjF7E6ALvWlLG6r5_zF2Moe8Wl2RJZFS5w41oItdZSXGnoMrFT2dCcZ34wPZeeIsgX-Sv4FPwrwWVU379iCExpayhO3aAGPDHD68g3DERt9Nof3rwj8PWZleUOwaDV7d0PvnX-vzc7NCRG32qSrvqDHMbCA86NpQz3-B_rna5mGf4hkIk6oOdtIT1ooBYBl-GxRo1wuVdVeaEN9eo3KWdEq4qTGPBWC_mANBWVdCxI9D5UMJz2DR3vjJRfBtRj1QBgFHEG5Z1IZAKFUV35jRwLJeuDbDfx66laJozjk9t8kn2vhUCsmU4USuD6n8nJpzgUpzmqvh8l9lkwzDwGN6-npLfGi4_c5CsyDT_qgUfSMUBKIt2lwOLeld20wK2QVubNxc6vuEzGWwIyeU_Xm8FP03xLu5qm3rCpZsrsI5_LZXaClGG2FgDtUvoz4wbdiCEzXPSQoMecqFvr15wlvDRJ3CjExQ9HZhmtXBAuoWKpra-PM18KPiJlPbdJMJWa4O2LgUXhoXBCd4vLQgVthty0k\">Clique Aqui!!<\/a><\/p>\n\n\n\n<p>Data: 25 de fevereiro de 2025<\/p>\n\n\n\n<p>Banca: Prof. Dr. Adalberto Narciso Hommerding, Prof. Dr. Jacson Roberto Cervi, Prof. Dr. Darci Guimar\u00e3es Ribeiro.<\/p>\n\n\n\n<p><strong>Diego Marafiga Cordeiro<\/strong><\/p>\n\n\n\n<p>T\u00edtulo: A influ\u00eancia da m\u00eddia no processo penal nos casos de decreta\u00e7\u00e3o da pris\u00e3o preventiva.<\/p>\n\n\n\n<p>Trabalho: <a href=\"https:\/\/mail-attachment.googleusercontent.com\/attachment\/u\/0\/?ui=2&amp;ik=1185c2ee75&amp;attid=0.2&amp;permmsgid=msg-f:1839616472221315203&amp;th=1987a16f4db57083&amp;view=att&amp;zw&amp;disp=inline&amp;saddbat=ANGjdJ-AEklB995TubjbQu4Qk_q-6nQmDBgnX9RijDxNfvzHdGYT-QO9PPYDuLv7FNbSot1yAgZfc735w69bqSgjqCBCJUy5FGK8tpv7wwM3OCYQuek1jXTXIRakNLc29nta9MvUhzEtbsBgtoR-p_Ca8RIBZYuoTEZvsc7UkvPYVDI31-c_T76wCTR7UVg3vyZWnDrjgNyLkcfb_-nbVvaopeDL7ZJCN7rdLmY5vwluT9QoNFAfVlA5WxxnsnYJgH_4lOOP5lKvNicbIo28279Kw-ucAWs4qcKn2taVD3AYCAZgBoqL5qblgng_5fHXhlkP2k6uGvkE90q4JSgNV36dZzQuxAG_x1jSy5ZoDFctN91P97U9ksppjnJl8B3wpV9mbS1bWJoI5w3Pxxqpi8hPJdftIlIBzNG-WrhGveKq8zkD9va7aP0BFL8FrRfbJ59lLSkXhKs1i8LlcjTUjRUAGUqI7zilKuLTih0rVNAo3Q6TY9ewUK4nzBFiaJN_5GltM2FjrJr8IGpte-YTZ4OrGqIKeI558lhDXrXpvSfk9sqeR_wa-6oLVsT4u_D67RqC7Qv56YKHScZRvYpNZ8tdzKtZ1h7iQ-xoNxeGWj2itzIZMQEVNVrrpePql6jUIXlwVSMwRzJVL-R39K87yeqG5GFaJyhc5VCER7ew6B9Z6sGCEgWaRqpVvsZ3LXzuVau5FHbQQ4Hd6y9PHQq-LXB7vDL_o4f6dIx9fK8nCi1oh6GFhswlEgz3ZlkGv3m9_limE6NMSeGKnvX7J4GDepEfnf9ngz2iV9b5a1aYaHn0gdO50ir94KGeS1xGgp-pP2ExAWN5m7V-wd16w4rW2IW7ib1iW4ACKCTOU7i3UPhs9dGJKZ_2lEEvoqH2zEe1kOzpitXTka0GI31mE0lqR-qajruBAO8ykGTMCktWJYS2GhZJTDo9UEapbIb2DRF00kYNOpw-maumSkUZdQK8_EJ3V57nPpMKzKbsWGNPyFBXPTYLwjBPlKwVDe0eOUZ1paLf4XlQRdJ9ny-fCArexX5lGDQrsSdcnrzUk8NWSl6_AO_dsu_DF8O1goUOs9c\">Clique Aqui!!<\/a><\/p>\n\n\n\n<p>Data: 14 de julho de 2025<\/p>\n\n\n\n<p>Banca: Prof. Dr. Jos\u00e9 Francisco Dias da Costa Lyra, Prof. Dr. Adalberto Narciso Hommerding, Prof. Dr. Felipe da Costa De Lorenzi.<\/p>\n\n\n\n<p><strong>Fernanda Barboza Bonfada<\/strong><\/p>\n\n\n\n<p>T\u00edtulo: A reflexividade do trabalho decente nos c\u00f3digos corporativos transnacionais sob a \u00f3ptica da matriz te\u00f3rica pragm\u00e1tica sist\u00eamica.<\/p>\n\n\n\n<p>Trabalho: <a href=\"https:\/\/mail-attachment.googleusercontent.com\/attachment\/u\/0\/?ui=2&amp;ik=1185c2ee75&amp;attid=0.2&amp;permmsgid=msg-f:1834115252556656076&amp;th=1974161ac9c3edcc&amp;view=att&amp;disp=inline&amp;realattid=f_mbjpwg9t0&amp;zw&amp;saddbat=ANGjdJ-pe_bZdZELHUcdhqqO0xSECYlnWHbzMgd5SDjcjwS9b6q4A2s5J9qPCNdSoSUUSe7nDg2PDBa7Kce_SMJFeHTMO1bV52QiBTSdcM1VlLjVqsvKQAUnNMrjR0zfnprLbzyJ2pRa_svB_eEbU_mJerc7OvQU3JyaZ13cZk0O7c4u_x9PWDwKphN9SH2P1fav_-aclMO2IoxKLrHexCNFuGlfhVXB0t-51YhfTIA0qzla1uVy4FWxYLEoDQwpGjYnFOo37ExEOEOOaOFXbj6NzZLcv6TCz3SEd2-oeFxwsv54WVw3w89qRDMO_vARmm06CSdrRQLhjFsU7OG2Q6S6FoZyJFakTzZALGprxm_AJq5lKUSV0bXewsoGKdmIQ5tSqFZYXVSsuZo7RMEIJDNFVtvHe_hCmWK-b8yWg6QlNN54tDw8qyQou0OJAlDDe47p3smM8AkUmmp5uzNfKVPsCIaSIf-QEOcBRgUCB-xqWdtOOOknqsBhn8PQ856UZ1aiSG3Mu-SjzSfXVNvBkvDHdyOLxzRmFgJTIUKDE9o410D4aJFQsHrM--bcs4_sLss1aqCW0N6XE7GtHe7NJv1conuqo2ZkaD42tn_zjFukQg0OxAFoUZxnfc0cD2nT99jqmh5JnQRORtAsjLE-2FNrKhjqy3eNSiMQIciWRvdRmW0JsTGadVG0bnyJYu8lwi7PTA1lNIiQ3kZBZElV80caHYYk0LiupzyF--Z4DN3d_0yKxzleg8wzzw-OgdfVViK_0nFBcdsg9AEw7UAuILx4B8UT5ellJt42tU_6m7SfW90gCumN8q4W2kgKspg7601seUgOvQg73cJWRhlrN7-vwDNu-BHWtcs7dJlAwRyvn2mWWB87eQs8mtmkENUoxEc12AWHb1CQxrYNAyBXl9_x7TC7_tw0QElNbXPRXOYxCLA7vbRnw4p8ev-lNn51_MyZjSOUgpzdlrVhwd4puFkCEhj2HNsTqiC9uwmgD8b6BGADJqlkftWzlYM6vBJMOy9NlomV0tBPzZDM0IZkcaLta10P8zR-JtNI7W6XLTo9BZBSrJPHUB9q6FwWtxg\">Clique Aqui!!<\/a><\/p>\n\n\n\n<p>Data: 18 de mar\u00e7o de 2025<\/p>\n\n\n\n<p>Banca: Prof. Dr. Leonel Severo Rocha, Prof. Dr. Jos\u00e9 Francisco Dias da Costa Lyra, Prof. Dr. Bernardo Leandro Carvalho Costa.<\/p>\n\n\n\n<p><strong>Francielle de Azevedo<\/strong><\/p>\n\n\n\n<p>T\u00edtulo: Direitos humanos interculturais no contexto das mudan\u00e7as clim\u00e1ticas: o desafio dos refugiados ambientais.<\/p>\n\n\n\n<p>Trabalho: Aguardando vers\u00e3o final<\/p>\n\n\n\n<p>Data: 31 de julho de 2025<\/p>\n\n\n\n<p>Banca: Prof. <a>D<\/a>r. Jo\u00e3o Martins Bertaso, Prof. Dr. Jacson Roberto Cervi, Prof. Dr. Marcio Renan Hamel.<\/p>\n\n\n\n<p><strong>Guilherme de Souza Wesz<\/strong><\/p>\n\n\n\n<p>T\u00edtulo: Democracia militante e suas implica\u00e7\u00f5es para a estabilidade democr\u00e1tica brasileira.<\/p>\n\n\n\n<p>Trabalho: <a href=\"https:\/\/mail-attachment.googleusercontent.com\/attachment\/u\/0\/?ui=2&amp;ik=1185c2ee75&amp;attid=0.2&amp;permmsgid=msg-f:1856311535839784108&amp;th=19c2f181b630acac&amp;view=att&amp;disp=inline&amp;realattid=f_ml9srvzg1&amp;zw&amp;saddbat=ANGjdJ_5YXG6MyJtgWf5uc7U_y3s6f-U_I8vnvM-BF8inwRaI_v6VS6looXjwR3yPdixw7QcDuhkDlCi4DqcIonxP_J6A2Uh6yIxSg3yOEor7rjWPBdAIKudjzuNo4eXh1N8VCmWbqMpAp7e1vtiMvUsZURE1nKzG6pbziKNNgLdhPmCfbA0HLC6UUrio6o6xYVcq1lM35dmWbNrlGCO_sU-ZTlsBbo6WH58M9AvuaTc61h8AYKgWvbSJpFOxZsMWbcBHAAjvym1HpJoDTIoIlNK9_sBXiVBnJeB6lN2wfwpBYAPVzLY2mAtoAuPo7qfH9TqoSwfM2nrlRhyaaCWDNkNyCVV69wzVymNfcD97bZmqg7-BlwnSw139bEkU0Fj69XbP7ybm0vxIvP77jTxsJkgQ0jJFg4e-dyocIIW9N6vTA2VUusrQacxtCVWjTXrN_9orKYzfLCZfIUkaFvJqUKYaKeg8l7eFDGLEPLH3gQCPU46u2qOC-_9sZwf_MxhF_8-ODK3GcxKo4G9tJfx6F9NAB3fin8po0ALewyPun0GSgT21nyrNfifrTsYT3gu_v1zGNV4d7e_FqQ8_WZROvL6JwfEt01XKL9qsox-6n7js0aaY4u1o1vx1pfFFPcfr5ZHWLwsM070-bOzCBWIcC3TWMvGZiYV8FQiCvrb-qugT7VyCuePig4ywuWO3fOEyAvOZz8QdluyccOgBllMfUGAyqYgOPaknC82Zo6u6ZtwiWsFYin7mOO6Xzl1QSMEXXtbCE3UbkBzatMr0pWTX43Z8wZybM6ud66Ht0hdjyAqWZb-pM-X0JbqxjiPKwPn3NRsZ-ZHF9vtUW7hfWPr_0Gt0FFU0A9lLTx4SsaaFCKlwTKo72n-rMMQqnmKQDpI8AONXnzMPSGhiTfkAF-9Fa49o7NFR4eqlpemMO90zb79yNd-E_mMcOKEt52hba_YCYVYIJT8prfAl0-VB3af4SCw2HFajPqWuLY06aHa7pS3eZvs2ArP2YDfp2GJpDV3TkMC54d7AAcXS3hoCyRsecXiZfTMuG5fTYcTtbztc5WgD9w2jxu3NHOsNdDH4kE\">Clique Aqui!!<\/a><\/p>\n\n\n\n<p>Data: 02 de abril de 2025<\/p>\n\n\n\n<p>Banca: Prof. <a>D<\/a>r. Jos\u00e9 Alceb\u00edades de Oliveira Junior, Profa. Dra. Luthianne Perin Ferreira Lunardi, Prof. <a>Dr<\/a>. Marcos Leite Garcia<\/p>\n\n\n\n<p><strong>Lauren Ribeiro Rosenthal Machado<\/strong><\/p>\n\n\n\n<p>T\u00edtulo: <strong>&nbsp;<\/strong>O desafio do multiculturalismo na era dos neurodireitos.<\/p>\n\n\n\n<p>Trabalho: <a href=\"https:\/\/mail-attachment.googleusercontent.com\/attachment\/u\/0\/?ui=2&amp;ik=1185c2ee75&amp;attid=0.2&amp;permmsgid=msg-f:1832283000893111164&amp;th=196d93ae74387b7c&amp;view=att&amp;disp=inline&amp;realattid=f_maqtjdtb0&amp;zw&amp;saddbat=ANGjdJ9-gbzy5lTE7pTUlToN_Uf4nAoVo5Ww5i_kAcbmPCzuEGwOoJEObU32ODuJ8PMDztB9Ob1nHOBdjg--sfHgrQnCxepWX7zZ4yTkYjsntUPWGSo3D8g-6WZ3A8Q7oaQ86csP5wZcNVCgQbvJk5NMfxXKRssuaEVQBN7IcD_BaLZ8FB0zqa9Nct28tIQ0BYrwpZq8-5rKbNS-Kbg7LKJJ21wCDBR5GkZPq4vZhCAXrDJJshNO-g6pjGM3nIskm-eSyTgvWGshnSin6M1M22hhvgigHoU5-n6802O37ic4jX15xP8wpWRqhtf2ckron1gn-KeCJ0FRzMKseX0RtJ8MvMmTwP2R8RuLpo7audpT75C1k5e7Jk3f4pOEi_gPMyibEjfJ29zPTPnjBQ0psz11oVhh-lSWy4xXWxwc4Gb2oTvJkWQETUFIQ2wOHj0V78_2LdxrXS9Uyvp3zbii_4f6DAPxuAGJ2LXMDa_hC5dI-LG4X8qYdhPEXGrj5sRUOOTc0bp1mLdJUY3OOfN76sawsZqr9sC1wNWQOt5q6-1RV_2NsDLni1D4LGT7-KuhNcfxAoiUEy3IZsjVEh08Ovuy1EZGjbnolknNZYUgRUjfAsOiw_vJVL7az2xYPl1GWVpMJxC8xzAIeRTzMGw5xuiYaxFI2r3KwBgW9bDlrcfJeQ4GRxff_emP6SJRmGRwwxbI5sVkIBiH5Q7gzB5H5TpK-vNDdNC5qB2TIyPJZ9bz9uE11pqqB2Y533AXr4ohYIbB4QZanwDCOpTzYy2c5OAUTq4PB3R3_JzmLVnR-BZfNHs9z01TG0Fw1PQbzycrnoquhg0AW-GBXIkeBm4ZWns-WW24yny4SWqSPpvOjBS8bCrjjZbKBM82d7OggqLS_hwnTkxY61kmEzmHttzhfGg2Zjl7xj4Rmj2vembdAOLBxlIaakljXPT8-IVpJZ5XtKZqxmnjzqdN-DdiubCPosP52C2vx_Y2rneuC0KgO7uJou8CDBxsKTPYKxSC9Ku3avzf0d6R2fyGgAjQ4JqleAix-pU2R1MpU3Bk2Z_P5FVuVzWqRE9n3bdBjVARs7I\">Clique Aqui!!<\/a><\/p>\n\n\n\n<p>Data: 09 de maio de 2025<\/p>\n\n\n\n<p>Banca: Profa. <a>D<\/a>ra. Taciana Marconatto Damo Cervi, Prof. Dr. Leonel Severo Rocha, Profa. <a>Dr<\/a>a. Fernanda Busanello Ferreira.<\/p>\n\n\n\n<p><strong>Laurence Viana Bialy<\/strong><\/p>\n\n\n\n<p>T\u00edtulo: Rela\u00e7\u00f5es de poder e capitalismo de vigil\u00e2ncia: limites e possibilidades da cidadania na contemporaneidade.<\/p>\n\n\n\n<p>Trabalho: <a href=\"https:\/\/mail-attachment.googleusercontent.com\/attachment\/u\/0\/?ui=2&amp;ik=1185c2ee75&amp;attid=0.1&amp;permmsgid=msg-f:1856310290635872178&amp;th=19c2f05fca40d7b2&amp;view=att&amp;zw&amp;disp=inline&amp;saddbat=ANGjdJ92SOsY0jMD-c_xcToCxtANqVviiauING5o2oKppgEQ35r0FKDUMRU4oyM-VBYPPPbMiX6dVLLoJkCP7UTP2OvFpILqDvNq6vr0eJikSSY7VGAPbKR5wOq74aLIftcgD5XjcCfo37NN3bonnEtmdX8OQrJtAFg_yVvqixctVxxZl2NS7PMXz8G3mZ3AEUpizaiVrI_BzylR2I1NfJZ97S9KbJbc9WuwSPU8FbFNYAex-h49Ze0euCNlYulb-SHqZefaTJzl-0Wddb1Q12bJGG9KY2ui_s2fZFHaspNWovNDpAqA8vlHbKPry0mIpZpHgsXtHgOe3fVHYmdI-8lR0Fx6ip7zY5Zn5f6YjucSVnqGzXtHuoH0M0AJiMEz4Il84dUcI7Xsdh3jS3h_4cEhJ9SBhl-hTRZJKyS__gbka4ZFM2F1_1lXxl03sCDwv2u3YG-7GOdV_o5IEDAuIHIAqx3oj9PuUi-EjvAF_eFyA25-26_8119prK9rPXqvo6_F_zwF8mgdCpR8d757RE_V2pR4OlFVE_FxjwSDmRCp92Ts8FoB3tawkR82s2H_tFrLsxBpzLcz4E4LM4XJZxIV7Oqq8FvfrJNSQR9v8OWMvPlVGQl9t0rJak-v1y_plFP9bjBsJjajcQ9NDH5zLCIZmcoxTcqZWz9fAvqVQCVc4CeJa5fQU40fTql2Ej4Hfhv3Keqbxw62Cplr8lZ8ymi6bDICYEbBIsUxbLgm3zsx5ojyI4MFEMgqnmUUrJiw90dLH-Jp7UFQuacgkOi8CsRWakHmqdgKx8TuFwqmUxBaEZusMkQ-T0pNGYwnUSfwjYzp7QACUnt8RpAp7hmm8lz6VrzPTZLIPh1G9MVdDKsLWqWO-vy0e8M23pZHcFzyQL_r3Ub93FuGre2Jmo0s0FOMtDm7Eb0g50Wypn0xtSxAk7hlNGIRmZcZK1o6ljwo-5OQTzLJAWGSLRLp7-O8r-KRmUb0myTKWx_0Ybii94FQLWD4THsriASBfKaz5gQKUaWf2IbYjLwWkmYZoCWrOKswDVsRgoQiYNo0Xt5euX-6p22wPFFkTtU8c_d48pU\">Clique Aqui!!<\/a><\/p>\n\n\n\n<p>Data: 26 de mar\u00e7o de 2025<\/p>\n\n\n\n<p>Banca: Prof. <a>D<\/a>r. Jos\u00e9 Alceb\u00edades de Oliveira Junior, Prof. Dr. Liton Lanes Pilau Sobrinho, Prof. <a>Dr<\/a>. Clovis Gorczevski.<\/p>\n\n\n\n<p><strong>Let\u00edcia Rezner<\/strong><\/p>\n\n\n\n<p>T\u00edtulo: As viola\u00e7\u00f5es aos direitos humanos que fazem do sistema prisional brasileiro um \u201cestado de coisas inconstitucional\u201d: novos horizontes pela lente do transconstitucionalismo.<\/p>\n\n\n\n<p>Trabalho: <a href=\"https:\/\/mail-attachment.googleusercontent.com\/attachment\/u\/0\/?ui=2&amp;ik=1185c2ee75&amp;attid=0.2&amp;permmsgid=msg-f:1856654660562000267&amp;th=19c42993a95f198b&amp;view=att&amp;disp=inline&amp;realattid=f_mlf7midz1&amp;zw&amp;saddbat=ANGjdJ8-78mkWc_yOCqgste5ofAse_LMiAxr2EfRhLwzRJpru0MY2pE7Fl9flSiITe4SlqCdSvZuP0zOE4GCyuCD_tqHi7mJlRiozTsTJSB4JcxZDva1NK-OOssjDsbMvWC5MzDQNJQxgblTGMpUvoQ_ruWark285wQOKvhVONho-Svu7cZMp9jiWAR27PtKoDxdTc41WJNA2PXby2zkT5XJvpuIhaFbgbqhNjW9gmcM5rWAnYVhzzt341rFOBh_dvOZ-iHyZoX5ST0zIm_FWBEV7147vJVDQtscrNg2bOrR1z32AhQSdtWXVE3Wk4B3PXOFMSFypxXqZh2J3dERQB_xGaoIdnYpYxSURqWm_LFiR5sLKxgFh6Sw71B5acevB7hhUo19S5I2Hfa46U4PTW-hbi3SoiXlGlrwy9_-zbWHHPCcnu1JdlBd2fBsXB12GE27KWeEZyHu6y1YIK5Go92oV283dcKYiLA1mzMH7tID5Aosu3BmFbe1k9DOrmRJwNjYXsSXfFAws3X2knJ93mTjWP3jWIYweXlZWsJHaOYnRNr6ckUaUrXve8BjA-Bz0KOU59o93SO8JN6kQVtpmMJT4tmiGoJhKShh3wKmDF_jo1sVLvsPe76NPvHaTEG4CVpqs94QiM6xxb9P-kor232N905Ss2DW5cKtAIJijeEai2SBdN7S-Cb2qvrVzK350Fq7A677x-LQwkSFFytkBGawM7iJgaVLWG95fO3OSGZc9MuNCA1AyjsTc0KfLniUYL-mUuwQ9S2PyqvLBeQKg6bRWWt2yfryuZJkU1oZo3VfNkHlISJxMb_385fPRFO0geLZ3Cvf_Vq-pSMZSgsXnvdto-YAEFgaz76AH9BtpWE-MuoIUcxZWUOodRu2P82WL16A0TAxBWWx-r3fqpWa1c6iXIrDPi70xNU-G1E1rF_WLpUyHygfZoUYCwmxHJHP1iaAfLDlTC4oCV4H72Isrsy_aoLHeF0lVYqVjyOZNLsPIULnUNrxfiEsXqzdzPA3LpadXwUZ5fvls4rqm8y5gkBX1duMps-FEgIL9-eC4eCK35K84CKgMAUDo4ZUfBU\">Clique Aqui!!!<\/a><\/p>\n\n\n\n<p>Data: 04 de abril de 2025<\/p>\n\n\n\n<p>Banca: Prof. <a>D<\/a>r. Osmar Veronese, Profa. Dra. Denise Tatiane Girardon dos Santos, Prof. <a>Dr<\/a>. Sebasti\u00e3o S\u00e9rgio da Silveira.<\/p>\n\n\n\n<p><strong>Nagielly Cigana Mello<\/strong><\/p>\n\n\n\n<p>T\u00edtulo: Movimentos feministas e participa\u00e7\u00e3o democr\u00e1tica das mulheres: um olhar para a lei de cotas na forma\u00e7\u00e3o e atua\u00e7\u00e3o dos poderes legislativos municipais da regi\u00e3o fronteira oeste do Estado do Rio Grande do Sul (Brasil) &#8211; legislatura 2021-2024<\/p>\n\n\n\n<p>Trabalho: <a href=\"https:\/\/mail-attachment.googleusercontent.com\/attachment\/u\/0\/?ui=2&amp;ik=1185c2ee75&amp;attid=0.1&amp;permmsgid=msg-f:1828483266686745851&amp;th=196013d7e49bfcfb&amp;view=att&amp;zw&amp;disp=inline&amp;saddbat=ANGjdJ9PovLZL2rOjZzc-mbW1svt9L2y7D_mcUfgg5Fu07xI35YFfGMAZ3rLFIK2xVM9dILeY6lrUZ9lLFfDhQj-oWNmXJwbO9V6u3rk1HO9eHUm-qN48On3bmXnyQ8ooKn_Yxz3w-8P3L6-mh2K9MSn5VHClss9xf6Of_73cmxrw4IRzISOx-PVXJPkhQl8StdPjE4kcuZ9Lq_P2zlTcnf8yvWUAOPg4JmuWVydki1a3vTHSsuEHGTjvcF-6_5S77EIiY0RPMrDW5VYQs9UrONlZsL0KUAn_eIEzOs3tGupDKIxekYeeYpjBjr-OMRRVXZZF6Wl_OSK4Zl2Xh_DVw7PA8xhPBQWWQehR_N9smgYBZokf7EQfoPeVZzCP9nxtQFdsNKkHvPzNZnLYGR-gAGwP3tBKy4Jqc56r6ioB9_rVkMRj5YKGJ6fkvE3mRKfJ4JEZ6qNVxqG6R4KSxDkGI2Yf4CtIecwOZf1ft_MIa5I1Y469bykGRXBREkF1NQl48uNXGKC_qXsNiClRMihJL90eee4ETFkewJs4uvLhcxMb35wDQG-oOcL2XbzR6DFQKDCCw0T_4BgAOz6eMhbdvhsyCw1-UjCEHxjIYvmGFZbyzZc05Ff4CC1rGGQe3-fUtuGGgXYNl6dEKtv5LNpzC54n-Z-Fex0e1RKzJp5rOQ--HpUwVWmQSPv27Xn9gmkXwlOvX-QVnxDk2GYpNP27RRFqUkO9VD5LApWO65UFoDJ-znwnKHqXDHFWp6FQjefHI22i1fbGq86DZ3yOfIVDXfTi_jiFSq094xysAY34o_nm4eBSHp7vA0UmM4PIUPHukeEeZnvAmzvcqqAtxjOxoGGNvEORd72JI0U7aLnFgcHIzQnSPF7ZAbWU7jH1G4mACBUBj8vwzLblDcxyaLwsmvOoTNvzr2qQxi3f0m9Z79lgYoUkL67VOsnP7YdozNuB8TmgeaMA2IWSuyrEG7FlxVg8WfeWqTh6DdiLOlaPTrCh7Wu9OsqkiOqhW90e42LS118X4kqwJKwxpG2qBZm4lF4hzH9zsWKKSMJhLQrqrdjde3la1DyCWiujPoSvIk\">Clique Aqui!!<\/a><\/p>\n\n\n\n<p>Data: 04 de abril de 2025<\/p>\n\n\n\n<p>Banca: Profa. <a>D<\/a>ra. Ros\u00e2ngela Angelin, Prof. Dr. Noli Bernardo Hahn, Profa. <a>Dr<\/a>a. Serli Genz Bolter.<\/p>\n","protected":false},"excerpt":{"rendered":"<p>18\u00aa Turma (ingresso em 2023) Eliel Rocha Dorneles T\u00edtulo: Democracia constitucional, capitalismo de vigil\u00e2ncia e destrui\u00e7\u00e3o do espa\u00e7o p\u00fablico: uma an\u00e1lise das principais consequ\u00eancias pol\u00edticas da atual revolu\u00e7\u00e3o digital. Trabalho:&nbsp;Clique Aqui!! Data: 17 de dezembro de 2024 Banca: Prof. Dr. Gilmar Antonio Bedin, Prof. Dr. Jo\u00e3o Martins Bertaso, Prof. Dr. Mateus de Oliveira Fornasier. Camila [&hellip;]<\/p>\n","protected":false},"author":1,"featured_media":0,"parent":70,"menu_order":0,"comment_status":"closed","ping_status":"closed","template":"","meta":[],"_links":{"self":[{"href":"https:\/\/san.uri.br\/mestrado_direito\/index.php\/wp-json\/wp\/v2\/pages\/3460"}],"collection":[{"href":"https:\/\/san.uri.br\/mestrado_direito\/index.php\/wp-json\/wp\/v2\/pages"}],"about":[{"href":"https:\/\/san.uri.br\/mestrado_direito\/index.php\/wp-json\/wp\/v2\/types\/page"}],"author":[{"embeddable":true,"href":"https:\/\/san.uri.br\/mestrado_direito\/index.php\/wp-json\/wp\/v2\/users\/1"}],"replies":[{"embeddable":true,"href":"https:\/\/san.uri.br\/mestrado_direito\/index.php\/wp-json\/wp\/v2\/comments?post=3460"}],"version-history":[{"count":9,"href":"https:\/\/san.uri.br\/mestrado_direito\/index.php\/wp-json\/wp\/v2\/pages\/3460\/revisions"}],"predecessor-version":[{"id":4970,"href":"https:\/\/san.uri.br\/mestrado_direito\/index.php\/wp-json\/wp\/v2\/pages\/3460\/revisions\/4970"}],"up":[{"embeddable":true,"href":"https:\/\/san.uri.br\/mestrado_direito\/index.php\/wp-json\/wp\/v2\/pages\/70"}],"wp:attachment":[{"href":"https:\/\/san.uri.br\/mestrado_direito\/index.php\/wp-json\/wp\/v2\/media?parent=3460"}],"curies":[{"name":"wp","href":"https:\/\/api.w.org\/{rel}","templated":true}]}}