{"id":3458,"date":"2021-11-03T13:45:53","date_gmt":"2021-11-03T16:45:53","guid":{"rendered":"http:\/\/srvapp2s.santoangelo.uri.br\/sites\/mestrado_direito\/?page_id=3458"},"modified":"2025-01-20T15:58:21","modified_gmt":"2025-01-20T18:58:21","slug":"2024-2","status":"publish","type":"page","link":"https:\/\/san.uri.br\/mestrado_direito\/index.php\/mestrado\/dissertacoes\/2024-2\/","title":{"rendered":"2024"},"content":{"rendered":"<p><strong>17\u00aa Turma (Ingresso em 2022)<\/strong><\/p>\n<p><strong>Magda Helena Fernandes Medina Pereira<\/strong><\/p>\n<p>T\u00edtulo: Media\u00e7\u00e3o transfronteiri\u00e7a \u00e0 luz da media\u00e7\u00e3o transformadora Waratiana e do direito reflexivo de teubner: o desatar de n\u00f3s interparentais em casos de subtra\u00e7\u00e3o il\u00edcita internacional de crian\u00e7as e adolescentes com idade inferior a 16 anos.<\/p>\n<p>Trabalho:&nbsp;<a href=\"file:\/\/\/Z:\/PPGDireito\/=M%20%20%20E%20%20S%20%20T%20%20R%20%20A%20%20D%20%20O=\/DISSERTA%C3%87%C3%95ES\/Documentos\/Turma%202022\/Disserta%C3%A7%C3%A3o%20-%20Magda%20Helena%20Fernandes%20Medina%20Pereira_FINAL%20INTRODU%C3%87%C3%83O.pdf\">Clique Aqui!!<\/a><\/p>\n\n\n<p>Data: 15 de dezembro de 2023<\/p>\n\n\n\n<p>Banca: Prof. Dr. Leonel Severo Rocha, Prof. Dr. Jo\u00e3o Martins Bertaso, Profa. Dra. Luciane Klein Vieira.<\/p>\n\n\n<p><strong>Milena Alberti<\/strong><\/p>\n<p>T\u00edtulo: \u201cO sangue nosso de cada m\u00eas\u201d: dignidade da pessoa humana e o direito \u00e0 sa\u00fade menstrual frente \u00e0 distribui\u00e7\u00e3o gratuita de absorventes em escolas da rede p\u00fablica municipal de Santo \u00c2ngelo\/RS em 2023.<\/p>\n<p>Trabalho:\u00a0<a href=\"file:\/\/\/Z:\/PPGDireito\/=M%20%20%20E%20%20S%20%20T%20%20R%20%20A%20%20D%20%20O=\/DISSERTA%C3%87%C3%95ES\/Documentos\/Turma%202022\/DISSERTA%C3%87%C3%83O%20MILENA%20ALBERTI%20introdu%C3%A7%C3%A3o.pdf\">Clique Aqui!!<\/a><\/p>\n<p>Data: 02 de abril de 2024<\/p>\n<p>Banca: Profa. Dra. Rosangela Angelin, Profa. Dra. Denise Tatiane Girardon dos Santos, Profa. Dra. Joici Graciele Nielsson.<\/p>\n<p><!-- \/wp:paragraph --><!-- wp:paragraph --><\/p>\n\n<p><strong>Rafaela Wagner Schaefer<\/strong><\/p>\n<p>T\u00edtulo: Patriarcado e culpa: influ\u00eancias na constru\u00e7\u00e3o identit\u00e1ria e limites no reconhecimento e inser\u00e7\u00e3o das mulheres na vida p\u00fablica na sociedade contempor\u00e2nea brasileira.<\/p>\n<p>Trabalho: <a href=\"file:\/\/\/Z:\/PPGDireito\/=M%20%20%20E%20%20S%20%20T%20%20R%20%20A%20%20D%20%20O=\/DISSERTA%C3%87%C3%95ES\/Documentos\/Turma%202022\/Disserta%C3%A7%C3%A3o%20-%20Rafaela%20Wagner%20Schaefer%20-%20introdu%C3%A7%C3%A3o.pdf\">Clique Aqui!!<\/a>\u00a0<\/p>\n<p>Data: 21 de mar\u00e7o de 2024<\/p>\n<p>Banca: Prof. Dr. Noli Bernardo Hahn, Profa. Dra. Ros\u00e2ngela Angelin, Prof. Dr. Ormar Veronese, Profa. Dra. M\u00e1rcia Blasi.<\/p>\n<p><!-- \/wp:paragraph --><!-- wp:paragraph --><\/p>\n\n<p><strong>Ritielle de Souza Zanuso<\/strong><\/p>\n<p>T\u00edtulo: Eu, n\u00f3s e eles: a import\u00e2ncia das institui\u00e7\u00f5es familiares para a constru\u00e7\u00e3o da identidade sob a perspectiva da teoria do reconhecimento de Axel Honneth.<\/p>\n<p>Trabalho:\u00a0<a href=\"file:\/\/\/Z:\/PPGDireito\/=M%20%20%20E%20%20S%20%20T%20%20R%20%20A%20%20D%20%20O=\/DISSERTA%C3%87%C3%95ES\/Documentos\/Turma%202022\/DISSERTA%C3%87%C3%83O_RITIELLE%20DE%20SOUZA%20ZANUSO_introdu%C3%A7%C3%A3o.pdf\">Clique Aqui!!<\/a><\/p>\n<p>Data: 29 de abril de 2024<\/p>\n<p>Banca: Profa. Dra. Taciana Marconatto Damo Cervi, Prof. Dr. Leonel Severo Rocha, Profa. Dra. Simone Tassinari Cardoso Fleischmann.<\/p>\n<p><!-- \/wp:paragraph --><!-- wp:paragraph --><\/p>\n\n<p><strong>Tanise Rosa Klein Santos<\/strong><\/p>\n<p>T\u00edtulo: O n\u00e3o-lugar de mulheres negras na carreira de magistratura no Estado do Rio Grande do Sul p\u00f3s Constitui\u00e7\u00e3o Federal de 1988 sob a perspectiva de g\u00eanero e do preconceito racial.<\/p>\n<p>Trabalho:\u00a0<a href=\"file:\/\/\/Z:\/PPGDireito\/=M%20%20%20E%20%20S%20%20T%20%20R%20%20A%20%20D%20%20O=\/DISSERTA%C3%87%C3%95ES\/Documentos\/Turma%202022\/DISSERTA%C3%87%C3%83O%20TANISE%20REVISADA%20introdu%C3%A7%C3%A3o.pdf\">Clique Aqui!!<\/a><\/p>\n<p>Data: 27 de maio de 2024<\/p>\n<p>Banca: Prof. Dr. Osmar Veronese, Profa. Dra. Rosangela Angelin, Profa. Dra. Taciana Marconatto Damo Cervi, Profa. Dra. Marli Marlene Moraes da Costa.<\/p>\n<p><!-- \/wp:paragraph --><!-- wp:paragraph --><\/p>\n\n<p><strong>Tatiane Zanetti Adiers<\/strong><\/p>\n<p>T\u00edtulo: Patriarcado, religi\u00e3o e viol\u00eancia contra a popula\u00e7\u00e3o lgbtqia+ no Brasil: rela\u00e7\u00f5es, avan\u00e7os legislativos e desafios.<\/p>\n<p>Trabalho:\u00a0<a href=\"file:\/\/\/Z:\/PPGDireito\/=M%20%20%20E%20%20S%20%20T%20%20R%20%20A%20%20D%20%20O=\/DISSERTA%C3%87%C3%95ES\/Documentos\/Turma%202022\/Disserta%C3%A7%C3%A3o%20final%20Tatiane%20REVISADO%20introdu%C3%A7%C3%A3o.pdf\">Clique Aqui!!<\/a><\/p>\n<p>Data: 02 de julho de 2024<\/p>\n<p>Banca: Prof. Dr. Noli Bernardo Hahn, Prof. Dr. Jacson Roberto Cervi, Prof. Dr. Jo\u00e3o Delciomar Gatelli, Prof. Dr. Domingos Benedetti Rodrigues.<\/p>\n<p><!-- \/wp:paragraph --><!-- wp:paragraph --><\/p>","protected":false},"excerpt":{"rendered":"<p>17\u00aa Turma (Ingresso em 2022) Magda Helena Fernandes Medina Pereira T\u00edtulo: Media\u00e7\u00e3o transfronteiri\u00e7a \u00e0 luz da media\u00e7\u00e3o transformadora Waratiana e do direito reflexivo de teubner: o desatar de n\u00f3s interparentais em casos de subtra\u00e7\u00e3o il\u00edcita internacional de crian\u00e7as e adolescentes com idade inferior a 16 anos. Trabalho:&nbsp;Clique Aqui!! Data: 15 de dezembro de 2023 Banca: [&hellip;]<\/p>\n","protected":false},"author":1,"featured_media":0,"parent":70,"menu_order":0,"comment_status":"closed","ping_status":"closed","template":"","meta":[],"_links":{"self":[{"href":"https:\/\/san.uri.br\/mestrado_direito\/index.php\/wp-json\/wp\/v2\/pages\/3458"}],"collection":[{"href":"https:\/\/san.uri.br\/mestrado_direito\/index.php\/wp-json\/wp\/v2\/pages"}],"about":[{"href":"https:\/\/san.uri.br\/mestrado_direito\/index.php\/wp-json\/wp\/v2\/types\/page"}],"author":[{"embeddable":true,"href":"https:\/\/san.uri.br\/mestrado_direito\/index.php\/wp-json\/wp\/v2\/users\/1"}],"replies":[{"embeddable":true,"href":"https:\/\/san.uri.br\/mestrado_direito\/index.php\/wp-json\/wp\/v2\/comments?post=3458"}],"version-history":[{"count":4,"href":"https:\/\/san.uri.br\/mestrado_direito\/index.php\/wp-json\/wp\/v2\/pages\/3458\/revisions"}],"predecessor-version":[{"id":4667,"href":"https:\/\/san.uri.br\/mestrado_direito\/index.php\/wp-json\/wp\/v2\/pages\/3458\/revisions\/4667"}],"up":[{"embeddable":true,"href":"https:\/\/san.uri.br\/mestrado_direito\/index.php\/wp-json\/wp\/v2\/pages\/70"}],"wp:attachment":[{"href":"https:\/\/san.uri.br\/mestrado_direito\/index.php\/wp-json\/wp\/v2\/media?parent=3458"}],"curies":[{"name":"wp","href":"https:\/\/api.w.org\/{rel}","templated":true}]}}