{"id":3456,"date":"2021-11-03T13:45:36","date_gmt":"2021-11-03T16:45:36","guid":{"rendered":"http:\/\/srvapp2s.santoangelo.uri.br\/sites\/mestrado_direito\/?page_id=3456"},"modified":"2023-08-16T16:22:35","modified_gmt":"2023-08-16T19:22:35","slug":"2023-2","status":"publish","type":"page","link":"https:\/\/san.uri.br\/mestrado_direito\/index.php\/mestrado\/dissertacoes\/2023-2\/","title":{"rendered":"2023"},"content":{"rendered":"\n<p><strong>16\u00aa Turma (Ingresso em 2020)<\/strong><\/p>\n\n\n\n<p><strong>Alexandra Tewes Dillmann <\/strong><\/p>\n\n\n\n<p>T\u00edtulo: A veda\u00e7\u00e3o \u00e0 autoincrimina\u00e7\u00e3o e o banco de dados de perfil gen\u00e9tico no Brasil: an\u00e1lise a partir da t\u00e9cnica da pondera\u00e7\u00e3o diante da colis\u00e3o de princ\u00edpios na constitui\u00e7\u00e3o federal de 1988.<\/p>\n\n\n\n<p>Trabalho: <a href=\"https:\/\/san.uri.br\/mestrado_direito\/wp-content\/uploads\/2023\/08\/Dissertacao-versao-final-Alexandra.pdf\">Clique Aqui!!<\/a><\/p>\n\n\n\n<p>Data: 18 de abril de 2023<\/p>\n\n\n\n<p>Banca: Prof. Dr. Jose Francisco Dias da Costa Lyra, Profa. Dra. Taciana Marconatto Damo Cervi, Profa. Dra. Thami Covatti Piaia, Prof. Dr. An\u00edzio Pires Gavi\u00e3o Filho<\/p>\n\n\n\n<p><strong>Aline Rodrigues Maronezze<\/strong><\/p>\n\n\n\n<p>T\u00edtulo: Direito das mulheres e a arte de despatriarcalizar as rela\u00e7\u00f5es humanas: um olhar desde a alquimia da diversidade das bruxas do medievo at\u00e9 os movimentos feministas no Brasil.<\/p>\n\n\n\n<p>Trabalho: <a href=\"https:\/\/san.uri.br\/mestrado_direito\/wp-content\/uploads\/2023\/08\/3.-Versao-final-Dissertacao-Aline-Maroneze.-Pronta-para-a-Banca-final-Ok-docx.pdf\">Clique Aqui!!<\/a><\/p>\n\n\n\n<p>Data: 10 de agosto de 2023<\/p>\n\n\n\n<p>Banca: Profa. Dra. Ros\u00e2ngela Angelin, Profa. Dra. Taciana Marconatto Damo Cervi, Profa. Dra. Sandra Vidal Nogueira.<\/p>\n\n\n\n<p><strong>Elisa Cardoso Ferretti <\/strong><\/p>\n\n\n\n<p>T\u00edtulo: Os Direitos Humanos em uma perspectiva intercultural como forma de efetiva\u00e7\u00e3o dos Direitos dos refugiados. <\/p>\n\n\n\n<p>Trabalho: <a href=\"https:\/\/san.uri.br\/mestrado_direito\/wp-content\/uploads\/2023\/08\/DISSERTACAO-VERSAO-FINAL-CORRIGIDA.-ELISA-CARDOSO-FERRETTI.pdf\">Clique Aqui!!<\/a><\/p>\n\n\n\n<p>Data: 25 de abril de 2023<\/p>\n\n\n\n<p>Banca: Profa. Dra. Janete Rosa Martins, Prof. Dr. Jo\u00e3o Martins Bertaso, Prof. Dr. Osmar Veronese, Prof. Dr. Jose Luis Bolzan de Morais.<\/p>\n\n\n\n<p><strong>Maiara Taiane Donel <\/strong><\/p>\n\n\n\n<p>T\u00edtulo: Frentes parlamentares religiosas e estado laico brasileiro: a (des)constru\u00e7\u00e3o da democracia. <\/p>\n\n\n\n<p>Trabalho: <em>Aguardando vers\u00e3o final<\/em><\/p>\n\n\n\n<p>Data: 21 de junho de 2023<\/p>\n\n\n\n<p>Banca: Prof. Dr. Osmar Veronese, Prof. Dr. Jo\u00e3o Martins Bertaso, Prof. Dr. Celso Gabatz.<\/p>\n\n\n\n<p><strong>Vict\u00f3ria Karoline da Luz Silveira<\/strong><\/p>\n\n\n\n<p>T\u00edtulo: Veda\u00e7\u00e3o a autoincrimina\u00e7\u00e3o e seguran\u00e7a jur\u00eddica do banco de dados de perfil gen\u00e9tico no Brasil: a colis\u00e3o de Direitos Fundamentais a partir da pondera\u00e7\u00e3o de Robert Alexy.<\/p>\n\n\n\n<p>Trabalho: <a href=\"https:\/\/san.uri.br\/mestrado_direito\/wp-content\/uploads\/2023\/08\/Dissertacao-Victoria-da-Luz-versao-final.pdf\">Clique Aqui!!<\/a><\/p>\n\n\n\n<p>Data: 18 de abril de 2023<\/p>\n\n\n\n<p>Banca: Prof. Dr. Jose Francisco Dias da Costa Lyra, Profa. Dra Taciana Marconatto Damo Cervi, Profa. Dra. Thami Covatti Piaia, Prof. Dr. An\u00edzio Pires Gavi\u00e3o Filho.<\/p>\n","protected":false},"excerpt":{"rendered":"<p>16\u00aa Turma (Ingresso em 2020) Alexandra Tewes Dillmann T\u00edtulo: A veda\u00e7\u00e3o \u00e0 autoincrimina\u00e7\u00e3o e o banco de dados de perfil gen\u00e9tico no Brasil: an\u00e1lise a partir da t\u00e9cnica da pondera\u00e7\u00e3o diante da colis\u00e3o de princ\u00edpios na constitui\u00e7\u00e3o federal de 1988. Trabalho: Clique Aqui!! Data: 18 de abril de 2023 Banca: Prof. Dr. Jose Francisco Dias [&hellip;]<\/p>\n","protected":false},"author":1,"featured_media":0,"parent":70,"menu_order":0,"comment_status":"closed","ping_status":"closed","template":"","meta":[],"_links":{"self":[{"href":"https:\/\/san.uri.br\/mestrado_direito\/index.php\/wp-json\/wp\/v2\/pages\/3456"}],"collection":[{"href":"https:\/\/san.uri.br\/mestrado_direito\/index.php\/wp-json\/wp\/v2\/pages"}],"about":[{"href":"https:\/\/san.uri.br\/mestrado_direito\/index.php\/wp-json\/wp\/v2\/types\/page"}],"author":[{"embeddable":true,"href":"https:\/\/san.uri.br\/mestrado_direito\/index.php\/wp-json\/wp\/v2\/users\/1"}],"replies":[{"embeddable":true,"href":"https:\/\/san.uri.br\/mestrado_direito\/index.php\/wp-json\/wp\/v2\/comments?post=3456"}],"version-history":[{"count":1,"href":"https:\/\/san.uri.br\/mestrado_direito\/index.php\/wp-json\/wp\/v2\/pages\/3456\/revisions"}],"predecessor-version":[{"id":4141,"href":"https:\/\/san.uri.br\/mestrado_direito\/index.php\/wp-json\/wp\/v2\/pages\/3456\/revisions\/4141"}],"up":[{"embeddable":true,"href":"https:\/\/san.uri.br\/mestrado_direito\/index.php\/wp-json\/wp\/v2\/pages\/70"}],"wp:attachment":[{"href":"https:\/\/san.uri.br\/mestrado_direito\/index.php\/wp-json\/wp\/v2\/media?parent=3456"}],"curies":[{"name":"wp","href":"https:\/\/api.w.org\/{rel}","templated":true}]}}