{"id":3452,"date":"2021-11-03T13:43:50","date_gmt":"2021-11-03T16:43:50","guid":{"rendered":"http:\/\/srvapp2s.santoangelo.uri.br\/sites\/mestrado_direito\/?page_id=3452"},"modified":"2021-11-03T13:43:50","modified_gmt":"2021-11-03T16:43:50","slug":"2021-2","status":"publish","type":"page","link":"https:\/\/san.uri.br\/mestrado_direito\/index.php\/mestrado\/dissertacoes\/2021-2\/","title":{"rendered":"2021"},"content":{"rendered":"<p><strong>14\u00aa Turma &#8211; Ingresso em mar\u00e7o de 2019<\/strong><\/p>\n<p><strong>Bianca Prediger Sawicki<\/strong><\/p>\n<p>T\u00edtulo:\u00a0O direito de pertencer na perspectiva da justi\u00e7a sist\u00eamica e restaurativa: a experi\u00eancia judicante da comarca de Giru\u00e1-RS.<\/p>\n<p>Trabalho:\u00a0<a href=\"http:\/\/srvapp2s.santoangelo.uri.br\/sites\/mestrado_direito\/wp-content\/uploads\/2021\/11\/Clique-Aqui.pdf\">Clique Aqui!!<\/a><\/p>\n<p>Data de defesa: 29 de abril de 2021<\/p>\n<p>Banca:\u00a0Dra. Charlise Paula Colet Gimenez e Dr. Jos\u00e9 Francisco Dias da Costa Lyra, estes da URI, e Dra. Marli M. M. da Costa da UNISC.<\/p>\n<p><strong>Daiane Specht Lemos Da Silva<\/strong><\/p>\n<p>T\u00edtulo: Entre celas e invis\u00edveis: o reconhecimento nas a\u00e7\u00f5es afirmativas para evitar a reincid\u00eancia criminal.<\/p>\n<p>Trabalho:\u00a0<a href=\"http:\/\/srvapp2s.santoangelo.uri.br\/sites\/mestrado_direito\/wp-content\/uploads\/2021\/11\/Clique-Aqui-1.pdf\">Clique Aqui!!<\/a><\/p>\n<p>Data de defesa: 18 de fevereiro de 2021<\/p>\n<p>Banca: Dr. Osmar Veronese e Dr. Jos\u00e9 Francisco Dias da Costa Lyra, estes da URI, e Dr. Maiquel \u00c2ngelo Wermuth da UNIJUI.<\/p>\n<p><strong>Daniela Andreatta<\/strong><\/p>\n<p>T\u00edtulo: Diferentes realidades, diferentes demandas: o conceito de interseccionalidade dos direitos humanos e suas contribui\u00e7\u00f5es para a identifica\u00e7\u00e3o do car\u00e1ter multifacetado das desigualdades e discrimina\u00e7\u00f5es contra as mulheres negras.<\/p>\n<p>Trabalho:\u00a0<a href=\"http:\/\/srvapp2s.santoangelo.uri.br\/sites\/mestrado_direito\/wp-content\/uploads\/2021\/11\/Clique-Aqui-2.pdf\">Clique Aqui!!<\/a><\/p>\n<p>Data de defesa: 20 de maio de 2021<\/p>\n<p>Banca: Dr. Osmar Veronese Dr. Noli Bernardo Hahn, estes da URI, e Dra. Sandra Vidal Nogueira, da UFFS.<\/p>\n<p><strong>Diego Lemos Maciel<\/strong><\/p>\n<p>T\u00edtulo: As Contribui\u00e7\u00f5es Das Novas Tecnologias Para Efetiva\u00e7\u00e3o De Pol\u00edticas P\u00fablicas Voltadas \u00c0 Inclus\u00e3o De Pessoas Com Defici\u00eancia No Brasil.<\/p>\n<p>Trabalho:\u00a0<a href=\"http:\/\/srvapp2s.santoangelo.uri.br\/sites\/mestrado_direito\/wp-content\/uploads\/2021\/11\/Clique-Aqui-12.pdf\">Clique Aqui!!<\/a><\/p>\n<p>Data de defesa: 14 de julho de 2021<\/p>\n<p>Banca: Dr. Jacson Roberto Cervi e Dra. Thami Covatti Piaia, estes da URI, e Dra. Elaine Fontana da UNILASALLE.<\/p>\n<p><strong>Francisco Ribeiro Lopes<\/strong><\/p>\n<p>T\u00edtulo: A media\u00e7\u00e3o em Luis Alberto Warat como poss\u00edvel solu\u00e7\u00e3o de tratamento de conflitos nas empresas familiares brasileiras.<\/p>\n<p>Trabalho:\u00a0<a href=\"http:\/\/srvapp2s.santoangelo.uri.br\/sites\/mestrado_direito\/wp-content\/uploads\/2021\/11\/Clique-Aqui-3.pdf\">Clique Aqui!!<\/a><\/p>\n<p>Data de defesa: 26 de fevereiro de 2021<\/p>\n<p>Banca: Dr. Jo\u00e3o Martins Bertaso e Dra. Janete Rosa Martins, estes da URI, e Dra. Viviane Teixeira Dotto Coitinho.<\/p>\n<p><strong>Gabriel Henrique Hartamnn<\/strong><\/p>\n<p>T\u00edtulo: A Teoria da Decis\u00e3o e a intelig\u00eancia artificial: aportes hermen\u00eauticos para a constru\u00e7\u00e3o das decis\u00f5es judiciais a partir de <em>Machine Leatning<\/em>.<\/p>\n<p>Trabalho:\u00a0<a href=\"http:\/\/srvapp2s.santoangelo.uri.br\/sites\/mestrado_direito\/wp-content\/uploads\/2021\/11\/Clique-Aqui-4.pdf\">Clique Aqui!!<\/a><\/p>\n<p>Data de defesa: 09 de fevereiro de 2021<\/p>\n<p>Banca: Dr. Adalberto Narciso Hommerding e Dra. Thami Covatti Piaia, estes da URI, e Dr. Alexandre Morais da Rosa da UFP.<\/p>\n<p><strong>Gustavo Patias<\/strong><\/p>\n<p>T\u00edtulo: Direito, Raz\u00e3o e Arte: uma an\u00e1lise cr\u00edtica da forma\u00e7\u00e3o tradicional dos juristas a partir da proposta pedag\u00f3gica de Luis Alberto Warat.<\/p>\n<p>Trabalho:\u00a0<a href=\"http:\/\/srvapp2s.santoangelo.uri.br\/sites\/mestrado_direito\/wp-content\/uploads\/2021\/11\/Clique-Aqui-5.pdf\">Clique Aqui!!<\/a><\/p>\n<p>Data de defesa: 30 de mar\u00e7o de 2021<\/p>\n<p>Banca: Dr. Gilmar Antonio Bedin e Dra. Janete Rosa Martins, estes da URI, e Dra. Raquel Fabiana Lopes Sparemberger da FURG.<\/p>\n<p><strong>Lara Narjana Johann<\/strong><\/p>\n<p>T\u00edtulo: O reconhecimento e a prote\u00e7\u00e3o da inf\u00e2ncia e adolesc\u00eancia: a nega\u00e7\u00e3o dos direitos da crian\u00e7a e do adolescente numa perspectiva familiar e jur\u00eddica.<\/p>\n<p>Trabalho:\u00a0<a href=\"http:\/\/srvapp2s.santoangelo.uri.br\/sites\/mestrado_direito\/wp-content\/uploads\/2021\/11\/Clique-Aqui-6.pdf\">Clique Aqui!!<\/a><\/p>\n<p>Data de defesa: 22 de fevereiro de 2021<\/p>\n<p>Banca: Dr. Osmar Veronese e Dr. Jos\u00e9 Francisco Dias da Costa Lyra, estes da URI, e Dr. Doglas Cesar Lucas da UNIJUI.<\/p>\n<p><strong>Lucimary Leiria Fraga<\/strong><\/p>\n<p>T\u00edtulo: Inflex\u00f5es acerca dos (n\u00e3o) lugares de exclus\u00e3o e emancipa\u00e7\u00e3o das transidentidades e a afirma\u00e7\u00e3o dos direitos \u00e0 diferen\u00e7a e \u00e0 alteridade: (des)acuendando narrativas trans no munic\u00edpio de\u00a0 S\u00e3o Borja-RS.<\/p>\n<p>Trabalho:\u00a0<a href=\"http:\/\/srvapp2s.santoangelo.uri.br\/sites\/mestrado_direito\/wp-content\/uploads\/2021\/11\/Clique-Aqui-7.pdf\">Clique Aqui!!<\/a><\/p>\n<p>Data de defesa: 26 de fevereiro de 2021<\/p>\n<p>Banca: Dr. Noli Bernardo Hahn e Dr. Jo\u00e3o Martins Bertaso, estes da URI, e Dra. Denise Tatiane Girardon Dos Santos da UNICRUZ.<\/p>\n<p><strong>Luziana Colombo Lunardi<\/strong><\/p>\n<p>T\u00edtulo: A efetividade da legisla\u00e7\u00e3o do feminic\u00eddio no Estado do Rio Grande Do Sul sob a \u00f3tica do punitivismo populista ao direito penal simb\u00f3lico.<\/p>\n<p>Trabalho:\u00a0<a href=\"http:\/\/srvapp2s.santoangelo.uri.br\/sites\/mestrado_direito\/wp-content\/uploads\/2021\/11\/Clique-Aqui-8.pdf\">Clique Aqui!!<\/a><\/p>\n<p>Data de defesa: 26 de mar\u00e7o de 2021<\/p>\n<p>Banca: Dr. Jos\u00e9 Francisco Dias da Costa Lyra, Dra. Charlise Paula Colet Gimenez e Dra. Ros\u00e2ngela Angelin, estes da URI, e Dr. Francis Rafael Beck da UNISINOS.<\/p>\n<p><strong>Maria Eduarda Granel Copetti<\/strong><\/p>\n<p>T\u00edtulo:\u00a0<em>A<\/em>valia\u00e7\u00e3o da pol\u00edtica p\u00fablica judici\u00e1ria de tratamento de conflitos no Brasil: a Resolu\u00e7\u00e3o 125 de 2010 do Conselho Nacional de Justi\u00e7a e a media\u00e7\u00e3o nos conflitos de fam\u00edlia na comarca de Santa Rosa\/RS.<\/p>\n<p>Trabalho:\u00a0<a href=\"http:\/\/srvapp2s.santoangelo.uri.br\/sites\/mestrado_direito\/wp-content\/uploads\/2021\/11\/Clique-Aqui-9.pdf\">Clique Aqui!!<\/a><\/p>\n<p>Data de defesa: 20 de janeiro de 2021<\/p>\n<p>Banca: Profa. Dra. Charlise Paula Colet Gimenez , Profa. Dra. Ana Paula Faria Felipe , Prof. Dr. Adalberto Narciso Homerding .<\/p>\n<p><strong>Marielen La\u00eds Lima Rodrigues<\/strong><\/p>\n<p>T\u00edtulo: Rela\u00e7\u00f5es Entre Discursos Religiosos, Cultura Patriarcal E Seus Impactos Sobre Os Corpos Femininos: Submiss\u00e3o, Resist\u00eancia E Emancipa\u00e7\u00e3o No Estado Democr\u00e1tico De Direito.<\/p>\n<p>Trabalho:\u00a0<a href=\"http:\/\/srvapp2s.santoangelo.uri.br\/sites\/mestrado_direito\/wp-content\/uploads\/2021\/11\/Clique-Aqui-11.pdf\">Clique Aqui!!<\/a><\/p>\n<p>Data de defesa: 28 de julho de 2021<\/p>\n<p>Banca: Dr. Noli Bernardo Hahn e Dr. Jo\u00e3o Martins Bertaso, estes da URI, e Dra. Josiane Farias, da UPF.<\/p>\n<p><strong>Roberto Laux Junior<\/strong><\/p>\n<p>T\u00edtulo: Direitos Sociais Coletivos, mecanismos de redu\u00e7\u00e3o de Desigualdades e promo\u00e7\u00e3o de cidadania.<\/p>\n<p>Trabalho:\u00a0<a href=\"http:\/\/srvapp2s.santoangelo.uri.br\/sites\/mestrado_direito\/wp-content\/uploads\/2021\/11\/Clique-Aqui-10.pdf\">Clique Aqui!!<\/a><\/p>\n<p>Data de defesa: 19 de fevereiro de 2021<\/p>\n<p>Banca: Dr. Adalberto Narciso Hommerding e Dr. Gilmar Antonio Bedin, estes da URI, e Dr. Di\u00f3genes Ribeiro da UNILASALLE.<\/p>\n","protected":false},"excerpt":{"rendered":"<p>14\u00aa Turma &#8211; Ingresso em mar\u00e7o de 2019 Bianca Prediger Sawicki T\u00edtulo:\u00a0O direito de pertencer na perspectiva da justi\u00e7a sist\u00eamica e restaurativa: a experi\u00eancia judicante da comarca de Giru\u00e1-RS. Trabalho:\u00a0Clique Aqui!! Data de defesa: 29 de abril de 2021 Banca:\u00a0Dra. Charlise Paula Colet Gimenez e Dr. Jos\u00e9 Francisco Dias da Costa Lyra, estes da URI, [&hellip;]<\/p>\n","protected":false},"author":1,"featured_media":0,"parent":70,"menu_order":0,"comment_status":"closed","ping_status":"closed","template":"","meta":[],"_links":{"self":[{"href":"https:\/\/san.uri.br\/mestrado_direito\/index.php\/wp-json\/wp\/v2\/pages\/3452"}],"collection":[{"href":"https:\/\/san.uri.br\/mestrado_direito\/index.php\/wp-json\/wp\/v2\/pages"}],"about":[{"href":"https:\/\/san.uri.br\/mestrado_direito\/index.php\/wp-json\/wp\/v2\/types\/page"}],"author":[{"embeddable":true,"href":"https:\/\/san.uri.br\/mestrado_direito\/index.php\/wp-json\/wp\/v2\/users\/1"}],"replies":[{"embeddable":true,"href":"https:\/\/san.uri.br\/mestrado_direito\/index.php\/wp-json\/wp\/v2\/comments?post=3452"}],"version-history":[{"count":0,"href":"https:\/\/san.uri.br\/mestrado_direito\/index.php\/wp-json\/wp\/v2\/pages\/3452\/revisions"}],"up":[{"embeddable":true,"href":"https:\/\/san.uri.br\/mestrado_direito\/index.php\/wp-json\/wp\/v2\/pages\/70"}],"wp:attachment":[{"href":"https:\/\/san.uri.br\/mestrado_direito\/index.php\/wp-json\/wp\/v2\/media?parent=3452"}],"curies":[{"name":"wp","href":"https:\/\/api.w.org\/{rel}","templated":true}]}}