{"id":344,"date":"2013-07-18T20:06:01","date_gmt":"2013-07-18T23:06:01","guid":{"rendered":"http:\/\/srvapp2s.santoangelo.uri.br\/sites\/mestrado_direito\/?page_id=344"},"modified":"2024-06-24T15:01:03","modified_gmt":"2024-06-24T18:01:03","slug":"turma-2008-continuacao","status":"publish","type":"page","link":"https:\/\/san.uri.br\/mestrado_direito\/index.php\/mestrado\/publicacoes-egressos\/turma-2008-continuacao\/","title":{"rendered":"Turma 2008 (Continua\u00e7\u00e3o)"},"content":{"rendered":"\n<h2>Moacir Camargo Baggio<\/h2>\n\n\n\n<p><strong>Curr\u00edculo Lattes: <\/strong><a href=\"%20http:\/lattes.cnpq.br\/9244573232949911%0d\"> http:\/\/lattes.cnpq.br\/9244573232949911<\/a><\/p>\n\n\n\n<p><strong>Produ\u00e7\u00f5es:<\/strong><\/p>\n\n\n\n<p><strong>Produ\u00e7\u00e3o bibliogr\u00e1fica<\/strong><\/p>\n\n\n\n<p><strong>Artigos completos publicados em peri\u00f3dicos<\/strong><\/p>\n\n\n\n<p><strong>1.<\/strong><strong><a href=\"http:\/\/lattes.cnpq.br\/9244573232949911\" target=\"_blank\" rel=\"noreferrer noopener\">BAGGIO, M. C.<\/a><\/strong>. O ATUAL CONTROLE CONCRETO DE CONSTITUCIONALIDADE NO BRASIL E A MANUTEN\u00c7\u00c3O DE UM CONSTITUCIONALISMO DEMOCR\u00c1TICO DE INSPIRA\u00c7\u00c3O SOCIAL HOJE: Cogita\u00e7\u00f5es sobre uma &#8216;adapta\u00e7\u00e3o conservativa&#8217; deste modelo por meio do &#8216;Di\u00e1logo intercultural jur\u00eddico e judicial&#8217; para este fim. REVISTA JUR\u00cdDICA LUSO-BRASILEIRA<sup><\/sup>, v. 03, p. 1077, 2016.<\/p>\n\n\n\n<p><strong>2.<\/strong><strong><a href=\"http:\/\/lattes.cnpq.br\/9244573232949911\" target=\"_blank\" rel=\"noreferrer noopener\">BAGGIO, M. C.<\/a><\/strong>. O CONTROLE DIFUSO DE CONSTITUCIONALIDADE NO BRASIL ENTRE O PRESENTE E O FUTURO. Revista de Doutrina 4\u00aa Regi\u00e3o<sup><\/sup>, v. 69, p. 001, 2015.<\/p>\n\n\n\n<p><strong>3.<\/strong><strong><a href=\"http:\/\/lattes.cnpq.br\/9244573232949911\" target=\"_blank\" rel=\"noreferrer noopener\">BAGGIO, M. C.<\/a><\/strong>. JURISDI\u00c7\u00c3O COMO INSTRUMENTO DE RECONHECIMENTO E DE CONSTRU\u00c7\u00c3O DA DEMOCRACIA ENQUANTO COOPERA\u00c7\u00c3O REFLEXIVA (HONNETH E EEWEY). Revista do Instituto do Direito Brasileiro<sup><\/sup>, v. 5, p. 3241-3282, 2014.<\/p>\n\n\n\n<p><strong>4.<\/strong><strong><a href=\"http:\/\/lattes.cnpq.br\/9244573232949911\" target=\"_blank\" rel=\"noreferrer noopener\">BAGGIO, M. C.<\/a><\/strong>. VIS\u00d5ES CONTEMPOR\u00c2NEAS SOBRE A LEGITIMIDADE DEMOCR\u00c1TICA DA PRSTA\u00c7\u00c3O JURISDICIONAL (CONSTITUCIONAL) NA ATUALIDADE: POR UMA REVIS\u00c3O CR\u00cdTICA DOS PRESSUPOSTOS FILOS\u00d3FICOS E POL\u00cdTICOS RESTRITIVOS DA DISCUSS\u00c3O NO \u00c2MBIENTE JUR\u00cdDICO LOCAL. Revista do Instituto do Direito Brasileiro<sup><\/sup>, v. 3, p. 3881-3968, 2014.<\/p>\n\n\n\n<p><strong>5.<\/strong><strong><a href=\"http:\/\/lattes.cnpq.br\/9244573232949911\" target=\"_blank\" rel=\"noreferrer noopener\">BAGGIO, M. C.<\/a><\/strong>. ALTERIDADE E DIFEREN\u00c7A NA &#8220;CONQUISTA DA AM\u00c9RICA&#8221;: Alguns pressupostos para uma compreens\u00e3o inicial dos direitos constitucionais ind\u00edgenas. Direitos Culturais<sup><\/sup>, v. 7, p. 27-53, 2010.<\/p>\n\n\n\n<p><strong>6.<\/strong><strong><a href=\"http:\/\/lattes.cnpq.br\/9244573232949911\" target=\"_blank\" rel=\"noreferrer noopener\">BAGGIO, M. C.<\/a><\/strong>. O PENSAMENTO COMPLEXO E UMA HERMEN\u00caUTICA RESTAURADORA DO SENTIDO: alternativas para a busca de uma conviv\u00eancia poss\u00edvel?. Revista da AJUFERGS<sup><\/sup>, v. 06, p. 229-268, 2009.<\/p>\n\n\n\n<p><strong>7.<\/strong><img src=\"https:\/\/buscatextual.cnpq.br\/buscatextual\/images\/curriculo\/ico_relevante.gif\"><a href=\"http:\/\/lattes.cnpq.br\/8818051679585883\" target=\"_blank\" rel=\"noreferrer noopener\">OLIVEIRA JUNIOR, J.A.<\/a>&nbsp;;&nbsp;<strong><a href=\"http:\/\/lattes.cnpq.br\/9244573232949911\" target=\"_blank\" rel=\"noreferrer noopener\">BAGGIO, M. C.<\/a><\/strong>&nbsp;. JURISDI\u00c7\u00c3O: DA LITIGIOSIDADE \u00c0 MEDIA\u00c7\u00c3O. Costituzionalismo.it (Roma)<sup><\/sup>, v. 2\/2009, p. art20091111-1, 2009.<\/p>\n\n\n\n<p><strong>8.<\/strong><strong><a href=\"http:\/\/lattes.cnpq.br\/9244573232949911\" target=\"_blank\" rel=\"noreferrer noopener\">BAGGIO, M. C.<\/a><\/strong>. NORMATIVISMO, HERMEN\u00caUTICA E TEORIAS SIST\u00caMICAS: Uma aproxima\u00e7\u00e3o inicial da Teoria Autopoi\u00e9tica e sua vis\u00e3o sobre as matrizes do Direito &#8211; Vislumbre de possibilidades e limita\u00e7\u00f5es. Direitos Culturais<sup><\/sup>, v. 6, p. 25-55, 2009.<\/p>\n\n\n\n<p><strong>9.<\/strong><strong><a href=\"http:\/\/lattes.cnpq.br\/9244573232949911\" target=\"_blank\" rel=\"noreferrer noopener\">BAGGIO, M. C.<\/a><\/strong>;&nbsp;<a href=\"http:\/\/lattes.cnpq.br\/8818051679585883\" target=\"_blank\" rel=\"noreferrer noopener\">OLIVEIRA JUNIOR, J.A.<\/a>&nbsp;. JURISDI\u00c7\u00c3O: DA LITIGIOSIDADE \u00c0 MEDIA\u00c7\u00c3O. Direitos Culturais<sup><\/sup>, v. 3, p. 109-135, 2008.<\/p>\n\n\n\n<p><strong>10.<\/strong><strong><a href=\"http:\/\/lattes.cnpq.br\/9244573232949911\" target=\"_blank\" rel=\"noreferrer noopener\">BAGGIO, M. C.<\/a><\/strong>. JURISDI\u00c7\u00c3O E PREVID\u00caNCIA EM TEMPOS DE CRISE DE SOLIDARIEDADE (Alguns pressupostos para uma presta\u00e7\u00e3o jurisdicional adequada). Revista de Direito Social<sup><\/sup>, v. 25, p. 11-108, 2007.<\/p>\n\n\n\n<p><strong>11.<\/strong><strong><a href=\"http:\/\/lattes.cnpq.br\/9244573232949911\" target=\"_blank\" rel=\"noreferrer noopener\">BAGGIO, M. C.<\/a><\/strong>. PUNI\u00c7\u00c3O CRIMINAL, JURISDI\u00c7\u00c3O E JUSTI\u00c7A (Sobre a necessidade de consolida\u00e7\u00e3o do imperativo da &#8216;viiol\u00eancia razo\u00e1vel&#8217; do Estado na sociedade contempor\u00e2nea). Revista de Doutrina 4. Regi\u00e3o<sup><\/sup>, v. 21, p. 21, 2007.<\/p>\n\n\n\n<p><strong><a><\/a>Livros publicados\/organizados ou edi\u00e7\u00f5es<\/strong><br><strong>1.<\/strong><img src=\"https:\/\/buscatextual.cnpq.br\/buscatextual\/images\/curriculo\/ico_relevante.gif\">&nbsp;MIRANDA, J. ; MENEZES, F. A. D. ;&nbsp;<strong><a href=\"http:\/\/lattes.cnpq.br\/9244573232949911\" target=\"_blank\" rel=\"noreferrer noopener\">BAGGIO, M. C.<\/a><\/strong>&nbsp;; SILVEIRA, J. J. C. ; RODRIGUES, D. A. M. . JUSTI\u00c7A CONSTITUCIONAL. 1. ed. S\u00e3o Paulo: Almedina Brasil, 2018. 460p .<\/p>\n\n\n\n<p><strong>2.<\/strong><img src=\"https:\/\/buscatextual.cnpq.br\/buscatextual\/images\/curriculo\/ico_relevante.gif\"><strong><a href=\"http:\/\/lattes.cnpq.br\/9244573232949911\" target=\"_blank\" rel=\"noreferrer noopener\">BAGGIO, M. C.<\/a><\/strong>. DA TOLER\u00c2NCIA (Direito e conflito sob o signo da toler\u00e2ncia: por uma presta\u00e7\u00e3o jurisdicional comprometida com a fraternidade). S\u00e3o Paulo: LTr, 2010. 232p .<\/p>\n\n\n\n<p><strong>3.<\/strong><img src=\"https:\/\/buscatextual.cnpq.br\/buscatextual\/images\/curriculo\/ico_relevante.gif\"><strong><a href=\"http:\/\/lattes.cnpq.br\/9244573232949911\" target=\"_blank\" rel=\"noreferrer noopener\">BAGGIO, M. C.<\/a><\/strong>. JURISDI\u00c7\u00c3O E PREVID\u00caNCIA EM TEMPOS DE CRISE DE SOLIDARIEDADE: Alguns pressupostos para uma presta\u00e7\u00e3o jurisdicional adequada. 1. ed. S\u00e3o Paulo: LTr, 2008. 144p .<\/p>\n\n\n\n<p><strong><a><\/a>Cap\u00edtulos de livros publicados<\/strong><br><strong>1.<\/strong><img src=\"https:\/\/buscatextual.cnpq.br\/buscatextual\/images\/curriculo\/ico_relevante.gif\"><strong><a href=\"http:\/\/lattes.cnpq.br\/9244573232949911\" target=\"_blank\" rel=\"noreferrer noopener\">BAGGIO, M. C.<\/a><\/strong>. Presente e Futuro do Controle Difuso de Constitucionalidade no Brasil: por uma adapta\u00e7\u00e3o conservativa atrav\u00e9s de um di\u00e1logo intercultural. In: Jorge Miranda; Fernando Ant\u00f4nio Dias Menezes; Jo\u00e3o Jos\u00e9 Cust\u00f3dio da Silveira; Dulcilene Mapelli Rodrigues; Moacir Camargo Baggio. (Org.). JUSTI\u00c7A CONSTITUCIONAL. 1ed.S\u00e3o Paulo: Almedina Brasil, 2018, v. , p. 255-294.<\/p>\n\n\n\n<p><strong>2.<\/strong><strong><a href=\"http:\/\/lattes.cnpq.br\/9244573232949911\" target=\"_blank\" rel=\"noreferrer noopener\">BAGGIO, M. C.<\/a><\/strong>. Tempo e legitimidade na presta\u00e7\u00e3o jurisdicional: do direito \u00e0 diferencia\u00e7\u00e3o e ao tempo devido. In: Tadaaqui Hirose; Maria Helena Rau de Souza. (Org.). Curso Modular de Direito Processual Civil. 1ed.S\u00e3o Paulo: Conceito Editorial, 2011, v. 1, p. 59-144.<\/p>\n\n\n\n<p><strong>3.<\/strong><strong><a href=\"http:\/\/lattes.cnpq.br\/9244573232949911\" target=\"_blank\" rel=\"noreferrer noopener\">BAGGIO, M. C.<\/a><\/strong>. Notas introdut\u00f3rias ao problema da jurisdi\u00e7\u00e3o nos contempor\u00e2neos conflitos da diferen\u00e7a (Sociedade contempor\u00e2nea, Constitui\u00e7\u00e3o e fraternidade realizada como princ\u00edpios de toler\u00e2ncia e solidariedade). In: Paulo Afonso Brum Vaz; Jairo Gilberto Sch\u00e4fer. (Org.). CURSO MODULAR DE DIREITO CONSTITUCIONAL. 1ed.Florian\u00f3polis: Conceito Editorial, 2008, v. , p. 433-470.<\/p>\n\n\n\n<p><strong>4.<\/strong><strong><a href=\"http:\/\/lattes.cnpq.br\/9244573232949911\" target=\"_blank\" rel=\"noreferrer noopener\">BAGGIO, M. C.<\/a><\/strong>. Jurisdi\u00e7\u00e3o e previd\u00eancia em tempos de crise de solidariedade (Alguns pressupostos para uma presta\u00e7\u00e3o jurisdicional adequada). In: Luiz Carlos de Castro Lugon; Jo\u00e3o Batista Lazzari. (Org.). CURSO MODULAR DE DIREITO PREVIDENCI\u00c1RIO. Florian\u00f3polis: Conceito Editorial, 2007, v. , p. 171-285.<\/p>\n\n\n\n<p><strong><a><\/a>Outras produ\u00e7\u00f5es bibliogr\u00e1ficas<\/strong><br><strong>1.<\/strong><strong><a href=\"http:\/\/lattes.cnpq.br\/9244573232949911\" target=\"_blank\" rel=\"noreferrer noopener\">BAGGIO, M. C.<\/a><\/strong>; SILVEIRA, J. J. C. ; RODRIGUES, D. A. M. . Apresenta\u00e7\u00e3o do Grupos de Pesquisas em Justi\u00e7a Constitucional (FDUL\/FDUSP) e Notas explicativas dos Organizadores da Colet\u00e2nea &#8216;Justi\u00e7a Constitucional&#8217;, 2018. (Pref\u00e1cio, P\u00f3sfacio\/Apresenta\u00e7\u00e3o)&gt;.<\/p>\n\n\n\n<h2><strong>Paulo de Tarso Lorenzoni do Amaral<\/strong><\/h2>\n\n\n\n<p><strong>Curr\u00edculo Lattes: <\/strong><a href=\"http:\/\/lattes.cnpq.br\/8517741346462763\">http:\/\/lattes.cnpq.br\/8517741346462763<\/a><\/p>\n","protected":false},"excerpt":{"rendered":"<p>Moacir Camargo Baggio Curr\u00edculo Lattes: http:\/\/lattes.cnpq.br\/9244573232949911 Produ\u00e7\u00f5es: Produ\u00e7\u00e3o bibliogr\u00e1fica Artigos completos publicados em peri\u00f3dicos 1.BAGGIO, M. C.. O ATUAL CONTROLE CONCRETO DE CONSTITUCIONALIDADE NO BRASIL E A MANUTEN\u00c7\u00c3O DE UM CONSTITUCIONALISMO DEMOCR\u00c1TICO DE INSPIRA\u00c7\u00c3O SOCIAL HOJE: Cogita\u00e7\u00f5es sobre uma &#8216;adapta\u00e7\u00e3o conservativa&#8217; deste modelo por meio do &#8216;Di\u00e1logo intercultural jur\u00eddico e judicial&#8217; para este fim. REVISTA [&hellip;]<\/p>\n","protected":false},"author":1,"featured_media":0,"parent":224,"menu_order":0,"comment_status":"closed","ping_status":"closed","template":"","meta":[],"_links":{"self":[{"href":"https:\/\/san.uri.br\/mestrado_direito\/index.php\/wp-json\/wp\/v2\/pages\/344"}],"collection":[{"href":"https:\/\/san.uri.br\/mestrado_direito\/index.php\/wp-json\/wp\/v2\/pages"}],"about":[{"href":"https:\/\/san.uri.br\/mestrado_direito\/index.php\/wp-json\/wp\/v2\/types\/page"}],"author":[{"embeddable":true,"href":"https:\/\/san.uri.br\/mestrado_direito\/index.php\/wp-json\/wp\/v2\/users\/1"}],"replies":[{"embeddable":true,"href":"https:\/\/san.uri.br\/mestrado_direito\/index.php\/wp-json\/wp\/v2\/comments?post=344"}],"version-history":[{"count":1,"href":"https:\/\/san.uri.br\/mestrado_direito\/index.php\/wp-json\/wp\/v2\/pages\/344\/revisions"}],"predecessor-version":[{"id":4527,"href":"https:\/\/san.uri.br\/mestrado_direito\/index.php\/wp-json\/wp\/v2\/pages\/344\/revisions\/4527"}],"up":[{"embeddable":true,"href":"https:\/\/san.uri.br\/mestrado_direito\/index.php\/wp-json\/wp\/v2\/pages\/224"}],"wp:attachment":[{"href":"https:\/\/san.uri.br\/mestrado_direito\/index.php\/wp-json\/wp\/v2\/media?parent=344"}],"curies":[{"name":"wp","href":"https:\/\/api.w.org\/{rel}","templated":true}]}}