{"id":2904,"date":"2019-05-07T14:44:13","date_gmt":"2019-05-07T17:44:13","guid":{"rendered":"http:\/\/srvapp2s.santoangelo.uri.br\/sites\/mestrado_direito\/?page_id=2904"},"modified":"2019-05-07T14:44:13","modified_gmt":"2019-05-07T17:44:13","slug":"2020-2","status":"publish","type":"page","link":"https:\/\/san.uri.br\/mestrado_direito\/index.php\/mestrado\/dissertacoes\/2020-2\/","title":{"rendered":"2020"},"content":{"rendered":"<p style=\"text-align: justify;\"><strong>13\u00aa Turma &#8211; Ingresso em mar\u00e7o de 2018<\/strong><\/p>\n<p style=\"text-align: justify;\"><strong>Alessandra Duncke<\/strong><\/p>\n<p style=\"text-align: justify;\">T\u00edtulo: Os reflexos jur\u00eddicos do reconhecimento da pluripaternidade\/multiparentalidade.<\/p>\n<p style=\"text-align: justify;\">Acesso ao trabalho:\u00a0<a href=\"http:\/\/srvapp2s.santoangelo.uri.br\/sites\/mestrado_direito\/wp-content\/uploads\/2019\/05\/Clique-Aqui.pdf\">Clique Aqui!!<\/a><\/p>\n<p style=\"text-align: justify;\">Data da defesa: 21 de agosto de 2020<\/p>\n<p style=\"text-align: justify;\">Banca: Dr. Leonel Severo Rocha e Dr. Jos\u00e9 Francisco Dias da Costa Lyra da URI, e, Dra. J\u00falia Francieli Neves Scherbaum.<\/p>\n<p style=\"text-align: justify;\"><strong>Bernardo Gheller Heidemann<\/strong><\/p>\n<p style=\"text-align: justify;\">T\u00edtulo: A desinstitucionaliza\u00e7\u00e3o do manic\u00f4mio judicial: uma cr\u00edtica a partir da dogm\u00e1tica da teoria anal\u00edtica do crime.<\/p>\n<p style=\"text-align: justify;\">Acesso ao trabalho:\u00a0<a href=\"http:\/\/srvapp2s.santoangelo.uri.br\/sites\/mestrado_direito\/wp-content\/uploads\/2019\/05\/Clique-Aqui-1.pdf\">Clique Aqui!!<\/a><\/p>\n<p style=\"text-align: justify;\">Data da defesa: 27 de fevereiro de 2020<\/p>\n<p style=\"text-align: justify;\">Banca: Dr. Andr\u00e9 Leonardo Copetti Santos, da URI, Dr. Maiquel \u00c2ngelo Dezori Wermuth, da UNIJUI, Dr. Jos\u00e9 Francisco Dias da Costa Lyra da URI.<\/p>\n<p style=\"text-align: justify;\"><strong>Caroline Isabela Capelesso Ceni<\/strong><\/p>\n<p style=\"text-align: justify;\">T\u00edtulo: Media\u00e7\u00e3o Waratiana no Estado Democr\u00e1tico de Direito como pressuposto para o acesso \u00e0 justi\u00e7a social.<\/p>\n<p style=\"text-align: justify;\">Acesso ao trabalho:<a href=\"http:\/\/srvapp2s.santoangelo.uri.br\/sites\/mestrado_direito\/wp-content\/uploads\/2019\/05\/Clique-Aqui-2.pdf\">Clique Aqui!!<\/a><\/p>\n<p style=\"text-align: justify;\">Data da defesa: 28 de fevereiro de 2020<\/p>\n<p style=\"text-align: justify;\">Banca: Profa. Dra. Janete Rosa Martins, da URI, Prof. Dr. Rog\u00e9rio da Silva, da UPF, Prof. Dr. Jo\u00e3o Martins Bertaso da URI.<\/p>\n<p style=\"text-align: justify;\"><strong>D\u00e9bora Patricia Seger<\/strong><\/p>\n<p style=\"text-align: justify;\">T\u00edtulo: Migra\u00e7\u00f5es for\u00e7adas em tempos de distopias: identidade e diferen\u00e7a na luta pelo reconhecimento dos refugiados no Brasil.<\/p>\n<p style=\"text-align: justify;\">Acesso ao trabalho:\u00a0<a href=\"http:\/\/srvapp2s.santoangelo.uri.br\/sites\/mestrado_direito\/wp-content\/uploads\/2019\/05\/Clique-Aqui-3.pdf\">Clique Aqui!!<\/a><\/p>\n<p style=\"text-align: justify;\">Data da defesa: 14 de fevereiro de 2020<\/p>\n<p style=\"text-align: justify;\">Banca: Prof. Dr. Osmar Veronese, da URI, Prof. Dr. Liton Lanes Pilau Sobrinho, da UPF, e Prof. Dr. Jos\u00e9 Francisco Dias da Costa Lyra da URI.<\/p>\n<p style=\"text-align: justify;\"><strong>Eduardo Macedo Cattelan<\/strong><\/p>\n<p style=\"text-align: justify;\">T\u00edtulo: O novo papel do advogado no tratamento de conflitos \u00e0 luz da media\u00e7\u00e3o em Luis Alberto Warat.<\/p>\n<p style=\"text-align: justify;\">Acesso ao trabalho:\u00a0<a href=\"http:\/\/srvapp2s.santoangelo.uri.br\/sites\/mestrado_direito\/wp-content\/uploads\/2019\/05\/Clique-Aqui-4.pdf\">Clique Aqui!!<\/a><\/p>\n<p style=\"text-align: justify;\">Data da defesa: 28 de agosto de 2020<\/p>\n<p style=\"text-align: justify;\">Banca: Dra. Charlise Paula Colet Gimenez e Dr. Jo\u00e3o Martins Bertaso, estes da URI, e Dra. M\u00e1rcia Michele Garcia Duarte da UERJ.<\/p>\n<p style=\"text-align: justify;\"><strong>Elesandra Maria Da Rosa\u00a0<\/strong><\/p>\n<p style=\"text-align: justify;\">T\u00edtulo: A media\u00e7\u00e3o nas escolas p\u00fablicas brasileiras como instrumento para o tratamento de conflitos visando \u00e0 constru\u00e7\u00e3o de uma cultura de paz.<\/p>\n<p style=\"text-align: justify;\">Acesso ao trabalho:\u00a0<a href=\"http:\/\/srvapp2s.santoangelo.uri.br\/sites\/mestrado_direito\/wp-content\/uploads\/2019\/05\/Clique-Aqui-5.pdf\">Clique Aqui!!<\/a><\/p>\n<p style=\"text-align: justify;\">Data da defesa: 15 de maio de 2020<\/p>\n<p style=\"text-align: justify;\">Banca: Dr. Jo\u00e3o Martins Bertaso, da URI, Dr. Luiz Ernani Bonesso de Ara\u00fajo, da Universidade Federal de Santa Maria e Dra. Janete Rosa Martins da URI.<\/p>\n<p style=\"text-align: justify;\"><strong>Gabrielle Scola Dutra <\/strong><\/p>\n<p style=\"text-align: justify;\">T\u00edtulo: O c\u00f3digo inclus\u00e3o\/exclus\u00e3o na modernidade perif\u00e9rica brasileira: uma an\u00e1lise da exist\u00eancia feminina negra nas favelas da cidade do Rio de Janeiro sob a perspectiva da Teoria Sist\u00eamica.<\/p>\n<p style=\"text-align: justify;\"><em>Termo de desautoriza\u00e7\u00e3o<\/em><\/p>\n<p style=\"text-align: justify;\">Data da defesa:\u00a028 de fevereiro de 2020<\/p>\n<p style=\"text-align: justify;\">Banca: Prof. Dr. Jos\u00e9 Francisco Dias da Costa Lyra, da URI, Prof. Dr. Guilherme de Azevedo, da UNISINOS, Prof. Dr. Leonel Severo Rocha da URI.<\/p>\n<p style=\"text-align: justify;\"><strong>In\u00e1cio Altino Ludwig<\/strong><\/p>\n<p style=\"text-align: justify;\">T\u00edtulo: Acidentes de tr\u00e2nsito no Brasil: responsabilidade de quem?<\/p>\n<p style=\"text-align: justify;\">Acesso ao trabalho:\u00a0<a href=\"http:\/\/srvapp2s.santoangelo.uri.br\/sites\/mestrado_direito\/wp-content\/uploads\/2019\/05\/Clique-Aqui-6.pdf\">Clique Aqui!!<\/a><\/p>\n<p style=\"text-align: justify;\">Data da defesa: 13 de julho de 2020<\/p>\n<p style=\"text-align: justify;\">Banca: Dra. Thami Covatti Piaia, da URI, Dr. Liton Lanes Pilau Sobrinho, da Universidade de Passo Fundo e Dr. Osmar Veronese da URI.<\/p>\n<p style=\"text-align: justify;\"><strong>Leonardo Furian<\/strong><\/p>\n<p style=\"text-align: justify;\">T\u00edtulo: Os deveres de prote\u00e7\u00e3o do estado democr\u00e1tico, social, ambiental de direito no procedimento de registro de agrot\u00f3xicos e a participa\u00e7\u00e3o sustent\u00e1vel<\/p>\n<p style=\"text-align: justify;\">Acesso ao trabalho:<a href=\"http:\/\/srvapp2s.santoangelo.uri.br\/sites\/mestrado_direito\/wp-content\/uploads\/2019\/05\/Clique-Aqui-7.pdf\">Clique Aqui!!<\/a><\/p>\n<p style=\"text-align: justify;\">Data da defesa: 07 de maio de 2020<\/p>\n<p style=\"text-align: justify;\">Banca: Dr. Jacson Roberto Cervi, da URI, Dr. \u00c1lvaro Sanchez Bravo, da Universidade de Sevilha, Dr. Osmar Veronese da URI.<\/p>\n<p style=\"text-align: justify;\"><strong>Natascha Rodrigues Siqueira<\/strong><\/p>\n<p style=\"text-align: justify;\">T\u00edtulo: A influ\u00eancia de dogmas crist\u00e3os, de movimentos feministas e do Estado contempor\u00e2neo nos direitos reprodutivos das mulheres<\/p>\n<p style=\"text-align: justify;\">Acesso ao trabalho:\u00a0<a href=\"http:\/\/srvapp2s.santoangelo.uri.br\/sites\/mestrado_direito\/wp-content\/uploads\/2019\/05\/Clique-Aqui-8.pdf\">Clique Aqui!!<\/a><\/p>\n<p style=\"text-align: justify;\">Data da defesa: 21 de agosto de 2020<\/p>\n<p style=\"text-align: justify;\">Banca: Dra. Ros\u00e2ngela Angelin e Dr. Noli Bernardo Hahn da URI, e, Dra. Val\u00e9ria Ribas do Nascimento, da UFSM.<\/p>\n<p style=\"text-align: justify;\"><strong>Salete Da Silva Hoch<\/strong><\/p>\n<p style=\"text-align: justify;\">T\u00edtulo: Mulheres na seguran\u00e7a p\u00fablica: uma an\u00e1lise do reconhecimento identit\u00e1rio e jur\u00eddico de soldados femininas do 7o Regimento De Pol\u00edcia Montada (RPMon) De Santo \u00c2ngelo\/RS<\/p>\n<p style=\"text-align: justify;\">Acesso ao trabalho:\u00a0<a href=\"http:\/\/srvapp2s.santoangelo.uri.br\/sites\/mestrado_direito\/wp-content\/uploads\/2019\/05\/Clique-Aqui-9.pdf\">Clique Aqui<\/a><\/p>\n<p style=\"text-align: justify;\">Data da defesa: 27 de julho de 2020<\/p>\n<p style=\"text-align: justify;\">Banca: Dra. Ros\u00e2ngela Angelin e Dr. Noli Bernardo Hahn, estes da URI, e, Dra. Joice Graciele Nielsson da UNIJUI.<\/p>\n<p style=\"text-align: justify;\"><strong>Tha\u00eds Maciel De Oliveira<\/strong><\/p>\n<p style=\"text-align: justify;\">T\u00edtulo: A redu\u00e7\u00e3o, a mesmidade e a totalidade no Tribunal de Justi\u00e7a do Rio Grande do Sul: a compreens\u00e3o de g\u00eanero a partir de uma abordagem epistemol\u00f3gica, ontol\u00f3gica e metodol\u00f3gica complexa no direito<\/p>\n<p style=\"text-align: justify;\">Acesso ao trabalho:\u00a0<a href=\"http:\/\/srvapp2s.santoangelo.uri.br\/sites\/mestrado_direito\/wp-content\/uploads\/2019\/05\/Clique-Aqui-10.pdf\">Clique Aqui!!<\/a><\/p>\n<p style=\"text-align: justify;\">Data da defesa: 19 de fevereiro de 2020<\/p>\n<p style=\"text-align: justify;\">Banca: Prof. Dr. Noli Bernardo Hahn, da URI, Prof. Dr. Doglas Cesar Lucas, da UNIJUI, Prof. Dr. F\u00e1bio C\u00e9sar Junges, da UNICRUZ e Prof. Dr. L\u00edvio Osvaldo Arenhart da UFFS.<\/p>\n","protected":false},"excerpt":{"rendered":"<p>13\u00aa Turma &#8211; Ingresso em mar\u00e7o de 2018 Alessandra Duncke T\u00edtulo: Os reflexos jur\u00eddicos do reconhecimento da pluripaternidade\/multiparentalidade. Acesso ao trabalho:\u00a0Clique Aqui!! Data da defesa: 21 de agosto de 2020 Banca: Dr. Leonel Severo Rocha e Dr. Jos\u00e9 Francisco Dias da Costa Lyra da URI, e, Dra. J\u00falia Francieli Neves Scherbaum. Bernardo Gheller Heidemann T\u00edtulo: [&hellip;]<\/p>\n","protected":false},"author":1,"featured_media":0,"parent":70,"menu_order":0,"comment_status":"closed","ping_status":"closed","template":"","meta":[],"_links":{"self":[{"href":"https:\/\/san.uri.br\/mestrado_direito\/index.php\/wp-json\/wp\/v2\/pages\/2904"}],"collection":[{"href":"https:\/\/san.uri.br\/mestrado_direito\/index.php\/wp-json\/wp\/v2\/pages"}],"about":[{"href":"https:\/\/san.uri.br\/mestrado_direito\/index.php\/wp-json\/wp\/v2\/types\/page"}],"author":[{"embeddable":true,"href":"https:\/\/san.uri.br\/mestrado_direito\/index.php\/wp-json\/wp\/v2\/users\/1"}],"replies":[{"embeddable":true,"href":"https:\/\/san.uri.br\/mestrado_direito\/index.php\/wp-json\/wp\/v2\/comments?post=2904"}],"version-history":[{"count":0,"href":"https:\/\/san.uri.br\/mestrado_direito\/index.php\/wp-json\/wp\/v2\/pages\/2904\/revisions"}],"up":[{"embeddable":true,"href":"https:\/\/san.uri.br\/mestrado_direito\/index.php\/wp-json\/wp\/v2\/pages\/70"}],"wp:attachment":[{"href":"https:\/\/san.uri.br\/mestrado_direito\/index.php\/wp-json\/wp\/v2\/media?parent=2904"}],"curies":[{"name":"wp","href":"https:\/\/api.w.org\/{rel}","templated":true}]}}