{"id":2295,"date":"2017-09-25T15:31:37","date_gmt":"2017-09-25T18:31:37","guid":{"rendered":"http:\/\/srvapp2s.santoangelo.uri.br\/sites\/mestrado_direito\/?page_id=2295"},"modified":"2024-06-17T16:56:52","modified_gmt":"2024-06-17T19:56:52","slug":"projetos-de-extensao","status":"publish","type":"page","link":"https:\/\/san.uri.br\/mestrado_direito\/index.php\/projetos-de-extensao\/","title":{"rendered":"Projetos de Extens\u00e3o"},"content":{"rendered":"<p style=\"text-align: left;\">\n<p>LINHA DE PESQUISA I &#8211; DIREITO E MULTICULTURALISMO<\/p>\n<ul>\n<li><em><strong>Cultura B\u00edblica, Consci\u00eancia de Ecocidadania e Direitos Humanos<\/strong><\/em><\/li>\n<\/ul>\n<p>Coordena\u00e7\u00e3o:Dr. Noli Bernardo Hahn<\/p>\n<p><strong>Descri\u00e7\u00e3o:<\/strong> O Projeto de Extens\u00e3o possui como objetivo despertar a uma consci\u00eancia e a uma postura ecocidad\u00e3 e \u00e9tica de compromisso com a vida em sua integralidade. Justifica-se pela urg\u00eancia de se despertar a uma consci\u00eancia e a atitudes de cuidado com o planeta terra e com os vulner\u00e1veis \u00e9tnico-sociais. Inter-relacionar cultura b\u00edblica e direitos humanos, na \u00f3tica ecocidad\u00e3, viabiliza, teoricamente, um despertar a uma dimens\u00e3o de cuidado. O p\u00fablico alvo s\u00e3o lideran\u00e7as populares, em sua maioria pertencentes a comunidades cat\u00f3licas. Os locais de realiza\u00e7\u00e3o s\u00e3o munic\u00edpios e par\u00f3quias de abrang\u00eancia da Diocese de Santo \u00c2ngelo, RS. As parcerias s\u00e3o, especialmente, as par\u00f3quias cat\u00f3licas da Diocese de Santo \u00c2ngelo.<\/p>\n<ul>\n<li><strong>G\u00eanero, diversidade e direitos humanos em sociedades democr\u00e1ticas: tecendo <\/strong><strong>redes de humaniza\u00e7\u00e3o e conhecimento<\/strong>Coordena\u00e7\u00e3o: Profa. Dra. Ros\u00e2ngela Angelin<\/li>\n<\/ul>\n<p><strong>Descri\u00e7\u00e3o:<\/strong> A sociedade se constitui por espa\u00e7os de viv\u00eancias individuais e coletivas expressas por condutas alicer\u00e7adas por culturas, rela\u00e7\u00f5es de poder e interconex\u00f5es que constroem realidades, as quais s\u00e3o, em sua maioria, regulamentadas pelo direito. Nesse contexto, parcelas da sociedade s\u00e3o vulnerabilizadas, como pessoas economicamente insuficientes, mulheres, negros\/as, ind\u00edgenas, p\u00fablico LGBTQIA+, crian\u00e7as e jovens, promovendo conflitos sociais. Nesse sentido, o projeto de extens\u00e3o busca, por meio da intera\u00e7\u00e3o social com o p\u00fablico de acad\u00eamicos\/as do direito e de outras \u00e1reas do conhecimento, sociedade civil, movimentos sociais, escolas \u2013 (educadoras\/es, educandas\/os e dire\u00e7\u00f5es), movimentos sociais e institui\u00e7\u00f5es, debater e refletir criticamente sobre os temas, bem como implementar pr\u00e1ticas voltadas para a constru\u00e7\u00e3o de uma sociedade mais isonomia, que prime pela inclus\u00e3o social e coopera\u00e7\u00e3o. Nesse sentido, por meio de encontros, palestras, manifesta\u00e7\u00f5es art\u00edsticas e atividades de capacita\u00e7\u00e3o, voltadas, em especial, para mulheres, p\u00fablico LGBTQIA+, movimentos sociais e p\u00fablico escolar (educadores\/as e educandos\/as), bem como sociedade civil, o projeto de extens\u00e3o pretende viabilizar que a Universidade realize sua fun\u00e7\u00e3o social de contribuir para o desenvolvimento social e a promo\u00e7\u00e3o de cidadania e uma vida digna. O projeto \u00e9 desenvolvido em parceria com institui\u00e7\u00f5es p\u00fablicas, como o Centro de Refer\u00eancia da Mulher, Promotoria P\u00fablica e cooperativas e, por sua vez, impacta a vida n\u00e3o somente das pessoas envolvidas no projeto, como em todo o entorno das comunidades, bairros que pertencem, escolas e fam\u00edlias, servindo de instrumento na constru\u00e7\u00e3o da cidadania, promo\u00e7\u00e3o de isonomia de g\u00eanero, erradica\u00e7\u00e3o da viol\u00eancias contra mulheres e p\u00fablico LGBTQIA+, em especial, as que se encontram em situa\u00e7\u00e3o de vulnerabilidade e vulnera\u00e7\u00e3o social e econ\u00f4mica.<br class=\"clear\" \/>Situa\u00e7\u00e3o: Em andamento; Natureza: Extens\u00e3o. <br class=\"clear\" \/><br \/>\nLINHA DE PESQUISA II &#8211; POL\u00cdTICAS DE CIDADANIA E RESOLU\u00c7\u00c3O DE CONFLITOS<\/p>\n<ul>\n<li><span style=\"font-size: revert; color: initial;\"><em><strong>MEDIA\u00c7\u00c3O COMUNIT\u00c1RIA &#8211; CURSO DE MEDIA\u00c7\u00c3O ESCOLAR PARA PROFESSORES DA REDE P\u00daBLICA ESTADUAL: Projeto de capacita\u00e7\u00e3o de professores em t\u00e9cnicas de media\u00e7\u00e3o de conflitos.<\/strong><\/em><\/span><\/li>\n<\/ul>\n<p><strong>Coordena\u00e7\u00e3o<\/strong>: Prof. Dr. Jo\u00e3o Martins Bertaso.<\/p>\n<p>Descri\u00e7\u00e3o: O presente projeto visa \u00e0 forma\u00e7\u00e3o de mediadores, que implementa\u00e7\u00e3o um plano de a\u00e7\u00e3o conjunta e comunit\u00e1ria, coordenado pelo PPGDireito da URI ? Santo \u00c2ngelo, visando a cria\u00e7\u00e3o de uma rede de apoio e capacita\u00e7\u00e3o para a gest\u00e3o do conflito na comunidade, que forne\u00e7a subs\u00eddios te\u00f3rico-pr\u00e1ticos para que, nesses locais, sejam propagados o uso da media\u00e7\u00e3o como uma alternativa pac\u00edfica de resolu\u00e7\u00e3o de conflitos comunit\u00e1rios.. <br class=\"clear\" \/>Situa\u00e7\u00e3o: Em andamento; Natureza: Extens\u00e3o. <br class=\"clear\" \/><\/p>\n","protected":false},"excerpt":{"rendered":"<p>LINHA DE PESQUISA I &#8211; DIREITO E MULTICULTURALISMO Cultura B\u00edblica, Consci\u00eancia de Ecocidadania e Direitos Humanos Coordena\u00e7\u00e3o:Dr. Noli Bernardo Hahn Descri\u00e7\u00e3o: O Projeto de Extens\u00e3o possui como objetivo despertar a uma consci\u00eancia e a uma postura ecocidad\u00e3 e \u00e9tica de compromisso com a vida em sua integralidade. Justifica-se pela urg\u00eancia de se despertar a uma [&hellip;]<\/p>\n","protected":false},"author":1,"featured_media":0,"parent":0,"menu_order":0,"comment_status":"closed","ping_status":"closed","template":"","meta":[],"_links":{"self":[{"href":"https:\/\/san.uri.br\/mestrado_direito\/index.php\/wp-json\/wp\/v2\/pages\/2295"}],"collection":[{"href":"https:\/\/san.uri.br\/mestrado_direito\/index.php\/wp-json\/wp\/v2\/pages"}],"about":[{"href":"https:\/\/san.uri.br\/mestrado_direito\/index.php\/wp-json\/wp\/v2\/types\/page"}],"author":[{"embeddable":true,"href":"https:\/\/san.uri.br\/mestrado_direito\/index.php\/wp-json\/wp\/v2\/users\/1"}],"replies":[{"embeddable":true,"href":"https:\/\/san.uri.br\/mestrado_direito\/index.php\/wp-json\/wp\/v2\/comments?post=2295"}],"version-history":[{"count":5,"href":"https:\/\/san.uri.br\/mestrado_direito\/index.php\/wp-json\/wp\/v2\/pages\/2295\/revisions"}],"predecessor-version":[{"id":4491,"href":"https:\/\/san.uri.br\/mestrado_direito\/index.php\/wp-json\/wp\/v2\/pages\/2295\/revisions\/4491"}],"wp:attachment":[{"href":"https:\/\/san.uri.br\/mestrado_direito\/index.php\/wp-json\/wp\/v2\/media?parent=2295"}],"curies":[{"name":"wp","href":"https:\/\/api.w.org\/{rel}","templated":true}]}}