{"id":224,"date":"2013-07-17T19:44:36","date_gmt":"2013-07-17T22:44:36","guid":{"rendered":"http:\/\/srvapp2s.santoangelo.uri.br\/sites\/mestrado_direito\/?page_id=224"},"modified":"2026-02-23T16:12:54","modified_gmt":"2026-02-23T19:12:54","slug":"publicacoes-egressos","status":"publish","type":"page","link":"https:\/\/san.uri.br\/mestrado_direito\/index.php\/mestrado\/publicacoes-egressos\/","title":{"rendered":"Publica\u00e7\u00f5es Egressos"},"content":{"rendered":"<blockquote>\n<ul>\n<li>Turma 2006 &#8211; <a href=\"https:\/\/san.uri.br\/mestrado_direito\/?page_id=226\">Clique Aqui<\/a><\/li>\n<li>Turma 2007 &#8211;<a href=\"https:\/\/san.uri.br\/mestrado_direito\/?page_id=279\"> Clique Aqui<\/a><\/li>\n<li>Turma 2008 &#8211; <a href=\"https:\/\/san.uri.br\/mestrado_direito\/?page_id=304\">Clique Aqui<\/a><\/li>\n<li>Turma 2008 (continua\u00e7\u00e3o) &#8211; <a href=\"https:\/\/san.uri.br\/mestrado_direito\/?page_id=344\">Clique Aqui<\/a><\/li>\n<li>Turma 2010 &#8211; <a href=\"https:\/\/san.uri.br\/mestrado_direito\/?page_id=361\">Clique Aqui<\/a><\/li>\n<li>Turma 2011 &#8211; <a href=\"https:\/\/san.uri.br\/mestrado_direito\/?page_id=371\">Clique Aqui<\/a><\/li>\n<li>Turma 2011 (continua\u00e7\u00e3o) &#8211; <a href=\"https:\/\/san.uri.br\/mestrado_direito\/?page_id=382\">Clique Aqui<\/a><\/li>\n<li>Turma 2012 <a href=\"https:\/\/san.uri.br\/mestrado_direito\/?page_id=1895\">&#8211; Clique Aqui<\/a><\/li>\n<li>Turma 2013 &#8211;<a href=\"https:\/\/san.uri.br\/mestrado_direito\/?page_id=1897\"> Clique Aqui<\/a><\/li>\n<li>Turma 2014 &#8211;<a href=\"https:\/\/san.uri.br\/mestrado_direito\/?page_id=1899\"> Clique Aqui<\/a><\/li>\n<li>Turma 2015 &#8211; <a href=\"https:\/\/san.uri.br\/mestrado_direito\/?page_id=1901\">Clique Aqui<\/a><\/li>\n<li>Turma 2016 &#8211; <a href=\"https:\/\/san.uri.br\/mestrado_direito\/?page_id=2910\">Clique Aqui<\/a><\/li>\n<li>Turma 2017 &#8211; <a href=\"https:\/\/san.uri.br\/mestrado_direito\/?page_id=2912\">Clique Aqui<\/a><\/li>\n<li>Turma 2018 &#8211; <a href=\"https:\/\/san.uri.br\/mestrado_direito\/?page_id=2914\">Clique Aqui<\/a><\/li>\n<li>Turma 2019 &#8211; <a href=\"https:\/\/san.uri.br\/mestrado_direito\/?page_id=2916\">Clique Aqui<\/a><\/li>\n<li>Turma 2020 &#8211; <a href=\"https:\/\/san.uri.br\/mestrado_direito\/?page_id=4187\">Clique Aqui<\/a><\/li>\n<li>Turma 2021 &#8211; <a href=\"https:\/\/san.uri.br\/mestrado_direito\/?page_id=4192\">Clique Aqui<\/a><\/li>\n<li>Turma 2022 &#8211; <a href=\"https:\/\/san.uri.br\/mestrado_direito\/index.php\/mestrado\/publicacoes-egressos\/turma-2022\/\">Clique Aqui<\/a><\/li>\n<li>Turma 2023 &#8211; <a href=\"https:\/\/san.uri.br\/mestrado_direito\/index.php\/mestrado\/publicacoes-egressos\/turma-2023\/\">Clique Aqui<\/a><\/li>\n<li>Turma 2024 &#8211; <a href=\"https:\/\/san.uri.br\/mestrado_direito\/index.php\/mestrado\/publicacoes-egressos\/turma-2024\/\">Clique Aqui<\/a><\/li>\n<li>Turma 2025 &#8211; <a href=\"https:\/\/san.uri.br\/mestrado_direito\/index.php\/turma-2025\/\">Clique Aqui<\/a><\/li>\n<\/ul>\n<\/blockquote>\n","protected":false},"excerpt":{"rendered":"<p>Turma 2006 &#8211; Clique Aqui Turma 2007 &#8211; Clique Aqui Turma 2008 &#8211; Clique Aqui Turma 2008 (continua\u00e7\u00e3o) &#8211; Clique Aqui Turma 2010 &#8211; Clique Aqui Turma 2011 &#8211; Clique Aqui Turma 2011 (continua\u00e7\u00e3o) &#8211; Clique Aqui Turma 2012 &#8211; Clique Aqui Turma 2013 &#8211; Clique Aqui Turma 2014 &#8211; Clique Aqui Turma 2015 &#8211; [&hellip;]<\/p>\n","protected":false},"author":1,"featured_media":0,"parent":1218,"menu_order":0,"comment_status":"closed","ping_status":"closed","template":"","meta":[],"_links":{"self":[{"href":"https:\/\/san.uri.br\/mestrado_direito\/index.php\/wp-json\/wp\/v2\/pages\/224"}],"collection":[{"href":"https:\/\/san.uri.br\/mestrado_direito\/index.php\/wp-json\/wp\/v2\/pages"}],"about":[{"href":"https:\/\/san.uri.br\/mestrado_direito\/index.php\/wp-json\/wp\/v2\/types\/page"}],"author":[{"embeddable":true,"href":"https:\/\/san.uri.br\/mestrado_direito\/index.php\/wp-json\/wp\/v2\/users\/1"}],"replies":[{"embeddable":true,"href":"https:\/\/san.uri.br\/mestrado_direito\/index.php\/wp-json\/wp\/v2\/comments?post=224"}],"version-history":[{"count":11,"href":"https:\/\/san.uri.br\/mestrado_direito\/index.php\/wp-json\/wp\/v2\/pages\/224\/revisions"}],"predecessor-version":[{"id":4996,"href":"https:\/\/san.uri.br\/mestrado_direito\/index.php\/wp-json\/wp\/v2\/pages\/224\/revisions\/4996"}],"up":[{"embeddable":true,"href":"https:\/\/san.uri.br\/mestrado_direito\/index.php\/wp-json\/wp\/v2\/pages\/1218"}],"wp:attachment":[{"href":"https:\/\/san.uri.br\/mestrado_direito\/index.php\/wp-json\/wp\/v2\/media?parent=224"}],"curies":[{"name":"wp","href":"https:\/\/api.w.org\/{rel}","templated":true}]}}