{"id":2026,"date":"2017-07-03T14:35:52","date_gmt":"2017-07-03T17:35:52","guid":{"rendered":"http:\/\/srvapp2s.santoangelo.uri.br\/sites\/mestrado_direito\/?page_id=2026"},"modified":"2017-07-03T14:35:52","modified_gmt":"2017-07-03T17:35:52","slug":"2018-2","status":"publish","type":"page","link":"https:\/\/san.uri.br\/mestrado_direito\/index.php\/mestrado\/dissertacoes\/2018-2\/","title":{"rendered":"2018"},"content":{"rendered":"<p style=\"text-align: justify;\"><strong>11\u00aa Turma &#8211; Ingresso em mar\u00e7o de 2014<\/strong><\/p>\n<p style=\"text-align: justify;\"><strong>Bruna Escobar Teixeira<\/strong><\/p>\n<p style=\"text-align: justify;\">T\u00edtulo: O terrorismo e o Instituto da Media\u00e7\u00e3o Internacional: uma an\u00e1lise da (im) possibilidade de solu\u00e7\u00e3o pac\u00edfica dos conflitos com o grupo extremista Estado Isl\u00e2mico.<\/p>\n<p style=\"text-align: justify;\"><em>Termo de desautoriza\u00e7\u00e3o<\/em><\/p>\n<p style=\"text-align: justify;\">Data da defesa: 02 de fevereiro de 2018<\/p>\n<p style=\"text-align: justify;\">Banca: Prof. Dr. Gilmar Antonio Bedin, Profa. Dra. Janete Rosa Martins, estes da URI, e Prof. Dr. Maiquel \u00c2ngelo Dezordi Wermuth, da UNIJU\u00cd.<\/p>\n<p style=\"text-align: justify;\"><strong>Bruno Rafael dos Reis<\/strong><\/p>\n<p style=\"text-align: justify;\">T\u00edtulo: A pol\u00edtica judici\u00e1ria nacional de tratamento de conflitos como instrumento de pacifica\u00e7\u00e3o social no Brasil: um estudo da Resolu\u00e7\u00e3o N. 125\/2010 do Conselho Nacional de Justi\u00e7a.<\/p>\n<p style=\"text-align: justify;\"><a href=\"http:\/\/srvapp2s.santoangelo.uri.br\/sites\/mestrado_direito\/wp-content\/uploads\/2017\/07\/Vers\u00e3o-Final-BRUNO.pdf\">Acesso ao trabalho completo (PDF)<\/a><\/p>\n<p style=\"text-align: justify;\">Banca: Profa. Dra. Charlise Paula Colet Gimenez, Prof. Dr. Jos\u00e9 Francisco Dias da Costa Lyra, estes da URI, e Prof. Dr. Luis Br\u00e1ulio Farias Ben\u00edtez, da UNIVALI.<\/p>\n<p style=\"text-align: justify;\"><strong>Camila Duarte<\/strong><\/p>\n<p style=\"text-align: justify;\">T\u00edtulo: Limites e possibilidades da aplica\u00e7\u00e3o da media\u00e7\u00e3o no tratamento dos conflitos das rela\u00e7\u00f5es de consumo: uma experi\u00eancia no balc\u00e3o do consumidor da cidade de Tr\u00eas Passos \u2013 RS.<\/p>\n<p style=\"text-align: justify;\"><a href=\"http:\/\/srvapp2s.santoangelo.uri.br\/sites\/mestrado_direito\/wp-content\/uploads\/2017\/07\/Vers\u00e3o-Final-Camila-.pdf\">Acesso ao trabalho completo (PDF)<\/a><\/p>\n<p style=\"text-align: justify;\">Data de defesa: 31 de janeiro de 2018<\/p>\n<p style=\"text-align: justify;\">Banca: Profa. Dra. Charlise Paula Colet Gimenez, Prof. Dr. Jos\u00e9 Francisco Dias da Costa Lyra, estes da URI, e Prof. Dr. Rog\u00e9rio Silva, da UPF.<\/p>\n<p style=\"text-align: justify;\"><strong>Carhla de Oliveira Alves<\/strong><\/p>\n<p style=\"text-align: justify;\">T\u00edtulo: A Ressignifica\u00e7\u00e3o da Loucura e a Reforma Psiqui\u00e1trica &#8211; Lei 10.216\/01 &#8211; na Concretiza\u00e7\u00e3o da Cidadania do Paciente Judici\u00e1rio Portador de Sofrimento Mental.<\/p>\n<p style=\"text-align: justify;\"><a href=\"http:\/\/srvapp2s.santoangelo.uri.br\/sites\/mestrado_direito\/wp-content\/uploads\/2017\/07\/Vers\u00e3o-Final-Carhla.pdf\" target=\"_blank\" rel=\"noopener\">Acesso ao trabalho completo (PDF)<\/a><\/p>\n<p style=\"text-align: justify;\">Banca: Prof. Dr. Andr\u00e9 Leonardo Copetti Santos, Prof. Dr. Osmar Veronese, estes da URI, e Prof. Dr. Enio Waldir da Silva, da UNIJU\u00cd.<\/p>\n<p style=\"text-align: justify;\"><strong>Charlene Dewes Dornelles<\/strong><\/p>\n<p style=\"text-align: justify;\">T\u00edtulo: Media\u00e7\u00e3o Comunit\u00e1ria: Empoderamento Social e Realiza\u00e7\u00e3o da Cidadania.<\/p>\n<p style=\"text-align: justify;\"><a href=\"http:\/\/srvapp2s.santoangelo.uri.br\/sites\/mestrado_direito\/wp-content\/uploads\/2017\/07\/Vers\u00e3o-Final-Charlene.pdf\">Acesso ao trabalho completo (PDF)<\/a><\/p>\n<p style=\"text-align: justify;\">Data de defesa: 20 de fevereiro de 2018<\/p>\n<p style=\"text-align: justify;\">Banca: Prof. Dr. Jo\u00e3o Martins Bertaso, Profa. Dra. Janete Rosa Martins, estes da URI, e Prof. Dr. Jos\u00e9 Luis Bolzan de Morais, da UNISINOS.<\/p>\n<p style=\"text-align: justify;\"><strong>Cristiane de Lima Geist<\/strong><\/p>\n<p style=\"text-align: justify;\">T\u00edtulo: Estado de Bem-Estar Social Judicializado: Repensando a Administra\u00e7\u00e3o P\u00fablica Diante dos Meios Consensuais de Resolu\u00e7\u00e3o de Conflitos.<\/p>\n<p style=\"text-align: justify;\"><a href=\"http:\/\/srvapp2s.santoangelo.uri.br\/sites\/mestrado_direito\/wp-content\/uploads\/2017\/07\/Vers\u00e3o-Final-Cristiane.pdf\">Acesso ao trabalho completo (PDF)<\/a><\/p>\n<p style=\"text-align: justify;\">Data de defesa: 20 de fevereiro de 2018<\/p>\n<p style=\"text-align: justify;\">Banca: Prof. Dr. Osmar Veronese, Prof. Dr. Jo\u00e3o Martins Bertaso, estes da URI, e Prof. Dr. Ju\u00e1n Fernando Alba Dur\u00e1n, da Universidade de Sevilha.<\/p>\n<p style=\"text-align: justify;\"><strong>Daniel Mayer de Brum<\/strong><\/p>\n<p style=\"text-align: justify;\">T\u00edtulo: Direito Humano \u00e0 \u00e1gua e conflitos internacionais: Globalismo Jur\u00eddico e a Humaniza\u00e7\u00e3o internacional ambiental para a paz a partir do sistema de cr\u00e9ditos de \u00e1gua na conserva\u00e7\u00e3o de recursos h\u00eddricos.<\/p>\n<p style=\"text-align: justify;\"><a href=\"http:\/\/srvapp2s.santoangelo.uri.br\/sites\/mestrado_direito\/wp-content\/uploads\/2017\/07\/Vers\u00e3o-Final-Daniel.pdf\">Acesso ao trabalho completo (PDF)<\/a><\/p>\n<p style=\"text-align: justify;\">Data de defesa: 23 de janeiro de 2018<\/p>\n<p style=\"text-align: justify;\">Banca: Profa. Dra. Charlise Paula Colet Gimenez, Prof. Dr. Gilmar Ant\u00f4nio Bedin, estes da URI, e Prof. Dr. Jer\u00f4nimo Siqueira Tybusch, da UFSM,<\/p>\n<p style=\"text-align: justify;\"><strong>Diego Guilherme Rotta<\/strong><\/p>\n<p style=\"text-align: justify;\">T\u00edtulo: O Migrante no Contexto da Pol\u00edtica Migrat\u00f3ria Brasileira: Perspectivas de Acesso \u00e0 Cidadania em um Cen\u00e1rio de (Re) Fechamento de Fronteiras.<\/p>\n<p style=\"text-align: justify;\"><a href=\"http:\/\/srvapp2s.santoangelo.uri.br\/sites\/mestrado_direito\/wp-content\/uploads\/2017\/07\/Vers\u00e3o-Final-Diego.pdf\">Acesso ao trabalho completo (PDF)<\/a><\/p>\n<p style=\"text-align: justify;\">Data de defesa: 20 de fevereiro de 2018<\/p>\n<p style=\"text-align: justify;\">Banca: Prof. Dr. Florisbal de Souza Del\u2019Olmo, Prof. Dr. Gilmar Antonio Bedin, estes da URI, e Prof. Dr. Jos\u00e9 Luis Bolzan de Morais, da UNISINOS.<\/p>\n<p style=\"text-align: justify;\"><strong>Edemir Braga Dias<\/strong><\/p>\n<p style=\"text-align: justify;\">T\u00edtulo: Territorialidade, Cultura e Direito: conflitos frente ao uso e acesso a bens naturais pelos Mby\u00e1 Guarani da Teko\u00e1 Koenju &#8211; Reserva Inhacapetum (S\u00e3o Miguel das Miss\u00f5es\/RS).<\/p>\n<p style=\"text-align: justify;\">Data de defesa: 26 de fevereiro de 2018<\/p>\n<p style=\"text-align: justify;\">Banca: Profa. Dra. Ros\u00e2ngela Angelin, Prof. Dr. Osmar Veronese, estes da URI, e Prof. Dr. Antonio Dari Ramos, da UFGD.<\/p>\n<p style=\"text-align: justify;\"><strong>Gabriela Felden Scheuermann<\/strong><\/p>\n<p style=\"text-align: justify;\">T\u00edtulo: A\u00e7\u00f5es Afirmativas, Inclus\u00e3o e Visibilidade Negra: a Legitimidade de Cotas Raciais em Processos Seletivos para Ingresso no Ensino Superior e no Servi\u00e7o P\u00fablico Federal.<\/p>\n<p style=\"text-align: justify;\"><a href=\"http:\/\/srvapp2s.santoangelo.uri.br\/sites\/mestrado_direito\/wp-content\/uploads\/2017\/07\/Vers\u00e3o-Final-Gabriela.pdf\">Acesso ao trabalho completo (PDF)<\/a><\/p>\n<p style=\"text-align: justify;\">Data de defesa: 15 de dezembro de 2017<\/p>\n<p style=\"text-align: justify;\">Banca: Prof. Dr. Noli Bernardo Hahn, Prof. Dr. Jo\u00e3o Martins Bertaso, estes da URI, e Profa. Dra. Sinara Camera, da FEMA.<\/p>\n<p style=\"text-align: justify;\"><strong>Gerson Osvaldo de Souza<\/strong><\/p>\n<p style=\"text-align: justify;\">T\u00edtulo: A Contribui\u00e7\u00e3o das teorias do Reconhecimento de Axel Honneth e de Redistribui\u00e7\u00e3o de Nancy Fraser para a Inclus\u00e3o Escolar do Surdo no Brasil.<\/p>\n<p style=\"text-align: justify;\"><a href=\"http:\/\/srvapp2s.santoangelo.uri.br\/sites\/mestrado_direito\/wp-content\/uploads\/2017\/07\/VERS\u00c3O-FINAL-GERSON.pdf\">Acesso ao trabalho completo (PDF)<\/a><\/p>\n<p style=\"text-align: justify;\">Data de defesa: 11 de janeiro de 2018<\/p>\n<p style=\"text-align: justify;\">Banca: Profa. Dra. Angelita Maria Maders, Prof. Dr. Andr\u00e9 Leonardo Copetti Santos, estes da URI, e Prof. Dr. Ricardo Hermany, da UNISC.<\/p>\n<p style=\"text-align: justify;\"><strong>Gustavo Castro Lavoratto da Rocha<\/strong><\/p>\n<p style=\"text-align: justify;\">T\u00edtulo: Jurisdi\u00e7\u00e3o Conformacional: A objetiva\u00e7\u00e3o do processo judicial como instrumento de regula\u00e7\u00e3o e implementa\u00e7\u00e3o de direitos emergentes e pol\u00edticas p\u00fablicas.<\/p>\n<p style=\"text-align: justify;\">Data de defesa: 19 de fevereiro de 2018<\/p>\n<p style=\"text-align: justify;\">Banca: Prof. Dr. Leonel Severo Rocha, Prof. Dr. Jacson Roberto Cervi, estes da URI, e Prof. Dr. Newton C\u00e9sar Pilau, da UNIVALI.<\/p>\n<p style=\"text-align: justify;\"><strong>Jonathan Dalla Rosa Melo<\/strong><\/p>\n<p style=\"text-align: justify;\">T\u00edtulo: A Efetiva\u00e7\u00e3o de Pol\u00edticas P\u00fablicas Ambientais voltadas \u00e0 Conserva\u00e7\u00e3o da Biodiversidade Brasileira.<\/p>\n<p style=\"text-align: justify;\"><a href=\"http:\/\/srvapp2s.santoangelo.uri.br\/sites\/mestrado_direito\/wp-content\/uploads\/2017\/07\/Vers\u00e3o-Final-Jonathan.pdf\">Acesso ao trabalho completo (PDF)<\/a><\/p>\n<p style=\"text-align: justify;\">Data de defesa: 20 de fevereiro de 2018<\/p>\n<p style=\"text-align: justify;\">Banca: Prof. Dr. Jacson Roberto Cervi, Prof. Dr. Noli Bernardo Hahn, estes da URI, e Prof. Dr. Noli Bernardo Hahn, da UNISC<\/p>\n<p style=\"text-align: justify;\"><strong>P\u00e9ricles Stehmann Nunes<\/strong><\/p>\n<p style=\"text-align: justify;\">T\u00edtulo: Transconstitucionalismo entre ordens jur\u00eddicas: Forma de alteridade no sistema jur\u00eddico mundial de n\u00edveis m\u00faltiplos.<\/p>\n<p style=\"text-align: justify;\">Data de defesa: 25 de fevereiro de 2018<\/p>\n<p style=\"text-align: justify;\">Banca: Prof. Dr. Jos\u00e9 Francisco Dias da Costa Lyra, Prof. Dr. Gilmar Ant\u00f4nio Bedin, estes da URI, e Prof. Dr. Guilherme de Azevedo, da UNISINOS<\/p>\n<p style=\"text-align: justify;\"><strong>Renan Ruschel Nunes<\/strong><\/p>\n<p style=\"text-align: justify;\">T\u00edtulo: A pol\u00edtica fiscal como custeio do estado social brasileiro: o princ\u00edpio da solidariedade como fundamento das pol\u00edticas de cidadania.<\/p>\n<p style=\"text-align: justify;\">Data de defesa: 26 de janeiro de 2018.<\/p>\n<p style=\"text-align: justify;\">Banca: Profa. Dra. Charlise Paula Colet Gimenez, Prof. Dr. Andr\u00e9 Leonardo Copetti Santos, estes da URI, e Prof. Dr. Hugo Thamir Rodrigues, da UNISC.<\/p>\n<p style=\"text-align: justify;\"><strong>Renato Kusiak<\/strong><\/p>\n<p style=\"text-align: justify;\">T\u00edtulo: LIMITES E POSSIBILIDADES DA EXTRAFISCALIDADE DO ICMS DO ESTADO DO RIO GRANDE DO SUL NA REALIZA\u00c7\u00c3O DA JUSTI\u00c7A DISTRIBUTIVA<\/p>\n<p style=\"text-align: justify;\"><a href=\"http:\/\/srvapp2s.santoangelo.uri.br\/sites\/mestrado_direito\/wp-content\/uploads\/2017\/07\/Vers\u00e3o-Final-Renato.pdf\">Acesso ao trabalho completo (PDF)<\/a><\/p>\n<p style=\"text-align: justify;\">Data de defesa: 27 de fevereiro de 2018<\/p>\n<p style=\"text-align: justify;\">Banca: Prof. Dr. Adalberto Narciso Hommerding, Profa. Dra. Thami Covatti Piaia, estes da URI, e Prof. Dr. Marciano Buffon, da UNISINOS,<\/p>\n<p>&nbsp;<\/p>\n","protected":false},"excerpt":{"rendered":"<p>11\u00aa Turma &#8211; Ingresso em mar\u00e7o de 2014 Bruna Escobar Teixeira T\u00edtulo: O terrorismo e o Instituto da Media\u00e7\u00e3o Internacional: uma an\u00e1lise da (im) possibilidade de solu\u00e7\u00e3o pac\u00edfica dos conflitos com o grupo extremista Estado Isl\u00e2mico. Termo de desautoriza\u00e7\u00e3o Data da defesa: 02 de fevereiro de 2018 Banca: Prof. Dr. Gilmar Antonio Bedin, Profa. Dra. [&hellip;]<\/p>\n","protected":false},"author":1,"featured_media":0,"parent":70,"menu_order":0,"comment_status":"closed","ping_status":"closed","template":"","meta":[],"_links":{"self":[{"href":"https:\/\/san.uri.br\/mestrado_direito\/index.php\/wp-json\/wp\/v2\/pages\/2026"}],"collection":[{"href":"https:\/\/san.uri.br\/mestrado_direito\/index.php\/wp-json\/wp\/v2\/pages"}],"about":[{"href":"https:\/\/san.uri.br\/mestrado_direito\/index.php\/wp-json\/wp\/v2\/types\/page"}],"author":[{"embeddable":true,"href":"https:\/\/san.uri.br\/mestrado_direito\/index.php\/wp-json\/wp\/v2\/users\/1"}],"replies":[{"embeddable":true,"href":"https:\/\/san.uri.br\/mestrado_direito\/index.php\/wp-json\/wp\/v2\/comments?post=2026"}],"version-history":[{"count":0,"href":"https:\/\/san.uri.br\/mestrado_direito\/index.php\/wp-json\/wp\/v2\/pages\/2026\/revisions"}],"up":[{"embeddable":true,"href":"https:\/\/san.uri.br\/mestrado_direito\/index.php\/wp-json\/wp\/v2\/pages\/70"}],"wp:attachment":[{"href":"https:\/\/san.uri.br\/mestrado_direito\/index.php\/wp-json\/wp\/v2\/media?parent=2026"}],"curies":[{"name":"wp","href":"https:\/\/api.w.org\/{rel}","templated":true}]}}