{"id":2016,"date":"2017-07-03T14:02:18","date_gmt":"2017-07-03T17:02:18","guid":{"rendered":"http:\/\/srvapp2s.santoangelo.uri.br\/sites\/mestrado_direito\/?page_id=2016"},"modified":"2017-07-03T14:02:18","modified_gmt":"2017-07-03T17:02:18","slug":"2017-2","status":"publish","type":"page","link":"https:\/\/san.uri.br\/mestrado_direito\/index.php\/mestrado\/dissertacoes\/2017-2\/","title":{"rendered":"2017"},"content":{"rendered":"<p>10 \u00aa Turma (ingresso: 03\/2015)<\/p>\n<p>Agnelo Fabiano Prado da Silva<\/p>\n<p>T\u00edtulo: A Garantia da Justi\u00e7a e da Dignidade dos Pequenos Agricultores Atingidos pela Demarca\u00e7\u00e3o da Terra Ind\u00edgena no Munic\u00edpio de Vicente Dutra- RS.<\/p>\n<p>Data de defesa: 26 de janeiro de 2017<\/p>\n<p>Banca de defesa: Prof. Dr. Florisbal de Souza Del\u2019Olmo, Prof. Dr. Gilmar Antonio Bedin, estes da URI, e Profa. Dra. Sinara Camera, da FEMA.<\/p>\n<p>&nbsp;<\/p>\n<p>10 \u00aa Turma (ingresso: 03\/2015)<\/p>\n<p><a href=\"http:\/\/buscatextual.cnpq.br\/buscatextual\/visualizacv.do?id=K4292470P2\">Aline Ferrari Caeran<\/a><\/p>\n<p>T\u00edtulo: A Contribui\u00e7\u00e3o da teoria do reconhecimento de Axel Honneth para a Ruptura dos Discursos Discriminat\u00f3rios Institucionalizados e Afirma\u00e7\u00e3o das identidades Homossexuais em uma Sociedade Plural como a Brasileira.<\/p>\n<p><a href=\"http:\/\/srvapp2s.santoangelo.uri.br\/sites\/mestrado_direito\/wp-content\/uploads\/2017\/07\/Disserta\u00e7\u00e3o-vers\u00e3o-final-Aline.pdf\">Acesso ao trabalho completo (PDF)<\/a><\/p>\n<p>Data de defesa: 24 de fevereiro de 2017<\/p>\n<p>Banca de defesa: Profa. Dra. Angelita Maria Maders, Prof. Dr. Jos\u00e9 Francisco Dias da Costa Lyra, estes da URI, e Prof. Dr. Andr\u00e9 Sidnei Musskopf, da EST.<\/p>\n<p>&nbsp;<\/p>\n<p>10 \u00aa Turma (ingresso: 03\/2015)<\/p>\n<p><a href=\"http:\/\/buscatextual.cnpq.br\/buscatextual\/visualizacv.do?id=K8105799E7\">Andrea Simone Lopez da Silva<\/a><\/p>\n<p>T\u00edtulo: Sustentabilidade Ambiental e Direito ao Desenvolvimento: uma An\u00e1lise das Pol\u00edticas P\u00fablicas Ambientais em Sociedades Multiculturais.<\/p>\n<p><a href=\"http:\/\/srvapp2s.santoangelo.uri.br\/sites\/mestrado_direito\/wp-content\/uploads\/2017\/07\/dissertacao-vers\u00e3o-definitiva-1.pdf\">Acesso ao trabalho completo (PDF)<\/a><\/p>\n<p>Data de defesa: 31 de mar\u00e7o de 2017<\/p>\n<p>Banca de defesa: Prof. Dr. Jacson Roberto Cervi, Prof. Dr. Jo\u00e3o Martins Bertaso, estes da URI, e Prof. Dr. Liton Lanes Pilau Sobrinho, da UPF.<\/p>\n<p>&nbsp;<\/p>\n<p>10 \u00aa Turma (ingresso: 03\/2015)<\/p>\n<p><a href=\"http:\/\/buscatextual.cnpq.br\/buscatextual\/visualizacv.do?id=K8564158H7\">Gabriela Gomes Klassmann<\/a><\/p>\n<p>T\u00edtulo: A cobran\u00e7a pelo Uso como Estrat\u00e9gia para a Redu\u00e7\u00e3o da Complexidade da Crise H\u00eddrica e Realiza\u00e7\u00e3o do Direito Humano \u00e0 \u00c1gua Pot\u00e1vel.<\/p>\n<p><a href=\"http:\/\/srvapp2s.santoangelo.uri.br\/sites\/mestrado_direito\/wp-content\/uploads\/2017\/07\/Vers\u00e3o-final-Gabriela.pdf\">Acesso ao trabalho completo (PDF)<\/a><\/p>\n<p>Data de defesa: 24 de fevereiro de 2017<\/p>\n<p>Banca de defesa: Prof. Dr. Leonel Severo Rocha, Prof. Dr. Florisbal de Souza Del\u2019Olmo, estes da URI, e Prof. Dr. \u00c1lvaro Avelino Sanchez Bravo, da Universidad de Sevilla.<\/p>\n<p>&nbsp;<\/p>\n<p>10 \u00aa Turma (ingresso: 03\/2015)<\/p>\n<p><a href=\"http:\/\/buscatextual.cnpq.br\/buscatextual\/visualizacv.do?id=K4497665Y6\">Gustavo Wohlfahrt Bohnenberger<\/a><\/p>\n<p>T\u00edtulo: G\u00eanero e Tradicionalismo Ga\u00facho: Limites entre a Autonomia Privada e a Vig\u00eancia de Direitos Fundamentais \u00e0 Luz da Constitui\u00e7\u00e3o Federal de 1988.<\/p>\n<p><a href=\"http:\/\/srvapp2s.santoangelo.uri.br\/sites\/mestrado_direito\/wp-content\/uploads\/2017\/07\/Gustavo-Wohlfahrt-Bhnenberger-vers\u00e3o-final.pdf\">Acesso ao trabalho completo (PDF)<\/a><\/p>\n<p>Data de defesa: 23 de fevereiro de 2017<\/p>\n<p>Banca de defesa: Prof. Dr. Osmar Veronese, Prof. Dr. Noli Bernardo Hahn, estes da URI, e Profa. Dra. Sinara Camera, da FEMA.<\/p>\n<p>&nbsp;<\/p>\n<p>10 \u00aa Turma (ingresso: 03\/2015)<\/p>\n<p><a href=\"http:\/\/buscatextual.cnpq.br\/buscatextual\/visualizacv.do?id=K4497665Y6\">Jaime Roberto Amaral dos Santos<\/a><\/p>\n<p>T\u00edtulo: Justi\u00e7a Restaurativa: a efetiva\u00e7\u00e3o dos direitos da v\u00edtima para a constru\u00e7\u00e3o de um novo paradigma de justi\u00e7a criminal.<\/p>\n<p><a href=\"http:\/\/srvapp2s.santoangelo.uri.br\/sites\/mestrado_direito\/wp-content\/uploads\/2017\/07\/Disserta\u00e7\u00e3o-Vers\u00e3o-Final-Jaime.pdf\">Acesso ao trabalho completo (PDF)<\/a><\/p>\n<p>Data de defesa: 24 de fevereiro de 2017<\/p>\n<p>Banca de defesa: Prof. Dr. Jo\u00e3o Martins Bertaso, Profa. Dra. Charlise Paula Colet Gimenez, estes da URI, e Prof. Dr. Rog\u00e9rio da Silva , da UPF.<\/p>\n<p>&nbsp;<\/p>\n<p>10 \u00aa Turma (ingresso: 03\/2015)<\/p>\n<p>Jaqueline Michele Saldanha Miranda da Luz Zembrzuski<\/p>\n<p>T\u00edtulo: Aspectos de Cidadania e Direitos Humanos no Estado Laico.<\/p>\n<p>Data de defesa: 24 de fevereiro de 2017<\/p>\n<p>Banca de defesa: Prof. Dr. Jo\u00e3o Martins Bertaso, Prof. Dr. Noli Bernardo Hahn, estes da URI, e Prof. Dr.\u00a0 Liton Lanes Pilau Sobrinho, da UPF.<\/p>\n<p>&nbsp;<\/p>\n<p>10 \u00aa Turma (ingresso: 03\/2015)<\/p>\n<p><a href=\"http:\/\/buscatextual.cnpq.br\/buscatextual\/visualizacv.do?id=K4717810H9\">Joici Antonia Ziegler<\/a><\/p>\n<p>T\u00edtulo: Poder Judici\u00e1rio e Ativismo Judicial: Poss\u00edveis Implica\u00e7\u00f5es para a Democracia.<\/p>\n<p>Data de defesa: 23 de fevereiro de 2017<\/p>\n<p>Banca de defesa: Prof. Dr. Adalberto Narciso Hommerding, Prof. Dr. Florisbal de Souza Del\u2019Olmo, estes da URI, e Prof. Dr.\u00a0 Marcelo Cacinotti Costa, da UNICRUZ.<\/p>\n<p>&nbsp;<\/p>\n<p>10 \u00aa Turma (ingresso: 03\/2015)<\/p>\n<p><a href=\"http:\/\/buscatextual.cnpq.br\/buscatextual\/visualizacv.do?id=K8191004A0\">Juliane Pacheco<\/a><\/p>\n<p>T\u00edtulo: As Identidades Familiares Brasileiras e suas Transforma\u00e7\u00f5es Jur\u00eddico-Legislativas a partir dos movimentos feministas.<\/p>\n<p><a href=\"http:\/\/srvapp2s.santoangelo.uri.br\/sites\/mestrado_direito\/wp-content\/uploads\/2017\/07\/Disserta\u00e7\u00e3o-Juliane-vers\u00e3o-final.pdf\">Acesso ao trabalho completo (PDF)<\/a><\/p>\n<p>Data de defesa: 15 de fevereiro de 2017<\/p>\n<p>Banca de defesa: Prof. Dr. Noli Bernardo Hahn, Profa. Dra. Ros\u00e2ngela Angelin, estes da URI, e Prof. Dr. Jer\u00f4nimo Siqueira Tybusch, da UFSM.<\/p>\n<p>&nbsp;<\/p>\n<p>10 \u00aa Turma (ingresso: 03\/2015)<\/p>\n<p><a href=\"http:\/\/buscatextual.cnpq.br\/buscatextual\/visualizacv.do?id=K4262048H0\">Miriane Maria Willers<\/a><\/p>\n<p>T\u00edtulo: O Estado Federal Brasileiro e o papel dos munic\u00edpios na efetiva\u00e7\u00e3o dos direitos sociais: uma an\u00e1lise da concretiza\u00e7\u00e3o do direito \u00e0 sa\u00fade em Caibat\u00e9\/RS e em Santo \u00c2ngelo\/RS.<\/p>\n<p><a href=\"http:\/\/srvapp2s.santoangelo.uri.br\/sites\/mestrado_direito\/wp-content\/uploads\/2017\/07\/DISSERTA\u00c7\u00c3O-FINAL-Miriane.pdf\">Acesso ao trabalho completo (PDF)<\/a><\/p>\n<p>Data de defesa: 17 de fevereiro de 2017<\/p>\n<p>Banca de defesa: Prof. Dr. Gilmar Antonio Bedin, Prof. Dr. Osmar Veronese, estes da URI, e Prof. Dr. Daniel Rubens Cenci, da UNIJU\u00cd.<\/p>\n<p>&nbsp;<\/p>\n<p>10 \u00aa Turma (ingresso: 03\/2015)<\/p>\n<p><a href=\"http:\/\/buscatextual.cnpq.br\/buscatextual\/visualizacv.do?id=K4999515T3\">Paula Vanessa Fernandes<\/a><\/p>\n<p>T\u00edtulo: Limites de Interven\u00e7\u00e3o do Poder Judici\u00e1rio em Mat\u00e9ria de Implementa\u00e7\u00e3o de Pol\u00edticas P\u00fablicas em Prol das Pessoas com Autismo.<\/p>\n<p><a href=\"http:\/\/srvapp2s.santoangelo.uri.br\/sites\/mestrado_direito\/wp-content\/uploads\/2017\/07\/DISSERTA\u00c7\u00c3O-Vers\u00e3o-Final-Paula.pdf\">Acesso ao trabalho completo (PDF)<\/a><\/p>\n<p>Data de defesa: 24 de fevereiro de 2017<\/p>\n<p>Banca de defesa: Prof. Dr. Jo\u00e3o Martins Bertaso, Profa. Dra. Thami Covatti Piaia, estes da URI, e Prof. Dr.\u00a0 Rog\u00e9rio da Silva, da UPF.<\/p>\n<p>&nbsp;<\/p>\n<p>10 \u00aa Turma (ingresso: 03\/2015)<\/p>\n<p><a href=\"http:\/\/buscatextual.cnpq.br\/buscatextual\/visualizacv.do?id=K4717836Z0\">Rosemara Unser<\/a><\/p>\n<p>T\u00edtulo: A Perpetua\u00e7\u00e3o da Cultura Patriarcal no Congresso Nacional em face dos Direitos Humanos das Mulheres: um estudo a partir do Projeto de Lei do Estatuto do Nascituro.<\/p>\n<p>Data de defesa: 24 de fevereiro de 2017<\/p>\n<p>Banca de defesa: Profa. Dra. Ros\u00e2ngela Angelin, Prof. Dr. Andr\u00e9 Leonardo Copetti Santos, estes da URI, e Prof. Dr.\u00a0 Andr\u00e9 Sidnei Musskopf, da EST.<\/p>\n<p>&nbsp;<\/p>\n<p>&nbsp;<\/p>\n<p>&nbsp;<\/p>\n","protected":false},"excerpt":{"rendered":"<p>10 \u00aa Turma (ingresso: 03\/2015) Agnelo Fabiano Prado da Silva T\u00edtulo: A Garantia da Justi\u00e7a e da Dignidade dos Pequenos Agricultores Atingidos pela Demarca\u00e7\u00e3o da Terra Ind\u00edgena no Munic\u00edpio de Vicente Dutra- RS. Data de defesa: 26 de janeiro de 2017 Banca de defesa: Prof. Dr. Florisbal de Souza Del\u2019Olmo, Prof. Dr. Gilmar Antonio Bedin, [&hellip;]<\/p>\n","protected":false},"author":1,"featured_media":0,"parent":70,"menu_order":0,"comment_status":"closed","ping_status":"closed","template":"","meta":[],"_links":{"self":[{"href":"https:\/\/san.uri.br\/mestrado_direito\/index.php\/wp-json\/wp\/v2\/pages\/2016"}],"collection":[{"href":"https:\/\/san.uri.br\/mestrado_direito\/index.php\/wp-json\/wp\/v2\/pages"}],"about":[{"href":"https:\/\/san.uri.br\/mestrado_direito\/index.php\/wp-json\/wp\/v2\/types\/page"}],"author":[{"embeddable":true,"href":"https:\/\/san.uri.br\/mestrado_direito\/index.php\/wp-json\/wp\/v2\/users\/1"}],"replies":[{"embeddable":true,"href":"https:\/\/san.uri.br\/mestrado_direito\/index.php\/wp-json\/wp\/v2\/comments?post=2016"}],"version-history":[{"count":0,"href":"https:\/\/san.uri.br\/mestrado_direito\/index.php\/wp-json\/wp\/v2\/pages\/2016\/revisions"}],"up":[{"embeddable":true,"href":"https:\/\/san.uri.br\/mestrado_direito\/index.php\/wp-json\/wp\/v2\/pages\/70"}],"wp:attachment":[{"href":"https:\/\/san.uri.br\/mestrado_direito\/index.php\/wp-json\/wp\/v2\/media?parent=2016"}],"curies":[{"name":"wp","href":"https:\/\/api.w.org\/{rel}","templated":true}]}}