{"id":1901,"date":"2017-04-19T15:39:40","date_gmt":"2017-04-19T18:39:40","guid":{"rendered":"http:\/\/srvapp2s.santoangelo.uri.br\/sites\/mestrado_direito\/?page_id=1901"},"modified":"2017-04-19T15:39:40","modified_gmt":"2017-04-19T18:39:40","slug":"turma-2015","status":"publish","type":"page","link":"https:\/\/san.uri.br\/mestrado_direito\/index.php\/mestrado\/publicacoes-egressos\/turma-2015\/","title":{"rendered":"Turma 2015"},"content":{"rendered":"<p><strong>Agnelo Fabiano Prado da Silva<\/strong><\/p>\n<p>Livros publicados\/organizados ou edi\u00e7\u00f5es<\/p>\n<ol>\n<li>SILVA, Agnelo Fabiano Prado da. Garantia de Justi\u00e7a e Dignidade de Pequenos Agricultores Atingidos pela Demarca\u00e7\u00e3o da Terra Ind\u00edgena em Vicente Dutra, Rio Grande do Sul. 1. ed. Santa Cruz do Sul: Essere nel Mondo, 2017. 98p .<\/li>\n<li>SILVA, Agnelo Fabiano Prado da. Garantia de Justi\u00e7a e Dignidade de Pequenos Agricultores Atingidos pela Demarca\u00e7\u00e3o da Terra Ind\u00edgena em Vicente Dutra, Rio Grande do Sul. 1. ed. Santa Cruz do Sul: Essere nel Mondo, 2017. v. 100. 170p .<\/li>\n<\/ol>\n<p><strong>Aline Ferrari Caeran<\/strong><\/p>\n<p>Livros publicados\/organizados ou edi\u00e7\u00f5es<\/p>\n<ol>\n<li>CAERAN, A. F.; RIBOLI, C. (Org.) ; LIPPSTEIN, D. (Org.) ; ROSADO, O. V. (Org.) . Revista Jur\u00eddica Direito e Cidadania na Sociedade Contempor\u00e2nea. 2. ed. Frederico Westphalen: Deviant, 2018. v. 2. 188p .<\/li>\n<li>CAERAN, A. F.; STIEVEN, P. L. . Direito e Sociedade em Perspectiva. 1. ed. Frederico Westphalen: Editora URI, 2018. v. 1. 155-170p .<\/li>\n<\/ol>\n<p>3.CAERAN, A. F.; CEZARO, B. D. (Org.) ; RIBOLI, C. (Org.) ; ROSADO, O. V. (Org.) . Revista Jur\u00eddica &#8211; Direito e Cidadania na sociedade contempor\u00e2nea. 1. ed. Frederico Westphalen: Editora URI, 2017. v. 1. 203p .<\/p>\n<p>Cap\u00edtulos de livros publicados<\/p>\n<p>1.CAERAN, A. F.; PINHEIRO, A. L. ; ROSA, L. . Uma an\u00e1lise jur\u00eddica do filme &#8220;Voc\u00ea n\u00e3o conhece o Jack&#8221; sob a \u00f3tica do testamento vital.. In: Thiago Luiz de Ara\u00fajo; Jucelma C\u00e1ssia Camara Tolotti, Ang\u00e9lica Cerdotes. (Org.). Direito em Cartaz: Nuances do Direito com a S\u00e9tima Arte. 1ed.Erechim\/RS: Deviant, 2018, v. 1, p. 109-123.<\/p>\n<p>2.RIBOLI, C. ; LOCATELLI, Liliana ; CAERAN, A. F. . O Direito \u00e0 Sa\u00fade no Brasil e sua rela\u00e7\u00e3o com o document\u00e1rio &#8220;SICKO:SOS SA\u00d9DE&#8221;. In: Thiago Luiz Rigon de Araujo; Jucelma C\u00e1ssia Camara Tolotti. (Org.). Direito em Cartaz: Nuances do Direito com a s\u00e9tima arte. 1ed.Erechim\/RS: Deviant, 2018, v. 1, p. 125-144.<\/p>\n<p>Andrea Simone Lopez da Silva<\/p>\n<p>Francieli Borchartt da Cruz<\/p>\n<p><strong>Gabriela Gomes Klassmann\u00a0\u00a0\u00a0\u00a0\u00a0\u00a0\u00a0\u00a0\u00a0\u00a0 <\/strong><\/p>\n<p>Cap\u00edtulos de livros publicados<\/p>\n<p>1.KLASSMANN, G. G.; ROCHA, Leonel Severo . A prote\u00e7\u00e3o das \u00e1guas subterr\u00e2neas: O Aqu\u00edfero Guarani. In: Jacson Roberto Cervi; Noli Bernardo Hahn. (Org.). Di\u00e1logo e Entendimento. Direito e Multiculturalismo &amp; Pol\u00edticas de Cidadania e Resolu\u00e7\u00e3o de Conflitos. 8ed.Campinas: Millennium Editora, 2017, v. , p. 35-49.<\/p>\n<p><strong>Gustavo Wohlfahrt Bohnenberger<\/strong><\/p>\n<p>Artigos completos publicados em peri\u00f3dicos<\/p>\n<p>Ordenar por<\/p>\n<p>1.HAHN, N. B. ; BOHNENBERGER, G. W. ; MASLOWSKI, A. A. . Feminismo e direitos para as mulheres: uma abordagem s\u00f3cio-hist\u00f3rica e jur\u00eddica. Revista S\u00e3o Luis Orione, v. 1, p. 137-155, 2012.<\/p>\n<p>2.HAHN, N. B. ; BOHNENBERGER, G. W. ; MASLOWSKI, A. A. . Feminismo: um olhar s\u00f3cio-hist\u00f3rico, jur\u00eddico e teol\u00f3gico. Missioneira (Santo \u00c2ngelo), v. 60, p. 79-97, 2011.<\/p>\n<p>Cap\u00edtulos de livros publicados<\/p>\n<p>1.HAHN, N. B. ; BOHNENBERGER, G. W. . FEMINISMO, ABORDAGENS DE G\u00caNERO E DIREITOS CULTURAIS. FEMINISMO, ABORDAGENS DE G\u00caNERO E DIREITOS CULTURAIS. 1eded.Santo \u00c2ngelo: Furi, 2013, v. , p. 221-235.<\/p>\n<p>2.HAHN, N. B. ; BOHNENBERGER, G. W. . Feminismo e Direitos Especiais. Feminismo e Direitos Especiais. 1eded.Rio de Janeiro: GZ, 2011, v. 3, p. 209-222.<\/p>\n<p><strong>Jaime Roberto Amaral dos Santos<\/strong><\/p>\n<p>Artigos completos publicados em peri\u00f3dicos<\/p>\n<p>1.SANTOS, J. R. A.; GAGLIETTI, M. . Justi\u00e7a Restaurativa &#8211; a cura pelo perd\u00e3o. Protestantismo em Revista, v. 39, p. 82-95, 2015.<\/p>\n<p>Livros publicados\/organizados ou edi\u00e7\u00f5es<\/p>\n<ol>\n<li>SANTOS, J. R. A.. JUSTI\u00c7A RESTAURATIVA &#8211; A efetiva\u00e7\u00e3o dos direitos da v\u00edtima para a constru\u00e7\u00e3o de um novo paradigma de justi\u00e7a criminal. 1. ed. Santa Cruz do Sul: Essere nel mondo, 2017. v. 1. 155p .<\/li>\n<\/ol>\n<p>Cap\u00edtulos de livros publicados<\/p>\n<p>1.SANTOS, J. R. A.; GAGLIETTI, M. . O CONTROLE PENAL SOB O OLHAR DA CULTURA ASSOCIADA \u00c0 JUSTI\u00c7A RESTAURATIVA. In: Paulo C\u00e9sar Nodari, Cleide Calgaro, Luiz S\u00edveres. (Org.). \u00c9tica, Direitos Humanos e Meio Ambiente. 1ed.Caxias do Sul: EDUCS, 2017, v. 1, p. 271-296.<\/p>\n<p>2.SANTOS, J. R. A.; GAGLIETTI, M. ; WILLERS, M. M. . A MEDIA\u00c7\u00c3O DE CONFLITOS NA ESFERA DA ADMINISTRA\u00c7\u00c3O P\u00daBLICA MUNICIPAL A PARTIR DO NOVO C\u00d3DIGO DE PROCESSO CIVIL E DA LEI 13.140\/2015. In: Daniela Lippstein; Ralfe Oliveira Romero. (Org.). Opinio Iuris. 1ed.Erechim RS: Editora Deviant LTDA, 2016, v. 3, p. 59-74.<\/p>\n<ol start=\"3\">\n<li>SANTOS, J. R. A.; GAGLIETTI, M. . PERSPECTIVAS DE UMA JUSTI\u00c7A PENAL MAIS HUMANA &#8211; UM OLHAR \u00c0 JUSTI\u00c7A RESTAURATIVA. In: GIMENEZ, Charlise P. Colet; DEL&#8217;OLMO, Florisbal de Souza; ANGELIN, Ros\u00e2ngela. (Org.). DIREITOS HUMANOS NO CONTEXTO DA CIDADANIA E DE SUA EFETIVIDADE. 1ed.\u00c1guas de S\u00e3o Pedro SP: LivroNovo, 2016, v. , p. 87-103.<\/li>\n<li>SANTOS, J. R. A.; GIMENEZ, C. P. C. . A APLICA\u00c7\u00c3O DA JUSTI\u00c7A RESTAURATIVA NO ORDENAMENTO JUR\u00cdDICO BRASILEIRO. In: I\u00c1SIN SCH\u00c4FFER STAHLH\u00d6FER, LET\u00cdCIA THOMASI JAHNKE, MAURO LUIZ CERVI. (Org.). Meios Alternativos ao Judici\u00e1rio para Tratamentos de Conflitos. 1ed.S\u00e3o Paulo SP: Letras Jur\u00eddicas Ltda, 2014, v. 1, p. 186-197.<\/li>\n<\/ol>\n<p>Jaqueline Michele Saldanha Miranda da Luz Zembrzuski<\/p>\n<p><strong>Joici Antonia Ziegler<\/strong><\/p>\n<p>Livros publicados\/organizados ou edi\u00e7\u00f5es<\/p>\n<p>1.ZIEGLER, J. A.; Thami Covatti Piaia (Org.) . Di\u00e1logo e Entendimento. 1. ed. Campinas S\u00e3o Paulo: Millenium, 2017. v. 300. 215p .<\/p>\n<p>2.ZIEGLER, J. A.; Paula Fernandes . Estudos sobre Amartya Sen: Democracia e Normatiza\u00e7\u00e3o. 1. ed. Porto Alegre: Editora Fi, 2017. v. 1. 339p .<\/p>\n<p>3.ZIEGLER, J. A.; Rosemara Unser . Direito e Intera\u00e7\u00e3o na Am\u00e9rica Latina. 1\u00b0. ed. Campinas \/ SP: Millenniun, 2015. v. 700. 174p .<\/p>\n<p>Cap\u00edtulos de livros publicados<\/p>\n<p>1.ZIEGLER, J. A.; Paula Fernandes . As Repercuss\u00f5es do Paternalismo e do Protagonismo do Judici\u00e1rio Brasileiro na Sociedade Democr\u00e1tica Brasileira. In: Jana\u00edna Machado Sturza; Aline Michele Pedron Leves; Carolina Andrade Bariquello. (Org.). Reflex\u00f5es Jur\u00eddicas na Contemporaneidade: Possibilidade e Limites para a Efetiva\u00e7\u00e3o dos Direitos Humanos. 1ed.Porto Alegre: EVANGRAF, 2018, v. 1, p. 07-208.<\/p>\n<p>2.ZIEGLER, J. A.; Paula Fernandes ; Lessandra Bertolazi Gauer . Reflex\u00f5es Jur\u00eddicas Contempor\u00e2neas: Entre Ativismo e Minimalismo Judicial. In: LUCAS, Doglas Cesar; ARGERICH, Eloisa; FORMENTINI, Francieli (Orgs.). (Org.). Di\u00e1logos sobre jurisdi\u00e7\u00e3o, democracia e direitos humanos. 1ed.Porto Alegre: Editora Fi, 2018, v. 1, p. 1-783.<\/p>\n<p>3.Paula Fernandes ; ZIEGLER, J. A. . Defici\u00eancia e Pol\u00edticas Publicas:Teoria Socias das Possibilidades de Amartya Sen. Defici\u00eancia e Pol\u00edticas Publicas:Teoria Socias das Possibilidades de Amartya Sen. 1ed.Porto Alegre: Editora Fi, 2017, v. 1, p. 1-311.<\/p>\n<p>Juliane Pacheco<\/p>\n<p>Cap\u00edtulos de livros publicados<\/p>\n<p>1.PIAIA, T. C. ; VERONESE, O. ; PACHECO, J. . Transforma\u00e7\u00f5es sociais e as novas identidades familiares: perspectivas de uma sociedade em rede. In: Charlise Paula Colet Gimenez; Jos\u00e9 Francisco Dias da Costa Lyra. (Org.). Di\u00e1logo e entendimento: direito e multiculturalismo &amp; pol\u00edticas de cidadania e resolu\u00e7\u00f5es de conflito. 7ed.Campinas &#8211; S\u00e3o Paulo: Millennium, 2016, v. 7, p. 113-129.<\/p>\n<p><strong>Miriane Maria Willers<\/strong><\/p>\n<p>Artigos completos publicados em peri\u00f3dicos<\/p>\n<p>1.WILLERS, M. M.; BEDIN, G. A. ; VERONESE, O. . Estado federal brasileiro, governan\u00e7a local e efetiva\u00e7\u00e3o de direitos. REVISTA DO INSTITUTO DE HERMEN\u00caUTICA JUR\u00cdDICA, v. 21, p. 171-186, 2017.<\/p>\n<p>Cap\u00edtulos de livros publicados<\/p>\n<p>1.Mauro Gaglietti ; WILLERS, M. M. ; SANTOS, J. R. A . A MEDIA\u00c7\u00c3O DE CONFLITOS NA ESFERA DA ADMINISTRA\u00c7\u00c3O P\u00daBLICA MUNICIPAL A PARTIR DO NOVO C\u00d3DIGO DE PROCESSO CIVIL E DA LEI 13.140\/2015. In: DANIELA LIPPSTEINS; RALFE OLIVEIRA ROMERO. (Org.). OPINIO IURIS. 1\u00aaed.ERECHIM: EDITORA DEVIANT, 2016, v. III, p. 59-74.<\/p>\n<p><strong>Paula Vanessa Fernandes<\/strong><\/p>\n<p>Artigos completos publicados em peri\u00f3dicos<\/p>\n<p>1.COSTA, MARLI MARLENE MORAES DA ; FERNANDES, P. V. . Autismo, cidadania e pol\u00edticas p\u00fablicas: as contadi\u00e7\u00f5es entre igualdade formal e igualdade material. REVISTA DO DIREITO P\u00daBLICO (LONDRINA), v. 13, p. 01-336, 2018.<\/p>\n<p>2.COSTA, MARLI MARLENE MORAES DA ; FERNANDES, PAULA VANESSA . Autismo, cidadania e pol\u00edticas p\u00fablicas: as contadi\u00e7\u00f5es entre igualdade formal e igualdade material. REVISTA DO DIREITO P\u00daBLICO (LONDRINA), v. 13, p. 195, 2018.<\/p>\n<p>3.ZIEGLER, Joici ; FERNANDES, P. V. . Protagonismo Judicial: Aportes Necess\u00e1rios. Revista Direito e Sociedade: Reflex\u00f5es Contempor\u00e2neas, v. 01, p. 03-140, 2016.<\/p>\n<p>Cap\u00edtulos de livros publicados<\/p>\n<p>1.ZIEGLER, Joici ; FERNANDES, P. V. . AS REPERCUSS\u00d5ES DO PATERNALISMO E DO PROTAGONISMO DO JUDICI\u00c1RIO BRASILEIRO NA SOCIEDADE DEMOCR\u00c1TICA BRASILEIRA. In: Sturza, Jana\u00edna Machado; Leves, Aline Michele Pedron; Barriquello, Carolina Andrade. (Org.). REFLEX\u00d5ES JUR\u00cdDICAS NA CONTEMPORANEIDADE: POSSIBILIDADES E LIMITES PARA A EFETIVA\u00c7\u00c3O DOS DIREITOS HUMANOS. 01ed.Porto Alegre: Evangraf, 2018, v. , p. 07-223.<\/p>\n<p>2.FERNANDES, P. V.. Da Discrimina\u00e7\u00e3o ao Reconhecimento: a eleva\u00e7\u00e3o da pessoa com defic\u00eancia \u00e0 condi\u00e7\u00e3o de sujeitos do pr\u00f3prio destino. Direito de MInorias, movimentos sociais e pol\u00edticas p\u00fablicas. 01ed.Santo \u00c2ngelo: FURI, 2018, v. 01, p. 17-325.<\/p>\n<p>3.ZIEGLER, Joici ; FERNANDES, P. V. . O PROTAGONISMO DO PODER JUDICI\u00c1RIO E SUAS DECIS\u00d5ES ATIVISTAS: A CONSTRU\u00c7\u00c3O DE UM NOVO DIREITO?. In: Doglas Cesar Lucas; Eloisa Argerich; Fernanda Serrer; Francieli Formentini. (Org.). JURISDI\u00c7\u00c3O, DEMOCRACIA E DIREITOS HUMANOS EM NOVAS PERSPECTIVAS.. 1ed.Bento Gon\u00e7alves: Associa\u00e7\u00e3o Refletindo o Direito, 2017, v. 1, p. 513-524.<\/p>\n<p>4.FERNANDES, P. V.; ZIEGLER, Joici . DEFICI\u00caNCIA E POL\u00cdTICAS P\u00daBLICAS: TEORIA SOCIAL DAS CAPACIDADES DE AMARTYA SEN. In: ZAMBAM, Neuro Jos\u00e9; KUJAWA, Henrique Aniceto. (Org.). Estudos sobre Amartya Sen: Pol\u00edticas P\u00fablicas, Capabilities e Desenvolvimento. 1ed.Porto Alegre: Editora Fi, 2017, v. 1, p. 10-331.<\/p>\n<p>5.ZIEGLER, Joici ; FERNANDES, P. V. . A IDEIA DE JUSTI\u00c7A EM AMARTYA SEN E A CONCRETIZA\u00c7\u00c3O DOS DIREITOS FUNDAMENTAIS POR MEIO DO PROTAGONISMO JUDICIAL. In: ZAMBAM, Neuro Jos\u00e9; BORTOLOTTI, Jos\u00e9 Carlos Kraemer. (Org.). Estudos sobre Amartya Sen: Democracia e Normatiza\u00e7\u00e3o. 1ed.Porto Alegre: Editora Fi, 2017, v. 4, p. 10-340.<\/p>\n<p><strong>Rosemara Unser<\/strong><\/p>\n<p>Livros publicados\/organizados ou edi\u00e7\u00f5es<\/p>\n<p>1.UNSER, R. Direito de minorias, movimentos sociais e pol\u00edticas p\u00fablicas. 1. ed. SANTO \u00c2NGELO: FuRI &#8211; Editora da URI, 2018. v. 1. 330p .<\/p>\n<ol start=\"2\">\n<li>UNSER, R. Cultura Patriarcal nas manifesta\u00e7\u00f5es do Congresso Nacional &#8211; PL 478\/07. 01. ed. Rio de Janeiro: Novas Edi\u00e7\u00f5es Acad\u00eamicas, 2018. v. 01. 136p .<\/li>\n<li>ANGELIN, R. ; UNSER, R . RELIGI\u00c3O, POL\u00cdTICA E DEMOCRACIA NA AM\u00c9RICA LATINA. 1. ed. S\u00c3O LEOPOLDO: FACULDADES EST, 2016. v. 1. 257p .<\/li>\n<li>UNSER, R; JOICI ANTONIA ZIEGLER . DIREITO E INTEGRA\u00c7\u00c3O NA AM\u00c9RICA LATINA. II. ed. MILLENNIUM EDITORA LTDA, 2015. v. 01. 174p .<\/li>\n<\/ol>\n<p>5.UNSER, R. XII SEMIN\u00c1RIO DE INICIA\u00c7\u00c3O CIENT\u00cdFICA. I. ed. IJUI: UNIJUI, 2004. 416p .<\/p>\n<p><strong>Vagner Silveira Haab<\/strong><\/p>\n<p><strong>Irsan Mahmud Shubeita Filho<\/strong><\/p>\n","protected":false},"excerpt":{"rendered":"<p>Agnelo Fabiano Prado da Silva Livros publicados\/organizados ou edi\u00e7\u00f5es SILVA, Agnelo Fabiano Prado da. Garantia de Justi\u00e7a e Dignidade de Pequenos Agricultores Atingidos pela Demarca\u00e7\u00e3o da Terra Ind\u00edgena em Vicente Dutra, Rio Grande do Sul. 1. ed. Santa Cruz do Sul: Essere nel Mondo, 2017. 98p . SILVA, Agnelo Fabiano Prado da. Garantia de Justi\u00e7a [&hellip;]<\/p>\n","protected":false},"author":1,"featured_media":0,"parent":224,"menu_order":0,"comment_status":"closed","ping_status":"closed","template":"","meta":[],"_links":{"self":[{"href":"https:\/\/san.uri.br\/mestrado_direito\/index.php\/wp-json\/wp\/v2\/pages\/1901"}],"collection":[{"href":"https:\/\/san.uri.br\/mestrado_direito\/index.php\/wp-json\/wp\/v2\/pages"}],"about":[{"href":"https:\/\/san.uri.br\/mestrado_direito\/index.php\/wp-json\/wp\/v2\/types\/page"}],"author":[{"embeddable":true,"href":"https:\/\/san.uri.br\/mestrado_direito\/index.php\/wp-json\/wp\/v2\/users\/1"}],"replies":[{"embeddable":true,"href":"https:\/\/san.uri.br\/mestrado_direito\/index.php\/wp-json\/wp\/v2\/comments?post=1901"}],"version-history":[{"count":0,"href":"https:\/\/san.uri.br\/mestrado_direito\/index.php\/wp-json\/wp\/v2\/pages\/1901\/revisions"}],"up":[{"embeddable":true,"href":"https:\/\/san.uri.br\/mestrado_direito\/index.php\/wp-json\/wp\/v2\/pages\/224"}],"wp:attachment":[{"href":"https:\/\/san.uri.br\/mestrado_direito\/index.php\/wp-json\/wp\/v2\/media?parent=1901"}],"curies":[{"name":"wp","href":"https:\/\/api.w.org\/{rel}","templated":true}]}}