{"id":1754,"date":"2017-03-21T15:21:44","date_gmt":"2017-03-21T18:21:44","guid":{"rendered":"http:\/\/srvapp2s.santoangelo.uri.br\/sites\/mestrado_direito\/?page_id=1754"},"modified":"2017-03-21T15:21:44","modified_gmt":"2017-03-21T18:21:44","slug":"2016-2","status":"publish","type":"page","link":"https:\/\/san.uri.br\/mestrado_direito\/index.php\/mestrado\/dissertacoes\/2016-2\/","title":{"rendered":"2016"},"content":{"rendered":"<p>9\u00aa Turma (ingresso: 03\/2014)<\/p>\n<p><a href=\"http:\/\/buscatextual.cnpq.br\/buscatextual\/visualizacv.do?id=K4856680P5\">Alini Bueno dos Santos Taborda<\/a><\/p>\n<p>T\u00edtulo:<em> O impacto das novas tecnologias frente aos Direitos Humanos: seguran\u00e7a da informa\u00e7\u00e3o e prote\u00e7\u00e3o da privacidade.<\/em><\/p>\n<p><a href=\"http:\/\/srvapp2s.santoangelo.uri.br\/sites\/mestrado_direito\/wp-content\/uploads\/2017\/03\/Alini-Disserta\u00e7\u00e3o-Final-2.pdf\">Acesso ao trabalho completo (PDF)<\/a><\/p>\n<p>Data de defesa: 29 de fevereiro de 2016<\/p>\n<p>Banca de defesa: Prof. Dr. Florisbal de Souza Del\u2019Olmo e Prof. Dr. Jacson Roberto Cervi, estes da URI, e Prof. Dr. \u00c1lvaro Sanchez Bravo, da Universidade de Sevilha.<\/p>\n<p>&nbsp;<\/p>\n<p>9\u00aa Turma (ingresso: 03\/2014)<\/p>\n<p><a href=\"http:\/\/buscatextual.cnpq.br\/buscatextual\/visualizacv.do?id=K8758626P0\">Ana Laura Weber<\/a><\/p>\n<p>T\u00edtulo:<em> As implica\u00e7\u00f5es dos la\u00e7os familiares na forma\u00e7\u00e3o das identidades em uma sociedade multicultural como a brasileira e sua observ\u00e2ncia na jurisprud\u00eancia.<\/em><\/p>\n<p>Data de defesa: 19 de fevereiro de 2016<\/p>\n<p>Banca de defesa: Prof\u00aa. Dra. Angelita Maria Maders\u00a0 e Prof. Dr. Noli Bernardo Hahn estes da URI, e Prof\u00aa. Dra. Fabiana Marion Spengler, da Universidade do Vale do Rio dos Sinos &#8211; UNISINOS.<\/p>\n<p>&nbsp;<\/p>\n<p>9\u00aa Turma (ingresso: 03\/2014)<\/p>\n<p>Ana Lucia dos Santos<\/p>\n<p>T\u00edtulo:<em> Hans Kelsen e Luis Alberto Warat: da pureza te\u00f3rica \u00e0 relev\u00e2ncia da cidadania.<\/em><\/p>\n<p>Data de defesa: 11 de agosto de 2016<\/p>\n<p>Banca de defesa: Prof. Dr. Gilmar Ant\u00f4nio Bedin, Prof. Dr. Andr\u00e9 Leonardo Copetti Santos, estes da URI, e Prof. Dr. Doglas Cesar Lucas, da UNIJU\u00cd.<\/p>\n<p>&nbsp;<\/p>\n<p>9\u00aa Turma (ingresso: 03\/2014)<\/p>\n<p><a href=\"http:\/\/buscatextual.cnpq.br\/buscatextual\/visualizacv.do?id=K4737148P2\">Ang\u00e9lica Chechi<\/a><\/p>\n<p>T\u00edtulo:<em> A media\u00e7\u00e3o no ensino jur\u00eddico sob o olhar waratiano: Um novo paradigma na autocomposi\u00e7\u00e3o de conflitos.<\/em><\/p>\n<p>Data de defesa: 06 de abril de 2016<\/p>\n<p>Banca de defesa: Prof. Dr. Mauro Jos\u00e9 Gaglietti e Prof. Dr. Jo\u00e3o Martins Bertaso estes da URI, e Prof. Dr. Felipe Chiarello de Souza Pinto, da Universidade Presbiteriana Mackenzie.<\/p>\n<p>&nbsp;<\/p>\n<p>9\u00aa Turma (ingresso: 03\/2014)<\/p>\n<p><a href=\"http:\/\/buscatextual.cnpq.br\/buscatextual\/visualizacv.do?id=K8755855Y6\">B\u00e1rbara de Cezaro<\/a><\/p>\n<p>T\u00edtulo:<em> Marco Civil da internet: Seus princ\u00edpios basilares e a participa\u00e7\u00e3o da sociedade brasileira na Lei n\u00ba 12.965\/14<\/em>.<\/p>\n<p>Data de defesa: 22 de fevereiro de 2016<\/p>\n<p>Banca de defesa: Prof\u00aa. Dra. Thami COvatti Piaia e Prof. Dr. Jacson Roberto Cervi, estes da URI, e Prof. Dr. Liton Lanes Pilau Sobrinho, da Universidade do Vale do Rio dos Sinos &#8211; UNISINOS.<\/p>\n<p>&nbsp;<\/p>\n<p>9\u00aa Turma (ingresso: 03\/2014)<\/p>\n<p><a href=\"http:\/\/buscatextual.cnpq.br\/buscatextual\/visualizacv.do?id=K8753512A0\">Camila Silveira Stangherlin<\/a><\/p>\n<p>T\u00edtulo:<em> O abarcamento e o alcance da a\u00e7\u00e3o do conciliador na busca da solu\u00e7\u00e3o de conflitos sociais junto aos Juizados Especiais C\u00edveis: O estudo de caso frente \u00e0 comarca de Porto Xavier\/RS \u2013 Brasil.<\/em><\/p>\n<p><a href=\"http:\/\/srvapp2s.santoangelo.uri.br\/sites\/mestrado_direito\/wp-content\/uploads\/2017\/03\/DIS.-FINALIZADA-defendida-15022016.pdf\">Acesso ao trabalho completo (PDF)<\/a><\/p>\n<p>Data de defesa: 15 de fevereiro de 2016<\/p>\n<p>Banca de defesa: Prof. Dr. Mauro Jos\u00e9 Gaglietti e Prof. Dr. Jacson Roberto Cervi, estes da URI, e Prof. Dr. Jos\u00e9 Alceb\u00edades de Oliveira Junior, da Universidade Federal do Rio Grande do Sul \u2013 URGS.<\/p>\n<p>&nbsp;<\/p>\n<p>9\u00aa Turma (ingresso: 03\/2014)<\/p>\n<p><a href=\"http:\/\/buscatextual.cnpq.br\/buscatextual\/visualizacv.do?id=K4755171J7\">Carmine Kochhann Scheeren<\/a><\/p>\n<p>T\u00edtulo: Novas Fam\u00edlias e Ado\u00e7\u00e3o por Casais Homossexuais: uma perspectiva jur\u00eddica diante do melhor interesse da crian\u00e7a e do adolescente.<\/p>\n<p>Data de defesa: 26 de agosto de 2016<\/p>\n<p>Banca de defesa: Prof. Dr. Noli Bernardo Hahn, Profa. Dra. Ros\u00e2ngela Angelin, estes da URI, e Prof. Dr. Ivo dos Santos Canabarro, da UNIJU\u00cd.<\/p>\n<p>&nbsp;<\/p>\n<p>9\u00aa Turma (ingresso: 03\/2014)<\/p>\n<p>Ederson Nadir Pires Dorneles<\/p>\n<p>T\u00edtulo: Os \u00edndios no Sistema Carcer\u00e1rio do Rio Grande do Sul: diagn\u00f3sticos e proje\u00e7\u00f5es para uma pol\u00edtica de execu\u00e7\u00e3o penal humanista.<\/p>\n<p>Data de defesa: 11 de mar\u00e7o de 2016.<\/p>\n<p>Banca de defesa: Prof. Dr. Osmar Veronese e Prof. Dr. Andr\u00e9 Leonardo Copetti Santos, estes da URI, e Prof. Dr. C\u00e9sar de Miranda e Lemos, da UFFS.<\/p>\n<p><a href=\"http:\/\/srvapp2s.santoangelo.uri.br\/sites\/mestrado_direito\/wp-content\/uploads\/2017\/03\/Disserta\u00e7\u00e3o-Ederson-23.02.2016-2.pdf\">Para ter acesso a disserta\u00e7\u00e3o, CLIQUE AQUI!<\/a><\/p>\n<p>&nbsp;<\/p>\n<p>9\u00aa Turma (ingresso: 03\/2014)<\/p>\n<p><a href=\"http:\/\/buscatextual.cnpq.br\/buscatextual\/visualizacv.do?id=K4239435J6\">Fernanda Baccarin Matje<\/a><\/p>\n<p>T\u00edtulo:<em> Mulher e representa\u00e7\u00e3o Pol\u00edtica: uma an\u00e1lise da pol\u00edtica de cotas de g\u00eanero no Brasil.<\/em><\/p>\n<p>Data de defesa: 31 de agosto de 2016<\/p>\n<p>Banca de defesa: Profa. Dra. Jane Lucia Wilhelm Berwanger, Profa. Dra. Charlise Paula Colet Gimenez, estas da URI, e Profa. Dra. Marli Marlene Moraes da Costa, da UNISC.<\/p>\n<p>&nbsp;<\/p>\n<p>9\u00aa Turma (ingresso: 03\/2014)<\/p>\n<p><a href=\"http:\/\/buscatextual.cnpq.br\/buscatextual\/visualizacv.do?id=K4215633P6\">Francis Rafael Mousquer<\/a><\/p>\n<p>T\u00edtulo: A modernidade perif\u00e9rica brasileira e o risco da penaliza\u00e7\u00e3o da precariedade: uma an\u00e1lise \u00e0 luz da teoria dos sistemas Autopoi\u00e9ticos.<\/p>\n<p>Data de defesa: 31 de agosto de 2016<\/p>\n<p>Banca de defesa: Prof. Dr. Jos\u00e9 Francisco Dias da Costa Lyra, Prof. Dr. Gilmar Antonio Bedin, estes da URI, e Prof. Dr. Luis Gustavo Gomes Flores, da UNIJU\u00cd.<\/p>\n<p>&nbsp;<\/p>\n<p>9\u00aa Turma (ingresso: 03\/2014)<\/p>\n<p><a href=\"http:\/\/buscatextual.cnpq.br\/buscatextual\/visualizacv.do?id=K4435295A6\">Jo\u00e3o Aurino de Melo Filho<\/a><\/p>\n<p>T\u00edtulo:<em> RACIONALIDADE LEGISLATIVA DO SISTEMA DE RESOLU\u00c7\u00c3ODE CONFLITOS TRIBUT\u00c1RIOS: desjudicializa\u00e7\u00e3o e democratiza\u00e7\u00e3o (execu\u00e7\u00e3o fiscal administrativa, harmoniza\u00e7\u00e3o de inst\u00e2ncias, transa\u00e7\u00e3o e arbitragem tribut\u00e1ria) como fundamentos de um sistema racional (jur\u00eddico, l\u00f3gico, eficiente e \u00e9tico) de resolu\u00e7\u00e3o de conflitos tribut\u00e1rios.<\/em><\/p>\n<p>Data de defesa: 09 de maio de 2016<\/p>\n<p>Banca de defesa: Prof. Dr. Adalberto Narciso Hommerding, Prof. Dr. Andr\u00e9 Leonardo Copetti Santos, estes da URI, e Prof. Dr. Di\u00f3genes Vicente Hassan Ribeiro, do Centro Universit\u00e1rio La Salle Canoas \u2013 UNILASALLE.<\/p>\n<p>&nbsp;<\/p>\n<p>9\u00aa Turma (ingresso: 03\/2014)<\/p>\n<p><a href=\"http:\/\/buscatextual.cnpq.br\/buscatextual\/visualizacv.do?id=K4414004H9\">Jorge Eduardo Espinosa Villarreal<\/a><\/p>\n<p>T\u00edtulo:<em> A media\u00e7\u00e3o: uma proposta para preven\u00e7\u00e3o da viol\u00eancia intrafamiliar na prote\u00e7\u00e3o social b\u00e1sica.<\/em><\/p>\n<p>Data de defesa: 22 de fevereiro de 2016.<\/p>\n<p>Banca de defesa: Prof. Dr. Jo\u00e3o Martins Bertaso, Prof\u00aa. Dr\u00aa. Ros\u00e2ngela Angelin, estes da URI, e Prof. Dr. Liton Lanes Pilau Sobrinho, da Universidade do Vale do Rio dos Sinos \u2013 UNISINOS.<\/p>\n<p>&nbsp;<\/p>\n<p>9\u00aa Turma (ingresso: 03\/2014)<\/p>\n<p><a href=\"http:\/\/buscatextual.cnpq.br\/buscatextual\/visualizacv.do?id=K4210648Y9\">Keila Sim do Prado<\/a><\/p>\n<p>T\u00edtulo:<em> Media\u00e7\u00e3o de Conflitos nas Comunidades: O policiamento comunit\u00e1rio transformando paradigmas por meio da constru\u00e7\u00e3o da cidadania.<\/em><\/p>\n<p>Data de defesa: 24 de fevereiro de 2016.<\/p>\n<p>Banca de defesa: \u00a0Prof. Dr. Mauro Jos\u00e9 Gaglietti\u00a0 e\u00a0 Prof. Dr. Jo\u00e3o Martins Bertaso estes da URI, e Prof\u00aa. Dra. Marli Marlene Moraes da Costa, da Universidade de Santa Cruz do Sul- UNISC.<\/p>\n<p>&nbsp;<\/p>\n<p>9\u00aa Turma (ingresso: 03\/2014)<\/p>\n<p><a href=\"http:\/\/buscatextual.cnpq.br\/buscatextual\/visualizacv.do?id=K4757431P3\">M\u00e1rcio Rog\u00e9rio de Oliveira Bressan<\/a><\/p>\n<p>T\u00edtulo: A Face Invis\u00edvel da Viol\u00eancia Escolar \u2013 Um Estudo da Viol\u00eancia Institucional no \u00c2mbito da Escola Disciplinadora Atual e dos Mecanismos de Pacifica\u00e7\u00e3o de Conflitos.<\/p>\n<p><a href=\"http:\/\/srvapp2s.santoangelo.uri.br\/sites\/mestrado_direito\/wp-content\/uploads\/2017\/03\/Disserta\u00e7\u00e3o-Viol\u00eancia-Escolar-URI-Vers\u00e3o-Defendida-BETA.pdf\">Acesso ao trabalho completo (PDF)<\/a><\/p>\n<p>Data de defesa: 04 de agosto de 2016<\/p>\n<p>Banca de defesa: Prof. Dr.Jos\u00e9 Francisco Dias da Costa Lyra, Prof. Dr. Jo\u00e3o Martins Bertaso, estes da URI, a Profa. Dra.Patr\u00edcia Grazziotin Noschang, da UPF.<\/p>\n<p>&nbsp;<\/p>\n<p>9\u00aa Turma (ingresso: 03\/2014)<\/p>\n<p><a href=\"http:\/\/buscatextual.cnpq.br\/buscatextual\/visualizacv.do?id=K4710787A0\">Marcos Costa Salom\u00e3o<\/a><\/p>\n<p>T\u00edtulo:<em> A paternidade biol\u00f3gica e socioafetiva e o seu reconhecimento extrajudicial na sociedade multicultural brasileira, sob a luz do princ\u00edpio da dignidade da pessoa humana.<\/em><\/p>\n<p>Data de defesa: 02 de maio de 2016<\/p>\n<p>Banca de defesa: Prof. Dr. Noli Bernardo Hahn, Prof. Dr. Jo\u00e3o Martins Bertaso, estes da URI, e Prof. Dr. Jos\u00e9 Alceb\u00edades de Oliveira Junior, da Universidade Federal do Rio Grande do Sul.<\/p>\n<p>&nbsp;<\/p>\n<p>9\u00aa Turma (ingresso: 03\/2014)<\/p>\n<p><a href=\"http:\/\/buscatextual.cnpq.br\/buscatextual\/visualizacv.do?id=K4961936H4\">Nadja Caroline Hendges<\/a><\/p>\n<p>T\u00edtulo: Autonomia das mulheres nas rela\u00e7\u00f5es de g\u00eanero: desigualdades, redistribui\u00e7\u00e3o e reconhecimento de g\u00eanero na sociedade brasileira.<\/p>\n<p>Data de defesa: 20 de maio de 2016<\/p>\n<p>Banca de defesa: Profa. Dra. Ros\u00e2ngela Angelin, Prof. Dr. Noli Bernardo Hahn, estes da URI, e Prof. Dr. Andr\u00e9 Sidnei Musskopf, da EST.<\/p>\n<p>&nbsp;<\/p>\n<p>9\u00aa Turma (ingresso: 03\/2014)<\/p>\n<p><a href=\"http:\/\/buscatextual.cnpq.br\/buscatextual\/visualizacv.do?id=K4904256Y6\">Patr\u00edcia In\u00eas Jablonski<\/a><\/p>\n<p>T\u00edtulo: A SELETIVIDADE DO SISTEMA PENAL BRASILEIRO: uma reflex\u00e3o sobre a exclus\u00e3o social e o novo modelo de justi\u00e7a penal como m\u00e9todo alternativo de resolu\u00e7\u00e3o de conflitos<em>.<\/em><\/p>\n<p>Data de defesa: 30 de maio de 2016<\/p>\n<p>Banca de defesa: Prof. Dr. Leonel Severo Rocha, Prof. Dr. Osmar Veronese, estes da URI, e Prof. Dr. Luis Gustavo Gomes Flores, da UNIJU\u00cd.<\/p>\n<p>&nbsp;<\/p>\n<p>9\u00aa Turma (ingresso: 03\/2014)<\/p>\n<p><a href=\"http:\/\/buscatextual.cnpq.br\/buscatextual\/visualizacv.do?id=K8716899A1\">Paulo Adroir Magalh\u00e3es Martins.<\/a><\/p>\n<p>T\u00edtulo: Reconhecimento Jur\u00eddico das Identidades Transexuais na sociedade brasileira<em>.<\/em><\/p>\n<p><a href=\"http:\/\/srvapp2s.santoangelo.uri.br\/sites\/mestrado_direito\/wp-content\/uploads\/2017\/03\/Disserta\u00e7\u00e3o-Final-paulo-2.pdf\">Acesso ao trabalho completo (PDF)<\/a><\/p>\n<p>Acesso ao trabalho completo (PDF)<\/p>\n<p>Data de defesa: 20 de maio de 2016.<\/p>\n<p>Banca de defesa: Profa. Dra. Ros\u00e2ngela Angelin, Prof. Dr. Andr\u00e9 Leonardo Copetti Santos, estes da URI e o Prof. Dr. Andr\u00e9 Sidnei Musskopf, da EST.<\/p>\n<p>&nbsp;<\/p>\n<p>9\u00aa Turma (ingresso: 03\/2014)<\/p>\n<p><a href=\"http:\/\/buscatextual.cnpq.br\/buscatextual\/visualizacv.do?id=K8710133D8\">Rafael Lago Salapata<\/a><\/p>\n<p>T\u00edtulo: Excesso de litigiosidade estatal, servi\u00e7o p\u00fablico e cidadania no brasil: uma an\u00e1lise a partir da Teoria dos sistemas autopoi\u00e9ticos de Niklas Luhmann.<\/p>\n<p>Data de defesa: 14 de julho de 2016.<\/p>\n<p>Banca de defesa: Prof. Dr. Gilmar Antonio Bedin, Prof. Dr. Leonel Severo Rocha, estes da URI, o Prof. Dr. Mateus de Oliveira Fornasier, da UNIJU\u00cd.<\/p>\n<p>&nbsp;<\/p>\n<p>9\u00aa Turma (ingresso: 03\/2014)<\/p>\n<p><a href=\"http:\/\/buscatextual.cnpq.br\/buscatextual\/visualizacv.do?id=K4435129E5\">Ricieri Rafael Bazanella Dilkin<\/a><\/p>\n<p>T\u00edtulo: Pessoas com Defici\u00eancia e Direito ao Trabalho: An\u00e1lise das Pol\u00edticas P\u00fablicas de Inclus\u00e3o no \u00c2mbito Privado \u00e0 Luz dos Princ\u00edpios da Dignidade e da Igualdade.<\/p>\n<p><a href=\"http:\/\/srvapp2s.santoangelo.uri.br\/sites\/mestrado_direito\/wp-content\/uploads\/2017\/03\/RICIERI-RAFAEL-BAZANELLA-DILKIN.pdf\">Acesso ao trabalho completo (PDF)<\/a><\/p>\n<p>Data de defesa: 24 de agosto de 2016.<\/p>\n<p>Banca de defesa: Prof. Dr. Osmar Veronese, Prof. Dr. Jacson Roberto Cervi, estes da URI, e Prof. Dr. Ricardo Hermany, da UNISC.<\/p>\n<p>&nbsp;<\/p>\n<p>9\u00aa Turma (ingresso: 03\/2014)<\/p>\n<p><a href=\"http:\/\/buscatextual.cnpq.br\/buscatextual\/visualizacv.do?id=K8788389P1\">Rosemeri Carneiro Gr\u00e1s<\/a><\/p>\n<p>T\u00edtulo:<em> Media\u00e7\u00e3o Waratiana como pr\u00e1tica pedag\u00f3gica: Uma contribui\u00e7\u00e3o para o desenvolvimento da cidadania por meio da resolu\u00e7\u00e3o de conflitos escolares.<\/em><\/p>\n<p>Data de defesa: 30 de Mar\u00e7o de 2016.<\/p>\n<p>Banca de defesa: Prof. Dr. Mauro Jos\u00e9 Gaglietti e Prof. Dr. Jo\u00e3o Martins Bertaso estes da URI, e Prof. Dr. Doglas C\u00e9sar Lucas, da Universidade Regional do Noroeste do Estado do Rio Grande do Sul \u2013 UNIJU\u00cd.<\/p>\n<p>&nbsp;<\/p>\n<p>9\u00aa Turma (ingresso: 03\/2014)<\/p>\n<p><a href=\"http:\/\/buscatextual.cnpq.br\/buscatextual\/visualizacv.do?id=K4434155P4\">Sabrina Fumagalli Le\u00e3es<\/a><\/p>\n<p>T\u00edtulo:<em> A preven\u00e7\u00e3o da viol\u00eancia sexual infantil como ferramenta de efetiva\u00e7\u00e3o da doutrina da prote\u00e7\u00e3o integral legitimada constitucionalmente.<\/em><\/p>\n<p>Data de defesa: 29 de fevereiro de 2016<\/p>\n<p>Banca de defesa: Prof. Dr. Noli Bernardo Hahn e Prof. Dr. Jo\u00e3o Martins Bertaso estes da URI, e Prof. Dr. L\u00edvio Osvaldo Arenhart, da Universidade Federal da Fronteira Sul.<\/p>\n<p>&nbsp;<\/p>\n<p>9\u00aa Turma (ingresso: 03\/2014)<\/p>\n<p><a href=\"http:\/\/buscatextual.cnpq.br\/buscatextual\/visualizacv.do?id=K4362751T8\">Thiago Roberto Gebert Garcia<\/a><\/p>\n<p>T\u00edtulo:<em> Pol\u00edticas de Promo\u00e7\u00e3o da Cidadania aos imigrantes nos pa\u00edses do Mercosul na Contemporaneidade.<\/em><\/p>\n<p><a href=\"http:\/\/srvapp2s.santoangelo.uri.br\/sites\/mestrado_direito\/wp-content\/uploads\/2017\/03\/Thiago-disserta\u00e7\u00e3o-vers\u00e3o-final.pdf\">Acesso ao trabalho completo (PDF)<\/a><\/p>\n<p>Data de defesa: 29 de fevereiro de 2016.<\/p>\n<p>Banca de defesa: Prof. Dr. Florisbal de Souza Del\u2019Olmo, Prof. Dr. Andr\u00e9 Leonardo Copetti Santos, estes da URI, e Prof\u00aa. Dr\u00aa. Sinara Camera, da Funda\u00e7\u00e3o Educacional Machado de Assis \u2013 FEMA.<\/p>\n<p>&nbsp;<\/p>\n<p>9\u00aa Turma (ingresso: 03\/2014)<\/p>\n<p><a href=\"http:\/\/buscatextual.cnpq.br\/buscatextual\/visualizacv.do?id=K8754513E8\">Vanderlei Scherer Thomas<\/a><\/p>\n<p>T\u00edtulo: Controle Social e Seguran\u00e7a P\u00fablica: Limites e possibilidades para uma atua\u00e7\u00e3o policial democr\u00e1tica.<\/p>\n<p>Data de defesa: 15 de julho de 2016<\/p>\n<p>Banca de defesa: Prof. Dr. Andr\u00e9 Leonardo Copetti Santos, Prof. Dr. Jos\u00e9 Francisco Dias da Costa Lyra, estes da URI, o Prof. Dr. \u00c1lvaro Filipe Oxley da Rocha, da PUC-RS.<\/p>\n","protected":false},"excerpt":{"rendered":"<p>9\u00aa Turma (ingresso: 03\/2014) Alini Bueno dos Santos Taborda T\u00edtulo: O impacto das novas tecnologias frente aos Direitos Humanos: seguran\u00e7a da informa\u00e7\u00e3o e prote\u00e7\u00e3o da privacidade. Acesso ao trabalho completo (PDF) Data de defesa: 29 de fevereiro de 2016 Banca de defesa: Prof. Dr. Florisbal de Souza Del\u2019Olmo e Prof. Dr. Jacson Roberto Cervi, estes [&hellip;]<\/p>\n","protected":false},"author":1,"featured_media":0,"parent":70,"menu_order":0,"comment_status":"closed","ping_status":"closed","template":"","meta":[],"_links":{"self":[{"href":"https:\/\/san.uri.br\/mestrado_direito\/index.php\/wp-json\/wp\/v2\/pages\/1754"}],"collection":[{"href":"https:\/\/san.uri.br\/mestrado_direito\/index.php\/wp-json\/wp\/v2\/pages"}],"about":[{"href":"https:\/\/san.uri.br\/mestrado_direito\/index.php\/wp-json\/wp\/v2\/types\/page"}],"author":[{"embeddable":true,"href":"https:\/\/san.uri.br\/mestrado_direito\/index.php\/wp-json\/wp\/v2\/users\/1"}],"replies":[{"embeddable":true,"href":"https:\/\/san.uri.br\/mestrado_direito\/index.php\/wp-json\/wp\/v2\/comments?post=1754"}],"version-history":[{"count":0,"href":"https:\/\/san.uri.br\/mestrado_direito\/index.php\/wp-json\/wp\/v2\/pages\/1754\/revisions"}],"up":[{"embeddable":true,"href":"https:\/\/san.uri.br\/mestrado_direito\/index.php\/wp-json\/wp\/v2\/pages\/70"}],"wp:attachment":[{"href":"https:\/\/san.uri.br\/mestrado_direito\/index.php\/wp-json\/wp\/v2\/media?parent=1754"}],"curies":[{"name":"wp","href":"https:\/\/api.w.org\/{rel}","templated":true}]}}