{"id":1752,"date":"2017-03-21T15:21:27","date_gmt":"2017-03-21T18:21:27","guid":{"rendered":"http:\/\/srvapp2s.santoangelo.uri.br\/sites\/mestrado_direito\/?page_id=1752"},"modified":"2017-03-21T15:21:27","modified_gmt":"2017-03-21T18:21:27","slug":"2015-2","status":"publish","type":"page","link":"https:\/\/san.uri.br\/mestrado_direito\/index.php\/mestrado\/dissertacoes\/2015-2\/","title":{"rendered":"2015"},"content":{"rendered":"<p>8\u00aa Turma (ingresso: 03\/2013)<\/p>\n<p><a href=\"http:\/\/buscatextual.cnpq.br\/buscatextual\/visualizacv.do?id=K4955954Z4\">Ana Paula de Oliveira Pause<\/a><\/p>\n<p>T\u00edtulo:<em> A implementa\u00e7\u00e3o do Direito Social ao aceso \u00e0 sa\u00fade e a an\u00e1lise or\u00e7ament\u00e1ria do Direito: Da veda\u00e7\u00e3o do retrocesso social \u00e0 universalidade.<\/em><\/p>\n<p><a href=\"http:\/\/srvapp2s.santoangelo.uri.br\/sites\/mestrado_direito\/wp-content\/uploads\/2017\/03\/vers\u00e3o-final.pdf\">Acesso ao trabalho completo (PDF)<\/a><\/p>\n<p>Data de defesa: 27 de agosto de 2015<\/p>\n<p>Banca de defesa: Prof. Dr. Jos\u00e9 Francisco Dias da Costa Lyra e Prof. Dr. Jackson Cervi, estes da URI, e Prof. Dr. Luiz Ernani Bonesso de Ara\u00fajo, da UFSM.<\/p>\n<p>&nbsp;<\/p>\n<p>8\u00aa Turma (ingresso: 03\/2013)<\/p>\n<p><a href=\"http:\/\/buscatextual.cnpq.br\/buscatextual\/visualizacv.do?id=K4737969E2\">Andr\u00e9a Mignoni Zanatta<\/a><\/p>\n<p>T\u00edtulo: <em>A sociedade inclusiva e a educa\u00e7\u00e3o superior: Uma vis\u00e3o anal\u00edtica das perspectivas na Universidade Regional Integrada do Alto Uruguai e das Miss\u00f5es \u2013 URI dos portadores de defici\u00eancia.<\/em><\/p>\n<p>Data de defesa: 28 de agosto de 2015<\/p>\n<p>Banca de defesa: Prof. Dr. Jo\u00e3o Martins Bertaso e Prof. Dr. Noli Bernardo Hahn, estes da URI, e Prof\u00aa. Dr\u00aa. Sinara Camera, da FEMA.<\/p>\n<p>&nbsp;<\/p>\n<p>8\u00aa Turma (ingresso: 03\/2013)<\/p>\n<p><a href=\"http:\/\/buscatextual.cnpq.br\/buscatextual\/visualizacv.do?id=K4217299U6\">Candice Nunes Bertaso<\/a><\/p>\n<p>T\u00edtulo: Aspectos de interculturalidade da cidadania no Brasil e as rela\u00e7\u00f5es de g\u00eanero<em>.<\/em><\/p>\n<p>Data de defesa: 25 de mar\u00e7o de 2015,<\/p>\n<p>Banca de defesa: Prof. Dr. Osmar Veronese e Prof. Dr. Noli Bernardo Hahn, estes da URI, e Prof. Dr. \u00c1lvaro Sanchez Bravo, da Universidade de Sevilha.<\/p>\n<p>&nbsp;<\/p>\n<p>8\u00aa Turma (ingresso: 03\/2013)<\/p>\n<p><a href=\"http:\/\/buscatextual.cnpq.br\/buscatextual\/visualizacv.do?id=K4262441T3\">Diana Casarin Zanatta<\/a><\/p>\n<p>T\u00edtulo:<em> A(in)efetividade da Lei Maria da Penha na esfera penal: Estabelecendo um diagn\u00f3stico da aplica\u00e7\u00e3o da legisla\u00e7\u00e3o protetiva na comarca de Erechim.<\/em><\/p>\n<p>Data de defesa: 28 de agosto de 2015<\/p>\n<p>Banca de defesa: Prof. Dr. Andr\u00e9 Leonardo Copetti Santos e Prof. Dr. Adalberto Narciso Hommerding, estes da URI, e Prof. Dr. Maiquel Angelo Desordi Wermuth, da UNIJU\u00cd.<\/p>\n<p>&nbsp;<\/p>\n<p>8\u00aa Turma (ingresso: 03\/2013)<\/p>\n<p><a href=\"http:\/\/buscatextual.cnpq.br\/buscatextual\/visualizacv.do?id=K4248951Y7\">Eleeldo Osdisnei de Oliveira Braga<\/a><\/p>\n<p>T\u00edtulo:<em> A efetividade do direito ao lazer nas rela\u00e7\u00f5es trabalhistas como base de uma pol\u00edtica de cidadania.<\/em><\/p>\n<p>Data de defesa: 21 de agosto de 2015<\/p>\n<p>Banca de defesa: Prof. Dr. Florisbal de Souza Del\u2019Olmo e Prof\u00aa. Dr\u00aa. Jane L\u00facia Wilhelm, estes da URI, e Prof. Dr. Augusto Jaeger Junior, da UFRGS.<\/p>\n<p>&nbsp;<\/p>\n<p>8\u00aa Turma (ingresso: 03\/2013)<\/p>\n<p><a href=\"http:\/\/buscatextual.cnpq.br\/buscatextual\/visualizacv.do?id=K4302159Y8\">Evelyne Freistedt Copetti Santos<\/a><\/p>\n<p>T\u00edtulo: POL\u00cdTICA DE COTAS UNIVERSIT\u00c1RIAS PARA AFRODESCENDENTES: UMA ABORDAGEM DIACR\u00d4NICA NO PROCESSO DE CONSOLIDA\u00c7\u00c3O DEMOCR\u00c1TICA E MULTICULTURAL NO BRASIL<\/p>\n<p>Data de defesa: 25 de fevereiro de 2015<\/p>\n<p>Banca de defesa: Prof\u00aa. Dr\u00aa. Ros\u00e2ngela Angelin e Prof\u00aa. Dr\u00aa. Angelita Maria Maders, estes da URI, e Prof\u00aa. Dr\u00aa. Val\u00e9ria Ribas do Nascimento, da UFSM.<\/p>\n<p>&nbsp;<\/p>\n<p>8\u00aa Turma (ingresso: 03\/2013)<\/p>\n<p><a href=\"http:\/\/buscatextual.cnpq.br\/buscatextual\/visualizacv.do?id=K4662117J1\">Fabiana Leske do Nascimento Schreiner<\/a><\/p>\n<p>T\u00edtulo:<em> A din\u00e2mica do racismo nos campos de futebol: Uma vis\u00e3o pragm\u00e1tico sist\u00eamica.<\/em><\/p>\n<p>Data de defesa: 04 de setembro de 2015<\/p>\n<p>Banca de defesa: Prof. Dr. Leonel Severo Rocha e Prof. Dr. Jo\u00e3o Martins Bertaso, estes da URI, e Prof. Dr. Liton Lanes Pilau Sobrinho, da UPF.<\/p>\n<p>&nbsp;<\/p>\n<p>8\u00aa Turma (ingresso: 03\/2013)<\/p>\n<p><a href=\"http:\/\/buscatextual.cnpq.br\/buscatextual\/visualizacv.do?id=K4254689Z0\">Gabriel Octacilio Bohn Edler<\/a><\/p>\n<p>T\u00edtulo:<em> Cidades Multiculturais e Democracia: a quest\u00e3o da sustentabilidade dos espa\u00e7os urbanos.<\/em><\/p>\n<p>Data de defesa: 25 de fevereiro de 2015<\/p>\n<p>Banca de defesa: Prof. Dr. Andr\u00e9 Leonardo Copetti Santos e Prof. Dr. Gilmar Antonio Bedin, estes da URI, e Prof. Dr. Daniel Rubens Cenci, da UNIJUI.<\/p>\n<p>&nbsp;<\/p>\n<p>8\u00aa Turma (ingresso: 03\/2013)<\/p>\n<p><a href=\"http:\/\/buscatextual.cnpq.br\/buscatextual\/visualizacv.do?id=K4584024U8\">Glauber Serafini<\/a><\/p>\n<p>T\u00edtulo:<em> A aplica\u00e7\u00e3o do princ\u00edpio da proporcionalidade nos julgados do Supremo Tribunal Federal em mat\u00e9ria eleitoral \u2013 E o reconhecimento dos Direitos Fundamentais na sociedade multicultural brasileira.<\/em><\/p>\n<p>Data de defesa: 26 de agosto de 2015<\/p>\n<p>Banca de defesa: Prof. Dr. Osmar Veronese e Prof. Dr. Andr\u00e9 Leonardo Copetti Santos, estes da URI, e Prof. Dr. Ricardo Hermany, da Unisc.<\/p>\n<p>&nbsp;<\/p>\n<p>8\u00aa Turma (ingresso: 03\/2013)<\/p>\n<p><a href=\"http:\/\/buscatextual.cnpq.br\/buscatextual\/visualizacv.do?id=K4265879U8\">Isabel Maciel Mousquer<\/a><\/p>\n<p>T\u00edtulo:<em> A arbitragem enquanto m\u00e9todo extrajudicial de tratamento de conflitos: um estudo de caso.<\/em><\/p>\n<p>Data de defesa: 23 de junho de 2015<\/p>\n<p>Banca de defesa: Prof. Dr. Mauro Jos\u00e9 Gaglietti e Prof\u00aa. Dr\u00aa. Thami Covatti Piaia, estes da URI, e Prof\u00aa. Dr\u00aa. Fabiola Wust Zibetti, da UPF.<\/p>\n<p>&nbsp;<\/p>\n<p>8\u00aa Turma (ingresso: 03\/2013)<\/p>\n<p><a href=\"http:\/\/buscatextual.cnpq.br\/buscatextual\/visualizacv.do?id=K4359404Y9\">Janaine Machado dos Santos Bertazo Vargas<\/a><\/p>\n<p>T\u00edtulo:<em> A inefici\u00eancia das pol\u00edticas de cidadania em face do tr\u00e1fico de \u00f3rg\u00e3os no Brasil.<\/em><\/p>\n<p>Data de defesa: 16 de dezembro de 2014<\/p>\n<p>Banca de defesa: Prof. Dr. Florisbal de Souza Del\u2019Olmo e Prof. Dr. Noli Bernardo Hahn, estes da URI, e Prof. Dr. Luiz Ernani Bonesso de Ara\u00fajo, da UFSM.<\/p>\n<p>&nbsp;<\/p>\n<p>8\u00aa Turma (ingresso: 03\/2013)<\/p>\n<p><a href=\"http:\/\/buscatextual.cnpq.br\/buscatextual\/visualizacv.do?id=K4312109E2\">Jocelito Zborowski<\/a><\/p>\n<p>T\u00edtulo:<em> A influ\u00eancia de fatores culturais nas compras p\u00fablicas: do Direito \u00e0 informa\u00e7\u00e3o a inger\u00eancias corporativistas na condu\u00e7\u00e3o de licita\u00e7\u00f5es em munic\u00edpios da Regi\u00e3o Noroeste do Estado do Rio Grande Do Sul.<\/em><\/p>\n<p>Data de defesa: 13 de mar\u00e7o de 2015<\/p>\n<p>Banca de defesa: Prof\u00aa. Dr\u00aa. Ros\u00e2ngela Angelin e Prof. Dr. Osmar Veronese, estes da URI, e Prof. Dr. Daniel Rubens Cenci, da UNIJUI.<\/p>\n<p>&nbsp;<\/p>\n<p>8\u00aa Turma (ingresso: 03\/2013)<\/p>\n<p><a href=\"http:\/\/buscatextual.cnpq.br\/buscatextual\/visualizacv.do?id=K4751657H3\">Jos\u00e9 Plinio Rigotti<\/a><\/p>\n<p>T\u00edtulo:<em> As formas alternativas de Justi\u00e7a e o Direito do Trabalho no Brasil: A ado\u00e7\u00e3o da concilia\u00e7\u00e3o pr\u00e9via como uma quest\u00e3o de cidadania.<\/em><\/p>\n<p>Data de defesa: 01 de dezembro de 2014<\/p>\n<p>Banca de defesa: : Prof. Dr. Gilmar Antonio Bedin e Prof. Dr. Mauro Jos\u00e9 Gaglietti, estes da URI, e Prof\u00aa. Dr\u00aa. Giana Lisa Zanardo Sartori, da URI Erechin.<\/p>\n<p>&nbsp;<\/p>\n<p>8\u00aa Turma (ingresso: 03\/2013)<\/p>\n<p><a href=\"http:\/\/buscatextual.cnpq.br\/buscatextual\/visualizacv.do?id=K4685946H1\">J\u00falia Francieli Neves de Oliveira<\/a><\/p>\n<p>T\u00edtulo:<em> As diferentes formas de fam\u00edlia e suas repercuss\u00f5es jur\u00eddicas: A afetividade como elemento constitutivo do direito.<\/em><\/p>\n<p>Data de defesa: 19 de janeiro de 2015<\/p>\n<p>Banca de defesa: Prof. Dr. Leonel Severo Rocha e Prof. Dr. Noli Bernardo Hahn, estes da URI, e Prof. Dr. Jos\u00e9 Alceb\u00edades de Oliveira Junior, da UFRGS.<\/p>\n<p>&nbsp;<\/p>\n<p>8\u00aa Turma (ingresso: 03\/2013)<\/p>\n<p>Karine de Souza<\/p>\n<p>T\u00edtulo: A prote\u00e7\u00e3o dos conhecimentos tradicionais: um panorama da legisla\u00e7\u00e3o internacional e de pa\u00edses multiculturais como o Brasil<em>.<\/em><\/p>\n<p>Data de defesa: 26 de mar\u00e7o de 2015<\/p>\n<p>Banca de defesa: Prof\u00aa. Dr\u00aa. Angelita Maria Maders e Prof. Dr. Gilmar Antonio Bedin, estes da URI, e Prof. Dr. Jer\u00f4nimo Siqueira Tybusch, da UFSM.<\/p>\n<p>&nbsp;<\/p>\n<p>8\u00aa Turma (ingresso: 03\/2013)<\/p>\n<p><a href=\"http:\/\/buscatextual.cnpq.br\/buscatextual\/visualizacv.do?id=K4302501P5\">Luciano Alves dos Santos<\/a><\/p>\n<p>T\u00edtulo:<em> A concilia\u00e7\u00e3o no Direito P\u00fablico: Um dilema entre a efic\u00e1cia da presta\u00e7\u00e3o jurisdicional e a efetiva\u00e7\u00e3o da justi\u00e7a para as partes.<\/em><\/p>\n<p><a href=\"http:\/\/srvapp2s.santoangelo.uri.br\/sites\/mestrado_direito\/wp-content\/uploads\/2017\/03\/Luciano-Disserta\u00e7\u00e3o-impress\u00e3o-capa-dura.pdf\">Acesso ao trabalho completo (PDF)<\/a><\/p>\n<p>Data de defesa: 21 de agosto de 2015<\/p>\n<p>Banca de defesa: Prof. Dr. Jos\u00e9 Francisco Dias da Costa Lyra e Prof. Dr. Florisbal de Souza Del\u2019Olmo, estes da URI, e Prof. Dr. Augusto Jaeger Junior, da UFRGS.<\/p>\n<p>&nbsp;<\/p>\n<p>8\u00aa Turma (ingresso: 03\/2013)<\/p>\n<p>Luis Alberto Esposito<\/p>\n<p>T\u00edtulo:<em> Do acesso ao excesso: a (in)efic\u00e1cia do direito fundamental pela excessiva judicializa\u00e7\u00e3o dos conflitos a partir da positiva\u00e7\u00e3o dos novos direitos.<\/em><\/p>\n<p>Data de defesa: 16 de maio de 2015<\/p>\n<p>Banca de defesa: Prof. Dr. Andr\u00e9 Leonardo Copetti Santos e Prof. Dr. Adalberto Narciso Hommerding, estes da URI, e Prof. Dr. Leonel Pires Ohlweiler, da UNILASALLE .<\/p>\n<p>&nbsp;<\/p>\n<p>8\u00aa Turma (ingresso: 03\/2013)<\/p>\n<p><a href=\"http:\/\/buscatextual.cnpq.br\/buscatextual\/visualizacv.do?id=K4357335Z4\">Luiz Fernando Sponchiado<\/a><\/p>\n<p>T\u00edtulo:<em> O excesso de judicializa\u00e7\u00e3o no \u00e2mbito do Juizado Especial Civil e os preju\u00edzos \u00e0 cidadania: Uma an\u00e1lise a partir do princ\u00edpio da proporcionalidade.<\/em><\/p>\n<p>Data de defesa: 02 de setembro de 2015<\/p>\n<p>Banca de defesa: Prof. Dr. Jos\u00e9 Francisco Dias da Costa Lyra e Prof\u00aa. Dr\u00aa Angelita Maria Maders, estes da URI, e Prof. Dr. Marcio Renan Hamel, da UPF.<\/p>\n<p>&nbsp;<\/p>\n<p>8\u00aa Turma (ingresso: 03\/2013)<\/p>\n<p><a href=\"http:\/\/buscatextual.cnpq.br\/buscatextual\/visualizacv.do?id=K4631349Z6\">Priscila Bueno de S\u00e1<\/a><\/p>\n<p>T\u00edtulo:<em> A livre autonomia cultural lingu\u00edstica como possibilidade de (re) constru\u00e7\u00e3o da cidadania ind\u00edgena no Brasil: por uma concep\u00e7\u00e3o multicultural de efetiva\u00e7\u00e3o do local ao global.<\/em><\/p>\n<p><a href=\"http:\/\/srvapp2s.santoangelo.uri.br\/sites\/mestrado_direito\/wp-content\/uploads\/2017\/03\/Disserta\u00e7ao-Priscila-Ok.pdf\">Acesso ao trabalho completo (PDF)<\/a><\/p>\n<p>Data de defesa: 27 de fevereiro de 2015<\/p>\n<p>Banca de defesa: Prof. Dr. Florisbal de Souza Del\u2019Olmo e Prof. Dr. Andr\u00e9 Leonardo Copetti Santos, estes da URI, e Prof\u00aa. Dr\u00aa. Elenise Felzke Schonardie, da UNIJUI.<\/p>\n<p>&nbsp;<\/p>\n<p>8\u00aa Turma (ingresso: 03\/2013)<\/p>\n<p><a href=\"http:\/\/buscatextual.cnpq.br\/buscatextual\/visualizacv.do?id=K8159634P2\">Sandra do Carmo Resmini<\/a><\/p>\n<p>T\u00edtulo:<em> Os Direitos Sociais e a normatiza\u00e7\u00e3o da ideia de justi\u00e7a.<\/em><\/p>\n<p>Data de defesa: 31 de agosto de 2015<\/p>\n<p>Banca de defesa: Prof. Dr. Gilmar Ant\u00f4nio Bedin e Prof. Dr. Noli Bernardo Hahn, estes da URI, e Prof. Dr. Doglas C\u00e9sar Lucas, da Uniju\u00ed.<\/p>\n<p>&nbsp;<\/p>\n<p>8\u00aa Turma (ingresso: 03\/2013)<\/p>\n<p><a href=\"http:\/\/buscatextual.cnpq.br\/buscatextual\/visualizacv.do?id=K4335007T1\">Simone Avila de Matos<\/a><\/p>\n<p>T\u00edtulo: A (RE) CONSTRU\u00c7\u00c3O HIST\u00d3RICA DA IDENTIDADE CIDAD\u00c3 DAS MULHERES: UM DI\u00c1LOGO QUE PERPASSA O FEMINISMO E AS POL\u00cdTICAS P\u00daBLICAS NO BRASIL P\u00d3S-TRANSI\u00c7\u00c3O DEMOCR\u00c1TICA.<\/p>\n<p>Data de defesa: 28 de fevereiro de 2015<\/p>\n<p>Banca de defesa: Prof. Dr. Noli Bernardo Hahn e Prof. Dr. Osmar Veronese, estes da URI, e Prof. Dr. L\u00edvio Osvaldo Arenhart, da UFFS.<\/p>\n<p>&nbsp;<\/p>\n<p>8\u00aa Turma (ingresso: 03\/2013)<\/p>\n<p><a href=\"http:\/\/buscatextual.cnpq.br\/buscatextual\/visualizacv.do?id=K4357000H7\">Tha\u00eds Kerber de Marco<\/a><\/p>\n<p>T\u00edtulo:<em> A hibridiza\u00e7\u00e3o e Globaliza\u00e7\u00e3o em Estados Multiculturais: a imigra\u00e7\u00e3o no Brasil diante da redistribui\u00e7\u00e3o econ\u00f4mica e do\u00a0 reconhecimento identit\u00e1rio.<\/em><\/p>\n<p>Data de defesa: 10 de fevereiro de 2015<\/p>\n<p>Banca de defesa: Prof\u00aa. Dr\u00aa. Ros\u00e2ngela Angelin e Prof. Dr. Florisbal de Souza Del\u2019Olmo, estes da URI, e Prof\u00aa. Dr\u00aa. Val\u00e9ria Ribas do Nascimento, da UFSM.<\/p>\n<p>&nbsp;<\/p>\n<p>8\u00aa Turma (ingresso: 03\/2013)<\/p>\n<p><a href=\"http:\/\/buscatextual.cnpq.br\/buscatextual\/visualizacv.do?id=K4581911Y9\">Viviane Bortolini Giacomazzi<\/a><\/p>\n<p>T\u00edtulo:<em> Cidadania e o reconhecimento de minorias \u00e9tnico-sociais ap\u00f3s a Constitui\u00e7\u00e3o Federal de 1988.<\/em><\/p>\n<p>Data de defesa: 26 de agosto de 2015<\/p>\n<p>Banca de defesa: Prof. Dr. Jo\u00e3o Martins Bertaso e Prof\u00aa. Dr\u00aa. Thami Covatti Piaia, estes da URI, e Prof\u00aa. Dr\u00aa. Marli Marlene Moraes da Costa, da Unisc.<\/p>\n","protected":false},"excerpt":{"rendered":"<p>8\u00aa Turma (ingresso: 03\/2013) Ana Paula de Oliveira Pause T\u00edtulo: A implementa\u00e7\u00e3o do Direito Social ao aceso \u00e0 sa\u00fade e a an\u00e1lise or\u00e7ament\u00e1ria do Direito: Da veda\u00e7\u00e3o do retrocesso social \u00e0 universalidade. Acesso ao trabalho completo (PDF) Data de defesa: 27 de agosto de 2015 Banca de defesa: Prof. Dr. Jos\u00e9 Francisco Dias da Costa [&hellip;]<\/p>\n","protected":false},"author":1,"featured_media":0,"parent":70,"menu_order":0,"comment_status":"closed","ping_status":"closed","template":"","meta":[],"_links":{"self":[{"href":"https:\/\/san.uri.br\/mestrado_direito\/index.php\/wp-json\/wp\/v2\/pages\/1752"}],"collection":[{"href":"https:\/\/san.uri.br\/mestrado_direito\/index.php\/wp-json\/wp\/v2\/pages"}],"about":[{"href":"https:\/\/san.uri.br\/mestrado_direito\/index.php\/wp-json\/wp\/v2\/types\/page"}],"author":[{"embeddable":true,"href":"https:\/\/san.uri.br\/mestrado_direito\/index.php\/wp-json\/wp\/v2\/users\/1"}],"replies":[{"embeddable":true,"href":"https:\/\/san.uri.br\/mestrado_direito\/index.php\/wp-json\/wp\/v2\/comments?post=1752"}],"version-history":[{"count":0,"href":"https:\/\/san.uri.br\/mestrado_direito\/index.php\/wp-json\/wp\/v2\/pages\/1752\/revisions"}],"up":[{"embeddable":true,"href":"https:\/\/san.uri.br\/mestrado_direito\/index.php\/wp-json\/wp\/v2\/pages\/70"}],"wp:attachment":[{"href":"https:\/\/san.uri.br\/mestrado_direito\/index.php\/wp-json\/wp\/v2\/media?parent=1752"}],"curies":[{"name":"wp","href":"https:\/\/api.w.org\/{rel}","templated":true}]}}