{"id":1750,"date":"2017-03-21T15:21:11","date_gmt":"2017-03-21T18:21:11","guid":{"rendered":"http:\/\/srvapp2s.santoangelo.uri.br\/sites\/mestrado_direito\/?page_id=1750"},"modified":"2017-03-21T15:21:11","modified_gmt":"2017-03-21T18:21:11","slug":"2014-2","status":"publish","type":"page","link":"https:\/\/san.uri.br\/mestrado_direito\/index.php\/mestrado\/dissertacoes\/2014-2\/","title":{"rendered":"2014"},"content":{"rendered":"<p>7\u00aa Turma (ingresso: 03\/2012)<\/p>\n<p><a href=\"http:\/\/buscatextual.cnpq.br\/buscatextual\/visualizacv.do?id=K4350899P2\">Alejandro C\u00e9sar Rayo Werlang<\/a><\/p>\n<p>T\u00edtulo:<em> O fim da modernidade s\u00f3lida e a nova finalidade da pena privativa de liberdade: uma an\u00e1lise a partir da realidade prisional brasileira.<\/em><\/p>\n<p><a href=\"http:\/\/srvapp2s.santoangelo.uri.br\/sites\/mestrado_direito\/wp-content\/uploads\/2017\/03\/CAPA20disserta\u00e7\u00e3o1.pdf\">Acesso ao trabalho completo (PDF)<\/a><\/p>\n<p>Data de defesa: 22 de agosto de 2014<\/p>\n<p>Banca de defesa: Prof. Dr. Gilmar Antonio Bedin e Prof. Dr. Jos\u00e9 Francisco Dias da Costa Lyra, estes da URI, e Prof. Dr. Maiquel \u00c2ngelo Dezordi Wermuth, da UNIJUI.<\/p>\n<p>&nbsp;<\/p>\n<p>7\u00aa Turma (ingresso: 03\/2012)<\/p>\n<p><a href=\"http:\/\/buscatextual.cnpq.br\/buscatextual\/visualizacv.do?id=K4350296T8\">Ana Paula Cacenote<\/a><\/p>\n<p>T\u00edtulo:<em> A t\u00e9cnica de media\u00e7\u00e3o de conflitos como paradigma sociocultural na realiza\u00e7\u00e3o da cidadania e da cultura de paz.<\/em><\/p>\n<p>Data de defesa: 25 de agosto de 2014<\/p>\n<p>Banca de defesa: Prof. Dr. Jo\u00e3o Martins Bertaso e Prof. Dr. Florisbal de Souza Del\u2019Olmo, estes da URI, e Prof. Dr. Liton Lanes Pilau Sobrinho, da UPF.<\/p>\n<p>&nbsp;<\/p>\n<p>7\u00aa Turma (ingresso: 03\/2012)<\/p>\n<p><a href=\"http:\/\/buscatextual.cnpq.br\/buscatextual\/visualizacv.do?id=K4350801Z1\">Ariele Dutra Lopes<\/a><\/p>\n<p>T\u00edtulo:<em> Teoria da Legisla\u00e7\u00e3o e \u201cNovos\u201d Direitos: a Lei n\u00ba 8.069\/90 sob o enfoque da Teoria da Legisla\u00e7\u00e3o.<\/em><\/p>\n<p><a href=\"http:\/\/srvapp2s.santoangelo.uri.br\/sites\/mestrado_direito\/wp-content\/uploads\/2017\/03\/Ariele-1.pdf\">Acesso ao trabalho completo (PDF)<\/a><\/p>\n<p>Data de defesa: 22 de abril de 2014<\/p>\n<p>Banca de defesa: Prof. Dr. Adalberto Narciso Hommerding e Prof. Dr. Jos\u00e9 Francisco Dias da Costa Lyra, estes da URI, e Prof. Dr. Di\u00f3genes Vicente Hassan Ribeiro da UNILASALLE.<\/p>\n<p>&nbsp;<\/p>\n<p>7\u00aa Turma (ingresso: 03\/2012)<\/p>\n<p>Bianca de Melo Hartfil<\/p>\n<p>T\u00edtulo: <em>O Modelo Sist\u00eamico proposto \u00e0s Organiza\u00e7\u00f5es Notariais Brasileiras como Instrumento de Redu\u00e7\u00e3o de Complexidade.<\/em><\/p>\n<p>Data de defesa: 17 de fevereiro de 2014<\/p>\n<p>Banca de defesa: Prof. Dr. Leonel Severo Rocha e Prof. Dr. Andr\u00e9 Leonardo Copetti Santos, estes da URI, e Prof. Dr. Francisco Carlos Duarte da PUC do Paran\u00e1.<\/p>\n<p>&nbsp;<\/p>\n<p>&nbsp;<\/p>\n<p>7\u00aa Turma (ingresso: 03\/2012)<\/p>\n<p><a href=\"http:\/\/buscatextual.cnpq.br\/buscatextual\/visualizacv.do?id=K4799547U0\">Cesar de Miranda e Lemos<\/a><\/p>\n<p>T\u00edtulo:<em> Cidadania diferenciada e a garantia dos direitos fundamentais: As Sociedades Ind\u00edgenas e o Estado Democr\u00e1tico de Direito<\/em><em>.<\/em><\/p>\n<p><a href=\"http:\/\/srvapp2s.santoangelo.uri.br\/sites\/mestrado_direito\/wp-content\/uploads\/2017\/03\/Disserta\u00e7\u00e3o-Cesar-1.pdf\">Acesso ao trabalho completo (PDF)<\/a><\/p>\n<p>Data de defesa: 27 de agosto de 2014<\/p>\n<p>Banca de defesa: Prof. Dr. Jo\u00e3o Martins Bertaso e Prof. Dr. Osmar Veronese, estes da URI, e Profa. Dra. Taysa Schiocchet, da UNISINOS.<\/p>\n<p>&nbsp;<\/p>\n<p>7\u00aa Turma (ingresso: 03\/2012)<\/p>\n<p><a href=\"http:\/\/buscatextual.cnpq.br\/buscatextual\/visualizacv.do?id=K4446754T7\">F\u00e1bio Vit\u00f3rio Mattiello<\/a><\/p>\n<p>T\u00edtulo:<em> Jurisdi\u00e7\u00e3o Constitucional e Democracia: Os efeitos vinculantes do controle difuso de constitucionalidade e seu papel na consolida\u00e7\u00e3o da jurisdi\u00e7\u00e3o e democracia constitucional.<\/em><\/p>\n<p><a href=\"http:\/\/srvapp2s.santoangelo.uri.br\/sites\/mestrado_direito\/wp-content\/uploads\/2017\/03\/Fabio-1.pdf\">Acesso ao trabalho completo (PDF)<\/a><\/p>\n<p>Data de defesa: 29 de agosto de 2014<\/p>\n<p>Banca de defesa: Prof. Dr. Andr\u00e9 Leonardo Copetti Santos, Prof. Dr. Adalberto Narciso Hommerding, estes da URI, e Prof. Dr. Felipe Chiarello de Souza Pinto, da MACKENZIE.<\/p>\n<p>&nbsp;<\/p>\n<p>7\u00aa Turma (ingresso: 03\/2012)<\/p>\n<p><a href=\"http:\/\/buscatextual.cnpq.br\/buscatextual\/visualizacv.do?id=K4350884H7\">Helga K\u00fchn<\/a><\/p>\n<p>T\u00edtulo:<em> A constru\u00e7\u00e3o de uma Cultura de Paz no \u00e2mbito escolar atrav\u00e9s do uso dos m\u00e9todos da media\u00e7\u00e3o para a resolu\u00e7\u00e3o de conflitos: um estudo de caso em uma escola p\u00fablica.<\/em><\/p>\n<p><a href=\"http:\/\/srvapp2s.santoangelo.uri.br\/sites\/mestrado_direito\/wp-content\/uploads\/2017\/03\/DISSERTA\u00c7\u00c3O-HELGA-FINAL-1.pdf\">Acesso ao trabalho completo (PDF)<\/a><\/p>\n<p>Data de defesa: 30 de julho de 2014<\/p>\n<p>Banca de defesa: Profa. Dra. Ros\u00e2ngela Angelin e Prof. Dr. Jo\u00e3o Martins Bertaso, estes da URI, e Prof. Dr. Walter Frantz, da UNIJUI.<\/p>\n<p>&nbsp;<\/p>\n<p>7\u00aa Turma (ingresso: 03\/2012)<\/p>\n<p><a href=\"http:\/\/buscatextual.cnpq.br\/buscatextual\/visualizacv.do?id=K4332090U8\">Henrique Bossoni Quatrin<\/a><\/p>\n<p>T\u00edtulo:<em> A garantia do direito \u00e0 sa\u00fade como forma de efetiva\u00e7\u00e3o da cidadania: uma an\u00e1lise a partir da reserva do poss\u00edvel.<\/em><\/p>\n<p><a href=\"http:\/\/srvapp2s.santoangelo.uri.br\/sites\/mestrado_direito\/wp-content\/uploads\/2017\/03\/Disserta\u00e7\u00e3o-Henrique-OFICIAL-1.pdf\">Acesso ao trabalho completo (PDF)<\/a><\/p>\n<p>Data de defesa: 23 de maio de 2014<\/p>\n<p>Banca de defesa: Prof. Dr. Jos\u00e9 Francisco Dias da Costa Lyra e Prof. Dr. Osmar Veronese, estes da URI, e Prof. Dr. Rog\u00e9rio Gesta Leal da UNISC.<\/p>\n<p>&nbsp;<\/p>\n<p>7\u00aa Turma (ingresso: 03\/2012)<\/p>\n<p><a href=\"http:\/\/buscatextual.cnpq.br\/buscatextual\/visualizacv.do?id=K4414772J7\">Let\u00edcia Thomasi Jahnke<\/a><\/p>\n<p>T\u00edtulo:<em> Quem s\u00e3o os adolescentes do CASE \u2013 Santo \u00c2ngelo? Um estudo de caso a partir da pscican\u00e1lise e dos direitos fundamentais das crian\u00e7as e adolescentes.<\/em><\/p>\n<p><a href=\"http:\/\/srvapp2s.santoangelo.uri.br\/sites\/mestrado_direito\/wp-content\/uploads\/2017\/03\/Leticia-1.pdf\">Acesso ao trabalho completo (PDF)<\/a><\/p>\n<p>Data de defesa: 30 de maio de 2014<\/p>\n<p>Banca de defesa: Prof. Dr. Mauro Jos\u00e9 Gaglietti e Prof. Dr. Jo\u00e3o Martins Bertaso, estes da URI, e Prof. Dr. Liton Lanes Pilau Sobrinho UNIVALI.<\/p>\n<p>&nbsp;<\/p>\n<p>7\u00aa Turma (ingresso: 03\/2012)<\/p>\n<p><a href=\"http:\/\/buscatextual.cnpq.br\/buscatextual\/visualizacv.do?id=K4230755P5\">Lisiane Sibeli de Andrade Lescano<\/a><\/p>\n<p>T\u00edtulo:<em> Mulheres: da domina\u00e7\u00e3o \u00e0 autonomia \u2013 princ\u00edpios fundamentais e o corpo da mulher.<\/em><\/p>\n<p>Data de defesa: 30 de julho de 2014<\/p>\n<p>Banca de defesa: Prof. Dr. Noli Bernardo Hahn, Profa. Dra. Ros\u00e2ngela Angelin e Prof. Dr. Osmar Veronese, estes da URI, e Prof. Dr. \u00c1lvaro S\u00e1nchez Bravo, da Universidade de Sevilha.<\/p>\n<p>&nbsp;<\/p>\n<p>7\u00aa Turma (ingresso: 03\/2012)<\/p>\n<p><a href=\"http:\/\/buscatextual.cnpq.br\/buscatextual\/visualizacv.do?id=K4742356T9\">Luiz Alberto Brasil Sim\u00f5es Pires Filho<\/a><\/p>\n<p>T\u00edtulo:<em> Uma an\u00e1lise da efetividade do procedimento legal em sociedades multiculturais.<\/em><\/p>\n<p><a href=\"http:\/\/srvapp2s.santoangelo.uri.br\/sites\/mestrado_direito\/wp-content\/uploads\/2017\/03\/Luiz-Alberto-1.pdf\">Acesso ao trabalho completo (PDF)<\/a><\/p>\n<p>Data de defesa: 14 de abril de 2014<\/p>\n<p>Banca de defesa: Prof. Dr. Gilmar Antonio Bedin, este da URI, e Prof. Dr. Luiz Ernani Bonesso de Ara\u00fajo da UFSM.<\/p>\n<p>&nbsp;<\/p>\n<p>7\u00aa Turma (ingresso: 03\/2012)<\/p>\n<p><a href=\"http:\/\/buscatextual.cnpq.br\/buscatextual\/visualizacv.do?id=K4444484A9\">Marco Ant\u00f4nio Rillo Loguercio<\/a><\/p>\n<p>T\u00edtulo:<em> A tutela da propriedade cultural imaterial como instrumento da manuten\u00e7\u00e3o e (re)constru\u00e7\u00e3o identit\u00e1ria.<\/em><\/p>\n<p><a href=\"http:\/\/srvapp2s.santoangelo.uri.br\/sites\/mestrado_direito\/wp-content\/uploads\/2017\/03\/IMPRESS\u00c3O-CAPA-DURA-1.pdf\">Acesso ao trabalho completo (PDF)<\/a><\/p>\n<p>Data de defesa: 30 de setembro de 2014<\/p>\n<p>Banca de defesa: Prof. Dr. Andr\u00e9 Leonardo Copetti Santos e Profa. Dra. Ros\u00e2ngela Angelin, estes da URI, e Prof. Dr. Luiz Ernani Bonesso de Araujo, da UFSM.<\/p>\n<p>&nbsp;<\/p>\n<p>7\u00aa Turma (ingresso: 03\/2012)<\/p>\n<p><a href=\"http:\/\/buscatextual.cnpq.br\/buscatextual\/visualizacv.do?id=K4745516Y2\">Marigley Leite da Silva de Araujo<\/a><\/p>\n<p>T\u00edtulo:<em> Paternidade e Maternidade respons\u00e1veis na sociedade complexa e multicultural: conflitos identit\u00e1rios e mudan\u00e7a de paradigmas no Estado Democr\u00e1tico de Direito Brasileiro.<\/em><\/p>\n<p><a href=\"http:\/\/srvapp2s.santoangelo.uri.br\/sites\/mestrado_direito\/wp-content\/uploads\/2017\/03\/Marigley-1.pdf\">Acesso ao trabalho completo (PDF)<\/a><\/p>\n<p>Data de defesa: 16 de abril de 2014<\/p>\n<p>Banca de defesa: Profa. Dra. Ros\u00e2ngela Angelin e Prof. Dr. Noli Bernardo Hahn, estes da URI, e Profa. Dra. Maria Regina Fay de Azambuja da PUCRS.<\/p>\n<p>&nbsp;<\/p>\n<p>7\u00aa Turma (ingresso: 03\/2012)<\/p>\n<p><a href=\"http:\/\/buscatextual.cnpq.br\/buscatextual\/visualizacv.do?id=K4337472T8\">Monia Peripolli Dias<\/a><\/p>\n<p>T\u00edtulo:<em> O tratamento Jur\u00eddico-Penal dispensado ao Ind\u00edgena frente \u00e0 colis\u00e3o cultural desse povo com a cultura preponderante brasileira.<\/em><\/p>\n<p><a href=\"http:\/\/srvapp2s.santoangelo.uri.br\/sites\/mestrado_direito\/wp-content\/uploads\/2017\/03\/Monia-1.pdf\">Acesso ao trabalho completo (PDF)<\/a><\/p>\n<p>Data de defesa: 18 de junho de 2014<\/p>\n<p>Banca de defesa: Profa. Dra. Angelita Maria Maders e Profa. Dra. Ros\u00e2ngela Angelin, estes da URI, e Profa. Dra. Sandra Regina Martini Vial, da UNISINOS.<\/p>\n<p>&nbsp;<\/p>\n<p>7\u00aa Turma (ingresso: 03\/2012)<\/p>\n<p><a href=\"http:\/\/buscatextual.cnpq.br\/buscatextual\/visualizacv.do?id=K4237166Y8\">Northon Carcuchinski Motta<\/a><\/p>\n<p>T\u00edtulo:<em> Influ\u00eancias Alopoi\u00e9ticas \u00e0 constru\u00e7\u00e3o da decis\u00e3o jurisdicional no Estado Democr\u00e1tico de Direito<\/em><em>.<\/em><\/p>\n<p><a href=\"http:\/\/srvapp2s.santoangelo.uri.br\/sites\/mestrado_direito\/wp-content\/uploads\/2017\/03\/Disserta\u00e7\u00e3o-Northon-Final-1.pdf\">Acesso ao trabalho completo (PDF)<\/a><\/p>\n<p>Data de defesa: 26 de agosto de 2014<\/p>\n<p>Banca de defesa: Prof. Dr. Adalberto Narciso Hommerding e Prof. Dr. Andr\u00e9 Leonardo Copetti Santos, estes da URI, e Prof. Dr. Doglas Cesar Lucas, da Uniju\u00ed.<\/p>\n<p>&nbsp;<\/p>\n<p>7\u00aa Turma (ingresso: 03\/2012)<\/p>\n<p><a href=\"http:\/\/buscatextual.cnpq.br\/buscatextual\/visualizacv.do?id=K4494733D6\">Oliv\u00e9rio de Vargas Rosado<\/a><\/p>\n<p>T\u00edtulo:<em> Tribunal Penal Internacional e a efetiva\u00e7\u00e3o da cidadania para al\u00e9m das fronteiras nacionais.<\/em><\/p>\n<p><a href=\"http:\/\/srvapp2s.santoangelo.uri.br\/sites\/mestrado_direito\/wp-content\/uploads\/2017\/03\/Oliverio-1.pdf\">Acesso ao trabalho completo (PDF)<\/a><\/p>\n<p>Data de defesa: 30 de maio de 2014<\/p>\n<p>Banca de defesa: Prof. Dr. Florisbal de Souza Del\u2019Olmo e Prof. Dr. Gilmar Ant\u00f4nio Bedin, estes da URI, e Prof. Dr. Augusto Jaeger Junior da UFRGS.<\/p>\n<p>&nbsp;<\/p>\n<p>7\u00aa Turma (ingresso: 03\/2012)<\/p>\n<p><a href=\"http:\/\/buscatextual.cnpq.br\/buscatextual\/visualizacv.do?id=K4318455P2\">R\u00f4mulo da Silva Menezes<\/a><\/p>\n<p>T\u00edtulo:<em> A (in)viabiliza\u00e7\u00e3o do meio ambiente equilibrado um direito fundamental pelo estado atrav\u00e9s das medidas impostas pelos poderes executivos e judici\u00e1rio.<\/em><\/p>\n<p><a href=\"http:\/\/srvapp2s.santoangelo.uri.br\/sites\/mestrado_direito\/wp-content\/uploads\/2017\/03\/Romulo-1.pdf\">Acesso ao trabalho completo (PDF)<\/a><\/p>\n<p>Data de defesa: 25 de agosto de 2014<\/p>\n<p>Banca de defesa: Prof. Dr. Jos\u00e9 Francisco Dias da Costa Lyra e Profa. Dra. Thami Covatti Piaia, estes da URI, e Prof. Dr. Jer\u00f4nimo Siqueira Tybusch, da UFSM.<\/p>\n<p>&nbsp;<\/p>\n<p>7\u00aa Turma (ingresso: 03\/2012)<\/p>\n<p><a href=\"http:\/\/buscatextual.cnpq.br\/buscatextual\/visualizacv.do?id=K4274638U2\">Sheila Marione Uhlmann Willani<\/a><\/p>\n<p>T\u00edtulo:<em> Entraves e Perspectivas da Media\u00e7\u00e3o Judicial nos conflitos Familiares: um estudo de caso \u00e0 luz do Direito Fraterno.<\/em><\/p>\n<p>Data de defesa: 30 de setembro de 2013<\/p>\n<p>Banca de defesa: \u00a0Prof. Dr. Mauro Jos\u00e9 Gaglietti e Prof. Dr. Leonel Severo Rocha, estes da URI, e Profa. Dra. Fabiana Marion Spengler da UNISC.<\/p>\n<p>&nbsp;<\/p>\n<p>7\u00aa Turma (ingresso: 03\/2012)<\/p>\n<p><a href=\"http:\/\/buscatextual.cnpq.br\/buscatextual\/visualizacv.do?id=K4427879T2\">Thiago Luiz Rigon de Araujo<\/a><\/p>\n<p>T\u00edtulo:<em> As formas alternativas de Justi\u00e7a e o Direito no BrasilA Biodiversidade na Am\u00e9rica Latina e a Lei de Patentes (Acordo TRIPS).<\/em><\/p>\n<p>Data de defesa: 25 de agosto de 2014<\/p>\n<p>Banca de defesa: Prof. Dr. Gilmar Antonio Bedin e Prof. Dr. Florisbal De Souza Del\u2019Olmo, estes da URI, e Prof. Dr. Jer\u00f4nimo Siqueira Tybusch, da UFSM.<\/p>\n<p>&nbsp;<\/p>\n<p>7\u00aa Turma (ingresso: 03\/2012)<\/p>\n<p><a href=\"http:\/\/buscatextual.cnpq.br\/buscatextual\/visualizacv.do?id=K4737818A6\">Valdir Garcia Alfaro<\/a><\/p>\n<p>T\u00edtulo:<em> Media\u00e7\u00e3o e Cidadania \u2013 Uma an\u00e1lise da solu\u00e7\u00e3o de conflitos coletivos do trabalho.<\/em><\/p>\n<p><a href=\"http:\/\/srvapp2s.santoangelo.uri.br\/sites\/mestrado_direito\/wp-content\/uploads\/2017\/03\/e-Valdir-disserta\u00e7\u00e3o-mestrado-2014-1.pdf\">Acesso ao trabalho completo (PDF)<\/a><\/p>\n<p>Data de defesa: 30 de setembro de 2014<\/p>\n<p>Banca de defesa: Prof. Dr. Florisbal de Souza Del\u2019Olmo e Prof. Dr. Mauro Jos\u00e9 Gaglietti, estes da URI, e Profa. Dra. Sandra Regina Martini Vial, da UNISINOS.<\/p>\n","protected":false},"excerpt":{"rendered":"<p>7\u00aa Turma (ingresso: 03\/2012) Alejandro C\u00e9sar Rayo Werlang T\u00edtulo: O fim da modernidade s\u00f3lida e a nova finalidade da pena privativa de liberdade: uma an\u00e1lise a partir da realidade prisional brasileira. Acesso ao trabalho completo (PDF) Data de defesa: 22 de agosto de 2014 Banca de defesa: Prof. Dr. Gilmar Antonio Bedin e Prof. Dr. [&hellip;]<\/p>\n","protected":false},"author":1,"featured_media":0,"parent":70,"menu_order":0,"comment_status":"closed","ping_status":"closed","template":"","meta":[],"_links":{"self":[{"href":"https:\/\/san.uri.br\/mestrado_direito\/index.php\/wp-json\/wp\/v2\/pages\/1750"}],"collection":[{"href":"https:\/\/san.uri.br\/mestrado_direito\/index.php\/wp-json\/wp\/v2\/pages"}],"about":[{"href":"https:\/\/san.uri.br\/mestrado_direito\/index.php\/wp-json\/wp\/v2\/types\/page"}],"author":[{"embeddable":true,"href":"https:\/\/san.uri.br\/mestrado_direito\/index.php\/wp-json\/wp\/v2\/users\/1"}],"replies":[{"embeddable":true,"href":"https:\/\/san.uri.br\/mestrado_direito\/index.php\/wp-json\/wp\/v2\/comments?post=1750"}],"version-history":[{"count":0,"href":"https:\/\/san.uri.br\/mestrado_direito\/index.php\/wp-json\/wp\/v2\/pages\/1750\/revisions"}],"up":[{"embeddable":true,"href":"https:\/\/san.uri.br\/mestrado_direito\/index.php\/wp-json\/wp\/v2\/pages\/70"}],"wp:attachment":[{"href":"https:\/\/san.uri.br\/mestrado_direito\/index.php\/wp-json\/wp\/v2\/media?parent=1750"}],"curies":[{"name":"wp","href":"https:\/\/api.w.org\/{rel}","templated":true}]}}