{"id":1447,"date":"2016-08-30T20:20:15","date_gmt":"2016-08-30T23:20:15","guid":{"rendered":"http:\/\/srvapp2s.santoangelo.uri.br\/sites\/mestrado_direito\/?page_id=1447"},"modified":"2016-08-30T20:20:15","modified_gmt":"2016-08-30T23:20:15","slug":"criterios-de-selecao-doutorado","status":"publish","type":"page","link":"https:\/\/san.uri.br\/mestrado_direito\/index.php\/criterios-de-selecao-doutorado\/","title":{"rendered":"Crit\u00e9rios de Sele\u00e7\u00e3o &#8211; Doutorado"},"content":{"rendered":"","protected":false},"excerpt":{"rendered":"","protected":false},"author":1,"featured_media":0,"parent":0,"menu_order":0,"comment_status":"closed","ping_status":"closed","template":"","meta":[],"_links":{"self":[{"href":"https:\/\/san.uri.br\/mestrado_direito\/index.php\/wp-json\/wp\/v2\/pages\/1447"}],"collection":[{"href":"https:\/\/san.uri.br\/mestrado_direito\/index.php\/wp-json\/wp\/v2\/pages"}],"about":[{"href":"https:\/\/san.uri.br\/mestrado_direito\/index.php\/wp-json\/wp\/v2\/types\/page"}],"author":[{"embeddable":true,"href":"https:\/\/san.uri.br\/mestrado_direito\/index.php\/wp-json\/wp\/v2\/users\/1"}],"replies":[{"embeddable":true,"href":"https:\/\/san.uri.br\/mestrado_direito\/index.php\/wp-json\/wp\/v2\/comments?post=1447"}],"version-history":[{"count":0,"href":"https:\/\/san.uri.br\/mestrado_direito\/index.php\/wp-json\/wp\/v2\/pages\/1447\/revisions"}],"wp:attachment":[{"href":"https:\/\/san.uri.br\/mestrado_direito\/index.php\/wp-json\/wp\/v2\/media?parent=1447"}],"curies":[{"name":"wp","href":"https:\/\/api.w.org\/{rel}","templated":true}]}}