{"id":1247,"date":"2016-08-08T21:22:12","date_gmt":"2016-08-09T00:22:12","guid":{"rendered":"http:\/\/srvapp2s.santoangelo.uri.br\/sites\/mestrado_direito\/?page_id=1247"},"modified":"2025-05-16T10:35:56","modified_gmt":"2025-05-16T13:35:56","slug":"formularios","status":"publish","type":"page","link":"https:\/\/san.uri.br\/mestrado_direito\/index.php\/doutorado\/formularios\/","title":{"rendered":"Formul\u00e1rios Doutorado"},"content":{"rendered":"\n<p>Anexos Editais Sele\u00e7\u00e3o Aluno Especial:<\/p>\n\n\n\n<p>Requerimento de edital aluno especial \u2013 <a href=\"https:\/\/san.uri.br\/mestrado_direito\/wp-content\/uploads\/2016\/08\/Requerimento.doc\">Requerimento<\/a><\/p>\n\n\n\n<p>Ficha de candidato a aluno especial \u2013&nbsp;<a href=\"https:\/\/san.uri.br\/mestrado_direito\/wp-content\/uploads\/2013\/06\/Ficha-do-candidato-em-branco.docx\">Ficha do candidato<\/a><\/p>\n\n\n\n<p>Modelo de projeto de tese de Doutorado &#8211;  <a href=\"https:\/\/san.uri.br\/mestrado_direito\/wp-content\/uploads\/2025\/05\/MODELO-DE-PROJETO-DE-TESE-4-2.docx\">Clique Aqui!!<\/a><\/p>\n\n\n\n<p>Modelo de tese de Doutorado &#8211;\u00a0<a href=\"https:\/\/san.uri.br\/mestrado_direito\/wp-content\/uploads\/2025\/05\/MODELO-DE-TESE-2.docx\">Clique Aqui!!!<\/a><\/p>\n\n\n\n<p>Manual de normas t\u00e9cnicas da URI &#8211;&nbsp;<a href=\"https:\/\/san.uri.br\/mestrado_direito\/wp-content\/uploads\/2016\/08\/ManualdeNormasTecnicasdaURI-1.pdf\">Clique Aqui!<\/a><\/p>\n\n\n\n<p>Anexos Editais:<\/p>\n\n\n\n<p>Anexo I &#8211; Documentos Anexos &#8211;&nbsp;<a href=\"https:\/\/san.uri.br\/mestrado_direito\/wp-content\/uploads\/2013\/06\/Anexo-I.docx\">Anexo I<\/a><\/p>\n\n\n\n<p>Anexo II &#8211; Declara\u00e7\u00e3o de Disponibilidade de Tempo &#8211;&nbsp;<a href=\"https:\/\/san.uri.br\/mestrado_direito\/wp-content\/uploads\/2013\/06\/Anexo-II.docx\">Anexo II<\/a><\/p>\n\n\n\n<p>Anexo III &#8211; Carta de Recomenda\u00e7\u00e3o do Curso de Doutorado &#8211;&nbsp;<a href=\"https:\/\/san.uri.br\/mestrado_direito\/wp-content\/uploads\/2016\/08\/Anexo-III.docx\">Anexo III<\/a><\/p>\n\n\n\n<p><strong>TERMO DE AUTORIZA\u00c7\u00c3O<\/strong> &#8211; <strong>PARA PUBLICA\u00c7\u00c3O E DISPONIBILIZA\u00c7\u00c3O ELETR\u00d4NICA DE TESES DO PPGDireito &#8211; <a href=\"https:\/\/san.uri.br\/mestrado_direito\/wp-content\/uploads\/2016\/08\/Clique_Aqui_DOC.pdf\">Clique_Aqui_DOC<\/a><\/strong><\/p>\n\n\n\n<p>Regimento do Programa:&nbsp;<\/p>\n\n\n\n<p><a href=\"https:\/\/san.uri.br\/mestrado_direito\/wp-content\/uploads\/2023\/08\/Res-2109-CUN-2015-RegimentoDireitoDoutorado-1.pdf\">Regimento do Programa<\/a><\/p>\n","protected":false},"excerpt":{"rendered":"<p>Anexos Editais Sele\u00e7\u00e3o Aluno Especial: Requerimento de edital aluno especial \u2013 Requerimento Ficha de candidato a aluno especial \u2013&nbsp;Ficha do candidato Modelo de projeto de tese de Doutorado &#8211; Clique Aqui!! Modelo de tese de Doutorado &#8211;\u00a0Clique Aqui!!! Manual de normas t\u00e9cnicas da URI &#8211;&nbsp;Clique Aqui! Anexos Editais: Anexo I &#8211; Documentos Anexos &#8211;&nbsp;Anexo I [&hellip;]<\/p>\n","protected":false},"author":1,"featured_media":0,"parent":1225,"menu_order":0,"comment_status":"closed","ping_status":"closed","template":"","meta":[],"_links":{"self":[{"href":"https:\/\/san.uri.br\/mestrado_direito\/index.php\/wp-json\/wp\/v2\/pages\/1247"}],"collection":[{"href":"https:\/\/san.uri.br\/mestrado_direito\/index.php\/wp-json\/wp\/v2\/pages"}],"about":[{"href":"https:\/\/san.uri.br\/mestrado_direito\/index.php\/wp-json\/wp\/v2\/types\/page"}],"author":[{"embeddable":true,"href":"https:\/\/san.uri.br\/mestrado_direito\/index.php\/wp-json\/wp\/v2\/users\/1"}],"replies":[{"embeddable":true,"href":"https:\/\/san.uri.br\/mestrado_direito\/index.php\/wp-json\/wp\/v2\/comments?post=1247"}],"version-history":[{"count":6,"href":"https:\/\/san.uri.br\/mestrado_direito\/index.php\/wp-json\/wp\/v2\/pages\/1247\/revisions"}],"predecessor-version":[{"id":4807,"href":"https:\/\/san.uri.br\/mestrado_direito\/index.php\/wp-json\/wp\/v2\/pages\/1247\/revisions\/4807"}],"up":[{"embeddable":true,"href":"https:\/\/san.uri.br\/mestrado_direito\/index.php\/wp-json\/wp\/v2\/pages\/1225"}],"wp:attachment":[{"href":"https:\/\/san.uri.br\/mestrado_direito\/index.php\/wp-json\/wp\/v2\/media?parent=1247"}],"curies":[{"name":"wp","href":"https:\/\/api.w.org\/{rel}","templated":true}]}}