{"id":1236,"date":"2016-08-08T21:14:35","date_gmt":"2016-08-09T00:14:35","guid":{"rendered":"http:\/\/srvapp2s.santoangelo.uri.br\/sites\/mestrado_direito\/?page_id=1236"},"modified":"2026-03-10T16:59:37","modified_gmt":"2026-03-10T19:59:37","slug":"corpo-docente-2","status":"publish","type":"page","link":"https:\/\/san.uri.br\/mestrado_direito\/index.php\/corpo-docente-2\/","title":{"rendered":"Corpo Docente Doutorado"},"content":{"rendered":"<p><strong>Professores Permanentes<\/strong><\/p>\n<p>Adalberto Narciso Hommerding<br \/>&#8211; Doutor em Direito pela Universidade do Vale do Rio dos Sinos, em 2005.<br \/>E-mail: adalberto@san.uri.br<br \/>Curr\u00edculo: <a href=\"http:\/\/lattes.cnpq.br\/8316483023945932\">http:\/\/lattes.cnpq.br\/8316483023945932<\/a><br \/>ORCID:\u00a0<a href=\"https:\/\/orcid.org\/0000-0002-1707-1011\">https:\/\/orcid.org\/0000-0002-1707-1011<\/a><\/p>\n<p><strong>Gilmar Antonio Bedin<\/strong><br \/>&#8211; Doutor em Direito pela Universidade Federal de Santa Catarina, em 2001.<br \/>E-mail: gilmarb@san.uri.br<br \/>Cuur\u00edculo: <a href=\"http:\/\/lattes.cnpq.br\/0553982956028307\">http:\/\/lattes.cnpq.br\/0553982956028307<\/a><br \/>Google Acad\u00eamico:\u00a0<a href=\"https:\/\/scholar.google.com.br\/citations?hl=pt-BR&amp;user=1c-Oo0QAAAAJ\">https:\/\/scholar.google.com.br\/citations?hl=pt-BR&amp;user=1c-Oo0QAAAAJ<\/a><br \/>ORCID:\u00a0<a href=\"https:\/\/orcid.org\/0000-0001-9183-7065\">https:\/\/orcid.org\/0000-0001-9183-7065<\/a><\/p>\n<p><strong>Jacson Roberto Cervi<\/strong><br \/>&#8211; Doutor em Direito pela Universidade de Santa Cruz do Sul, com est\u00e1gio doutoral na Universidade de Sevilha-ES, em 2014.<br \/>E-mail: jrcervi@san.uri.br<br \/>Curr\u00edculo:\u00a0<a href=\"http:\/\/lattes.cnpq.br\/3502790404185789\" target=\"_blank\" rel=\"noopener\" data-saferedirecturl=\"https:\/\/www.google.com\/url?q=http:\/\/lattes.cnpq.br\/3502790404185789&amp;source=gmail&amp;ust=1638298923237000&amp;usg=AOvVaw39Al_pU211XIxBJgrhUXZc\">http:\/\/lattes.cnpq.<wbr \/>br\/3502790404185789<\/a><br \/>Google Acad\u00eamico:\u00a0<a href=\"https:\/\/scholar.google.com.br\/citations?hl=pt-BR&amp;user=1MYpjowAAAAJ\" target=\"_blank\" rel=\"noopener\" data-saferedirecturl=\"https:\/\/www.google.com\/url?q=https:\/\/scholar.google.com.br\/citations?hl%3Dpt-BR%26user%3D1MYpjowAAAAJ&amp;source=gmail&amp;ust=1638298923237000&amp;usg=AOvVaw3Dy6Oy4FHid1gTkwJEPfjH\">https:\/\/scholar.<wbr \/>google.com.br\/citations?hl=pt-<wbr \/>BR&amp;user=1MYpjowAAAAJ<\/a><br \/>ORCID:\u00a0<a href=\"https:\/\/orcid.org\/0000-0003-4209-2153J\" target=\"_blank\" rel=\"noopener\" data-saferedirecturl=\"https:\/\/www.google.com\/url?q=https:\/\/orcid.org\/0000-0003-4209-2153J&amp;source=gmail&amp;ust=1638298923237000&amp;usg=AOvVaw19fX05eT55VIrJ9WRJA2b8\">https:\/\/orcid.org\/0000-<wbr \/>0003-4209-2153J<\/a><\/p>\n<p><strong>Jo\u00e3o Martins Bertaso<\/strong><br \/>&#8211; Doutor em Direito pela Universidade Federal de Santa Catarina, em 2003.<br \/>E-mail: <a href=\"mailto:jomabe@terra.com.br\">\u00a0joaomartinsbertaso@gmail.com<\/a><br \/>Curr\u00edculo: <a href=\"http:\/\/lattes.cnpq.br\/5939164234639660\">http:\/\/lattes.cnpq.br\/5939164234639660<\/a><br \/>Google Acad\u00eamico:\u00a0<a href=\"https:\/\/scholar.google.com.br\/citations?hl=pt-BR&amp;user=cqkhqHMAAAAJ\">https:\/\/scholar.google.com.br\/citations?hl=pt-BR&amp;user=cqkhqHMAAAAJ<\/a><br \/>ORCID:\u00a0<a href=\"https:\/\/orcid.org\/0000-0001-5533-2027\">https:\/\/orcid.org\/0000-0001-5533-2027<\/a><br \/>Academia.edu:\u00a0<a href=\"https:\/\/independent.academia.edu\/JoaoBertaso\">https:\/\/independent.academia.edu\/JoaoBertaso<\/a><\/p>\n<p><strong>Jos\u00e9 Alceb\u00edades de Oliveira Junior<\/strong><br \/>&#8211; Doutor em Filosofia do Direito pela Universidade Federal de Santa Catarina, em 1991.<br \/>E-mail: <a href=\"mailto:alcebiadesjunior@terra.com.br\">alcebiadesjunior@terra.com.br<\/a><br \/>Curr\u00edculo: <a href=\"http:\/\/lattes.cnpq.br\/8818051679585883\">http:\/\/lattes.cnpq.br\/8818051679585883<\/a><br \/>Google Acad\u00eamico:\u00a0<a href=\"https:\/\/scholar.google.com.br\/citations?hl=pt-BR&amp;user=rxrIRfAAAAAJ\">https:\/\/scholar.google.com.br\/citations?hl=pt-BR&amp;user=rxrIRfAAAAAJ<\/a><br \/>ORCID:<\/p>\n<p><strong>Jos\u00e9 Francisco Dias da Costa Lyra<\/strong><br \/>&#8211; Doutor em Direito pela Universidade do Vale do Rio dos Sinos, em 2011.<br \/>E-mail: <a href=\"mailto:jfdclyra@tj.rs.gov.br\">jfdclyra@tj.rs.gov.br<\/a><br \/>Curr\u00edculo:<a href=\"http:\/\/lattes.cnpq.br\/3248441957258684\">http:\/\/lattes.cnpq.br\/3248441957258684<\/a><br \/>ORCID:\u00a0<a href=\"https:\/\/orcid.org\/0000-0001-6585-5710\">https:\/\/orcid.org\/0000-0001-6585-5710<\/a><br \/>Academia.edu: <a href=\"https:\/\/independent.academia.edu\/JOSEFRANCISCODIASDACOSTALYRA\">https:\/\/independent.academia.edu\/JOSEFRANCISCODIASDACOSTALYRA<\/a><\/p>\n<p><strong>Leonel Severo Rocha<\/strong><br \/>&#8211; Doutor em Direito pela Ecole des Hautes Etudes en Sciences Sociales, Fran\u00e7a, em 1989.<br \/>E-mail: leonel.rocha@icloud.com<br \/>Curr\u00edculo: <a href=\"http:\/\/lattes.cnpq.br\/3283434447576859\">http:\/\/lattes.cnpq.br\/3283434447576859<\/a><br \/>Google Acad\u00eamico:\u00a0<a href=\"https:\/\/scholar.google.com.br\/citations?hl=pt-BR&amp;user=_TacRmIAAAAJ\">https:\/\/scholar.google.com.br\/citations?hl=pt-BR&amp;user=_TacRmIAAAAJ<\/a><br \/>ORCID:\u00a0<a href=\"https:\/\/orcid.org\/0000-0002-6971-1412\">https:\/\/orcid.org\/0000-0002-6971-1412<\/a><br \/>Academia.edu:\u00a0<a href=\"https:\/\/independent.academia.edu\/LeonelSeveroRocha\">https:\/\/independent.academia.edu\/LeonelSeveroRocha<\/a><\/p>\n<p><strong>Noli Bernardo Hahn<\/strong><br \/>&#8211; Doutor Ci\u00eancias da Religi\u00e3o pela Universidade Metodista de S\u00e3o Paulo, em 2002.<br \/>E-mail: nolihahn@san.uri.br<br \/>Curr\u00edculo: <a href=\"http:\/\/lattes.cnpq.br\/4888480291223483\">http:\/\/lattes.cnpq.br\/4888480291223483<\/a><br \/>Google Acad\u00eamico:\u00a0<a href=\"https:\/\/scholar.google.com.br\/citations?hl=pt-BR&amp;user=ABV3a-gAAAAJ\">https:\/\/scholar.google.com.br\/citations?hl=pt-BR&amp;user=ABV3a-gAAAAJ<\/a><br \/>ORCID:\u00a0<a href=\"https:\/\/orcid.org\/0000-0003-2637-5321\">https:\/\/orcid.org\/0000-0003-2637-5321<\/a><\/p>\n<p><strong>Osmar Veronese<\/strong><br \/>&#8211; Doutor em Direito pela Universidad de Valladolid, Espanha em 2011 .<br \/>E-mail: <a href=\"mailto:osmarveronese@gmail.com\">osmarveronese@gmail.com<\/a><br \/>Curr\u00edculo: <a href=\"http:\/\/lattes.cnpq.br\/4310527409704718\">http:\/\/lattes.cnpq.br\/4310527409704718<\/a><br \/>ORCID:\u00a0<a href=\"https:\/\/orcid.org\/0000-0001-9927-7242\">https:\/\/orcid.org\/0000-0001-9927-7242<\/a><\/p>\n<p><strong>Ros\u00e2ngela Angelin<\/strong><br \/>&#8211; Doutora em Direito pela Universidade Osnabruck, Alemanha, em 2008.<br \/>E-mail: rosangela@san.uri.br<br \/>Curr\u00edculo:<a href=\"http:\/\/lattes.cnpq.br\/9033434255071231\">http:\/\/lattes.cnpq.br\/9033434255071231<\/a><br \/>Google Acad\u00eamico: <a href=\"https:\/\/scholar.google.com.br\/citations?hl=pt-BR&amp;user=2ws5QvUAAAAJ\">https:\/\/scholar.google.com.br\/citations?hl=pt-BR&amp;user=2ws5QvUAAAAJ<\/a><br \/>ORCID:\u00a0<a href=\"https:\/\/orcid.org\/0000-0002-0452-5627\">https:\/\/orcid.org\/0000-0002-0452-5627<\/a><\/p>\n<p><strong>Liton Lanes Pilau Sobrinho<\/strong><br \/>&#8211; Doutor em Direito pela Universidade do Vale do Rio dos Sinos, em 2008.<br \/>E-mail:\u00a0<a href=\"http:\/\/liton@upf.br\">liton@upf.br<\/a><br \/>Curr\u00edculo:<a href=\"http:\/\/buscatextual.cnpq.br\/buscatextual\/visualizacv.do?id=K4706858H0\">\u00a0http:\/\/buscatextual.cnpq.br\/buscatextual\/visualizacv.do?id=K4706858H0<\/a><\/p>\n<p><strong>Janete Rosa Martins<\/strong><\/p>\n<p>&#8211; Doutora em Direito pela Universidade do Vale do Rio dos Sinos, em 2017.<\/p>\n<p>E-mail:<a href=\"mailto:janete@san.uri.br\"> janete@san.uri.br<\/a><\/p>\n<p>Curr\u00edculo:\u00a0<a href=\"http:\/\/lattes.cnpq.br\/6628832292034577\">http:\/\/lattes.cnpq.br\/6628832292034577<\/a><\/p>\n<p>ORCID:\u00a0<a href=\"https:\/\/orcid.org\/0000-0002-8014-8237\">https:\/\/orcid.org\/0000-0002-8014-8237<\/a><\/p>\n<p><strong>Taciana Marconatto Damo Cervi<\/strong><\/p>\n<p>&#8211; Doutora em Direito pela Universidade Federal do Rio Grande do Sul &#8211; UFRGS, em 2019.<\/p>\n<p>E-mail: <a href=\"mailto:taciana@san.uri.br\">taciana@san.uri.br<\/a><\/p>\n<p>Curr\u00edculo:\u00a0<a href=\"http:\/\/lattes.cnpq.br\/5465463793434519\">http:\/\/lattes.cnpq.br\/5465463793434519<\/a><\/p>\n<p>ORCID:\u00a0<a href=\"https:\/\/orcid.org\/0000-0002-7140-4817\">https:\/\/orcid.org\/0000-0002-7140-4817<\/a><\/p>\n<p><strong>Jo\u00e3o Delciomar Gatelli<\/strong><\/p>\n<p>&#8211; Doutor em Direito Privado pela Universidad de Salamanca, em 2015.<\/p>\n<p>E-mail:\u00a0<a href=\"jdgatelli@hotmail.com\">jdgatelli@hotmail.com<\/a><\/p>\n<p>Curr\u00edculo:\u00a0<a href=\"http:\/\/lattes.cnpq.br\/9012206526726471\">http:\/\/lattes.cnpq.br\/9012206526726471<\/a><\/p>\n<p>Google Acad\u00eamico:\u00a0<a href=\"https:\/\/scholar.google.com.br\/scholar?hl=pt-BR&amp;as_sdt=0%2C5&amp;q=jo%C3%A3o+delciomar+gatelli&amp;oq=Jo%C3%A3o+delcioma\">https:\/\/scholar.google.com.br\/scholar?hl=pt-BR&amp;as_sdt=0%2C5&amp;q=jo%C3%A3o+delciomar+gatelli&amp;oq=Jo%C3%A3o+delcioma<\/a><\/p>\n<p>ORCID:\u00a0<a href=\"https:\/\/orcid.org\/0000-0003-0796-9423\">https:\/\/orcid.org\/0000-0003-0796-9423<\/a><\/p>\n<p>\u00a0<\/p>\n<p><strong>Professores Parceiros Interinstitucionais<\/strong><\/p>\n<p><strong>\u00c1lvaro Sanchez Bravo (Universidade de Sevilha &#8211; Espanha)<\/strong><br \/>-Doutor em Direito pela Universidade de Sevilha &#8211; Espanha.<br \/>E-mail:\u00a0<a href=\"mailto:elialva@us.es\">elialva@us.es<\/a><br \/>Curr\u00edculo:\u00a0<a href=\"http:\/\/lattes.cnpq.br\/5084987763906138\">http:\/\/lattes.cnpq.br\/5084987763906138<\/a><\/p>\n<p><strong>Felipe Chiarello de Souza Pinto<\/strong><br \/>-Doutor em Direito pela Pontif\u00edcia Universidade Cat\u00f3lica de S\u00e3o Paulo, em 2006.<br \/>E-mail: <span style=\"text-decoration: underline;\">chiarello.felipe@gmail.com <\/span><br \/>Curr\u00edculo: <a href=\"http:\/\/buscatextual.cnpq.br\/buscatextual\/visualizacv.do?id=K4713941U6\"><span style=\"text-decoration: underline;\">http:\/\/buscatextual.cnpq.br\/buscatextual\/visualizacv.do?id=K4713941U6<\/span><\/a><\/p>\n<p><strong>Guillermo Orozco Pardo (Universidade de Granada &#8211; Espanha)<\/strong><\/p>\n<p>&#8211; Doutor em Direito (Espanha).<\/p>\n<p>E-mail: gorozco@go.ugr.es\u00a0<\/p>\n<p>Curr\u00edculo:<a href=\"https:\/\/directorio.ugr.es\/static\/PersonalUGR\/*\/show\/eacb5f3207d81c903bb9b6fccae4f0a2\"> https:\/\/directorio.ugr.es\/static\/PersonalUGR\/*\/show\/eacb5f3207d81c903bb9b6fccae4f0a2<\/a><\/p>\n<p><strong>Manoel Alberto Jes\u00fas Moreira<\/strong><br \/>-Doutor em Ci\u00eancias Jur\u00eddicas e Sociais pela Facultad de Derecho UNL.<br \/>E-mail: <a href=\"mailto:moreira.arrechea@gmail.com\">moreira.arrechea@gmail.com<\/a><br \/>Curr\u00edculo: <a href=\"http:\/\/buscatextual.cnpq.br\/buscatextual\/visualizacv.do?id=K2744637T0\">http:\/\/buscatextual.cnpq.br\/buscatextual\/visualizacv.do?id=K2744637T0<\/a><\/p>\n<p><strong>Newton C\u00e9sar Pilau<\/strong><\/p>\n\n\n<p>&#8211; \u00a0Doutor em Direito pela Universidade do Vale do Itaja\u00ed (UNIVALI),  2016<\/p>\n\n\n\n<p>E-mail: <a href=\"mailto:moreira.arrechea@gmail.com\">newton@univali.br<\/a><br>Curr\u00edculo: <a href=\"http:\/\/lattes.cnpq.br\/3291505515482194\">http:\/\/buscatextual.cnpq.br\/buscatextual\/visualizacv.do?id=K2744637T0<\/a><\/p>\n\n\n\n<p><strong>Roberto Orlando Bustillo Bolado (Universidade de Vigo &#8211; Espanha)<\/strong><\/p>\n\n\n\n<p>&#8211; Doutor em Direito pela Universidade de Cantabria, em 1999.<\/p>\n\n\n\n<p>E-mail: rbustillo@uvigo.es<\/p>\n\n\n\n<p>Curr\u00edculo:  <a href=\"https:\/\/rbustillo.webs.uvigo.es\/es\/curriculum.html\">https:\/\/rbustillo.webs.uvigo.es\/es\/curriculum.html<\/a><\/p>\n\n\n\n<p><strong>S\u00edlvia Maria da Silveira Loureiro<\/strong><\/p>\n\n\n\n<p>&#8211; Doutora  em Direito pela Pontif\u00edcia Universidade Cat\u00f3lica do Rio de Janeiro &#8211; PUC-Rio, em 2015.<\/p>\n\n\n\n<p>E-mail: silviamsloureiro@gmail.com<\/p>\n\n\n\n<p>Curr\u00edculo:  <a href=\"http:\/\/lattes.cnpq.br\/3190742871018847\">http:\/\/lattes.cnpq.br\/3190742871018847<\/a><\/p>\n","protected":false},"excerpt":{"rendered":"<p>Professores Permanentes Adalberto Narciso Hommerding&#8211; Doutor em Direito pela Universidade do Vale do Rio dos Sinos, em 2005.E-mail: adalberto@san.uri.brCurr\u00edculo: http:\/\/lattes.cnpq.br\/8316483023945932ORCID:\u00a0https:\/\/orcid.org\/0000-0002-1707-1011 Gilmar Antonio Bedin&#8211; Doutor em Direito pela Universidade Federal de Santa Catarina, em 2001.E-mail: gilmarb@san.uri.brCuur\u00edculo: http:\/\/lattes.cnpq.br\/0553982956028307Google Acad\u00eamico:\u00a0https:\/\/scholar.google.com.br\/citations?hl=pt-BR&amp;user=1c-Oo0QAAAAJORCID:\u00a0https:\/\/orcid.org\/0000-0001-9183-7065 Jacson Roberto Cervi&#8211; Doutor em Direito pela Universidade de Santa Cruz do Sul, com est\u00e1gio doutoral na Universidade [&hellip;]<\/p>\n","protected":false},"author":1,"featured_media":0,"parent":0,"menu_order":0,"comment_status":"closed","ping_status":"closed","template":"","meta":[],"_links":{"self":[{"href":"https:\/\/san.uri.br\/mestrado_direito\/index.php\/wp-json\/wp\/v2\/pages\/1236"}],"collection":[{"href":"https:\/\/san.uri.br\/mestrado_direito\/index.php\/wp-json\/wp\/v2\/pages"}],"about":[{"href":"https:\/\/san.uri.br\/mestrado_direito\/index.php\/wp-json\/wp\/v2\/types\/page"}],"author":[{"embeddable":true,"href":"https:\/\/san.uri.br\/mestrado_direito\/index.php\/wp-json\/wp\/v2\/users\/1"}],"replies":[{"embeddable":true,"href":"https:\/\/san.uri.br\/mestrado_direito\/index.php\/wp-json\/wp\/v2\/comments?post=1236"}],"version-history":[{"count":9,"href":"https:\/\/san.uri.br\/mestrado_direito\/index.php\/wp-json\/wp\/v2\/pages\/1236\/revisions"}],"predecessor-version":[{"id":5008,"href":"https:\/\/san.uri.br\/mestrado_direito\/index.php\/wp-json\/wp\/v2\/pages\/1236\/revisions\/5008"}],"wp:attachment":[{"href":"https:\/\/san.uri.br\/mestrado_direito\/index.php\/wp-json\/wp\/v2\/media?parent=1236"}],"curies":[{"name":"wp","href":"https:\/\/api.w.org\/{rel}","templated":true}]}}