{"id":1234,"date":"2016-08-08T21:13:42","date_gmt":"2016-08-09T00:13:42","guid":{"rendered":"http:\/\/srvapp2s.santoangelo.uri.br\/sites\/mestrado_direito\/?page_id=1234"},"modified":"2023-03-13T20:28:55","modified_gmt":"2023-03-13T23:28:55","slug":"processo-seletivo-2","status":"publish","type":"page","link":"https:\/\/san.uri.br\/mestrado_direito\/index.php\/processo-seletivo-2\/","title":{"rendered":"Processo Seletivo Doutorado"},"content":{"rendered":"<ul>\n<li><a href=\"https:\/\/san.uri.br\/mestrado_direito\/?page_id=1435\">Editais<\/a><\/li>\n<li><a href=\"https:\/\/san.uri.br\/mestrado_dir\/inscricoes\/doutorado\/\">Inscri\u00e7\u00f5es<\/a><\/li>\n<li><a href=\"https:\/\/san.uri.br\/mestrado_direito\/?page_id=1447\">Crit\u00e9rios para Sele\u00e7\u00e3o<\/a><\/li>\n<\/ul>\n","protected":false},"excerpt":{"rendered":"<p>Editais Inscri\u00e7\u00f5es Crit\u00e9rios para Sele\u00e7\u00e3o<\/p>\n","protected":false},"author":1,"featured_media":0,"parent":0,"menu_order":0,"comment_status":"closed","ping_status":"closed","template":"","meta":[],"_links":{"self":[{"href":"https:\/\/san.uri.br\/mestrado_direito\/index.php\/wp-json\/wp\/v2\/pages\/1234"}],"collection":[{"href":"https:\/\/san.uri.br\/mestrado_direito\/index.php\/wp-json\/wp\/v2\/pages"}],"about":[{"href":"https:\/\/san.uri.br\/mestrado_direito\/index.php\/wp-json\/wp\/v2\/types\/page"}],"author":[{"embeddable":true,"href":"https:\/\/san.uri.br\/mestrado_direito\/index.php\/wp-json\/wp\/v2\/users\/1"}],"replies":[{"embeddable":true,"href":"https:\/\/san.uri.br\/mestrado_direito\/index.php\/wp-json\/wp\/v2\/comments?post=1234"}],"version-history":[{"count":2,"href":"https:\/\/san.uri.br\/mestrado_direito\/index.php\/wp-json\/wp\/v2\/pages\/1234\/revisions"}],"predecessor-version":[{"id":4009,"href":"https:\/\/san.uri.br\/mestrado_direito\/index.php\/wp-json\/wp\/v2\/pages\/1234\/revisions\/4009"}],"wp:attachment":[{"href":"https:\/\/san.uri.br\/mestrado_direito\/index.php\/wp-json\/wp\/v2\/media?parent=1234"}],"curies":[{"name":"wp","href":"https:\/\/api.w.org\/{rel}","templated":true}]}}