{"id":1218,"date":"2016-08-08T20:54:45","date_gmt":"2016-08-08T23:54:45","guid":{"rendered":"http:\/\/srvapp2s.santoangelo.uri.br\/sites\/mestrado_direito\/?page_id=1218"},"modified":"2023-08-21T16:49:29","modified_gmt":"2023-08-21T19:49:29","slug":"mestrado","status":"publish","type":"page","link":"https:\/\/san.uri.br\/mestrado_direito\/index.php\/mestrado\/","title":{"rendered":"Mestrado"},"content":{"rendered":"<ul>\n<li><a href=\"https:\/\/san.uri.br\/mestrado_direito\/?page_id=44\">Estrutura Curricular <\/a><\/li>\n<li><a href=\"https:\/\/san.uri.br\/mestrado_direito\/?page_id=45\">Processo Seletivo <\/a><\/li>\n<li><a href=\"https:\/\/san.uri.br\/mestrado_direito\/?page_id=42\">Corpo Docente <\/a><\/li>\n<li><a href=\"https:\/\/san.uri.br\/mestrado_direito\/?page_id=1238\">Corpo Discente<\/a><\/li>\n<li><a href=\"https:\/\/san.uri.br\/mestrado_direito\/?page_id=64\">Formul\u00e1rios<\/a><\/li>\n<li><a href=\"https:\/\/san.uri.br\/mestrado_direito\/?page_id=70\">Disserta\u00e7\u00f5es<\/a><\/li>\n<li><a href=\"https:\/\/san.uri.br\/mestrado_direito\/?page_id=2310\">Not\u00edcias<\/a><\/li>\n<li><a href=\"https:\/\/portal.santoangelo.uri.br\/portal_aluno\/login_egresso.aspx\">Acompanhamento Egressos<\/a><\/li>\n<li><a href=\"https:\/\/san.uri.br\/mestrado_direito\/?page_id=224\">Publica\u00e7\u00f5es Egressos<\/a><\/li>\n<\/ul>\n","protected":false},"excerpt":{"rendered":"<p>Estrutura Curricular Processo Seletivo Corpo Docente Corpo Discente Formul\u00e1rios Disserta\u00e7\u00f5es Not\u00edcias Acompanhamento Egressos Publica\u00e7\u00f5es Egressos<\/p>\n","protected":false},"author":1,"featured_media":0,"parent":0,"menu_order":0,"comment_status":"closed","ping_status":"closed","template":"","meta":[],"_links":{"self":[{"href":"https:\/\/san.uri.br\/mestrado_direito\/index.php\/wp-json\/wp\/v2\/pages\/1218"}],"collection":[{"href":"https:\/\/san.uri.br\/mestrado_direito\/index.php\/wp-json\/wp\/v2\/pages"}],"about":[{"href":"https:\/\/san.uri.br\/mestrado_direito\/index.php\/wp-json\/wp\/v2\/types\/page"}],"author":[{"embeddable":true,"href":"https:\/\/san.uri.br\/mestrado_direito\/index.php\/wp-json\/wp\/v2\/users\/1"}],"replies":[{"embeddable":true,"href":"https:\/\/san.uri.br\/mestrado_direito\/index.php\/wp-json\/wp\/v2\/comments?post=1218"}],"version-history":[{"count":7,"href":"https:\/\/san.uri.br\/mestrado_direito\/index.php\/wp-json\/wp\/v2\/pages\/1218\/revisions"}],"predecessor-version":[{"id":4232,"href":"https:\/\/san.uri.br\/mestrado_direito\/index.php\/wp-json\/wp\/v2\/pages\/1218\/revisions\/4232"}],"wp:attachment":[{"href":"https:\/\/san.uri.br\/mestrado_direito\/index.php\/wp-json\/wp\/v2\/media?parent=1218"}],"curies":[{"name":"wp","href":"https:\/\/api.w.org\/{rel}","templated":true}]}}