{"id":92,"date":"2010-09-28T14:45:21","date_gmt":"2010-09-28T17:45:21","guid":{"rendered":"http:\/\/www.urisan.tche.br\/marina_wp\/?page_id=25"},"modified":"2025-01-09T16:02:38","modified_gmt":"2025-01-09T19:02:38","slug":"gestao","status":"publish","type":"page","link":"https:\/\/san.uri.br\/extensao\/index.php\/gestao\/","title":{"rendered":"Assessoria em Gest\u00e3o P\u00fablica"},"content":{"rendered":"<div style=\"text-align: center;\"><a href=\"https:\/\/san.uri.br\/extensao\/wp-content\/uploads\/2010\/09\/topo_gestao.jpg\"><img loading=\"lazy\" class=\"alignnone size-full wp-image-156\" title=\"topo_gestao\" src=\"https:\/\/san.uri.br\/extensao\/wp-content\/uploads\/2010\/09\/topo_gestao.jpg\" alt=\"\" width=\"500\" height=\"87\"><\/a><\/div>\n<div>\n<p><span style=\"color: #28166f;\">A URI &#8211; Campus de Santo \u00c2ngelo tem um papel significativo no desenvolvimento regional, atrav\u00e9s da forma\u00e7\u00e3o de profissionais das mais diferentes \u00e1reas. As institui\u00e7\u00f5es p\u00fablicas podem contar com essa experi\u00eancia para dar suporte ao aperfei\u00e7oamento e \u00e0s transforma\u00e7\u00f5es necess\u00e1rias para a gest\u00e3o p\u00fablica de excel\u00eancia.<\/span><\/p>\n<p><span style=\"color: #28166f;\">Fortalecendo a tradi\u00e7\u00e3o de compet\u00eancia est\u00e1 sempre investindo no aperfei\u00e7oamento tecnol\u00f3gico, na qualifica\u00e7\u00e3o e atualiza\u00e7\u00e3o de seus profissionais, a fim de obter, nas diferentes \u00e1reas do conhecimento, solu\u00e7\u00f5es completas para o que sua organiza\u00e7\u00e3o precisa.<\/span><\/p>\n<\/div>\n<div style=\"padding-left: 60px;\"><span style=\"color: #28166f;\"><span style=\"color: #d3291c;\">&#8211;<\/span> <\/span><span style=\"color: #28166f;\">Atualiza\u00e7\u00e3o de cadastros t\u00e9cnicos municipais: IPTU, ISS;<\/span><\/div>\n<div style=\"padding-left: 60px;\"><span style=\"color: #28166f;\"><span style=\"color: #d3291c;\">&#8211;<\/span> <\/span><span style=\"color: #28166f;\">Estudos de impactos ambientais e planos de impactos ambientais;<\/span><\/div>\n<div style=\"padding-left: 60px;\"><span style=\"color: #28166f;\"><span style=\"color: #d3291c;\">&#8211;<\/span> <\/span><span style=\"color: #28166f;\">Projetos para busca de recursos e parcerias com MDA &#8211; Minist\u00e9rio do <\/span><span style=\"color: #28166f;\">Desenvolvimento Agr\u00e1rio, MDS &#8211; Minist\u00e9rio do Desenvolvimento Social e Combate \u00e0 Fome;<\/span><\/div>\n<div style=\"padding-left: 60px;\"><span style=\"color: #28166f;\"><span style=\"color: #d3291c;\">&#8211;<\/span> <\/span><span style=\"color: #28166f;\">Elabora\u00e7\u00e3o de roteiros tur\u00edsticos;<\/span><\/div>\n<div style=\"padding-left: 60px;\"><span style=\"color: #28166f;\"><span style=\"color: #d3291c;\">&#8211;<\/span> <\/span><span style=\"color: #28166f;\">Diagn\u00f3sticos de desenvolvimento em n\u00edvel local e regional (econ\u00f4mico, social, educacional e de sa\u00fade);<\/span><\/div>\n<div style=\"padding-left: 60px;\"><span style=\"color: #28166f;\"><span style=\"color: #d3291c;\">&#8211;<\/span> <\/span><span style=\"color: #28166f;\">Assessoria aos conselhos municipais;<\/span><\/div>\n<div style=\"padding-left: 60px;\"><span style=\"color: #28166f;\"><span style=\"color: #d3291c;\">&#8211;<\/span> <\/span><span style=\"color: #28166f;\">Elabora\u00e7\u00e3o de estudos, levantamentos e mapas digitais para a Regi\u00e3o das Miss\u00f5es;<\/span><\/div>\n<div style=\"padding-left: 60px;\"><span style=\"color: #28166f;\"><span style=\"color: #d3291c;\">&#8211;<\/span> <\/span><span style=\"color: #28166f;\">Capacita\u00e7\u00e3o para agentes municipais de sa\u00fade;<\/span><\/div>\n<div style=\"padding-left: 60px;\"><span style=\"color: #28166f;\"><span style=\"color: #d3291c;\">&#8211;<\/span> <\/span><span style=\"color: #28166f;\">Apoio t\u00e9cnico em obras de pavimenta\u00e7\u00e3o asf\u00e1ltica (controle tecnol\u00f3gico); <\/span><\/div>\n<div style=\"padding-left: 60px;\"><span style=\"color: #28166f;\"><span style=\"color: #d3291c;\">&#8211;<\/span> <\/span><span style=\"color: #28166f;\">Ensaios para o controle tecnol\u00f3gico do concreto;<\/span><\/div>\n<div style=\"padding-left: 60px;\"><span style=\"color: #28166f;\"><span style=\"color: #d3291c;\">&#8211;<\/span> <\/span><span style=\"color: #28166f;\">Curso de preven\u00e7\u00e3o de acidentes de trabalho;<\/span><\/div>\n<div style=\"padding-left: 60px;\"><span style=\"color: #28166f;\"><span style=\"color: #d3291c;\">&#8211;<\/span> <\/span><span style=\"color: #28166f;\">Planos de reforma administrativa;<\/span><\/div>\n<div style=\"padding-left: 60px;\"><span style=\"color: #28166f;\"><span style=\"color: #d3291c;\">&#8211;<\/span> <\/span><span style=\"color: #28166f;\">Revis\u00e3o de planos de carreira;<\/span><\/div>\n<div style=\"padding-left: 60px;\"><span style=\"color: #28166f;\"><span style=\"color: #d3291c;\">&#8211;<\/span> <\/span><span style=\"color: #28166f;\">An\u00e1lise de custos na gest\u00e3o p\u00fablica;<\/span><\/div>\n<div style=\"padding-left: 60px;\"><span style=\"color: #28166f;\"><span style=\"color: #d3291c;\">&#8211;<\/span> <\/span><span style=\"color: #28166f;\">Prospec\u00e7\u00f5es e escava\u00e7\u00f5es arqueol\u00f3gicas.<\/span><\/div>\n<p><span style=\"color: #28166f;\">A URI \u2013 Campus de Santo \u00c2ngelo, reconhecida por sua excel\u00eancia nas \u00e1reas de ensino, pesquisa e extens\u00e3o, atua, h\u00e1 mais de 20 anos, na presta\u00e7\u00e3o de servi\u00e7os no mercado regional e estadual.<\/span><\/p>\n","protected":false},"excerpt":{"rendered":"<p>A URI &#8211; Campus de Santo \u00c2ngelo tem um papel significativo no desenvolvimento regional, atrav\u00e9s da forma\u00e7\u00e3o de profissionais das mais diferentes \u00e1reas. As institui\u00e7\u00f5es p\u00fablicas podem contar com essa experi\u00eancia para dar suporte ao aperfei\u00e7oamento e \u00e0s transforma\u00e7\u00f5es necess\u00e1rias para a gest\u00e3o p\u00fablica de excel\u00eancia. Fortalecendo a tradi\u00e7\u00e3o de compet\u00eancia est\u00e1 sempre investindo no [&hellip;]<\/p>\n","protected":false},"author":1,"featured_media":0,"parent":0,"menu_order":0,"comment_status":"closed","ping_status":"closed","template":"","meta":[],"_links":{"self":[{"href":"https:\/\/san.uri.br\/extensao\/index.php\/wp-json\/wp\/v2\/pages\/92"}],"collection":[{"href":"https:\/\/san.uri.br\/extensao\/index.php\/wp-json\/wp\/v2\/pages"}],"about":[{"href":"https:\/\/san.uri.br\/extensao\/index.php\/wp-json\/wp\/v2\/types\/page"}],"author":[{"embeddable":true,"href":"https:\/\/san.uri.br\/extensao\/index.php\/wp-json\/wp\/v2\/users\/1"}],"replies":[{"embeddable":true,"href":"https:\/\/san.uri.br\/extensao\/index.php\/wp-json\/wp\/v2\/comments?post=92"}],"version-history":[{"count":1,"href":"https:\/\/san.uri.br\/extensao\/index.php\/wp-json\/wp\/v2\/pages\/92\/revisions"}],"predecessor-version":[{"id":3830,"href":"https:\/\/san.uri.br\/extensao\/index.php\/wp-json\/wp\/v2\/pages\/92\/revisions\/3830"}],"wp:attachment":[{"href":"https:\/\/san.uri.br\/extensao\/index.php\/wp-json\/wp\/v2\/media?parent=92"}],"curies":[{"name":"wp","href":"https:\/\/api.w.org\/{rel}","templated":true}]}}