{"id":91,"date":"2010-09-17T15:10:28","date_gmt":"2010-09-17T18:10:28","guid":{"rendered":"http:\/\/www.urisan.tche.br\/marina_wp\/?page_id=12"},"modified":"2025-01-09T15:59:25","modified_gmt":"2025-01-09T18:59:25","slug":"concursos","status":"publish","type":"page","link":"https:\/\/san.uri.br\/extensao\/index.php\/concursos\/","title":{"rendered":"Concursos"},"content":{"rendered":"<div style=\"text-align: center;\"><a href=\"https:\/\/san.uri.br\/extensao\/wp-content\/uploads\/2010\/09\/topo_concursos.jpg\"><img loading=\"lazy\" class=\"alignnone size-full wp-image-151\" title=\"topo_concursos\" src=\"https:\/\/san.uri.br\/extensao\/wp-content\/uploads\/2010\/09\/topo_concursos.jpg\" alt=\"\" width=\"500\" height=\"112\" \/><\/a><\/div>\n<p><span style=\"color: #28166f;\">A URI \u2013 Campus de Santo \u00c2ngelo tem experi\u00eancia comprovada de mais de 20 anos na realiza\u00e7\u00e3o de concursos p\u00fablicos para provimento em cargos em prefeituras, c\u00e2maras de vereadores e outros \u00f3rg\u00e3os e, ainda, processos seletivos diversos . Elabora editais, realiza provas com equipe de profissionais qualificados nas mais diferentes \u00e1reas, corrige provas atrav\u00e9s de leitura \u00f3tica de cart\u00f5es e divulga resultados de acordo com a legisla\u00e7\u00e3o vigente. <\/span><\/p>\n<div style=\"padding-left: 30px;\">\n<p><span style=\"color: #28166f;\"><img loading=\"lazy\" src=\"https:\/\/san.uri.br\/extensao\/wp-content\/themes\/tema_mestradoect2018\/images\/marcador.jpg\" alt=\" \" width=\"6\" height=\"6\" border=\"0\" \/><\/span> <span style=\"color: #28166f;\">Concursos P\u00fablicos<\/span><\/p>\n<\/div>\n<div style=\"padding-left: 30px;\"><span style=\"color: #28166f;\"><img loading=\"lazy\" src=\"https:\/\/san.uri.br\/extensao\/wp-content\/themes\/tema_mestradoect2018\/images\/marcador.jpg\" alt=\" \" width=\"6\" height=\"6\" border=\"0\" \/><\/span> <span style=\"color: #28166f;\">Provas de Sele\u00e7\u00e3o<\/span><\/div>\n","protected":false},"excerpt":{"rendered":"<p>A URI \u2013 Campus de Santo \u00c2ngelo tem experi\u00eancia comprovada de mais de 20 anos na realiza\u00e7\u00e3o de concursos p\u00fablicos para provimento em cargos em prefeituras, c\u00e2maras de vereadores e outros \u00f3rg\u00e3os e, ainda, processos seletivos diversos . Elabora editais, realiza provas com equipe de profissionais qualificados nas mais diferentes \u00e1reas, corrige provas atrav\u00e9s de [&hellip;]<\/p>\n","protected":false},"author":1,"featured_media":0,"parent":0,"menu_order":0,"comment_status":"closed","ping_status":"closed","template":"","meta":[],"_links":{"self":[{"href":"https:\/\/san.uri.br\/extensao\/index.php\/wp-json\/wp\/v2\/pages\/91"}],"collection":[{"href":"https:\/\/san.uri.br\/extensao\/index.php\/wp-json\/wp\/v2\/pages"}],"about":[{"href":"https:\/\/san.uri.br\/extensao\/index.php\/wp-json\/wp\/v2\/types\/page"}],"author":[{"embeddable":true,"href":"https:\/\/san.uri.br\/extensao\/index.php\/wp-json\/wp\/v2\/users\/1"}],"replies":[{"embeddable":true,"href":"https:\/\/san.uri.br\/extensao\/index.php\/wp-json\/wp\/v2\/comments?post=91"}],"version-history":[{"count":1,"href":"https:\/\/san.uri.br\/extensao\/index.php\/wp-json\/wp\/v2\/pages\/91\/revisions"}],"predecessor-version":[{"id":3827,"href":"https:\/\/san.uri.br\/extensao\/index.php\/wp-json\/wp\/v2\/pages\/91\/revisions\/3827"}],"wp:attachment":[{"href":"https:\/\/san.uri.br\/extensao\/index.php\/wp-json\/wp\/v2\/media?parent=91"}],"curies":[{"name":"wp","href":"https:\/\/api.w.org\/{rel}","templated":true}]}}