{"id":89,"date":"2010-09-17T10:39:36","date_gmt":"2010-09-17T13:39:36","guid":{"rendered":"http:\/\/www.urisan.tche.br\/marina_wp\/?page_id=3"},"modified":"2025-01-14T16:46:34","modified_gmt":"2025-01-14T19:46:34","slug":"quem-somos","status":"publish","type":"page","link":"https:\/\/san.uri.br\/extensao\/index.php\/quem-somos\/","title":{"rendered":"URI"},"content":{"rendered":"<p style=\"text-align: center;\"><span style=\"color: #ff0000;\"><strong>15 ANOS DE COMPROMISSO REGIONAL<\/strong><\/span><br \/>\n<img src=\"https:\/\/san.uri.br\/extensao\/wp-content\/uploads\/2025\/01\/linha.png\"><\/p>\n<div class=\"texto\">A URI (Universidade Regional Integrada do Alto Uruguai e das Miss\u00f5es) completou, no dia 19 de maio de 2007, seus 15 anos de exist\u00eancia com reconhecimento oficial do MEC. Mantida pela FuRI (Funda\u00e7\u00e3o Regional Integrada), a institui\u00e7\u00e3o de car\u00e1ter comunit\u00e1rio tem origem num esfor\u00e7o de lideran\u00e7as de v\u00e1rios munic\u00edpios do Alto Uruguai e Miss\u00f5es, que decidiram unir for\u00e7as e trabalhar com o mesmo objetivo: dotar a regi\u00e3o com uma universidade de modelo novo com profunda identidade comunit\u00e1ria. Seus campi e extens\u00f5es localizam-se nas cidades de Santo \u00c2ngelo, Erechim, Frederico Westphalen, Santiago, Cerro Largo e S\u00e3o Luiz Gonzaga.<\/div>\n<div class=\"texto\">\n<p><img loading=\"lazy\" src=\"https:\/\/san.uri.br\/extensao\/wp-content\/themes\/tema_mestradoect2018\/images\/marcador.jpg\" alt=\"\" width=\"30\" height=\"10\"><strong> <a id=\"1\" href=\"#quali\">QUALIFICA\u00c7\u00c3O<\/a><\/strong><\/p>\n<\/div>\n<div id=\"quali\" class=\"texto style3\" style=\"display: none;\">\n<div class=\"style3\">A URI possui, atualmente, 43 cursos de gradua\u00e7\u00e3o com 124 op\u00e7\u00f5es de ingresso nos diversos campi e extens\u00f5es, contando com um corpo docente de 892 professores na gradua\u00e7\u00e3o, sendo que 66% deles s\u00e3o mestres ou doutores.<\/p>\n<p>Atualmente, o n\u00famero de alunos da URI totaliza 18.521 nos ensinos de gradua\u00e7\u00e3o, p\u00f3s-gradua\u00e7\u00e3o e educa\u00e7\u00e3o b\u00e1sica. O pessoal t\u00e9cnico-administrativo soma mais de 600 profissionais. A Universidade chega aos seus 15 anos contando ainda com quatro mestrados pr\u00f3prios: Engenharia de Alimentos, Letras, Direito e Ecologia, e um mestrado interinstitucional, em Educa\u00e7\u00e3o.<\/p>\n<\/div>\n<\/div>\n<div class=\"texto\">\n<p><img loading=\"lazy\" src=\"https:\/\/san.uri.br\/extensao\/wp-content\/themes\/tema_mestradoect2018\/images\/marcador.jpg\" alt=\" \" width=\"30\" height=\"10\" border=\"0\"> <strong><a id=\"2\" href=\"#pesquisa\">PESQUISA<\/a><\/strong><\/p>\n<\/div>\n<div id=\"pesquisa\" class=\"texto style3\" style=\"display: none;\">\n<div class=\"style3\">Abrigando tr\u00eas p\u00f3los de moderniza\u00e7\u00e3o tecnol\u00f3gica e um n\u00facleo de desenvolvimento tecnol\u00f3gico, a URI conta com um total de 273 laborat\u00f3rios. Do conjunto de suas \u00e1reas de atua\u00e7\u00e3o, conta com 71 grupos de pesquisa que contemplam 160 linhas de pesquisa. A URI possui, tamb\u00e9m, 165 projetos de pesquisa em inicia\u00e7\u00e3o cient\u00edfica que se encontram em desenvolvimento.Nos \u00faltimos anos, celebrou mais de 600 conv\u00eanios de coopera\u00e7\u00e3o t\u00e9cnico-cient\u00edfica e cultural com institui\u00e7\u00f5es brasileiras e estrangeiras. Muitas das a\u00e7\u00f5es da URI t\u00eam a sustenta\u00e7\u00e3o de \u00f3rg\u00e3os de fomento como a FAPERGS, CAPES, CNPq, FINEP e Secretarias de Estado do Rio Grande do Sul.<\/p>\n<\/div>\n<\/div>\n<div class=\"texto\">\n<p><img loading=\"lazy\" src=\"https:\/\/san.uri.br\/extensao\/wp-content\/themes\/tema_mestradoect2018\/images\/marcador.jpg\" alt=\" \" width=\"30\" height=\"10\" border=\"0\"><strong><a id=\"3\" href=\"#acervo\">ACERVO<\/a><\/strong><\/p>\n<\/div>\n<div id=\"acervo\" class=\"texto style3\" style=\"display: none;\">\n<div class=\"style3\">\u00c9 expressiva a expans\u00e3o das bibliotecas das unidades que t\u00eam 153 mil livros com 250 mil exemplares, afora mais de tr\u00eas mil peri\u00f3dicos cient\u00edficos. Na \u00e1rea cultural, a universidade projeta-se atrav\u00e9s do canto coral e grupos de teatro, disponibilizando, ainda, aos estudantes, professores e comunidades, dois museus.<\/div>\n<\/div>\n<div class=\"texto\">\n<p><img loading=\"lazy\" src=\"https:\/\/san.uri.br\/extensao\/wp-content\/themes\/tema_mestradoect2018\/images\/marcador.jpg\" alt=\" \" width=\"30\" height=\"10\" border=\"0\"><strong><a id=\"4\" href=\"#reconhe\">RECONHECIMENTO<\/a><\/strong><\/p>\n<\/div>\n<div id=\"reconhe\" class=\"texto style3\" style=\"display: none;\">\n<div class=\"style3\">No momento em que completa 15 anos de reconhecimento como Universidade, a URI tem v\u00e1rios motivos para comemorar. E um deles, sem d\u00favidas, \u00e9 o fato de estar entre as marcas mais lembradas no Rio Grande do Sul. Na categoria Universidades est\u00e1 entre as cinco mais lembradas da 17\u00aa edi\u00e7\u00e3o da Pesquisa Top of Mind 2007. Esse \u00e9 o reconhecimento da comunidade para a marca que se preocupa com a qualidade do ensino e com o desenvolvimento regional.<\/div>\n<\/div>\n<div class=\"texto\">\n<p><img loading=\"lazy\" src=\"https:\/\/san.uri.br\/extensao\/wp-content\/themes\/tema_mestradoect2018\/images\/marcador.jpg\" alt=\" \" width=\"30\" height=\"10\" border=\"0\"> <strong><a id=\"5\" href=\"#campus\">CAMPUS<\/a><\/strong><\/p>\n<\/div>\n<div id=\"campus\" class=\"style3\" style=\"display: none;\">\n<div class=\"style3\">O campus de Santo \u00c2ngelo, que possui uma hist\u00f3ria de quatro d\u00e9cadas de Ensino Superior, tendo iniciado como Fundames em 1968, est\u00e1 localizado na zona norte da cidade em uma \u00e1rea de 165 ha. Essa \u00e1rea \u00e9 utilizada para instala\u00e7\u00f5es acad\u00eamicas e administrativas, onde s\u00e3o desenvolvidas as atividades de ensino, de pesquisa, de extens\u00e3o, experimenta\u00e7\u00e3o e aulas pr\u00e1ticas.<\/p>\n<p>Hoje, o campus de Santo \u00c2ngelo oferece ensino em sete grandes \u00e1reas do conhecimento, com um total de 22 cursos de gradua\u00e7\u00e3o. Como institui\u00e7\u00e3o educacional, abriga mais de quatro mil alunos, na gradua\u00e7\u00e3o, p\u00f3s-gradua\u00e7\u00e3o e na educa\u00e7\u00e3o b\u00e1sica.<\/p>\n<\/div>\n<\/div>\n<div class=\"texto\">\n<p><img loading=\"lazy\" src=\"https:\/\/san.uri.br\/extensao\/wp-content\/themes\/tema_mestradoect2018\/images\/marcador.jpg\" alt=\" \" width=\"30\" height=\"10\" border=\"0\"> <strong><a id=\"6\" href=\"#cursos\">CURSOS<\/a><\/strong><\/p>\n<\/div>\n<div id=\"cursos\" class=\"style3\" style=\"display: none;\">\n<div class=\"style3\">Os 22 cursos de gradua\u00e7\u00e3o oferecidos pelo campus s\u00e3o: Administra\u00e7\u00e3o (com mais duas linhas de forma\u00e7\u00e3o: Com\u00e9rcio Exterior e Turismo), Ci\u00eancias Biol\u00f3gicas, Ci\u00eancias Cont\u00e1beis, Ci\u00eancia da Computa\u00e7\u00e3o, Direito, Educa\u00e7\u00e3o F\u00edsica &#8211; Bacharelado, Educa\u00e7\u00e3o F\u00edsica \u2013 Licenciatura, Enfermagem, Engenharia Civil, Engenharia Industrial Mec\u00e2nica, Farm\u00e1cia, Hist\u00f3ria, Letras \u2013 Portugu\u00eas\/Ingl\u00eas, Letras \u2013 Portugu\u00eas\/Espanhol, Matem\u00e1tica, Pedagogia, Psicologia, Qu\u00edmica \u2013 Industrial, Qu\u00edmica \u2013 Licenciatura, Sistemas de Informa\u00e7\u00e3o, Teologia (atrav\u00e9s de conv\u00eanio com o Instituto Missioneiro de Teologia). S\u00e3o oferecidos, ainda, em m\u00e9dia 20 cursos de p\u00f3s-gradua\u00e7\u00e3o por ano. Tamb\u00e9m s\u00e3o oferecidos cursos t\u00e9cnicos em Enfermagem e Inform\u00e1tica.<\/div>\n<\/div>\n","protected":false},"excerpt":{"rendered":"<p>15 ANOS DE COMPROMISSO REGIONAL A URI (Universidade Regional Integrada do Alto Uruguai e das Miss\u00f5es) completou, no dia 19 de maio de 2007, seus 15 anos de exist\u00eancia com reconhecimento oficial do MEC. Mantida pela FuRI (Funda\u00e7\u00e3o Regional Integrada), a institui\u00e7\u00e3o de car\u00e1ter comunit\u00e1rio tem origem num esfor\u00e7o de lideran\u00e7as de v\u00e1rios munic\u00edpios do [&hellip;]<\/p>\n","protected":false},"author":1,"featured_media":0,"parent":0,"menu_order":1,"comment_status":"closed","ping_status":"closed","template":"page_paginas-titulo.php","meta":[],"_links":{"self":[{"href":"https:\/\/san.uri.br\/extensao\/index.php\/wp-json\/wp\/v2\/pages\/89"}],"collection":[{"href":"https:\/\/san.uri.br\/extensao\/index.php\/wp-json\/wp\/v2\/pages"}],"about":[{"href":"https:\/\/san.uri.br\/extensao\/index.php\/wp-json\/wp\/v2\/types\/page"}],"author":[{"embeddable":true,"href":"https:\/\/san.uri.br\/extensao\/index.php\/wp-json\/wp\/v2\/users\/1"}],"replies":[{"embeddable":true,"href":"https:\/\/san.uri.br\/extensao\/index.php\/wp-json\/wp\/v2\/comments?post=89"}],"version-history":[{"count":22,"href":"https:\/\/san.uri.br\/extensao\/index.php\/wp-json\/wp\/v2\/pages\/89\/revisions"}],"predecessor-version":[{"id":3889,"href":"https:\/\/san.uri.br\/extensao\/index.php\/wp-json\/wp\/v2\/pages\/89\/revisions\/3889"}],"wp:attachment":[{"href":"https:\/\/san.uri.br\/extensao\/index.php\/wp-json\/wp\/v2\/media?parent=89"}],"curies":[{"name":"wp","href":"https:\/\/api.w.org\/{rel}","templated":true}]}}