{"id":54,"date":"2010-09-28T14:53:49","date_gmt":"2010-09-28T17:53:49","guid":{"rendered":"http:\/\/www.urisan.tche.br\/marina_wp\/?page_id=54"},"modified":"2025-01-09T16:04:31","modified_gmt":"2025-01-09T19:04:31","slug":"cursos","status":"publish","type":"page","link":"https:\/\/san.uri.br\/extensao\/index.php\/cursos\/","title":{"rendered":"Cursos"},"content":{"rendered":"<div style=\"text-align: center;\"><a href=\"https:\/\/san.uri.br\/extensao\/wp-content\/uploads\/2010\/09\/topo_cursos.jpg\"><img loading=\"lazy\" class=\"alignnone size-full wp-image-158\" title=\"topo_cursos\" src=\"https:\/\/san.uri.br\/extensao\/wp-content\/uploads\/2010\/09\/topo_cursos.jpg\" alt=\"\" width=\"500\" height=\"105\" \/><\/a><\/div>\n<div>\n<p><span style=\"color: #28166f;\">A URI \u2013 Campus de Santo \u00c2ngelo possui uma equipe de profissionais preparada para a promo\u00e7\u00e3o de cursos, oficinas, semin\u00e1rios e palestras de qualifica\u00e7\u00e3o\/atualiza\u00e7\u00e3o e aperfei\u00e7oamento para as diversas \u00e1reas do conhecimento, oferecendo, entre outros, cursos de:<\/span><\/p>\n<\/div>\n<div style=\"padding-left: 30px;\"><span style=\"color: #28166f;\"><img loading=\"lazy\" src=\"https:\/\/san.uri.br\/extensao\/wp-content\/themes\/tema_mestradoect2018\/images\/marcador.jpg\" alt=\" \" width=\"6\" height=\"6\" border=\"0\" \/> <\/span><span style=\"color: #28166f;\">Qualifica\u00e7\u00e3o e forma\u00e7\u00e3o continuada de docentes (psicologia, filosofia, sociologia, alfabetiza\u00e7\u00e3o, educa\u00e7\u00e3o infantil, educa\u00e7\u00e3o especial, ensino de 9 anos, educa\u00e7\u00e3o patrimonial, educa\u00e7\u00e3o ambiental);<\/span><\/div>\n<div style=\"padding-left: 30px;\"><span style=\"color: #28166f;\"><img loading=\"lazy\" src=\"https:\/\/san.uri.br\/extensao\/wp-content\/themes\/tema_mestradoect2018\/images\/marcador.jpg\" alt=\" \" width=\"6\" height=\"6\" border=\"0\" \/> <\/span><span style=\"color: #28166f;\">Desenvolvimento de lideran\u00e7a e empreendedorismo;<\/span><\/div>\n<div style=\"padding-left: 30px;\"><span style=\"color: #28166f;\"><img loading=\"lazy\" src=\"https:\/\/san.uri.br\/extensao\/wp-content\/themes\/tema_mestradoect2018\/images\/marcador.jpg\" alt=\" \" width=\"6\" height=\"6\" border=\"0\" \/> <\/span><span style=\"color: #28166f;\">Atendimento, vendas, comunica\u00e7\u00e3o e planejamento;<\/span><\/div>\n<div style=\"padding-left: 30px;\"><span style=\"color: #28166f;\"><img loading=\"lazy\" src=\"https:\/\/san.uri.br\/extensao\/wp-content\/themes\/tema_mestradoect2018\/images\/marcador.jpg\" alt=\" \" width=\"6\" height=\"6\" border=\"0\" \/><\/span> <span style=\"color: #28166f;\">Pr\u00e1ticas s\u00f3cio-culturais em comunidades rurais;<\/span><\/div>\n<div style=\"padding-left: 30px;\"><span style=\"color: #28166f;\"><img loading=\"lazy\" src=\"https:\/\/san.uri.br\/extensao\/wp-content\/themes\/tema_mestradoect2018\/images\/marcador.jpg\" alt=\" \" width=\"6\" height=\"6\" border=\"0\" \/> <\/span><span style=\"color: #28166f;\">Oficinas e palestras de qualifica\u00e7\u00e3o para agentes municipais e regionais de turismo;<\/span><\/div>\n<div style=\"padding-left: 30px;\"><span style=\"color: #28166f;\"><img loading=\"lazy\" src=\"https:\/\/san.uri.br\/extensao\/wp-content\/themes\/tema_mestradoect2018\/images\/marcador.jpg\" alt=\" \" width=\"6\" height=\"6\" border=\"0\" \/><\/span> <span style=\"color: #28166f;\">Mestres de obras, pedreiros e serventes;<\/span><\/div>\n<div style=\"padding-left: 30px;\"><span style=\"color: #28166f;\"><img loading=\"lazy\" src=\"https:\/\/san.uri.br\/extensao\/wp-content\/themes\/tema_mestradoect2018\/images\/marcador.jpg\" alt=\" \" width=\"6\" height=\"6\" border=\"0\" \/><\/span> <span style=\"color: #28166f;\">Saneamento b\u00e1sico;<\/span><\/div>\n<div style=\"padding-left: 30px;\"><span style=\"color: #28166f;\"><img loading=\"lazy\" src=\"https:\/\/san.uri.br\/extensao\/wp-content\/themes\/tema_mestradoect2018\/images\/marcador.jpg\" alt=\" \" width=\"6\" height=\"6\" border=\"0\" \/><\/span> <span style=\"color: #28166f;\">Libras;<\/span><\/div>\n<div style=\"padding-left: 30px;\"><span style=\"color: #28166f;\"><img loading=\"lazy\" src=\"https:\/\/san.uri.br\/extensao\/wp-content\/themes\/tema_mestradoect2018\/images\/marcador.jpg\" alt=\" \" width=\"6\" height=\"6\" border=\"0\" \/><\/span> <span style=\"color: #28166f;\">Idiomas (ingl\u00eas, espanhol, polon\u00eas, alem\u00e3o e portugu\u00eas instrumental);<\/span><\/div>\n<div style=\"padding-left: 30px;\"><span style=\"color: #28166f;\"><img loading=\"lazy\" src=\"https:\/\/san.uri.br\/extensao\/wp-content\/themes\/tema_mestradoect2018\/images\/marcador.jpg\" alt=\" \" width=\"6\" height=\"6\" border=\"0\" \/><\/span> <span style=\"color: #28166f;\">Curso de Instrutor e de Examinador de Tr\u00e2nsito;<\/span><\/div>\n<div style=\"padding-left: 30px;\"><span style=\"color: #28166f;\"><img loading=\"lazy\" src=\"https:\/\/san.uri.br\/extensao\/wp-content\/themes\/tema_mestradoect2018\/images\/marcador.jpg\" alt=\" \" width=\"6\" height=\"6\" border=\"0\" \/><\/span> <span style=\"color: #28166f;\">Sa\u00fade e seguran\u00e7a ocupacional;<\/span><\/div>\n<div style=\"padding-left: 30px;\"><span style=\"color: #28166f;\"><img loading=\"lazy\" src=\"https:\/\/san.uri.br\/extensao\/wp-content\/themes\/tema_mestradoect2018\/images\/marcador.jpg\" alt=\" \" width=\"6\" height=\"6\" border=\"0\" \/><\/span> <span style=\"color: #28166f;\">Conscientiza\u00e7\u00e3o e preven\u00e7\u00e3o de DST\u2019s;<\/span><\/div>\n<div style=\"padding-left: 30px;\"><span style=\"color: #28166f;\"><img loading=\"lazy\" src=\"https:\/\/san.uri.br\/extensao\/wp-content\/themes\/tema_mestradoect2018\/images\/marcador.jpg\" alt=\" \" width=\"6\" height=\"6\" border=\"0\" \/><\/span> <span style=\"color: #28166f;\">Primeiros socorros;<\/span><\/div>\n<div style=\"padding-left: 30px;\">\n<div><span style=\"color: #28166f;\"><img loading=\"lazy\" src=\"https:\/\/san.uri.br\/extensao\/wp-content\/themes\/tema_mestradoect2018\/images\/\/marcador.jpg\" alt=\" \" width=\"6\" height=\"6\" border=\"0\" \/><\/span> <span style=\"color: #28166f;\">Forma\u00e7\u00e3o da CIPA e dimensionamento do Servi\u00e7o Especializado em Seguran\u00e7a e <\/span><span style=\"color: #28166f;\"> Medicina do Trabalho (SESMT).<\/span><\/div>\n<\/div>\n","protected":false},"excerpt":{"rendered":"<p>A URI \u2013 Campus de Santo \u00c2ngelo possui uma equipe de profissionais preparada para a promo\u00e7\u00e3o de cursos, oficinas, semin\u00e1rios e palestras de qualifica\u00e7\u00e3o\/atualiza\u00e7\u00e3o e aperfei\u00e7oamento para as diversas \u00e1reas do conhecimento, oferecendo, entre outros, cursos de: Qualifica\u00e7\u00e3o e forma\u00e7\u00e3o continuada de docentes (psicologia, filosofia, sociologia, alfabetiza\u00e7\u00e3o, educa\u00e7\u00e3o infantil, educa\u00e7\u00e3o especial, ensino de 9 anos, [&hellip;]<\/p>\n","protected":false},"author":1,"featured_media":0,"parent":0,"menu_order":0,"comment_status":"closed","ping_status":"closed","template":"","meta":[],"_links":{"self":[{"href":"https:\/\/san.uri.br\/extensao\/index.php\/wp-json\/wp\/v2\/pages\/54"}],"collection":[{"href":"https:\/\/san.uri.br\/extensao\/index.php\/wp-json\/wp\/v2\/pages"}],"about":[{"href":"https:\/\/san.uri.br\/extensao\/index.php\/wp-json\/wp\/v2\/types\/page"}],"author":[{"embeddable":true,"href":"https:\/\/san.uri.br\/extensao\/index.php\/wp-json\/wp\/v2\/users\/1"}],"replies":[{"embeddable":true,"href":"https:\/\/san.uri.br\/extensao\/index.php\/wp-json\/wp\/v2\/comments?post=54"}],"version-history":[{"count":1,"href":"https:\/\/san.uri.br\/extensao\/index.php\/wp-json\/wp\/v2\/pages\/54\/revisions"}],"predecessor-version":[{"id":3832,"href":"https:\/\/san.uri.br\/extensao\/index.php\/wp-json\/wp\/v2\/pages\/54\/revisions\/3832"}],"wp:attachment":[{"href":"https:\/\/san.uri.br\/extensao\/index.php\/wp-json\/wp\/v2\/media?parent=54"}],"curies":[{"name":"wp","href":"https:\/\/api.w.org\/{rel}","templated":true}]}}