{"id":33,"date":"2010-09-28T14:14:12","date_gmt":"2010-09-28T17:14:12","guid":{"rendered":"http:\/\/www.urisan.tche.br\/marina_wp\/?page_id=33"},"modified":"2025-01-09T16:02:13","modified_gmt":"2025-01-09T19:02:13","slug":"assessoria-empresarial-2","status":"publish","type":"page","link":"https:\/\/san.uri.br\/extensao\/index.php\/assessoria-empresarial-2\/","title":{"rendered":"Assessoria Empresarial"},"content":{"rendered":"<div style=\"text-align: center;\"><a href=\"https:\/\/san.uri.br\/extensao\/wp-content\/uploads\/2010\/09\/topo_empresarial.jpg\"><img loading=\"lazy\" class=\"alignnone size-full wp-image-154\" title=\"topo_empresarial\" src=\"https:\/\/san.uri.br\/extensao\/wp-content\/uploads\/2010\/09\/topo_empresarial.jpg\" alt=\"\" width=\"500\" height=\"110\" \/><\/a><\/div>\n<div style=\"text-align: left; padding-left: 30px;\"><span style=\"color: #28166f;\">Na \u00e1rea empresarial, a URI \u2013 Campus de Santo \u00c2ngelo contribui para o aprimoramento dos processos de gest\u00e3o e produ\u00e7\u00e3o, fornecendo suporte para a efici\u00eancia de toda a cadeia de neg\u00f3cios. Assim, oferece assessoria, consultoria, orienta\u00e7\u00e3o ou implementa\u00e7\u00e3o nos seguintes processos:<\/span><\/div>\n<div style=\"padding-left: 90px;\"><span style=\"color: #28166f;\"><img loading=\"lazy\" src=\"https:\/\/san.uri.br\/extensao\/wp-content\/themes\/tema_mestradoect2018\/images\/marcador.jpg\" alt=\" \" width=\"6\" height=\"6\" border=\"0\" \/><\/span> <span style=\"color: #28166f;\">Planejamento estrat\u00e9gico;<\/span><\/div>\n<div style=\"padding-left: 90px;\"><span style=\"color: #28166f;\"><img loading=\"lazy\" src=\"https:\/\/san.uri.br\/extensao\/wp-content\/themes\/tema_mestradoect2018\/images\/marcador.jpg\" alt=\" \" width=\"6\" height=\"6\" border=\"0\" \/><\/span> <span style=\"color: #28166f;\">Organiza\u00e7\u00e3o de viagens t\u00e9cnicas.<\/span><\/div>\n<div style=\"padding-left: 90px;\"><span style=\"color: #28166f;\"><img loading=\"lazy\" src=\"https:\/\/san.uri.br\/extensao\/wp-content\/themes\/tema_mestradoect2018\/images\/marcador.jpg\" alt=\" \" width=\"6\" height=\"6\" border=\"0\" \/><\/span><span style=\"color: #28166f;\"> Planejamento de marketing;<\/span><\/div>\n<div style=\"padding-left: 90px;\"><span style=\"color: #28166f;\"><img loading=\"lazy\" src=\"https:\/\/san.uri.br\/extensao\/wp-content\/themes\/tema_mestradoect2018\/images\/marcador.jpg\" alt=\" \" width=\"6\" height=\"6\" border=\"0\" \/><\/span> <span style=\"color: #28166f;\">Planejamento financeiro e planejamento tribut\u00e1rio;<\/span><\/div>\n<div style=\"padding-left: 90px;\"><span style=\"color: #28166f;\"><img loading=\"lazy\" src=\"https:\/\/san.uri.br\/extensao\/wp-content\/themes\/tema_mestradoect2018\/images\/marcador.jpg\" alt=\" \" width=\"6\" height=\"6\" border=\"0\" \/><\/span> <span style=\"color: #28166f;\">Elabora\u00e7\u00e3o de estudos de viabilidade t\u00e9cnica, econ\u00f4mica e financeira;<\/span><\/div>\n<div style=\"padding-left: 90px;\"><span style=\"color: #28166f;\"><img loading=\"lazy\" src=\"https:\/\/san.uri.br\/extensao\/wp-content\/themes\/tema_mestradoect2018\/images\/marcador.jpg\" alt=\" \" width=\"6\" height=\"6\" border=\"0\" \/><\/span> <span style=\"color: #28166f;\">Viabilidade econ\u00f4mica do processo produtivo;<\/span><\/div>\n<div style=\"padding-left: 90px;\"><span style=\"color: #28166f;\"><img loading=\"lazy\" src=\"https:\/\/san.uri.br\/extensao\/wp-content\/themes\/tema_mestradoect2018\/images\/marcador.jpg\" alt=\" \" width=\"6\" height=\"6\" border=\"0\" \/><\/span> <span style=\"color: #28166f;\">Gest\u00e3o de custos e forma\u00e7\u00e3o do pre\u00e7o de venda;<\/span><\/div>\n<div style=\"padding-left: 90px;\"><span style=\"color: #28166f;\"><img loading=\"lazy\" src=\"https:\/\/san.uri.br\/extensao\/wp-content\/themes\/tema_mestradoect2018\/images\/marcador.jpg\" alt=\" \" width=\"6\" height=\"6\" border=\"0\" \/><\/span> <span style=\"color: #28166f;\">Pesquisas de opini\u00e3o e de mercado;<\/span><\/div>\n<div style=\"padding-left: 90px;\"><span style=\"color: #28166f;\"><img loading=\"lazy\" src=\"https:\/\/san.uri.br\/extensao\/wp-content\/themes\/tema_mestradoect2018\/images\/marcador.jpg\" alt=\" \" width=\"6\" height=\"6\" border=\"0\" \/><\/span> <span style=\"color: #28166f;\">Gest\u00e3o de pessoas;<\/span><\/div>\n<div style=\"padding-left: 90px;\"><span style=\"color: #28166f;\"><img loading=\"lazy\" src=\"https:\/\/san.uri.br\/extensao\/wp-content\/themes\/tema_mestradoect2018\/images\/marcador.jpg\" alt=\" \" width=\"6\" height=\"6\" border=\"0\" \/><\/span> <span style=\"color: #28166f;\">Seguran\u00e7a do trabalho e qualidade em servi\u00e7os;<\/span><\/div>\n<div style=\"padding-left: 90px;\"><span style=\"color: #28166f;\"><img loading=\"lazy\" src=\"https:\/\/san.uri.br\/extensao\/wp-content\/themes\/tema_mestradoect2018\/images\/marcador.jpg\" alt=\" \" width=\"6\" height=\"6\" border=\"0\" \/><\/span> <span style=\"color: #28166f;\">Psicologia do trabalho e das organiza\u00e7\u00f5es;<\/span><\/div>\n<div style=\"padding-left: 90px;\"><span style=\"color: #28166f;\"><img loading=\"lazy\" src=\"https:\/\/san.uri.br\/extensao\/wp-content\/themes\/tema_mestradoect2018\/images\/marcador.jpg\" alt=\" \" width=\"6\" height=\"6\" border=\"0\" \/><\/span> <span style=\"color: #28166f;\">Gest\u00e3o Ambiental;<\/span><\/div>\n<div style=\"padding-left: 90px;\"><span style=\"color: #28166f;\"><img loading=\"lazy\" src=\"https:\/\/san.uri.br\/extensao\/wp-content\/themes\/tema_mestradoect2018\/images\/marcador.jpg\" alt=\" \" width=\"6\" height=\"6\" border=\"0\" \/><\/span> <span style=\"color: #28166f;\">Estudos de impacto ambiental;<\/span><\/div>\n<div style=\"padding-left: 90px;\"><span style=\"color: #28166f;\"><img loading=\"lazy\" src=\"https:\/\/san.uri.br\/extensao\/wp-content\/themes\/tema_mestradoect2018\/images\/marcador.jpg\" alt=\" \" width=\"6\" height=\"6\" border=\"0\" \/><\/span> <span style=\"color: #28166f;\">Servi\u00e7os espec\u00edficos de engenharia (materiais, medi\u00e7\u00e3o, projetos energ\u00e9ticos e hidr\u00e1ulicos, usinagem, processos, automa\u00e7\u00e3o, instrumenta\u00e7\u00e3o e controle);<\/span><\/div>\n<div style=\"padding-left: 90px;\"><span style=\"color: #28166f;\"><img loading=\"lazy\" src=\"https:\/\/san.uri.br\/extensao\/wp-content\/themes\/tema_mestradoect2018\/images\/marcador.jpg\" alt=\" \" width=\"6\" height=\"6\" border=\"0\" \/><\/span> <span style=\"color: #28166f;\">Treinamento para mestres de obras, pedreiros e serventes;<\/span><\/div>\n<div style=\"padding-left: 90px;\"><span style=\"color: #28166f;\"><img loading=\"lazy\" src=\"https:\/\/san.uri.br\/extensao\/wp-content\/themes\/tema_mestradoect2018\/images\/marcador.jpg\" alt=\" \" width=\"6\" height=\"6\" border=\"0\" \/><\/span> <span style=\"color: #28166f;\">Gest\u00e3o da qualidade industrial (ISO 9001 e TS 16949);<\/span><\/div>\n<div style=\"padding-left: 90px;\"><span style=\"color: #28166f;\"><img loading=\"lazy\" src=\"https:\/\/san.uri.br\/extensao\/wp-content\/themes\/tema_mestradoect2018\/images\/marcador.jpg\" alt=\" \" width=\"6\" height=\"6\" border=\"0\" \/><\/span> <span style=\"color: #28166f;\">Adequa\u00e7\u00e3o ao Sistema da Qualidade e M\u00e9todo 5 S\u2019s;<\/span><\/div>\n<div style=\"padding-left: 90px;\"><span style=\"color: #28166f;\"><img loading=\"lazy\" src=\"https:\/\/san.uri.br\/extensao\/wp-content\/themes\/tema_mestradoect2018\/images\/marcador.jpg\" alt=\" \" width=\"6\" height=\"6\" border=\"0\" \/><\/span> <span style=\"color: #28166f;\">Orienta\u00e7\u00f5es t\u00e9cnicas em gest\u00e3o e layout da produ\u00e7\u00e3o;<\/span><\/div>\n<div style=\"padding-left: 90px;\"><span style=\"color: #28166f;\"><img loading=\"lazy\" src=\"https:\/\/san.uri.br\/extensao\/wp-content\/themes\/tema_mestradoect2018\/images\/marcador.jpg\" alt=\" \" width=\"6\" height=\"6\" border=\"0\" \/><\/span> <span style=\"color: #28166f;\">BPF\u2019s &#8211; Boas Pr\u00e1ticas de Fabrica\u00e7\u00e3o;<\/span><\/div>\n<div style=\"padding-left: 90px;\"><span style=\"color: #28166f;\"><img loading=\"lazy\" src=\"https:\/\/san.uri.br\/extensao\/wp-content\/themes\/tema_mestradoect2018\/images\/marcador.jpg\" alt=\" \" width=\"6\" height=\"6\" border=\"0\" \/><\/span> <span style=\"color: #28166f;\">Procedimentos operacionais da exporta\u00e7\u00e3o;<\/span><\/div>\n<div style=\"padding-left: 90px;\"><span style=\"color: #28166f;\"><img loading=\"lazy\" src=\"https:\/\/san.uri.br\/extensao\/wp-content\/themes\/tema_mestradoect2018\/images\/marcador.jpg\" alt=\" \" width=\"6\" height=\"6\" border=\"0\" \/><\/span> <span style=\"color: #28166f;\">Efici\u00eancia energ\u00e9tica;<\/span><\/div>\n<div style=\"padding-left: 90px;\"><span style=\"color: #28166f;\"><img loading=\"lazy\" src=\"https:\/\/san.uri.br\/extensao\/wp-content\/themes\/tema_mestradoect2018\/images\/marcador.jpg\" alt=\" \" width=\"6\" height=\"6\" border=\"0\" \/><\/span> <span style=\"color: #28166f;\">Tabelas nutricionais;<\/span><\/div>\n","protected":false},"excerpt":{"rendered":"<p>Na \u00e1rea empresarial, a URI \u2013 Campus de Santo \u00c2ngelo contribui para o aprimoramento dos processos de gest\u00e3o e produ\u00e7\u00e3o, fornecendo suporte para a efici\u00eancia de toda a cadeia de neg\u00f3cios. Assim, oferece assessoria, consultoria, orienta\u00e7\u00e3o ou implementa\u00e7\u00e3o nos seguintes processos: Planejamento estrat\u00e9gico; Organiza\u00e7\u00e3o de viagens t\u00e9cnicas. Planejamento de marketing; Planejamento financeiro e planejamento tribut\u00e1rio; [&hellip;]<\/p>\n","protected":false},"author":1,"featured_media":0,"parent":0,"menu_order":0,"comment_status":"closed","ping_status":"closed","template":"","meta":[],"_links":{"self":[{"href":"https:\/\/san.uri.br\/extensao\/index.php\/wp-json\/wp\/v2\/pages\/33"}],"collection":[{"href":"https:\/\/san.uri.br\/extensao\/index.php\/wp-json\/wp\/v2\/pages"}],"about":[{"href":"https:\/\/san.uri.br\/extensao\/index.php\/wp-json\/wp\/v2\/types\/page"}],"author":[{"embeddable":true,"href":"https:\/\/san.uri.br\/extensao\/index.php\/wp-json\/wp\/v2\/users\/1"}],"replies":[{"embeddable":true,"href":"https:\/\/san.uri.br\/extensao\/index.php\/wp-json\/wp\/v2\/comments?post=33"}],"version-history":[{"count":1,"href":"https:\/\/san.uri.br\/extensao\/index.php\/wp-json\/wp\/v2\/pages\/33\/revisions"}],"predecessor-version":[{"id":3829,"href":"https:\/\/san.uri.br\/extensao\/index.php\/wp-json\/wp\/v2\/pages\/33\/revisions\/3829"}],"wp:attachment":[{"href":"https:\/\/san.uri.br\/extensao\/index.php\/wp-json\/wp\/v2\/media?parent=33"}],"curies":[{"name":"wp","href":"https:\/\/api.w.org\/{rel}","templated":true}]}}