{"id":769,"date":"2016-09-27T19:44:38","date_gmt":"2016-09-27T19:44:38","guid":{"rendered":"http:\/\/srvapp2s.santoangelo.uri.br\/sites\/biblioteca\/?page_id=769"},"modified":"2025-11-17T19:24:52","modified_gmt":"2025-11-17T22:24:52","slug":"periodicos-on-line","status":"publish","type":"page","link":"https:\/\/san.uri.br\/bibliotecacentral\/index.php\/periodicos-on-line\/","title":{"rendered":"Peri\u00f3dicos On-line"},"content":{"rendered":"\n<ul><li><a href=\"https:\/\/san.uri.br\/bibliotecacentral\/index.php\/periodicos-administracao\/\">Administra\u00e7\u00e3o<\/a><\/li><li><a href=\"https:\/\/san.uri.br\/bibliotecacentral\/index.php\/agronomia\/\">Agronomia<\/a><\/li><li><a href=\"https:\/\/san.uri.br\/bibliotecacentral\/index.php\/arquitetura\/\">Arquitetura<\/a><\/li><li><a href=\"https:\/\/san.uri.br\/bibliotecacentral\/index.php\/biologia\/\">Biologia<\/a><\/li><li><a href=\"https:\/\/san.uri.br\/bibliotecacentral\/index.php\/biomedicina\/\">Biomedicina<\/a><\/li><li><a href=\"https:\/\/san.uri.br\/bibliotecacentral\/index.php\/ciencias-contabeis\/\">Ci\u00eancias Cont\u00e1beis<\/a><\/li><li><a href=\"https:\/\/san.uri.br\/bibliotecacentral\/index.php\/comunicacao\/\">Comunica\u00e7\u00e3o<\/a><\/li><li><a href=\"https:\/\/san.uri.br\/bibliotecacentral\/index.php\/direito\/\">Direito<\/a><\/li><li><a href=\"https:\/\/san.uri.br\/bibliotecacentral\/index.php\/economia\/\">Economia<\/a><\/li><li><a href=\"https:\/\/san.uri.br\/bibliotecacentral\/index.php\/educacao-fisica\/\">Educa\u00e7\u00e3o F\u00edsica<\/a><\/li><li><a href=\"https:\/\/san.uri.br\/bibliotecacentral\/index.php\/enfermagem\/\">Enfermagem<\/a><\/li><li><a data-wplink-edit=\"true\" href=\"https:\/\/san.uri.br\/bibliotecacentral\/index.php\/engenharia\/\">Engenharia<\/a><\/li><li><a href=\"https:\/\/san.uri.br\/bibliotecacentral\/index.php\/engenharia-agricola\/\">Engenharia Agr\u00edcola<\/a><\/li><li><a href=\"https:\/\/san.uri.br\/bibliotecacentral\/index.php\/engenharia-ambiental\/\">Engenharia Ambiental<\/a><\/li><li><a href=\"https:\/\/san.uri.br\/bibliotecacentral\/index.php\/engenharia-civil\/\">Engenharia Civil<\/a><\/li><li><a href=\"https:\/\/san.uri.br\/bibliotecacentral\/index.php\/engenharia-de-alimentos\/\">Engenharia de Alimentos<\/a><\/li><li><a href=\"https:\/\/san.uri.br\/bibliotecacentral\/index.php\/engenharia-eletrica\/\">Engenharia El\u00e9trica<\/a><\/li><li><a href=\"https:\/\/san.uri.br\/bibliotecacentral\/index.php\/engenharia-mecanica\/\">Engenharia Mec\u00e2nica<\/a><\/li><li><a href=\"https:\/\/san.uri.br\/bibliotecacentral\/index.php\/engenharia-quimica\/\">Engenharia Qu\u00edmica<\/a><\/li><li><a href=\"https:\/\/san.uri.br\/bibliotecacentral\/index.php\/farmacia\/\">Farm\u00e1cia<\/a><\/li><li><a href=\"https:\/\/san.uri.br\/bibliotecacentral\/index.php\/filosofia\/\">Filosofia<\/a><\/li><li><a href=\"https:\/\/san.uri.br\/bibliotecacentral\/index.php\/fisica\/\">F\u00edsica<\/a><\/li><li><a href=\"https:\/\/san.uri.br\/bibliotecacentral\/index.php\/fisioterapia\/\">Fisioterapia<\/a><\/li><li><a href=\"https:\/\/san.uri.br\/bibliotecacentral\/index.php\/generalidades\/\">Generalidades<\/a><\/li><li><a href=\"https:\/\/san.uri.br\/bibliotecacentral\/index.php\/geografia\/\">Geografia<\/a><\/li><li><a href=\"https:\/\/san.uri.br\/bibliotecacentral\/index.php\/historia\/\">Hist\u00f3ria<\/a><\/li><li><a href=\"https:\/\/san.uri.br\/bibliotecacentral\/index.php\/informatica\/\">Inform\u00e1tica<\/a><\/li><li><a href=\"https:\/\/san.uri.br\/bibliotecacentral\/index.php\/letras\/\">Letras<\/a><\/li><li><a href=\"https:\/\/san.uri.br\/bibliotecacentral\/index.php\/medicina-veterinaria\/\" data-type=\"URL\" data-id=\"https:\/\/san.uri.br\/bibliotecacentral\/index.php\/medicina-veterinaria\/\">Medicina Veterin\u00e1ria<\/a><\/li><li><a href=\"https:\/\/san.uri.br\/bibliotecacentral\/index.php\/nutricao\/\">Nutri\u00e7\u00e3o<\/a><\/li><li><a href=\"https:\/\/san.uri.br\/bibliotecacentral\/index.php\/odontologia\/\">Odontologia<\/a><\/li><li><a href=\"https:\/\/san.uri.br\/bibliotecacentral\/index.php\/pedagogia\/\">Pedagogia<\/a><\/li><li><a href=\"https:\/\/san.uri.br\/bibliotecacentral\/index.php\/psicologia\/\">Psicologia<\/a><\/li><li><a data-wplink-edit=\"true\" href=\"https:\/\/san.uri.br\/bibliotecacentral\/index.php\/quimica-industrial\/\">Qu\u00edmica Industrial<\/a><\/li><li><a href=\"https:\/\/san.uri.br\/bibliotecacentral\/index.php\/tecnologo-em-laticinios\/\">Tecn\u00f3logo em Latic\u00ednios<\/a><\/li><li><a href=\"https:\/\/san.uri.br\/bibliotecacentral\/index.php\/teologia\/\">Teologia<\/a><\/li><\/ul>\n","protected":false},"excerpt":{"rendered":"<p>Administra\u00e7\u00e3o Agronomia Arquitetura Biologia Biomedicina Ci\u00eancias Cont\u00e1beis Comunica\u00e7\u00e3o Direito Economia Educa\u00e7\u00e3o F\u00edsica Enfermagem Engenharia Engenharia Agr\u00edcola Engenharia Ambiental Engenharia Civil Engenharia de Alimentos Engenharia El\u00e9trica Engenharia Mec\u00e2nica Engenharia Qu\u00edmica Farm\u00e1cia Filosofia F\u00edsica Fisioterapia Generalidades Geografia Hist\u00f3ria Inform\u00e1tica Letras Medicina Veterin\u00e1ria Nutri\u00e7\u00e3o Odontologia Pedagogia Psicologia Qu\u00edmica Industrial Tecn\u00f3logo em Latic\u00ednios Teologia<\/p>\n","protected":false},"author":1,"featured_media":0,"parent":0,"menu_order":0,"comment_status":"closed","ping_status":"closed","template":"","meta":[],"_links":{"self":[{"href":"https:\/\/san.uri.br\/bibliotecacentral\/index.php\/wp-json\/wp\/v2\/pages\/769"}],"collection":[{"href":"https:\/\/san.uri.br\/bibliotecacentral\/index.php\/wp-json\/wp\/v2\/pages"}],"about":[{"href":"https:\/\/san.uri.br\/bibliotecacentral\/index.php\/wp-json\/wp\/v2\/types\/page"}],"author":[{"embeddable":true,"href":"https:\/\/san.uri.br\/bibliotecacentral\/index.php\/wp-json\/wp\/v2\/users\/1"}],"replies":[{"embeddable":true,"href":"https:\/\/san.uri.br\/bibliotecacentral\/index.php\/wp-json\/wp\/v2\/comments?post=769"}],"version-history":[{"count":8,"href":"https:\/\/san.uri.br\/bibliotecacentral\/index.php\/wp-json\/wp\/v2\/pages\/769\/revisions"}],"predecessor-version":[{"id":2451,"href":"https:\/\/san.uri.br\/bibliotecacentral\/index.php\/wp-json\/wp\/v2\/pages\/769\/revisions\/2451"}],"wp:attachment":[{"href":"https:\/\/san.uri.br\/bibliotecacentral\/index.php\/wp-json\/wp\/v2\/media?parent=769"}],"curies":[{"name":"wp","href":"https:\/\/api.w.org\/{rel}","templated":true}]}}