{"id":64,"date":"2016-03-11T12:15:28","date_gmt":"2016-03-11T12:15:28","guid":{"rendered":"http:\/\/localhost:8090\/wordpress\/?page_id=64"},"modified":"2022-11-22T17:03:37","modified_gmt":"2022-11-22T20:03:37","slug":"regularmento","status":"publish","type":"page","link":"https:\/\/san.uri.br\/bibliotecacentral\/index.php\/regularmento\/","title":{"rendered":"Regulamento"},"content":{"rendered":"<p><b><span class=\"collapseomatic \" id=\"id69e2782a76f23\"  tabindex=\"0\" title=\"&lt;strong&gt;I. Objetivos&lt;\/strong&gt;\"    ><strong>I. Objetivos<\/strong><\/span><div id=\"target-id69e2782a76f23\" class=\"collapseomatic_content \"><\/b><\/p>\n<p>Art. 1\u00ba) O presente instrumento regula o servi\u00e7o de atendimento e fixa normas e procedimentos ao usu\u00e1rio da Biblioteca Central da URI \u2013 Universidade Regional Integrada do Alto Uruguai e das Miss\u00f5es \u2013 Campus de Santo \u00c2ngelo \u2013 RS \u2013 \u00f3rg\u00e3o gerenciador, garantindo o perfeito funcionamento de suas atividades.<\/p>\n<p>\u00a7 \u00danico \u2013 S\u00e3o considerados usu\u00e1rios da Biblioteca Central:<\/p>\n<p>I \u2013 Docentes, discentes e pessoal t\u00e9cnico-administrativo da URI.<\/p>\n<p>II \u2013 Comunidade em geral.<\/p>\n<p>Art. 2\u00ba) A Biblioteca Central da URI atende na segunda-feira: manh\u00e3 &#8211; 7h45min \u00e0s 11h45min, tarde: 13h30min \u00e0s 17h30min e noite 18h30min \u00e0s 22h. De ter\u00e7a \u00e0 sexta-feira: tarde das 13h30min \u00e0s 17h30min e noite das 18h30min \u00e0s 22h; e aos s\u00e1bados das 7h45min \u00e0s 11h45min. No per\u00edodo de f\u00e9rias do corpo discente, o hor\u00e1rio de atendimento poder\u00e1 ser reduzido ou alterado (hor\u00e1rio especial).<\/p>\n<p>Art. 3\u00ba) A Biblioteca Central \u00e9 subordinada \u00e0 dire\u00e7\u00e3o do campus, e a forma de gest\u00e3o \u00e9 determinada por esta.<\/p>\n<\/div>\n<p><b><span class=\"collapseomatic \" id=\"id69e2782a76fce\"  tabindex=\"0\" title=\"II. Acesso\"    >II. Acesso<\/span><div id=\"target-id69e2782a76fce\" class=\"collapseomatic_content \"><\/b><\/p>\n<p>Art. 4\u00ba) Para ser usu\u00e1rio da Biblioteca Central \u00e9 necess\u00e1rio estar regularmente cadastrado no Sistema de Empr\u00e9stimos: o docente, o discente e o t\u00e9cnico-administrativo, devidamente munido do cart\u00e3o de acesso.<\/p>\n<p>\u00a7 &#8211; 1\u00ba \u2013 A comunidade em geral poder\u00e1 fazer uso da biblioteca no local, n\u00e3o sendo permitida a retirada de materiais.<\/p>\n<p>\u00a7\u00a0&#8211; 2\u00ba O usu\u00e1rio que perder ou danificar o seu cart\u00e3o, dever\u00e1 solicitar a 2\u00aa via no balc\u00e3o de atendimento mediante pagamento de taxa constante no anexo II deste regimento.<\/p>\n<p>Art.5\u00ba) Para ingresso e consulta no recinto da Biblioteca Central, o usu\u00e1rio deve obedecer aos seguintes procedimentos:<\/p>\n<p>I \u2013 Deixar bolsas, sacolas e pastas, inclusive de notebooks, nos arm\u00e1rios da recep\u00e7\u00e3o (malex);<\/p>\n<p>II \u2013 Guardar e manter consigo as chaves do malex;<\/p>\n<p>III \u2013 Apresentar cart\u00e3o de usu\u00e1rio ou identificar-se;<\/p>\n<p>III\u2013 N\u00e3o reproduzir sons que venham perturbar a leitura, consulta ou funcionamento da Biblioteca;<\/p>\n<p>IV \u2013 Obedecer aos hor\u00e1rios de atendimento;<\/p>\n<p>V \u2013 N\u00e3o ingressar com lanches ou bebidas;<\/p>\n<p>VI \u2013 Ao sair, devem ser retirados do malex os materiais dos usu\u00e1rios, deixando a respectiva chave;<\/p>\n<p>VII \u2013 N\u00e3o fumar no interior da Biblioteca.<\/p>\n<p>Art. 6\u00ba) A Biblioteca Central n\u00e3o se responsabiliza por objetos ou valores deixados em seu interior.<\/p>\n<\/div>\n<p><b><span class=\"collapseomatic \" id=\"id69e2782a77009\"  tabindex=\"0\" title=\"III. Consulta\"    >III. Consulta<\/span><div id=\"target-id69e2782a77009\" class=\"collapseomatic_content \"><\/b><\/p>\n<p>Art. 7\u00ba) A Biblioteca Central caracteriza-se por acervo aberto, de livre acesso \u00e0s estantes por parte da comunidade de usu\u00e1rios.<\/p>\n<p>\u00a7 -\u00danico \u2013 Todo material consultado na Biblioteca Central n\u00e3o dever\u00e1 ser reposto nas estantes pelos usu\u00e1rios, esse procedimento de guarda \u00e9 de responsabilidade da equipe de funcion\u00e1rios da Biblioteca.<\/p>\n<p>Art.8\u00ba) Todos os materiais constantes do acervo da Biblioteca s\u00e3o emprestados domiciliarmente, exceto:<\/p>\n<ul>\n<li>Obras restritas com tarja de consulta local;<\/li>\n<li>Obras de refer\u00eancia \u2013 as de r\u00e1pida consulta e de interesse geral, tais como:<\/li>\n<li>dicion\u00e1rios;<\/li>\n<li>enciclop\u00e9dias;<\/li>\n<li>disserta\u00e7\u00f5es e teses;<\/li>\n<li>normas da ABNT;<\/li>\n<li>obras raras.<\/li>\n<\/ul>\n<p>Art. 9\u00ba) A Biblioteca Central det\u00e9m o controle absoluto de sua cole\u00e7\u00e3o\/acervo e poder\u00e1, quando da sa\u00edda do usu\u00e1rio\/pesquisador\/consulente, submeter o material bibliogr\u00e1fico sob controle na sa\u00edda.<\/p>\n<\/div>\n<p><b><span class=\"collapseomatic \" id=\"id69e2782a77040\"  tabindex=\"0\" title=\"IV. Empr\u00e9stimo\"    >IV. Empr\u00e9stimo<\/span><div id=\"target-id69e2782a77040\" class=\"collapseomatic_content \"><\/b><\/p>\n<p>Art. 10\u00ba) A Biblioteca Central da URI oferece os seguintes servi\u00e7os para os usu\u00e1rios:<\/p>\n<p>I \u2013 Empr\u00e9stimo local;<\/p>\n<p>II \u2013 Empr\u00e9stimo domiciliar;<\/p>\n<p>III \u2013 Renova\u00e7\u00e3o de empr\u00e9stimos;<\/p>\n<p>IV \u2013 Devolu\u00e7\u00e3o de empr\u00e9stimos;<\/p>\n<p>V \u2013 Reserva de material;<\/p>\n<p>Art. 11\u00ba) O usu\u00e1rio \u00e9 respons\u00e1vel pelos cuidados e devolu\u00e7\u00e3o dos exemplares emprestados em seu nome, devendo devolv\u00ea-los ou renov\u00e1-los no dia determinado.<\/p>\n<p>\u00a7 \u00danico \u2013 O usu\u00e1rio poder\u00e1, de acordo com a instru\u00e7\u00e3o, fazer renova\u00e7\u00f5es pela WEB, no site http:\/\/srvapp2s.santoangelo.uri.br\/sites\/biblioteca\/ ficando sob sua inteira responsabilidade tais procedimentos.<\/p>\n<p>Art. 12\u00ba) O usu\u00e1rio s\u00f3 pode fazer a retirada e renova\u00e7\u00e3o de material em seu nome atrav\u00e9s do seu pr\u00f3prio cart\u00e3o, ficando vetada a retirada e renova\u00e7\u00e3o em nome de outro usu\u00e1rio.<\/p>\n<p>\u00a7\u00a01\u00ba \u2013 A tentativa de retirada de materiais da biblioteca com cart\u00e3o de outra pessoa implicar\u00e1 na suspens\u00e3o do uso do mesmo por dez dias.<\/p>\n<p>\u00a7\u00a02\u00ba &#8211; Em caso de renova\u00e7\u00e3o na Biblioteca Central, o usu\u00e1rio dever\u00e1 estar de posse do cart\u00e3o e dos livros para efetuar a mesma.<\/p>\n<p>Art.13\u00ba) O usu\u00e1rio com mais de um v\u00ednculo com a Institui\u00e7\u00e3o ter\u00e1 direitos somados na retirada de livros em um \u00fanico cart\u00e3o.<\/p>\n<p>Art.14\u00ba) O usu\u00e1rio somente retirar\u00e1 materiais bibliogr\u00e1ficos da Biblioteca Central mediante a apresenta\u00e7\u00e3o dos seguintes documentos:<\/p>\n<p>I \u2013 Cart\u00e3o de identifica\u00e7\u00e3o em seu nome, fornecido pela Biblioteca Central;<\/p>\n<p>II \u2013 Crach\u00e1 de identifica\u00e7\u00e3o de funcion\u00e1rio ou de professor da URI, devidamente habilitado pela Biblioteca Central.<\/p>\n<p>Art. 15\u00ba) Todos os materiais de empr\u00e9stimo poder\u00e3o ser renovados at\u00e9 cinco vezes, desde que n\u00e3o estejam reservados para outro usu\u00e1rio.<\/p>\n<p>\u00a7\u00a01\u00ba. \u2013 As reservas de que tratam o caput do artigo devem ser realizadas no balc\u00e3o de atendimento ou via internet para quem possuir senha.<\/p>\n<p>Observa\u00e7\u00e3o: A senha para procedimentos pela Internet dever\u00e1 ser cadastrada na Biblioteca Central.<\/p>\n<p>\u00a7\u00a02\u00ba. \u2013 As obras reservadas, ap\u00f3s a sua devolu\u00e7\u00e3o, permanecer\u00e3o por 24 horas \u00e0 disposi\u00e7\u00e3o do usu\u00e1rio solicitante no balc\u00e3o de atendimento.<\/p>\n<p>Art. 16\u00ba) O atraso na devolu\u00e7\u00e3o de materiais implicar\u00e1 no pagamento de multa por exemplar, conforme (anexo II), computado por dia de atraso, excetuando-se os domingos e feriados estipulados no calend\u00e1rio escolar da URI.<\/p>\n<p>Art. 17\u00ba) Os prazos de empr\u00e9stimo e a quantidade de exemplares variam de acordo com a categoria de usu\u00e1rio e tipo de material, conforme anexo I, deste regulamento.<\/p>\n<p>\u00a7\u00a0\u00danico \u2013 As coordena\u00e7\u00f5es de cursos e projetos devem enviar as listagens dos formandos e bolsistas (CNPq, PIBID, Extens\u00e3o) \u00e0 Biblioteca Central para alterar a categoria do usu\u00e1rio, a fim de obterem prazos e quantidades maiores de empr\u00e9stimos.<\/p>\n<p>Art. 18\u00ba) Em caso de extravio, dano material, perda, roubo ou furto de material, o usu\u00e1rio deve comunicar o fato \u00e0 Biblioteca Central e repor o material. Caso esteja esgotado, ser\u00e1 indicado pela biblioteca outro material de igual valor.<\/p>\n<p>\u00a7 \u00danico \u2013 O usu\u00e1rio em d\u00e9bito com a Biblioteca n\u00e3o poder\u00e1 beneficiar-se da retirada de qualquer material bibliogr\u00e1fico que fa\u00e7a parte da cole\u00e7\u00e3o\/acervo. A libera\u00e7\u00e3o para empr\u00e9stimo ocorrer\u00e1 ap\u00f3s a quita\u00e7\u00e3o do d\u00e9bito, independente do v\u00ednculo que possui com a Institui\u00e7\u00e3o.\u00a0 O pagamento da multa poder\u00e1 ser efetuado no balc\u00e3o de atendimento, na tesouraria ou por Pix para CNPJ 96216841\/0002-90 e o comprovante dever\u00e1 ser enviado \u00e0 biblioteca atrav\u00e9s do whatsapp 3313-7949 ou para o e-mail <a href=\"mailto:bibliotecacentral@san.uri.br\">bibliotecacentral@san.uri.br<\/a> para ser efetuada a baixa da multa no sistema.<\/p>\n<p>Art. 19\u00ba) No momento de desligamento do usu\u00e1rio com a URI, \u00e9 verificada a exist\u00eancia de pend\u00eancias no Sistema da Biblioteca Central, sendo necess\u00e1ria a quita\u00e7\u00e3o dos mesmos.<\/p>\n<\/div>\n<p><b><span class=\"collapseomatic \" id=\"id69e2782a77072\"  tabindex=\"0\" title=\"V. Cadastro do Usu\u00e1rio\"    >V. Cadastro do Usu\u00e1rio<\/span><div id=\"target-id69e2782a77072\" class=\"collapseomatic_content \"><\/b><\/p>\n<p>Art. 20\u00ba) A inscri\u00e7\u00e3o de usu\u00e1rio configura-se no momento de sua matr\u00edcula na URI \u2013 Campus de Santo \u00c2ngelo em curso fundamental, m\u00e9dio, t\u00e9cnico, de gradua\u00e7\u00e3o, p\u00f3s-gradua\u00e7\u00e3o, mestrado ou doutorado e para funcion\u00e1rios da Institui\u00e7\u00e3o desde o momento de sua admiss\u00e3o.<\/p>\n<p>\u00a7\u00a0\u00danico &#8211; No in\u00edcio de cada semestre letivo, ser\u00e1 feita a atualiza\u00e7\u00e3o de cadastro dos usu\u00e1rios.<\/p>\n<p>Art. 21\u00ba) S\u00e3o direitos do usu\u00e1rio:<\/p>\n<p>I \u2013 O uso do material bibliogr\u00e1fico dispon\u00edvel;<\/p>\n<p>II \u2013 Consulta na sede em ambiente adequado;<\/p>\n<p>III \u2013 Empr\u00e9stimo domiciliar;<\/p>\n<p>IV \u2013 Uso dos servi\u00e7os disponibilizados via Internet;<\/p>\n<p>V \u2013 Reserva de material bibliogr\u00e1fico;<\/p>\n<p>VI \u2013 Aux\u00edlio na pesquisa e localiza\u00e7\u00e3o dos materiais.<\/p>\n<p>Art. 22\u00ba) \u00a0S\u00e3o deveres do usu\u00e1rio:<\/p>\n<p>I \u2013 Respeitar aos funcion\u00e1rios e usu\u00e1rios da Biblioteca;<\/p>\n<p>II \u2013 Identificar-se sempre que solicitado, inclusive quando se tratar de fins disciplinares;<\/p>\n<p>III \u2013 Observar o regulamento do empr\u00e9stimo;<\/p>\n<p>IV \u2013 Evitar repor os materiais nas estantes;<\/p>\n<p>V \u2013 Deixar bolsas, sacolas, maletas e pastas nos arm\u00e1rios da recep\u00e7\u00e3o;<\/p>\n<p>VI \u2013 Zelar pela Biblioteca, n\u00e3o fumar, n\u00e3o entrar \u00a0qualquer tipo de alimenta\u00e7\u00e3o ou bebida;<\/p>\n<p>VII \u2013 N\u00e3o comprometer a qualidade e a estrutura do local;<\/p>\n<p>VIII \u2013 Manter sil\u00eancio;<\/p>\n<p>IV \u2013 Conservar e preservar a cole\u00e7\u00e3o\/acervo\/patrim\u00f4nio coletivo da Universidade.<\/p>\n<\/div>\n<p><b><span class=\"collapseomatic \" id=\"id69e2782a7709f\"  tabindex=\"0\" title=\"VI. Utiliza\u00e7\u00e3o da Sala de Multimeios\"    >VI. Utiliza\u00e7\u00e3o da Sala de Multimeios<\/span><div id=\"target-id69e2782a7709f\" class=\"collapseomatic_content \"><\/b><\/p>\n<p>Art. 23\u00ba) O setor de pesquisa digital disponibiliza os seguintes recursos para fins acad\u00eamicos e pesquisa:<\/p>\n<p>I \u2013 Pesquisa bibliogr\u00e1fica;<\/p>\n<p>II \u2013 Acesso \u00e0 Internet e publica\u00e7\u00f5es eletr\u00f4nicas;<\/p>\n<p>III \u2013 Comuta\u00e7\u00e3o bibliogr\u00e1fica;<\/p>\n<p>IV \u2013 Utiliza\u00e7\u00e3o dos softwares e hardwares dispon\u00edveis na Biblioteca;<\/p>\n<p>\u00a7\u00a01\u00ba. \u2013 N\u00e3o \u00e9 permitida a utiliza\u00e7\u00e3o dos recursos da pesquisa digital para atividades de car\u00e1ter pessoal e entretenimento.<\/p>\n<p>\u00a7\u00a02\u00ba. \u2013 N\u00e3o s\u00e3o permitidas as altera\u00e7\u00f5es de configura\u00e7\u00f5es do sistema e de padr\u00f5es dos aplicativos disponibilizados, estando o infrator sujeito \u00e0 advert\u00eancia e restri\u00e7\u00f5es ao uso dos equipamentos, bem como \u00e0 responsabilidade pelos danos a eles causados, podendo ser suspenso da Biblioteca por um prazo de dez dias.<\/p>\n<p>Art. 24\u00ba) Atrav\u00e9s do COMUT (Programa de Comuta\u00e7\u00e3o Bibliogr\u00e1fica do IBICT) a Biblioteca Central fornece fotoc\u00f3pias de revistas t\u00e9cnico-cient\u00edficas, peri\u00f3dicos internacionais, teses e anais de congressos de todas as \u00e1reas do conhecimento.<\/p>\n<p>\u00a7\u00a01\u00ba. \u2013 Os servi\u00e7os do COMUT s\u00e3o pagos pelo usu\u00e1rio, conforme tabela de valores deferidos pelo IBICT.<\/p>\n<p>\u00a7\u00a02\u00ba. \u2013 Os pedidos de COMUT, uma vez solicitados n\u00e3o poder\u00e3o ser cancelados.<\/p>\n<\/div>\n<p><b><span class=\"collapseomatic \" id=\"id69e2782a770ca\"  tabindex=\"0\" title=\"VII. Utiliza\u00e7\u00e3o das Salas de V\u00eddeo e Estudos\"    >VII. Utiliza\u00e7\u00e3o das Salas de V\u00eddeo e Estudos<\/span><div id=\"target-id69e2782a770ca\" class=\"collapseomatic_content \"><\/b><\/p>\n<p>Art. 25\u00ba) A reserva e libera\u00e7\u00e3o das salas de v\u00eddeo e salas de estudo devem ser realizadas antecipadamente no balc\u00e3o de atendimento ou por telefone.<\/p>\n<p>Art. 26\u00ba) O usu\u00e1rio deve manter a ordem nas salas de estudo e v\u00eddeo, n\u00e3o sendo permitido conduzir alimentos, bebidas ou assemelhados.<\/p>\n<p>Art. 27\u00ba) As salas de estudo da Biblioteca Central servem para a realiza\u00e7\u00e3o de estudo individual ou em grupo.<\/p>\n<p>\u00a7\u00a0\u00danico \u2013 Em casos excepcionais, para atender a demanda de espa\u00e7o f\u00edsico, compete \u00e0 coordena\u00e7\u00e3o da Biblioteca a libera\u00e7\u00e3o de sala de estudo para a aula curricular.<\/p>\n<p>Art. 28\u00ba) As salas de v\u00eddeo s\u00e3o utilizadas para assistir aos v\u00eddeos do acervo da Biblioteca Central ou particular, individualmente ou em grupo. Em casos excepcionais, para atender a demanda, ter\u00e3o prefer\u00eancia as de uso acad\u00eamico.<\/p>\n<\/div>\n<p><b><span class=\"collapseomatic \" id=\"id69e2782a770f3\"  tabindex=\"0\" title=\"VIII. Acesso \u00e0 Cole\u00e7\u00e3o de Obras Raras e Hist\u00f3ricas\"    >VIII. Acesso \u00e0 Cole\u00e7\u00e3o de Obras Raras e Hist\u00f3ricas<\/span><div id=\"target-id69e2782a770f3\" class=\"collapseomatic_content \"><\/b><\/p>\n<p>Art. 29\u00ba) O usu\u00e1rio n\u00e3o ter\u00e1 acesso livre \u00e0 cole\u00e7\u00e3o de obras raras e hist\u00f3ricas, sendo necess\u00e1rio ser acompanhado por um funcion\u00e1rio da Biblioteca para esse fim.<\/p>\n<\/div>\n<p><b><span class=\"collapseomatic \" id=\"id69e2782a7711c\"  tabindex=\"0\" title=\"IX. Servi\u00e7o de Fotoc\u00f3pia e Digitaliza\u00e7\u00e3o de Documenta\u00e7\u00e3o\"    >IX. Servi\u00e7o de Fotoc\u00f3pia e Digitaliza\u00e7\u00e3o de Documenta\u00e7\u00e3o<\/span><div id=\"target-id69e2782a7711c\" class=\"collapseomatic_content \"><\/b><\/p>\n<p>Do servi\u00e7o de Fotoc\u00f3pia<\/p>\n<p>Art.30\u00ba) A Biblioteca Central oferece servi\u00e7o de fotoc\u00f3pia, por\u00e9m o mesmo se restringe a materiais da biblioteca.<\/p>\n<p>\u00a7\u00a01\u00ba &#8211; S\u00e3o feitas fotoc\u00f3pias preto e branco, de pequenos trechos, conforme lei do direito autoral, n\u00ba 9.610, de 19 de fevereiro de 1998. Valor consta no anexo II deste regulamento.<\/p>\n<\/div>\n<p><b><span class=\"collapseomatic \" id=\"id69e2782a77146\"  tabindex=\"0\" title=\"X. Disposi\u00e7\u00f5es Gerais\"    >X. Disposi\u00e7\u00f5es Gerais<\/span><div id=\"target-id69e2782a77146\" class=\"collapseomatic_content \"><\/b><\/p>\n<p>Art.31\u00ba) O funcion\u00e1rio da Biblioteca Central pode solicitar a retirada de usu\u00e1rio que n\u00e3o estiver cumprindo o disposto neste regulamento.<\/p>\n<p>Art. 32\u00ba) \u00c9 dever do usu\u00e1rio zelar pelos bens da Biblioteca Central, estando sujeito \u00e0s penalidades cab\u00edveis e ao ressarcimento dos danos causados.<\/p>\n<p>Art.33\u00ba) O funcion\u00e1rio da Biblioteca Central pode solicitar a identifica\u00e7\u00e3o de qualquer pessoa que estiver transitando em suas depend\u00eancias.<\/p>\n<p>Art.\u00ba34\u00ba) O profissional bibliotec\u00e1rio \u00e9 o respons\u00e1vel t\u00e9cnico no tratamento da cole\u00e7\u00e3o\/acervo da Biblioteca.<\/p>\n<p>Art.35\u00ba) Quaisquer outras faltas, al\u00e9m das previstas neste regulamento, ser\u00e3o submetidas \u00e0 coordena\u00e7\u00e3o da Biblioteca, que recomendar\u00e1 as penalidades cab\u00edveis em cada caso.<\/p>\n<p>Art.36\u00ba) Os casos omissos ser\u00e3o tratados e encaminhados pela coordena\u00e7\u00e3o da Biblioteca.<\/p>\n<p>Art.\u00ba37) Este regulamento entra em vigor na data de sua aprova\u00e7\u00e3o, revogadas as disposi\u00e7\u00f5es em contr\u00e1rio.<\/p>\n<\/div>\n<p><b><span class=\"collapseomatic \" id=\"id69e2782a77170\"  tabindex=\"0\" title=\"ANEXO I. Prazos de Empr\u00e9stimo\"    >ANEXO I. Prazos de Empr\u00e9stimo<\/span><div id=\"target-id69e2782a77170\" class=\"collapseomatic_content \"><\/b><\/p>\n<p>Prazos de empr\u00e9stimo por tipo de usu\u00e1rio e material<\/p>\n<table style=\"height: 468px;\" border=\"1\" width=\"500\" cellspacing=\"0\" cellpadding=\"0\">\n<tbody>\n<tr>\n<td width=\"152\">\n<div align=\"center\"><strong>USU\u00c1RIO<br \/>\n\/MATERIAL<\/strong><\/div>\n<\/td>\n<td width=\"74\">\n<p align=\"center\"><strong>Livros<\/strong><\/p>\n<\/td>\n<td width=\"83\">\n<p align=\"center\"><strong>Fitas de V\u00eddeo, DVD&#8217;s, Revistas<\/strong><\/p>\n<\/td>\n<\/tr>\n<tr>\n<td><strong>\u00a0Categorias<\/strong><\/td>\n<td>\n<p align=\"center\"><strong>Prazo\/Qtde<\/strong><\/p>\n<\/td>\n<td>\n<p align=\"center\"><strong>Prazo\/Qtde<\/strong><\/p>\n<\/td>\n<\/tr>\n<tr>\n<td>Alunos &#8211; Escola da URI<\/td>\n<td rowspan=\"2\">\n<p align=\"center\">10 dias (04)<\/p>\n<\/td>\n<td rowspan=\"2\">\n<p align=\"center\">10 dias (02)<\/p>\n<\/td>\n<\/tr>\n<tr>\n<td>Alunos Gradua\u00e7\u00e3o<\/td>\n<\/tr>\n<tr>\n<td>Alunos de P\u00f3s-Gradua\u00e7\u00e3o<\/td>\n<td rowspan=\"4\">\n<p align=\"center\">20 dias (07)<\/p>\n<\/td>\n<td rowspan=\"4\">\n<p align=\"center\">20 dias (02)<\/p>\n<\/td>\n<\/tr>\n<tr>\n<td>Estagi\u00e1rio de Gradua\u00e7\u00e3o<\/td>\n<\/tr>\n<tr>\n<td>Bolsistas de Pesquisa<\/td>\n<\/tr>\n<tr>\n<td>Professores<\/td>\n<\/tr>\n<tr>\n<td>Funcion\u00e1rios<\/td>\n<td align=\"center\">15 dias (05)<\/td>\n<td align=\"center\">15 dias (02)<\/td>\n<\/tr>\n<tr>\n<td>Mestrados<\/td>\n<td rowspan=\"2\" align=\"center\">20 dias (07)<\/td>\n<td rowspan=\"2\" align=\"center\">20 dias (02)<\/td>\n<\/tr>\n<tr>\n<td>Doutorados<\/td>\n<\/tr>\n<\/tbody>\n<\/table>\n<\/div>\n<p><b><span class=\"collapseomatic \" id=\"id69e2782a771b3\"  tabindex=\"0\" title=\"ANEXO II. Taxas cobradas na Biblioteca Central\"    >ANEXO II. Taxas cobradas na Biblioteca Central<\/span><div id=\"target-id69e2782a771b3\" class=\"collapseomatic_content \"><\/b><\/p>\n<p>Taxas cobradas na Biblioteca Central<\/p>\n<table style=\"height: 324px;\" border=\"1\" width=\"600\" cellspacing=\"0\" cellpadding=\"0\">\n<tbody>\n<tr>\n<td valign=\"top\">\n<p align=\"center\"><strong>Tipo de material<\/strong><\/p>\n<\/td>\n<td valign=\"top\">\n<p align=\"center\"><strong>Valor da multa<\/strong><\/p>\n<\/td>\n<\/tr>\n<tr>\n<td valign=\"top\">Livros de consulta local<\/td>\n<td valign=\"top\">R$ 10,00 por hora<\/td>\n<\/tr>\n<tr>\n<td valign=\"top\">Demais materiais: livros, revistas, DVDs, e fitas de v\u00eddeo<\/td>\n<td valign=\"top\">R$ 1,00 por dia ( e por material)<\/td>\n<\/tr>\n<tr>\n<td valign=\"top\">Cart\u00e3o &#8211; 2\u00aa via<\/td>\n<td valign=\"top\">R$ 10,00<\/td>\n<\/tr>\n<tr>\n<td valign=\"top\">Cart\u00e3o danificado<\/td>\n<td valign=\"top\">R$ 5,00<\/td>\n<\/tr>\n<tr>\n<td valign=\"top\">X\u00e9rox<\/td>\n<td valign=\"top\">R$ 0,20<\/td>\n<\/tr>\n<tr>\n<td colspan=\"2\"><strong>OBS.:<\/strong> Domingos e feriados n\u00e3o s\u00e3o considerados para valor de multa.<\/td>\n<\/tr>\n<\/tbody>\n<\/table>\n<p>Atualizado em maio\/2022<\/p>\n<\/div>\n","protected":false},"excerpt":{"rendered":"","protected":false},"author":1,"featured_media":0,"parent":0,"menu_order":0,"comment_status":"closed","ping_status":"closed","template":"","meta":[],"_links":{"self":[{"href":"https:\/\/san.uri.br\/bibliotecacentral\/index.php\/wp-json\/wp\/v2\/pages\/64"}],"collection":[{"href":"https:\/\/san.uri.br\/bibliotecacentral\/index.php\/wp-json\/wp\/v2\/pages"}],"about":[{"href":"https:\/\/san.uri.br\/bibliotecacentral\/index.php\/wp-json\/wp\/v2\/types\/page"}],"author":[{"embeddable":true,"href":"https:\/\/san.uri.br\/bibliotecacentral\/index.php\/wp-json\/wp\/v2\/users\/1"}],"replies":[{"embeddable":true,"href":"https:\/\/san.uri.br\/bibliotecacentral\/index.php\/wp-json\/wp\/v2\/comments?post=64"}],"version-history":[{"count":2,"href":"https:\/\/san.uri.br\/bibliotecacentral\/index.php\/wp-json\/wp\/v2\/pages\/64\/revisions"}],"predecessor-version":[{"id":2394,"href":"https:\/\/san.uri.br\/bibliotecacentral\/index.php\/wp-json\/wp\/v2\/pages\/64\/revisions\/2394"}],"wp:attachment":[{"href":"https:\/\/san.uri.br\/bibliotecacentral\/index.php\/wp-json\/wp\/v2\/media?parent=64"}],"curies":[{"name":"wp","href":"https:\/\/api.w.org\/{rel}","templated":true}]}}