{"id":61,"date":"2016-03-11T12:15:10","date_gmt":"2016-03-11T12:15:10","guid":{"rendered":"http:\/\/localhost:8090\/wordpress\/?page_id=61"},"modified":"2016-03-11T12:15:10","modified_gmt":"2016-03-11T12:15:10","slug":"comut","status":"publish","type":"page","link":"https:\/\/san.uri.br\/bibliotecacentral\/index.php\/comut\/","title":{"rendered":"COMUT"},"content":{"rendered":"<div class=\"texto\" align=\"justify\">\n<p><b><span class=\"collapseomatic \" id=\"id69d65753371fd\"  tabindex=\"0\" title=\"O que \u00e9?\"    >O que \u00e9?<\/span><div id=\"target-id69d65753371fd\" class=\"collapseomatic_content \"><\/b><\/p>\n<p>O Programa de Comuta\u00e7\u00e3o Bibliogr\u00e1fica (COMUT) foi criado em 1980 pelo Minist\u00e9rio da Educa\u00e7\u00e3o, por meio da CAPES, visando dotar o Pa\u00eds de um mecanismo eficiente de acesso \u00e0 informa\u00e7\u00e3o. Mediante portaria interministerial, passou a ser integrado posteriormente pelo IBICT, SESU e FINEP.<\/p>\n<p>O COMUT permite \u00e0s comunidades acad\u00eamicas e de pesquisa o acesso a documentos em todas as \u00e1reas do conhecimento (atrav\u00e9s de c\u00f3pias de artigos de revistas t\u00e9cnico-cient\u00edficas, teses e anais de congressos), exclusivamente para fins acad\u00eamicos e de pesquisa, respeitando-se rigorosamente a Lei de Direitos Autorais. Para isso, atua por meio de uma rede de bibliotecas, denominadas bibliotecas-base, com recursos bibliogr\u00e1ficos, humanos e tecnol\u00f3gicos adequados para o atendimento \u00e0s solicita\u00e7\u00f5es de seus usu\u00e1rios.<\/p>\n<p>A estrutura organizacional do COMUT \u00e9 composta de uma Comiss\u00e3o Executiva (formada por representantes da CAPES, IBICT, SESU, FINEP, BIREME e um membro das bibliotecas participantes), uma Comiss\u00e3o Consultiva (composta de representantes da comunidade), Secretaria Executiva (hoje localizada fisicamente no IBICT), Bibliotecas Base (que fornecem c\u00f3pias de documentos) e Bibliotecas Solicitantes (que solicitam c\u00f3pias de documentos).<\/div>\n<\/div>\n<p><b><span class=\"collapseomatic \" id=\"id69d6575337282\"  tabindex=\"0\" title=\"Como Solicitar?\"    >Como Solicitar?<\/span><div id=\"target-id69d6575337282\" class=\"collapseomatic_content \"><\/b>Para fazer solicita\u00e7\u00e3o de artigos de COMUT, \u00e9 necess\u00e1rio ter a refer\u00eancia bibliogr\u00e1fica do documento. Ex.:<\/p>\n<ul>\n<ul>\n<li>Artigo de peri\u00f3dico: autor, t\u00edtulo do artigo, t\u00edtulo do peri\u00f3dico, volume, n\u00famero do fasc\u00edculo, ano e p\u00e1ginas do artigo;<\/li>\n<li>Tese e disserta\u00e7\u00e3o: autor, t\u00edtulo, ano e nome da universidade onde foi defendida;<\/li>\n<li>Anais\/proceedings\/confer\u00eancia: t\u00edtulo da confer\u00eancia, promotor do evento, data de realiza\u00e7\u00e3o do evento, publicador, local de publica\u00e7\u00e3o, ano, volume, parte, p\u00e1ginas, autor e t\u00edtulo do artigo;<\/li>\n<li>Relat\u00f3rio: n\u00famero do relat\u00f3rio, autor, t\u00edtulo, local de publica\u00e7\u00e3o, publicador e ano;<\/li>\n<li>Publica\u00e7\u00f5es oficiais: pa\u00eds ou estado, \u00f3rg\u00e3o, autor e t\u00edtulo, local de publica\u00e7\u00e3o, publicador e ano.<\/li>\n<\/ul>\n<\/ul>\n<ul>\n<li>Os pedidos devem ser feitos atrav\u00e9s do e-mail bibliotecacentral@urisan.tche.br ou diretamente na Biblioteca Central, com as bibliotec\u00e1rias.<\/li>\n<\/ul>\n<\/div>\n<div class=\"texto\" align=\"justify\"><\/div>\n<div class=\"texto\" align=\"justify\"><b><span class=\"collapseomatic \" id=\"id69d65753372b3\"  tabindex=\"0\" title=\"Quais os Custos?\"    >Quais os Custos?<\/span><div id=\"target-id69d65753372b3\" class=\"collapseomatic_content \"><\/b>Correio Normal<br \/>\nConjunto de 05 p\u00e1ginas fotocopiadas&#8230;&#8230;&#8230;&#8230;&#8230;&#8230;&#8230;&#8230;&#8230;&#8230;&#8230;&#8230;&#8230;&#8230;&#8230;&#8230;&#8230;.1 B\u00f4nus (R$ 2,20)Correio Registrado<br \/>\nConjunto de 05 p\u00e1ginas fotocopiadas&#8230;&#8230;&#8230;&#8230;&#8230;&#8230;&#8230;&#8230;&#8230;&#8230;&#8230;&#8230;&#8230;&#8230;&#8230;&#8230;&#8230;.2 B\u00f4nus (R$ 4,40)FAX<br \/>\nConjunto de 05 p\u00e1ginas fotocopiadas&#8230;&#8230;&#8230;&#8230;&#8230;&#8230;&#8230;&#8230;&#8230;&#8230;&#8230;&#8230;&#8230;&#8230;&#8230;&#8230;&#8230;.4 B\u00f4nus (R$ 8,80)E-Mail\/Ariel<br \/>\nConjunto de 05 p\u00e1ginas fotocopiadas&#8230;&#8230;&#8230;&#8230;&#8230;&#8230;&#8230;&#8230;&#8230;&#8230;&#8230;&#8230;&#8230;&#8230;&#8230;&#8230;&#8230;.1 B\u00f4nus (R$ 2,20)<\/div><\/div>\n<div class=\"texto\" align=\"justify\"><\/div>\n<ul>\n<li><b><a href=\"http:\/\/srvapp2s.santoangelo.uri.br\/sites\/biblioteca\/?page_id=132\"><span style=\"text-decoration:none;\">Contato<\/span><\/a><\/b><\/li>\n<\/ul>\n","protected":false},"excerpt":{"rendered":"<p>Contato<\/p>\n","protected":false},"author":1,"featured_media":0,"parent":0,"menu_order":0,"comment_status":"closed","ping_status":"closed","template":"","meta":[],"_links":{"self":[{"href":"https:\/\/san.uri.br\/bibliotecacentral\/index.php\/wp-json\/wp\/v2\/pages\/61"}],"collection":[{"href":"https:\/\/san.uri.br\/bibliotecacentral\/index.php\/wp-json\/wp\/v2\/pages"}],"about":[{"href":"https:\/\/san.uri.br\/bibliotecacentral\/index.php\/wp-json\/wp\/v2\/types\/page"}],"author":[{"embeddable":true,"href":"https:\/\/san.uri.br\/bibliotecacentral\/index.php\/wp-json\/wp\/v2\/users\/1"}],"replies":[{"embeddable":true,"href":"https:\/\/san.uri.br\/bibliotecacentral\/index.php\/wp-json\/wp\/v2\/comments?post=61"}],"version-history":[{"count":0,"href":"https:\/\/san.uri.br\/bibliotecacentral\/index.php\/wp-json\/wp\/v2\/pages\/61\/revisions"}],"wp:attachment":[{"href":"https:\/\/san.uri.br\/bibliotecacentral\/index.php\/wp-json\/wp\/v2\/media?parent=61"}],"curies":[{"name":"wp","href":"https:\/\/api.w.org\/{rel}","templated":true}]}}