{"id":55,"date":"2016-03-11T12:14:26","date_gmt":"2016-03-11T12:14:26","guid":{"rendered":"http:\/\/localhost:8090\/wordpress\/?page_id=55"},"modified":"2022-11-22T14:00:51","modified_gmt":"2022-11-22T17:00:51","slug":"apresentacao","status":"publish","type":"page","link":"https:\/\/san.uri.br\/bibliotecacentral\/index.php\/apresentacao\/","title":{"rendered":"Apresenta\u00e7\u00e3o"},"content":{"rendered":"\n<p><\/p>\n\n\n\n<p>&nbsp;&nbsp;&nbsp;&nbsp;&nbsp;&nbsp;&nbsp; A Biblioteca Central da URI \u2013 Campus de Santo \u00c2ngelo tem por objetivo auxiliar os professores nas atividades pedag\u00f3gicas e colaborar com o desenvolvimento intelectual da comunidade acad\u00eamica, al\u00e9m de prestar assist\u00eancia \u00e0s pesquisas e projetos desenvolvidos pela Institui\u00e7\u00e3o; organizando e preservando a mem\u00f3ria dessa e da produ\u00e7\u00e3o intelectual de seus docentes, discentes, assim como dos demais usu\u00e1rios.<\/p>\n\n\n\n<p>&nbsp;&nbsp;&nbsp;&nbsp;&nbsp;&nbsp;&nbsp; A Biblioteca est\u00e1 localizada no pr\u00e9dio 10, tem uma \u00e1rea f\u00edsica de 2.282.89m\u00b2, distribu\u00eddos em tr\u00eas pavimentos, conta com um acervo de mais de 152 mil exemplares. Disp\u00f5e de um ambiente acolhedor, com amplo espa\u00e7o f\u00edsico, recep\u00e7\u00e3o, se\u00e7\u00e3o de empr\u00e9stimos, setor t\u00e9cnico, cadastro de usu\u00e1rios, reprografia, restaura\u00e7\u00e3o, videoteca, sala de leitura, acervo com terminais de consulta, salas de estudos individuais e coletivas, salas de v\u00eddeo, sala de multimeios, sala de tecnologia assistiva, al\u00e9m das bibliotecas setoriais Lu\u00eds Alberto Warat e Centro de Cultura Missioneira (CCM).<\/p>\n\n\n\n<p>&nbsp;&nbsp;&nbsp; &nbsp;&nbsp;&nbsp;&nbsp;O acervo \u00e9 constitu\u00eddo de livros, peri\u00f3dicos, normas, disserta\u00e7\u00f5es, teses, DVDs, entre outros, que s\u00e3o adquiridos atrav\u00e9s de compra, doa\u00e7\u00e3o ou permuta. O software de gerenciamento utilizado \u00e9 o Pergamum, Para cataloga\u00e7\u00e3o e classifica\u00e7\u00e3o dos materiais s\u00e3o usados o C\u00f3digo de Cataloga\u00e7\u00e3o Anglo-Americano AACR2 e a Classifica\u00e7\u00e3o Decimal Universal (CDU), edi\u00e7\u00e3o padr\u00e3o, seguida de nota\u00e7\u00e3o de autor extra\u00edda da tabela CUTTER, e a inser\u00e7\u00e3o dos dados s\u00e3o realizadas no formato MARC.&nbsp;&nbsp;&nbsp;&nbsp;&nbsp;&nbsp;&nbsp; &nbsp;&nbsp;&nbsp;<\/p>\n\n\n\n<p>&nbsp;&nbsp;&nbsp;&nbsp;&nbsp;&nbsp;&nbsp; Para garantir a necess\u00e1ria qualidade do acervo bibliogr\u00e1fico, como apoio indispens\u00e1vel \u00e0 produ\u00e7\u00e3o, difus\u00e3o e aplica\u00e7\u00e3o do conhecimento, a Institui\u00e7\u00e3o atende a solicita\u00e7\u00f5es de compra de novos t\u00edtulos, observando sempre a bibliografia b\u00e1sica e complementar dos projetos pedag\u00f3gicos dos cursos, e aos crit\u00e9rios do MEC.<\/p>\n\n\n\n<p>&nbsp;&nbsp;&nbsp;&nbsp;&nbsp;&nbsp;&nbsp; Al\u00e9m da biblioteca f\u00edsica a Universidade \u00e9 assinante da \u201cMinha Biblioteca\u201d, uma plataforma de livros digitais com mais de 10.000 t\u00edtulos. O acesso da mesma \u00e9 atrav\u00e9s do portal do aluno ou professor, com login e senha, fornecidos pela Institui\u00e7\u00e3o.&nbsp;<\/p>\n\n\n\n<p>&nbsp;&nbsp;&nbsp;&nbsp;&nbsp; O hor\u00e1rio de funcionamento da Biblioteca Central \u00e9 de segunda \u00e0 sexta-feira das 13h30min \u00e0s 17h30min e das 18h30min \u00e0s 22h, e aos s\u00e1bados das 7h45min \u00e0s 11h 45min.<\/p>\n","protected":false},"excerpt":{"rendered":"<p>&nbsp;&nbsp;&nbsp;&nbsp;&nbsp;&nbsp;&nbsp; A Biblioteca Central da URI \u2013 Campus de Santo \u00c2ngelo tem por objetivo auxiliar os professores nas atividades pedag\u00f3gicas e colaborar com o desenvolvimento intelectual da comunidade acad\u00eamica, al\u00e9m de prestar assist\u00eancia \u00e0s pesquisas e projetos desenvolvidos pela Institui\u00e7\u00e3o; organizando e preservando a mem\u00f3ria dessa e da produ\u00e7\u00e3o intelectual de seus docentes, discentes, assim [&hellip;]<\/p>\n","protected":false},"author":1,"featured_media":0,"parent":0,"menu_order":0,"comment_status":"closed","ping_status":"closed","template":"","meta":[],"_links":{"self":[{"href":"https:\/\/san.uri.br\/bibliotecacentral\/index.php\/wp-json\/wp\/v2\/pages\/55"}],"collection":[{"href":"https:\/\/san.uri.br\/bibliotecacentral\/index.php\/wp-json\/wp\/v2\/pages"}],"about":[{"href":"https:\/\/san.uri.br\/bibliotecacentral\/index.php\/wp-json\/wp\/v2\/types\/page"}],"author":[{"embeddable":true,"href":"https:\/\/san.uri.br\/bibliotecacentral\/index.php\/wp-json\/wp\/v2\/users\/1"}],"replies":[{"embeddable":true,"href":"https:\/\/san.uri.br\/bibliotecacentral\/index.php\/wp-json\/wp\/v2\/comments?post=55"}],"version-history":[{"count":4,"href":"https:\/\/san.uri.br\/bibliotecacentral\/index.php\/wp-json\/wp\/v2\/pages\/55\/revisions"}],"predecessor-version":[{"id":2393,"href":"https:\/\/san.uri.br\/bibliotecacentral\/index.php\/wp-json\/wp\/v2\/pages\/55\/revisions\/2393"}],"wp:attachment":[{"href":"https:\/\/san.uri.br\/bibliotecacentral\/index.php\/wp-json\/wp\/v2\/media?parent=55"}],"curies":[{"name":"wp","href":"https:\/\/api.w.org\/{rel}","templated":true}]}}